{"id":1402,"date":"2026-01-17T16:03:51","date_gmt":"2026-01-17T16:03:51","guid":{"rendered":"https:\/\/teammutantecuador.com\/?post_type=product&#038;p=1402"},"modified":"2026-01-17T16:03:53","modified_gmt":"2026-01-17T16:03:53","slug":"creatine-drive-300gr","status":"publish","type":"product","link":"https:\/\/teammutantecuador.com\/?product=creatine-drive-300gr","title":{"rendered":"CREATINE DRIVE 300GR"},"content":{"rendered":"<p><strong>Creatine Drive Black<\/strong>\u00a0de\u00a0<strong>Nutrex<\/strong>\u00a0es un suplemento diet\u00e9tico compuesto \u00fanicamente por monohidrato de creatina ultra-pure con el sello de calidad Creapure. La Creatina Creapure es la \u00faltima tecnolog\u00eda en cuanto a creatina se refiere que le permitir\u00e1 aumentar su masa muscular favoreciendo un ambiente mucho m\u00e1s anab\u00f3lico.<\/p>\n<p><strong>Creatine Drive Black<\/strong>\u00a0combinado con una actividad f\u00edsica intensa y una dieta acorde con sus objetivos ayudar\u00e1 a todos aquellos deportistas a mejorar la recuperaci\u00f3n del ATP, principal fuente de energ\u00eda de nuestro cuerpo, permitiendo as\u00ed aumentar la intensidad y la duraci\u00f3n de sus entrenamientos mejorando el rendimiento f\u00edsico y tambi\u00e9n la fuerza.<\/p>\n<p>La creatina aumenta la capacidad de retenci\u00f3n de agua de forma intramuscular lo que favorece un aumento de la cantidad de agua en sus m\u00fasculos consiguiendo as\u00ed un mayor volumen muscular que le permitir\u00e1 verse de forma m\u00e1s grande y est\u00e9tica a la vez que un aumento en la resistencia a la hora de realizar ejercicios de mucha intensidad<\/p>\n<p>Por todo ello,<strong>\u00a0Creatine Drive Black<\/strong>, es un suplemento imprescindible para todos aquellos deportistas que deseen un mayor rendimiento f\u00edsico ya que le facilitar\u00e1 un aumento de su masa muscular y una mejorar de la fuerza y la potencia muscular. Sin duda\u00a0<strong>Creatina Drive Black<\/strong>\u00a0es un suplemento b\u00e1sico en el mundo del deporte.<\/p>\n","protected":false},"excerpt":{"rendered":"<p>Creatine Drive Black de Nutrex es un suplemento diet\u00e9tico compuesto \u00fanicamente por monohidrato de creatina ultra-pure con el sello de calidad Creapure. La Creatina Creapure es la\u00a0\u00faltima tecnologia en cuanto a creatina se refiere que le permitir\u00e1 aumentar su masa muscular favoreciendo un&#8230;<\/p>\n","protected":false},"featured_media":0,"comment_status":"open","ping_status":"closed","template":"","meta":[],"product_brand":[],"product_cat":[77],"product_tag":[78,93,50],"class_list":{"0":"post-1402","1":"product","2":"type-product","3":"status-publish","5":"product_cat-creatinas","6":"product_tag-creatina","7":"product_tag-creatina-drive","8":"product_tag-nutrex","10":"first","11":"instock","12":"shipping-taxable","13":"purchasable","14":"product-type-simple"},"yoast_head":"<!-- This site is optimized with the Yoast SEO plugin v26.8 - https:\/\/yoast.com\/product\/yoast-seo-wordpress\/ -->\n<title>CREATINE DRIVE 300GR - Team Mutan Ecuador<\/title>\n<meta name=\"description\" content=\"Creatine Drive Black de Nutrex es un suplemento diet\u00e9tico compuesto \u00fanicamente por monohidrato de creatina ultra-pure con el sello de calidad Creapure. La Creatina Creapure es la \u00faltima tecnologia en cuanto a creatina se refiere que le permitir\u00e1 aumentar su masa muscular favoreciendo un...\" \/>\n<meta name=\"robots\" content=\"index, follow, max-snippet:-1, max-image-preview:large, max-video-preview:-1\" \/>\n<link rel=\"canonical\" href=\"https:\/\/teammutantecuador.com\/?product=creatine-drive-300gr\" \/>\n<meta property=\"og:locale\" content=\"es_ES\" \/>\n<meta property=\"og:type\" content=\"article\" \/>\n<meta property=\"og:title\" content=\"CREATINE DRIVE 300GR - Team Mutan Ecuador\" \/>\n<meta property=\"og:description\" content=\"Creatine Drive Black de Nutrex es un suplemento diet\u00e9tico compuesto \u00fanicamente por monohidrato de creatina ultra-pure con el sello de calidad Creapure. La Creatina Creapure es la \u00faltima tecnologia en cuanto a creatina se refiere que le permitir\u00e1 aumentar su masa muscular favoreciendo un...\" \/>\n<meta property=\"og:url\" content=\"https:\/\/teammutantecuador.com\/?product=creatine-drive-300gr\" \/>\n<meta property=\"og:site_name\" content=\"Team Mutan Ecuador\" \/>\n<meta property=\"article:modified_time\" content=\"2026-01-17T16:03:53+00:00\" \/>\n<meta name=\"twitter:card\" content=\"summary_large_image\" \/>\n<meta name=\"twitter:label1\" content=\"Tiempo de lectura\" \/>\n\t<meta name=\"twitter:data1\" content=\"1 minuto\" \/>\n<script type=\"application\/ld+json\" class=\"yoast-schema-graph\">{\"@context\":\"https:\/\/schema.org\",\"@graph\":[{\"@type\":\"WebPage\",\"@id\":\"https:\/\/teammutantecuador.com\/?product=creatine-drive-300gr\",\"url\":\"https:\/\/teammutantecuador.com\/?product=creatine-drive-300gr\",\"name\":\"CREATINE DRIVE 300GR - Team Mutan Ecuador\",\"isPartOf\":{\"@id\":\"https:\/\/teammutantecuador.com\/#website\"},\"datePublished\":\"2026-01-17T16:03:51+00:00\",\"dateModified\":\"2026-01-17T16:03:53+00:00\",\"description\":\"Creatine Drive Black de Nutrex es un suplemento diet\u00e9tico compuesto \u00fanicamente por monohidrato de creatina ultra-pure con el sello de calidad Creapure. La Creatina Creapure es la \u00faltima tecnologia en cuanto a creatina se refiere que le permitir\u00e1 aumentar su masa muscular favoreciendo un...\",\"breadcrumb\":{\"@id\":\"https:\/\/teammutantecuador.com\/?product=creatine-drive-300gr#breadcrumb\"},\"inLanguage\":\"es\",\"potentialAction\":[{\"@type\":\"ReadAction\",\"target\":[\"https:\/\/teammutantecuador.com\/?product=creatine-drive-300gr\"]}]},{\"@type\":\"BreadcrumbList\",\"@id\":\"https:\/\/teammutantecuador.com\/?product=creatine-drive-300gr#breadcrumb\",\"itemListElement\":[{\"@type\":\"ListItem\",\"position\":1,\"name\":\"Portada\",\"item\":\"https:\/\/teammutantecuador.com\/\"},{\"@type\":\"ListItem\",\"position\":2,\"name\":\"Shop\",\"item\":\"https:\/\/teammutantecuador.com\/?page_id=6\"},{\"@type\":\"ListItem\",\"position\":3,\"name\":\"CREATINE DRIVE 300GR\"}]},{\"@type\":\"WebSite\",\"@id\":\"https:\/\/teammutantecuador.com\/#website\",\"url\":\"https:\/\/teammutantecuador.com\/\",\"name\":\"Team Mutan Ecuador\",\"description\":\"Just another WordPress site\",\"publisher\":{\"@id\":\"https:\/\/teammutantecuador.com\/#organization\"},\"potentialAction\":[{\"@type\":\"SearchAction\",\"target\":{\"@type\":\"EntryPoint\",\"urlTemplate\":\"https:\/\/teammutantecuador.com\/?s={search_term_string}\"},\"query-input\":{\"@type\":\"PropertyValueSpecification\",\"valueRequired\":true,\"valueName\":\"search_term_string\"}}],\"inLanguage\":\"es\"},{\"@type\":\"Organization\",\"@id\":\"https:\/\/teammutantecuador.com\/#organization\",\"name\":\"Team Mutan Ecuador\",\"url\":\"https:\/\/teammutantecuador.com\/\",\"logo\":{\"@type\":\"ImageObject\",\"inLanguage\":\"es\",\"@id\":\"https:\/\/teammutantecuador.com\/#\/schema\/logo\/image\/\",\"url\":\"https:\/\/teammutantecuador.com\/wp-content\/uploads\/2026\/01\/Diseno-sin-titulo-97.png\",\"contentUrl\":\"https:\/\/teammutantecuador.com\/wp-content\/uploads\/2026\/01\/Diseno-sin-titulo-97.png\",\"width\":500,\"height\":300,\"caption\":\"Team Mutan Ecuador\"},\"image\":{\"@id\":\"https:\/\/teammutantecuador.com\/#\/schema\/logo\/image\/\"}}]}<\/script>\n<!-- \/ Yoast SEO plugin. -->","yoast_head_json":{"title":"CREATINE DRIVE 300GR - Team Mutan Ecuador","description":"Creatine Drive Black de Nutrex es un suplemento diet\u00e9tico compuesto \u00fanicamente por monohidrato de creatina ultra-pure con el sello de calidad Creapure. La Creatina Creapure es la \u00faltima tecnologia en cuanto a creatina se refiere que le permitir\u00e1 aumentar su masa muscular favoreciendo un...","robots":{"index":"index","follow":"follow","max-snippet":"max-snippet:-1","max-image-preview":"max-image-preview:large","max-video-preview":"max-video-preview:-1"},"canonical":"https:\/\/teammutantecuador.com\/?product=creatine-drive-300gr","og_locale":"es_ES","og_type":"article","og_title":"CREATINE DRIVE 300GR - Team Mutan Ecuador","og_description":"Creatine Drive Black de Nutrex es un suplemento diet\u00e9tico compuesto \u00fanicamente por monohidrato de creatina ultra-pure con el sello de calidad Creapure. La Creatina Creapure es la \u00faltima tecnologia en cuanto a creatina se refiere que le permitir\u00e1 aumentar su masa muscular favoreciendo un...","og_url":"https:\/\/teammutantecuador.com\/?product=creatine-drive-300gr","og_site_name":"Team Mutan Ecuador","article_modified_time":"2026-01-17T16:03:53+00:00","twitter_card":"summary_large_image","twitter_misc":{"Tiempo de lectura":"1 minuto"},"schema":{"@context":"https:\/\/schema.org","@graph":[{"@type":"WebPage","@id":"https:\/\/teammutantecuador.com\/?product=creatine-drive-300gr","url":"https:\/\/teammutantecuador.com\/?product=creatine-drive-300gr","name":"CREATINE DRIVE 300GR - Team Mutan Ecuador","isPartOf":{"@id":"https:\/\/teammutantecuador.com\/#website"},"datePublished":"2026-01-17T16:03:51+00:00","dateModified":"2026-01-17T16:03:53+00:00","description":"Creatine Drive Black de Nutrex es un suplemento diet\u00e9tico compuesto \u00fanicamente por monohidrato de creatina ultra-pure con el sello de calidad Creapure. La Creatina Creapure es la \u00faltima tecnologia en cuanto a creatina se refiere que le permitir\u00e1 aumentar su masa muscular favoreciendo un...","breadcrumb":{"@id":"https:\/\/teammutantecuador.com\/?product=creatine-drive-300gr#breadcrumb"},"inLanguage":"es","potentialAction":[{"@type":"ReadAction","target":["https:\/\/teammutantecuador.com\/?product=creatine-drive-300gr"]}]},{"@type":"BreadcrumbList","@id":"https:\/\/teammutantecuador.com\/?product=creatine-drive-300gr#breadcrumb","itemListElement":[{"@type":"ListItem","position":1,"name":"Portada","item":"https:\/\/teammutantecuador.com\/"},{"@type":"ListItem","position":2,"name":"Shop","item":"https:\/\/teammutantecuador.com\/?page_id=6"},{"@type":"ListItem","position":3,"name":"CREATINE DRIVE 300GR"}]},{"@type":"WebSite","@id":"https:\/\/teammutantecuador.com\/#website","url":"https:\/\/teammutantecuador.com\/","name":"Team Mutan Ecuador","description":"Just another WordPress site","publisher":{"@id":"https:\/\/teammutantecuador.com\/#organization"},"potentialAction":[{"@type":"SearchAction","target":{"@type":"EntryPoint","urlTemplate":"https:\/\/teammutantecuador.com\/?s={search_term_string}"},"query-input":{"@type":"PropertyValueSpecification","valueRequired":true,"valueName":"search_term_string"}}],"inLanguage":"es"},{"@type":"Organization","@id":"https:\/\/teammutantecuador.com\/#organization","name":"Team Mutan Ecuador","url":"https:\/\/teammutantecuador.com\/","logo":{"@type":"ImageObject","inLanguage":"es","@id":"https:\/\/teammutantecuador.com\/#\/schema\/logo\/image\/","url":"https:\/\/teammutantecuador.com\/wp-content\/uploads\/2026\/01\/Diseno-sin-titulo-97.png","contentUrl":"https:\/\/teammutantecuador.com\/wp-content\/uploads\/2026\/01\/Diseno-sin-titulo-97.png","width":500,"height":300,"caption":"Team Mutan Ecuador"},"image":{"@id":"https:\/\/teammutantecuador.com\/#\/schema\/logo\/image\/"}}]}},"_links":{"self":[{"href":"https:\/\/teammutantecuador.com\/index.php?rest_route=\/wp\/v2\/product\/1402","targetHints":{"allow":["GET"]}}],"collection":[{"href":"https:\/\/teammutantecuador.com\/index.php?rest_route=\/wp\/v2\/product"}],"about":[{"href":"https:\/\/teammutantecuador.com\/index.php?rest_route=\/wp\/v2\/types\/product"}],"replies":[{"embeddable":true,"href":"https:\/\/teammutantecuador.com\/index.php?rest_route=%2Fwp%2Fv2%2Fcomments&post=1402"}],"wp:attachment":[{"href":"https:\/\/teammutantecuador.com\/index.php?rest_route=%2Fwp%2Fv2%2Fmedia&parent=1402"}],"wp:term":[{"taxonomy":"product_brand","embeddable":true,"href":"https:\/\/teammutantecuador.com\/index.php?rest_route=%2Fwp%2Fv2%2Fproduct_brand&post=1402"},{"taxonomy":"product_cat","embeddable":true,"href":"https:\/\/teammutantecuador.com\/index.php?rest_route=%2Fwp%2Fv2%2Fproduct_cat&post=1402"},{"taxonomy":"product_tag","embeddable":true,"href":"https:\/\/teammutantecuador.com\/index.php?rest_route=%2Fwp%2Fv2%2Fproduct_tag&post=1402"}],"curies":[{"name":"wp","href":"https:\/\/api.w.org\/{rel}","templated":true}]}}