{"id":1399,"date":"2026-01-17T16:03:51","date_gmt":"2026-01-17T16:03:51","guid":{"rendered":"https:\/\/teammutantecuador.com\/?post_type=product&#038;p=1399"},"modified":"2026-01-17T16:03:53","modified_gmt":"2026-01-17T16:03:53","slug":"masstech-extreme-22lb","status":"publish","type":"product","link":"https:\/\/teammutantecuador.com\/?product=masstech-extreme-22lb","title":{"rendered":"MASSTECH EXTREME 22LB"},"content":{"rendered":"<p>Mass Tech Extreme 2000 de MuscleTech es un potente suplemento deportivo de f\u00f3rmula avanzada, dise\u00f1ado especialmente para personas o deportistas que quieren acelerar el crecimiento de la masa muscular de forma inmediata. Una dosis mezclada con 200 ml de leche descremada es el alimento perfecto para aportar a tu cuerpo 80 gr de prote\u00ednas, 400 gr de hidratos de carbono, 2000 calor\u00edas para mayor energ\u00eda, 8 gr de L-leucina, 10 gr de creatina y un complejo multivitam\u00ednico para mejores efectos en el gimnasio.<br \/>\nAl mejorar notablemente la respues muscular, el Mass Tech Extreme 2000 de MuscleTech mejorar\u00e1 tu desempe\u00f1o f\u00edsico notablemente, permiti\u00e9ndote llevar a cabo ejercicios de alta exigencia y de creciente intensidad para lograr definir al m\u00e1ximo tus m\u00fasculos.<br \/>\nPor lo general, hay suplementos que ofrecen los mismos ingredientes pero en presentaciones separadas, la buena noticia es que Mass Tech Extreme 2000 de MuscleTech combina todos aquellos que necesitas para un adecuado desempe\u00f1o deportivo.Otras de las cualidades de este potente producto es que suministra 12,7 gr de BCAA y 8gr de L-leucina los cuales son amino\u00e1cidos esenciales para la asimilaci\u00f3n r\u00e1pida de las prote\u00ednas.<br \/>\nNormalmente, el cuerpo las produce por s\u00ed mismo pero la cantidad no es suficiente para los resultados que se buscan o simplemente se utilizan para otras funciones vitales, por ello, una dosis de Mass Tech Extreme 2000 de MuscleTech es el complemento ideal para otorgar al cuerpo ese extra de nutrientes que requiere para mejorar al m\u00e1ximo el desarrollo muscular as\u00ed como el rendimiento atl\u00e9tico. Cada batido que prepares, bien sea antes o despu\u00e9s del entrenamiento, contiene una dosis de 10 gr de creatina y 80 gr de prote\u00edna de la m\u00e1s alta calidad, los cuales son nutrientes esenciales para aumentar la fuerza, favorecer la recuperaci\u00f3n y esculpir a\u00fan m\u00e1s el contorno de tu cuerpo.<\/p>\n<p>Propiedades:<br \/>\nAvanzada f\u00f3rmula para acelerar el crecimiento muscular.<br \/>\nContiene prote\u00ednas, hidratos de carbono, calor\u00edas, creatina, amino\u00e1cidos y vitaminas para mejores efectos positivos.<br \/>\nAcelera la regeneraci\u00f3n y recuperaci\u00f3n muscular post entrenamiento.<br \/>\nInhibe parcialmente la producci\u00f3n de \u00e1cido l\u00e1ctico, evitando la fatiga muscular.<br \/>\nMejora la s\u00edntesis de prote\u00edna en el organismo.<br \/>\nPreviene el catabolismo muscular.<br \/>\nMuscleTech desarrolla los suplementos diet\u00e9ticos m\u00e1s avanzados y eficaces del mundo, por esta raz\u00f3n, todo deportista o amante del fitness que desee alcanzar sus objetivos y potenciar su desempe\u00f1o debe incorporar a su dienta una raci\u00f3n de Mass Tech Extreme 2000, es la forma m\u00e1s saludable e inmediata de aumentar su volumen muscular.<\/p>\n","protected":false},"excerpt":{"rendered":"<p>Propiedades:<br \/>\nAvanzada f\u00f3rmula para acelerar el crecimiento muscular.<br \/>\nContiene prote\u00ednas, hidratos de carbono, calor\u00edas, creatina, amino\u00e1cidos y vitaminas para mejores efectos positivos.<br \/>\nAcelera la regeneraci\u00f3n y recuperaci\u00f3n muscular post entrenamiento.<br \/>\nInhibe parcialmente la producci\u00f3n de \u00e1cido l\u00e1ctico, evitando la fatiga muscular.<br \/>\nMejora la s\u00edntesis de prote\u00edna en el organismo.<br \/>\nPreviene el catabolismo muscular.<\/p>\n","protected":false},"featured_media":0,"comment_status":"open","ping_status":"closed","template":"","meta":[],"product_brand":[],"product_cat":[354],"product_tag":[61,83],"class_list":{"0":"post-1399","1":"product","2":"type-product","3":"status-publish","5":"product_cat-ganadores-de-peso","6":"product_tag-ganador-de-peso","7":"product_tag-muscletech","9":"first","10":"instock","11":"shipping-taxable","12":"purchasable","13":"product-type-simple"},"yoast_head":"<!-- This site is optimized with the Yoast SEO plugin v26.8 - https:\/\/yoast.com\/product\/yoast-seo-wordpress\/ -->\n<title>MASSTECH EXTREME 22LB - Team Mutan Ecuador<\/title>\n<meta name=\"description\" content=\"Mass Tech Extreme 2000 de MuscleTech es un potente suplemento deportivo de f\u00f3rmula avanzada, dise\u00f1ado especialmente para personas o deportistas que quieren acelerar el crecimiento de la masa muscular de forma inmediata.\" \/>\n<meta name=\"robots\" content=\"index, follow, max-snippet:-1, max-image-preview:large, max-video-preview:-1\" \/>\n<link rel=\"canonical\" href=\"https:\/\/teammutantecuador.com\/?product=masstech-extreme-22lb\" \/>\n<meta property=\"og:locale\" content=\"es_ES\" \/>\n<meta property=\"og:type\" content=\"article\" \/>\n<meta property=\"og:title\" content=\"MASSTECH EXTREME 22LB - Team Mutan Ecuador\" \/>\n<meta property=\"og:description\" content=\"Mass Tech Extreme 2000 de MuscleTech es un potente suplemento deportivo de f\u00f3rmula avanzada, dise\u00f1ado especialmente para personas o deportistas que quieren acelerar el crecimiento de la masa muscular de forma inmediata.\" \/>\n<meta property=\"og:url\" content=\"https:\/\/teammutantecuador.com\/?product=masstech-extreme-22lb\" \/>\n<meta property=\"og:site_name\" content=\"Team Mutan Ecuador\" \/>\n<meta property=\"article:modified_time\" content=\"2026-01-17T16:03:53+00:00\" \/>\n<meta name=\"twitter:card\" content=\"summary_large_image\" \/>\n<meta name=\"twitter:label1\" content=\"Tiempo de lectura\" \/>\n\t<meta name=\"twitter:data1\" content=\"2 minutos\" \/>\n<script type=\"application\/ld+json\" class=\"yoast-schema-graph\">{\"@context\":\"https:\/\/schema.org\",\"@graph\":[{\"@type\":\"WebPage\",\"@id\":\"https:\/\/teammutantecuador.com\/?product=masstech-extreme-22lb\",\"url\":\"https:\/\/teammutantecuador.com\/?product=masstech-extreme-22lb\",\"name\":\"MASSTECH EXTREME 22LB - Team Mutan Ecuador\",\"isPartOf\":{\"@id\":\"https:\/\/teammutantecuador.com\/#website\"},\"datePublished\":\"2026-01-17T16:03:51+00:00\",\"dateModified\":\"2026-01-17T16:03:53+00:00\",\"description\":\"Mass Tech Extreme 2000 de MuscleTech es un potente suplemento deportivo de f\u00f3rmula avanzada, dise\u00f1ado especialmente para personas o deportistas que quieren acelerar el crecimiento de la masa muscular de forma inmediata.\",\"breadcrumb\":{\"@id\":\"https:\/\/teammutantecuador.com\/?product=masstech-extreme-22lb#breadcrumb\"},\"inLanguage\":\"es\",\"potentialAction\":[{\"@type\":\"ReadAction\",\"target\":[\"https:\/\/teammutantecuador.com\/?product=masstech-extreme-22lb\"]}]},{\"@type\":\"BreadcrumbList\",\"@id\":\"https:\/\/teammutantecuador.com\/?product=masstech-extreme-22lb#breadcrumb\",\"itemListElement\":[{\"@type\":\"ListItem\",\"position\":1,\"name\":\"Portada\",\"item\":\"https:\/\/teammutantecuador.com\/\"},{\"@type\":\"ListItem\",\"position\":2,\"name\":\"Shop\",\"item\":\"https:\/\/teammutantecuador.com\/?page_id=6\"},{\"@type\":\"ListItem\",\"position\":3,\"name\":\"MASSTECH EXTREME 22LB\"}]},{\"@type\":\"WebSite\",\"@id\":\"https:\/\/teammutantecuador.com\/#website\",\"url\":\"https:\/\/teammutantecuador.com\/\",\"name\":\"Team Mutan Ecuador\",\"description\":\"Just another WordPress site\",\"publisher\":{\"@id\":\"https:\/\/teammutantecuador.com\/#organization\"},\"potentialAction\":[{\"@type\":\"SearchAction\",\"target\":{\"@type\":\"EntryPoint\",\"urlTemplate\":\"https:\/\/teammutantecuador.com\/?s={search_term_string}\"},\"query-input\":{\"@type\":\"PropertyValueSpecification\",\"valueRequired\":true,\"valueName\":\"search_term_string\"}}],\"inLanguage\":\"es\"},{\"@type\":\"Organization\",\"@id\":\"https:\/\/teammutantecuador.com\/#organization\",\"name\":\"Team Mutan Ecuador\",\"url\":\"https:\/\/teammutantecuador.com\/\",\"logo\":{\"@type\":\"ImageObject\",\"inLanguage\":\"es\",\"@id\":\"https:\/\/teammutantecuador.com\/#\/schema\/logo\/image\/\",\"url\":\"https:\/\/teammutantecuador.com\/wp-content\/uploads\/2026\/01\/Diseno-sin-titulo-97.png\",\"contentUrl\":\"https:\/\/teammutantecuador.com\/wp-content\/uploads\/2026\/01\/Diseno-sin-titulo-97.png\",\"width\":500,\"height\":300,\"caption\":\"Team Mutan Ecuador\"},\"image\":{\"@id\":\"https:\/\/teammutantecuador.com\/#\/schema\/logo\/image\/\"}}]}<\/script>\n<!-- \/ Yoast SEO plugin. -->","yoast_head_json":{"title":"MASSTECH EXTREME 22LB - Team Mutan Ecuador","description":"Mass Tech Extreme 2000 de MuscleTech es un potente suplemento deportivo de f\u00f3rmula avanzada, dise\u00f1ado especialmente para personas o deportistas que quieren acelerar el crecimiento de la masa muscular de forma inmediata.","robots":{"index":"index","follow":"follow","max-snippet":"max-snippet:-1","max-image-preview":"max-image-preview:large","max-video-preview":"max-video-preview:-1"},"canonical":"https:\/\/teammutantecuador.com\/?product=masstech-extreme-22lb","og_locale":"es_ES","og_type":"article","og_title":"MASSTECH EXTREME 22LB - Team Mutan Ecuador","og_description":"Mass Tech Extreme 2000 de MuscleTech es un potente suplemento deportivo de f\u00f3rmula avanzada, dise\u00f1ado especialmente para personas o deportistas que quieren acelerar el crecimiento de la masa muscular de forma inmediata.","og_url":"https:\/\/teammutantecuador.com\/?product=masstech-extreme-22lb","og_site_name":"Team Mutan Ecuador","article_modified_time":"2026-01-17T16:03:53+00:00","twitter_card":"summary_large_image","twitter_misc":{"Tiempo de lectura":"2 minutos"},"schema":{"@context":"https:\/\/schema.org","@graph":[{"@type":"WebPage","@id":"https:\/\/teammutantecuador.com\/?product=masstech-extreme-22lb","url":"https:\/\/teammutantecuador.com\/?product=masstech-extreme-22lb","name":"MASSTECH EXTREME 22LB - Team Mutan Ecuador","isPartOf":{"@id":"https:\/\/teammutantecuador.com\/#website"},"datePublished":"2026-01-17T16:03:51+00:00","dateModified":"2026-01-17T16:03:53+00:00","description":"Mass Tech Extreme 2000 de MuscleTech es un potente suplemento deportivo de f\u00f3rmula avanzada, dise\u00f1ado especialmente para personas o deportistas que quieren acelerar el crecimiento de la masa muscular de forma inmediata.","breadcrumb":{"@id":"https:\/\/teammutantecuador.com\/?product=masstech-extreme-22lb#breadcrumb"},"inLanguage":"es","potentialAction":[{"@type":"ReadAction","target":["https:\/\/teammutantecuador.com\/?product=masstech-extreme-22lb"]}]},{"@type":"BreadcrumbList","@id":"https:\/\/teammutantecuador.com\/?product=masstech-extreme-22lb#breadcrumb","itemListElement":[{"@type":"ListItem","position":1,"name":"Portada","item":"https:\/\/teammutantecuador.com\/"},{"@type":"ListItem","position":2,"name":"Shop","item":"https:\/\/teammutantecuador.com\/?page_id=6"},{"@type":"ListItem","position":3,"name":"MASSTECH EXTREME 22LB"}]},{"@type":"WebSite","@id":"https:\/\/teammutantecuador.com\/#website","url":"https:\/\/teammutantecuador.com\/","name":"Team Mutan Ecuador","description":"Just another WordPress site","publisher":{"@id":"https:\/\/teammutantecuador.com\/#organization"},"potentialAction":[{"@type":"SearchAction","target":{"@type":"EntryPoint","urlTemplate":"https:\/\/teammutantecuador.com\/?s={search_term_string}"},"query-input":{"@type":"PropertyValueSpecification","valueRequired":true,"valueName":"search_term_string"}}],"inLanguage":"es"},{"@type":"Organization","@id":"https:\/\/teammutantecuador.com\/#organization","name":"Team Mutan Ecuador","url":"https:\/\/teammutantecuador.com\/","logo":{"@type":"ImageObject","inLanguage":"es","@id":"https:\/\/teammutantecuador.com\/#\/schema\/logo\/image\/","url":"https:\/\/teammutantecuador.com\/wp-content\/uploads\/2026\/01\/Diseno-sin-titulo-97.png","contentUrl":"https:\/\/teammutantecuador.com\/wp-content\/uploads\/2026\/01\/Diseno-sin-titulo-97.png","width":500,"height":300,"caption":"Team Mutan Ecuador"},"image":{"@id":"https:\/\/teammutantecuador.com\/#\/schema\/logo\/image\/"}}]}},"_links":{"self":[{"href":"https:\/\/teammutantecuador.com\/index.php?rest_route=\/wp\/v2\/product\/1399","targetHints":{"allow":["GET"]}}],"collection":[{"href":"https:\/\/teammutantecuador.com\/index.php?rest_route=\/wp\/v2\/product"}],"about":[{"href":"https:\/\/teammutantecuador.com\/index.php?rest_route=\/wp\/v2\/types\/product"}],"replies":[{"embeddable":true,"href":"https:\/\/teammutantecuador.com\/index.php?rest_route=%2Fwp%2Fv2%2Fcomments&post=1399"}],"wp:attachment":[{"href":"https:\/\/teammutantecuador.com\/index.php?rest_route=%2Fwp%2Fv2%2Fmedia&parent=1399"}],"wp:term":[{"taxonomy":"product_brand","embeddable":true,"href":"https:\/\/teammutantecuador.com\/index.php?rest_route=%2Fwp%2Fv2%2Fproduct_brand&post=1399"},{"taxonomy":"product_cat","embeddable":true,"href":"https:\/\/teammutantecuador.com\/index.php?rest_route=%2Fwp%2Fv2%2Fproduct_cat&post=1399"},{"taxonomy":"product_tag","embeddable":true,"href":"https:\/\/teammutantecuador.com\/index.php?rest_route=%2Fwp%2Fv2%2Fproduct_tag&post=1399"}],"curies":[{"name":"wp","href":"https:\/\/api.w.org\/{rel}","templated":true}]}}