{"id":1398,"date":"2026-01-17T16:03:51","date_gmt":"2026-01-17T16:03:51","guid":{"rendered":"https:\/\/teammutantecuador.com\/?post_type=product&#038;p=1398"},"modified":"2026-01-17T16:03:52","modified_gmt":"2026-01-17T16:03:52","slug":"syntha-6-edge-vainilla-2lb","status":"publish","type":"product","link":"https:\/\/teammutantecuador.com\/?product=syntha-6-edge-vainilla-2lb","title":{"rendered":"Syntha 6 edge vainilla 2lb"},"content":{"rendered":"<p>Mezcla de Prote\u00ednas (Concentrado de Prote\u00edna de Suero de Leche, Aislado de Prote\u00edna de Suero de Leche, Prote\u00edna Hidrolizada de Suero de Leche, Caseinato de Calcio, Case\u00edna Micelar, Concentrado de Prote\u00edna de Leche), Polvo de Girasol (Aceite de Girasol, S\u00f3lidos de Jarabe de Ma\u00edz, Caceinato de Sodio, Mono y Diglic\u00e9rdidos, Fosfato Dipot\u00e1sico, Fosfato Tric\u00e1lcico, Lecitina de Soya, Tocoferoles), Saborizantes Naturales y Artificiales, Piezas de Galletas (Harina enriquecida, Harina de Trigo, Niacina, Hierro Reducido, Mononitrato de Tiamina, Riboflavina, Acido F\u00f3lico), Az\u00facar, Palma y Aceite de Palma, Cocoa (Procesada con \u00c1lcali), S\u00f3lidos de Jarabe de Ma\u00edz alto en Fructosa, Harina de Ma\u00edz, Sal, Dextrosa, Bicarbonato de Sodio, Lecitina de Soya), Lecitina, Mezcla de Gomas (Goma Celulosa, Goma Xantana, Carragenina), Sal, Sucralosa (0.18g\/100g), Acesulfame de potasio (0.85g\/100g). Contiene: Leche y Soya.<\/p>\n","protected":false},"excerpt":{"rendered":"<p>Mezcla de Prote\u00ednas (Concentrado de Prote\u00edna de Suero de Leche, Aislado de Prote\u00edna de Suero de Leche, Prote\u00edna Hidrolizada de Suero de Leche, Caseinato de Calcio, Case\u00edna Micelar, Concentrado de Prote\u00edna de Leche)<\/p>\n","protected":false},"featured_media":0,"comment_status":"open","ping_status":"closed","template":"","meta":[],"product_brand":[],"product_cat":[357],"product_tag":[90,91],"class_list":{"0":"post-1398","1":"product","2":"type-product","3":"status-publish","5":"product_cat-proteinas-2","6":"product_tag-bsn","7":"product_tag-syntha6","9":"first","10":"outofstock","11":"shipping-taxable","12":"purchasable","13":"product-type-simple"},"yoast_head":"<!-- This site is optimized with the Yoast SEO plugin v26.8 - https:\/\/yoast.com\/product\/yoast-seo-wordpress\/ -->\n<title>Syntha 6 edge vainilla 2lb - Team Mutan Ecuador<\/title>\n<meta name=\"robots\" content=\"index, follow, max-snippet:-1, max-image-preview:large, max-video-preview:-1\" \/>\n<link rel=\"canonical\" href=\"https:\/\/teammutantecuador.com\/?product=syntha-6-edge-vainilla-2lb\" \/>\n<meta property=\"og:locale\" content=\"es_ES\" \/>\n<meta property=\"og:type\" content=\"article\" \/>\n<meta property=\"og:title\" content=\"Syntha 6 edge vainilla 2lb - Team Mutan Ecuador\" \/>\n<meta property=\"og:description\" content=\"Mezcla de Prote\u00ednas (Concentrado de Prote\u00edna de Suero de Leche, Aislado de Prote\u00edna de Suero de Leche, Prote\u00edna Hidrolizada de Suero de Leche, Caseinato de Calcio, Case\u00edna Micelar, Concentrado de Prote\u00edna de Leche)\" \/>\n<meta property=\"og:url\" content=\"https:\/\/teammutantecuador.com\/?product=syntha-6-edge-vainilla-2lb\" \/>\n<meta property=\"og:site_name\" content=\"Team Mutan Ecuador\" \/>\n<meta property=\"article:modified_time\" content=\"2026-01-17T16:03:52+00:00\" \/>\n<meta name=\"twitter:card\" content=\"summary_large_image\" \/>\n<meta name=\"twitter:label1\" content=\"Tiempo de lectura\" \/>\n\t<meta name=\"twitter:data1\" content=\"1 minuto\" \/>\n<script type=\"application\/ld+json\" class=\"yoast-schema-graph\">{\"@context\":\"https:\/\/schema.org\",\"@graph\":[{\"@type\":\"WebPage\",\"@id\":\"https:\/\/teammutantecuador.com\/?product=syntha-6-edge-vainilla-2lb\",\"url\":\"https:\/\/teammutantecuador.com\/?product=syntha-6-edge-vainilla-2lb\",\"name\":\"Syntha 6 edge vainilla 2lb - Team Mutan Ecuador\",\"isPartOf\":{\"@id\":\"https:\/\/teammutantecuador.com\/#website\"},\"datePublished\":\"2026-01-17T16:03:51+00:00\",\"dateModified\":\"2026-01-17T16:03:52+00:00\",\"breadcrumb\":{\"@id\":\"https:\/\/teammutantecuador.com\/?product=syntha-6-edge-vainilla-2lb#breadcrumb\"},\"inLanguage\":\"es\",\"potentialAction\":[{\"@type\":\"ReadAction\",\"target\":[\"https:\/\/teammutantecuador.com\/?product=syntha-6-edge-vainilla-2lb\"]}]},{\"@type\":\"BreadcrumbList\",\"@id\":\"https:\/\/teammutantecuador.com\/?product=syntha-6-edge-vainilla-2lb#breadcrumb\",\"itemListElement\":[{\"@type\":\"ListItem\",\"position\":1,\"name\":\"Portada\",\"item\":\"https:\/\/teammutantecuador.com\/\"},{\"@type\":\"ListItem\",\"position\":2,\"name\":\"Shop\",\"item\":\"https:\/\/teammutantecuador.com\/?page_id=6\"},{\"@type\":\"ListItem\",\"position\":3,\"name\":\"Syntha 6 edge vainilla 2lb\"}]},{\"@type\":\"WebSite\",\"@id\":\"https:\/\/teammutantecuador.com\/#website\",\"url\":\"https:\/\/teammutantecuador.com\/\",\"name\":\"Team Mutan Ecuador\",\"description\":\"Just another WordPress site\",\"publisher\":{\"@id\":\"https:\/\/teammutantecuador.com\/#organization\"},\"potentialAction\":[{\"@type\":\"SearchAction\",\"target\":{\"@type\":\"EntryPoint\",\"urlTemplate\":\"https:\/\/teammutantecuador.com\/?s={search_term_string}\"},\"query-input\":{\"@type\":\"PropertyValueSpecification\",\"valueRequired\":true,\"valueName\":\"search_term_string\"}}],\"inLanguage\":\"es\"},{\"@type\":\"Organization\",\"@id\":\"https:\/\/teammutantecuador.com\/#organization\",\"name\":\"Team Mutan Ecuador\",\"url\":\"https:\/\/teammutantecuador.com\/\",\"logo\":{\"@type\":\"ImageObject\",\"inLanguage\":\"es\",\"@id\":\"https:\/\/teammutantecuador.com\/#\/schema\/logo\/image\/\",\"url\":\"https:\/\/teammutantecuador.com\/wp-content\/uploads\/2026\/01\/Diseno-sin-titulo-97.png\",\"contentUrl\":\"https:\/\/teammutantecuador.com\/wp-content\/uploads\/2026\/01\/Diseno-sin-titulo-97.png\",\"width\":500,\"height\":300,\"caption\":\"Team Mutan Ecuador\"},\"image\":{\"@id\":\"https:\/\/teammutantecuador.com\/#\/schema\/logo\/image\/\"}}]}<\/script>\n<!-- \/ Yoast SEO plugin. -->","yoast_head_json":{"title":"Syntha 6 edge vainilla 2lb - Team Mutan Ecuador","robots":{"index":"index","follow":"follow","max-snippet":"max-snippet:-1","max-image-preview":"max-image-preview:large","max-video-preview":"max-video-preview:-1"},"canonical":"https:\/\/teammutantecuador.com\/?product=syntha-6-edge-vainilla-2lb","og_locale":"es_ES","og_type":"article","og_title":"Syntha 6 edge vainilla 2lb - Team Mutan Ecuador","og_description":"Mezcla de Prote\u00ednas (Concentrado de Prote\u00edna de Suero de Leche, Aislado de Prote\u00edna de Suero de Leche, Prote\u00edna Hidrolizada de Suero de Leche, Caseinato de Calcio, Case\u00edna Micelar, Concentrado de Prote\u00edna de Leche)","og_url":"https:\/\/teammutantecuador.com\/?product=syntha-6-edge-vainilla-2lb","og_site_name":"Team Mutan Ecuador","article_modified_time":"2026-01-17T16:03:52+00:00","twitter_card":"summary_large_image","twitter_misc":{"Tiempo de lectura":"1 minuto"},"schema":{"@context":"https:\/\/schema.org","@graph":[{"@type":"WebPage","@id":"https:\/\/teammutantecuador.com\/?product=syntha-6-edge-vainilla-2lb","url":"https:\/\/teammutantecuador.com\/?product=syntha-6-edge-vainilla-2lb","name":"Syntha 6 edge vainilla 2lb - Team Mutan Ecuador","isPartOf":{"@id":"https:\/\/teammutantecuador.com\/#website"},"datePublished":"2026-01-17T16:03:51+00:00","dateModified":"2026-01-17T16:03:52+00:00","breadcrumb":{"@id":"https:\/\/teammutantecuador.com\/?product=syntha-6-edge-vainilla-2lb#breadcrumb"},"inLanguage":"es","potentialAction":[{"@type":"ReadAction","target":["https:\/\/teammutantecuador.com\/?product=syntha-6-edge-vainilla-2lb"]}]},{"@type":"BreadcrumbList","@id":"https:\/\/teammutantecuador.com\/?product=syntha-6-edge-vainilla-2lb#breadcrumb","itemListElement":[{"@type":"ListItem","position":1,"name":"Portada","item":"https:\/\/teammutantecuador.com\/"},{"@type":"ListItem","position":2,"name":"Shop","item":"https:\/\/teammutantecuador.com\/?page_id=6"},{"@type":"ListItem","position":3,"name":"Syntha 6 edge vainilla 2lb"}]},{"@type":"WebSite","@id":"https:\/\/teammutantecuador.com\/#website","url":"https:\/\/teammutantecuador.com\/","name":"Team Mutan Ecuador","description":"Just another WordPress site","publisher":{"@id":"https:\/\/teammutantecuador.com\/#organization"},"potentialAction":[{"@type":"SearchAction","target":{"@type":"EntryPoint","urlTemplate":"https:\/\/teammutantecuador.com\/?s={search_term_string}"},"query-input":{"@type":"PropertyValueSpecification","valueRequired":true,"valueName":"search_term_string"}}],"inLanguage":"es"},{"@type":"Organization","@id":"https:\/\/teammutantecuador.com\/#organization","name":"Team Mutan Ecuador","url":"https:\/\/teammutantecuador.com\/","logo":{"@type":"ImageObject","inLanguage":"es","@id":"https:\/\/teammutantecuador.com\/#\/schema\/logo\/image\/","url":"https:\/\/teammutantecuador.com\/wp-content\/uploads\/2026\/01\/Diseno-sin-titulo-97.png","contentUrl":"https:\/\/teammutantecuador.com\/wp-content\/uploads\/2026\/01\/Diseno-sin-titulo-97.png","width":500,"height":300,"caption":"Team Mutan Ecuador"},"image":{"@id":"https:\/\/teammutantecuador.com\/#\/schema\/logo\/image\/"}}]}},"_links":{"self":[{"href":"https:\/\/teammutantecuador.com\/index.php?rest_route=\/wp\/v2\/product\/1398","targetHints":{"allow":["GET"]}}],"collection":[{"href":"https:\/\/teammutantecuador.com\/index.php?rest_route=\/wp\/v2\/product"}],"about":[{"href":"https:\/\/teammutantecuador.com\/index.php?rest_route=\/wp\/v2\/types\/product"}],"replies":[{"embeddable":true,"href":"https:\/\/teammutantecuador.com\/index.php?rest_route=%2Fwp%2Fv2%2Fcomments&post=1398"}],"wp:attachment":[{"href":"https:\/\/teammutantecuador.com\/index.php?rest_route=%2Fwp%2Fv2%2Fmedia&parent=1398"}],"wp:term":[{"taxonomy":"product_brand","embeddable":true,"href":"https:\/\/teammutantecuador.com\/index.php?rest_route=%2Fwp%2Fv2%2Fproduct_brand&post=1398"},{"taxonomy":"product_cat","embeddable":true,"href":"https:\/\/teammutantecuador.com\/index.php?rest_route=%2Fwp%2Fv2%2Fproduct_cat&post=1398"},{"taxonomy":"product_tag","embeddable":true,"href":"https:\/\/teammutantecuador.com\/index.php?rest_route=%2Fwp%2Fv2%2Fproduct_tag&post=1398"}],"curies":[{"name":"wp","href":"https:\/\/api.w.org\/{rel}","templated":true}]}}