{"id":1394,"date":"2026-01-17T16:03:51","date_gmt":"2026-01-17T16:03:51","guid":{"rendered":"https:\/\/teammutantecuador.com\/?post_type=product&#038;p=1394"},"modified":"2026-01-17T16:03:52","modified_gmt":"2026-01-17T16:03:52","slug":"whey-vainilla-milkshake-5lbs-ps","status":"publish","type":"product","link":"https:\/\/teammutantecuador.com\/?product=whey-vainilla-milkshake-5lbs-ps","title":{"rendered":"WHEY VAINILLA MILKSHAKE 5LBS PS"},"content":{"rendered":"<section class=\"main-section item-description \">\n<div id=\"description-includes\" class=\"item-description__content \">\n<div class=\"item-description__text\">\n<p>&nbsp;<\/p>\n<p>Prote\u00edna de suero 100% pura.\u00a0Aumenta la fuerza y \u200b\u200bel crecimiento muscular.\u00a0Mejora la recuperaci\u00f3n muscular.\u00a0Sin gluten.\u00a068 porciones.\u00a0\u00bfC\u00f3mo se deletrea \u00abprote\u00edna de suero\u00bb?\u00a0ProSupps ha formulado una prote\u00edna de suero real y verdadera que es lo que decimos que es.<\/p>\n<p>No hay rellenos de prote\u00ednas baratos &#8230; Simplemente buenas prote\u00ednas de suero anticuadas que hacen lo que se supone que deben hacer &#8230; Apoyan el desarrollo y el metabolismo del m\u00fasculo magro.\u00a0Con casi nada de grasa y az\u00facar, puedes sentirte seguro de que PS Whey te dar\u00e1<\/p>\n<p>resultados &#8230; \u00a1y punto!\u00a0As\u00ed que no se conforme con c\u00f3mo los otros chicos escriben \u201cProte\u00edna\u201d &#8230; ProSupps PS Whey ofrece prote\u00edna de alto octanaje a su cuerpo finamente afinado.\u00a0PS Whey est\u00e1 disponible en una variedad de sabores incre\u00edblemente deliciosos;\u00a0\u00a1Solo agregue agua o leche descremada para una experiencia de prote\u00edna tipo postre!La grandeza comienza aqu\u00ed.\u00a0ProSupps\u00ae PS Whey\u00ae es la opci\u00f3n premium para la prote\u00edna diaria que necesita para construir, reconstruir y mantener el m\u00fasculo magro.\u00a0Nuestra mezcla es rica en amino\u00e1cidos naturales y contiene 24 g de prote\u00edna de suero de alta calidad por porci\u00f3n.\u00a0Tanto el aislado de prote\u00edna de suero como el concentrado de prote\u00edna de suero ofrecen beneficios de \u00abalimentos integrales\u00bb al tiempo que estimulan la s\u00edntesis de prote\u00ednas para maximizar el crecimiento muscular magro.\u00a0Sin espinas de amino ni az\u00facares a\u00f1adidos.\u00a0Libre de sustancias prohibidas e Informed Choice\u00ae Certified.\u00a0Y como el sabor es clave, tenemos sabores gourmet que satisfar\u00e1n incluso a las papilas gustativas m\u00e1s exigentes. \u2020 PS Whey\u00ae est\u00e1 dise\u00f1ado para aquellos que buscan una prote\u00edna de suero de leche vers\u00e1til para apoyar el crecimiento muscular magro y la recuperaci\u00f3n despu\u00e9s del entrenamiento.\u00a0El camino a la grandeza ahora tiene una rampa de acceso.<\/p>\n<\/div>\n<\/div>\n<\/section>\n<section class=\"vip-section-questions section-details main-section \" data-component=\"question\">\n<h2 id=\"questions\" class=\"main-section__title\"><\/h2>\n<\/section>\n","protected":false},"excerpt":{"rendered":"<p>Prote\u00edna de suero 100% pura.\u00a0Aumenta la fuerza y \u200b\u200bel crecimiento muscular.\u00a0Mejora la recuperaci\u00f3n muscular.\u00a0Sin gluten.\u00a068 porciones.\u00a0\u00bfC\u00f3mo se deletrea \u00abprote\u00edna de suero\u00bb?\u00a0ProSupps ha formulado una prote\u00edna de suero real y verdadera que es lo que decimos que es.<\/p>\n","protected":false},"featured_media":0,"comment_status":"open","ping_status":"closed","template":"","meta":[],"product_brand":[],"product_cat":[357],"product_tag":[44,56],"class_list":{"0":"post-1394","1":"product","2":"type-product","3":"status-publish","5":"product_cat-proteinas-2","6":"product_tag-prosupps","7":"product_tag-proteinas","9":"first","10":"instock","11":"shipping-taxable","12":"purchasable","13":"product-type-simple"},"yoast_head":"<!-- This site is optimized with the Yoast SEO plugin v26.8 - https:\/\/yoast.com\/product\/yoast-seo-wordpress\/ -->\n<title>WHEY VAINILLA MILKSHAKE 5LBS PS - Team Mutan Ecuador<\/title>\n<meta name=\"description\" content=\"Prote\u00edna de suero 100% pura.\u00a0Aumenta la fuerza y \u200b\u200bel crecimiento muscular.\u00a0Mejora la recuperaci\u00f3n muscular.\u00a0Sin gluten.\u00a068 porciones.\u00a0\u00bfC\u00f3mo se deletrea &quot;prote\u00edna de suero&quot;?\u00a0ProSupps ha formulado una prote\u00edna de suero real y verdadera que es lo que decimos que es.\" \/>\n<meta name=\"robots\" content=\"index, follow, max-snippet:-1, max-image-preview:large, max-video-preview:-1\" \/>\n<link rel=\"canonical\" href=\"https:\/\/teammutantecuador.com\/?product=whey-vainilla-milkshake-5lbs-ps\" \/>\n<meta property=\"og:locale\" content=\"es_ES\" \/>\n<meta property=\"og:type\" content=\"article\" \/>\n<meta property=\"og:title\" content=\"WHEY VAINILLA MILKSHAKE 5LBS PS - Team Mutan Ecuador\" \/>\n<meta property=\"og:description\" content=\"Prote\u00edna de suero 100% pura.\u00a0Aumenta la fuerza y \u200b\u200bel crecimiento muscular.\u00a0Mejora la recuperaci\u00f3n muscular.\u00a0Sin gluten.\u00a068 porciones.\u00a0\u00bfC\u00f3mo se deletrea &quot;prote\u00edna de suero&quot;?\u00a0ProSupps ha formulado una prote\u00edna de suero real y verdadera que es lo que decimos que es.\" \/>\n<meta property=\"og:url\" content=\"https:\/\/teammutantecuador.com\/?product=whey-vainilla-milkshake-5lbs-ps\" \/>\n<meta property=\"og:site_name\" content=\"Team Mutan Ecuador\" \/>\n<meta property=\"article:modified_time\" content=\"2026-01-17T16:03:52+00:00\" \/>\n<meta name=\"twitter:card\" content=\"summary_large_image\" \/>\n<meta name=\"twitter:label1\" content=\"Tiempo de lectura\" \/>\n\t<meta name=\"twitter:data1\" content=\"2 minutos\" \/>\n<script type=\"application\/ld+json\" class=\"yoast-schema-graph\">{\"@context\":\"https:\/\/schema.org\",\"@graph\":[{\"@type\":\"WebPage\",\"@id\":\"https:\/\/teammutantecuador.com\/?product=whey-vainilla-milkshake-5lbs-ps\",\"url\":\"https:\/\/teammutantecuador.com\/?product=whey-vainilla-milkshake-5lbs-ps\",\"name\":\"WHEY VAINILLA MILKSHAKE 5LBS PS - Team Mutan Ecuador\",\"isPartOf\":{\"@id\":\"https:\/\/teammutantecuador.com\/#website\"},\"datePublished\":\"2026-01-17T16:03:51+00:00\",\"dateModified\":\"2026-01-17T16:03:52+00:00\",\"description\":\"Prote\u00edna de suero 100% pura.\u00a0Aumenta la fuerza y \u200b\u200bel crecimiento muscular.\u00a0Mejora la recuperaci\u00f3n muscular.\u00a0Sin gluten.\u00a068 porciones.\u00a0\u00bfC\u00f3mo se deletrea \\\"prote\u00edna de suero\\\"?\u00a0ProSupps ha formulado una prote\u00edna de suero real y verdadera que es lo que decimos que es.\",\"breadcrumb\":{\"@id\":\"https:\/\/teammutantecuador.com\/?product=whey-vainilla-milkshake-5lbs-ps#breadcrumb\"},\"inLanguage\":\"es\",\"potentialAction\":[{\"@type\":\"ReadAction\",\"target\":[\"https:\/\/teammutantecuador.com\/?product=whey-vainilla-milkshake-5lbs-ps\"]}]},{\"@type\":\"BreadcrumbList\",\"@id\":\"https:\/\/teammutantecuador.com\/?product=whey-vainilla-milkshake-5lbs-ps#breadcrumb\",\"itemListElement\":[{\"@type\":\"ListItem\",\"position\":1,\"name\":\"Portada\",\"item\":\"https:\/\/teammutantecuador.com\/\"},{\"@type\":\"ListItem\",\"position\":2,\"name\":\"Shop\",\"item\":\"https:\/\/teammutantecuador.com\/?page_id=6\"},{\"@type\":\"ListItem\",\"position\":3,\"name\":\"WHEY VAINILLA MILKSHAKE 5LBS PS\"}]},{\"@type\":\"WebSite\",\"@id\":\"https:\/\/teammutantecuador.com\/#website\",\"url\":\"https:\/\/teammutantecuador.com\/\",\"name\":\"Team Mutan Ecuador\",\"description\":\"Just another WordPress site\",\"publisher\":{\"@id\":\"https:\/\/teammutantecuador.com\/#organization\"},\"potentialAction\":[{\"@type\":\"SearchAction\",\"target\":{\"@type\":\"EntryPoint\",\"urlTemplate\":\"https:\/\/teammutantecuador.com\/?s={search_term_string}\"},\"query-input\":{\"@type\":\"PropertyValueSpecification\",\"valueRequired\":true,\"valueName\":\"search_term_string\"}}],\"inLanguage\":\"es\"},{\"@type\":\"Organization\",\"@id\":\"https:\/\/teammutantecuador.com\/#organization\",\"name\":\"Team Mutan Ecuador\",\"url\":\"https:\/\/teammutantecuador.com\/\",\"logo\":{\"@type\":\"ImageObject\",\"inLanguage\":\"es\",\"@id\":\"https:\/\/teammutantecuador.com\/#\/schema\/logo\/image\/\",\"url\":\"https:\/\/teammutantecuador.com\/wp-content\/uploads\/2026\/01\/Diseno-sin-titulo-97.png\",\"contentUrl\":\"https:\/\/teammutantecuador.com\/wp-content\/uploads\/2026\/01\/Diseno-sin-titulo-97.png\",\"width\":500,\"height\":300,\"caption\":\"Team Mutan Ecuador\"},\"image\":{\"@id\":\"https:\/\/teammutantecuador.com\/#\/schema\/logo\/image\/\"}}]}<\/script>\n<!-- \/ Yoast SEO plugin. -->","yoast_head_json":{"title":"WHEY VAINILLA MILKSHAKE 5LBS PS - Team Mutan Ecuador","description":"Prote\u00edna de suero 100% pura.\u00a0Aumenta la fuerza y \u200b\u200bel crecimiento muscular.\u00a0Mejora la recuperaci\u00f3n muscular.\u00a0Sin gluten.\u00a068 porciones.\u00a0\u00bfC\u00f3mo se deletrea \"prote\u00edna de suero\"?\u00a0ProSupps ha formulado una prote\u00edna de suero real y verdadera que es lo que decimos que es.","robots":{"index":"index","follow":"follow","max-snippet":"max-snippet:-1","max-image-preview":"max-image-preview:large","max-video-preview":"max-video-preview:-1"},"canonical":"https:\/\/teammutantecuador.com\/?product=whey-vainilla-milkshake-5lbs-ps","og_locale":"es_ES","og_type":"article","og_title":"WHEY VAINILLA MILKSHAKE 5LBS PS - Team Mutan Ecuador","og_description":"Prote\u00edna de suero 100% pura.\u00a0Aumenta la fuerza y \u200b\u200bel crecimiento muscular.\u00a0Mejora la recuperaci\u00f3n muscular.\u00a0Sin gluten.\u00a068 porciones.\u00a0\u00bfC\u00f3mo se deletrea \"prote\u00edna de suero\"?\u00a0ProSupps ha formulado una prote\u00edna de suero real y verdadera que es lo que decimos que es.","og_url":"https:\/\/teammutantecuador.com\/?product=whey-vainilla-milkshake-5lbs-ps","og_site_name":"Team Mutan Ecuador","article_modified_time":"2026-01-17T16:03:52+00:00","twitter_card":"summary_large_image","twitter_misc":{"Tiempo de lectura":"2 minutos"},"schema":{"@context":"https:\/\/schema.org","@graph":[{"@type":"WebPage","@id":"https:\/\/teammutantecuador.com\/?product=whey-vainilla-milkshake-5lbs-ps","url":"https:\/\/teammutantecuador.com\/?product=whey-vainilla-milkshake-5lbs-ps","name":"WHEY VAINILLA MILKSHAKE 5LBS PS - Team Mutan Ecuador","isPartOf":{"@id":"https:\/\/teammutantecuador.com\/#website"},"datePublished":"2026-01-17T16:03:51+00:00","dateModified":"2026-01-17T16:03:52+00:00","description":"Prote\u00edna de suero 100% pura.\u00a0Aumenta la fuerza y \u200b\u200bel crecimiento muscular.\u00a0Mejora la recuperaci\u00f3n muscular.\u00a0Sin gluten.\u00a068 porciones.\u00a0\u00bfC\u00f3mo se deletrea \"prote\u00edna de suero\"?\u00a0ProSupps ha formulado una prote\u00edna de suero real y verdadera que es lo que decimos que es.","breadcrumb":{"@id":"https:\/\/teammutantecuador.com\/?product=whey-vainilla-milkshake-5lbs-ps#breadcrumb"},"inLanguage":"es","potentialAction":[{"@type":"ReadAction","target":["https:\/\/teammutantecuador.com\/?product=whey-vainilla-milkshake-5lbs-ps"]}]},{"@type":"BreadcrumbList","@id":"https:\/\/teammutantecuador.com\/?product=whey-vainilla-milkshake-5lbs-ps#breadcrumb","itemListElement":[{"@type":"ListItem","position":1,"name":"Portada","item":"https:\/\/teammutantecuador.com\/"},{"@type":"ListItem","position":2,"name":"Shop","item":"https:\/\/teammutantecuador.com\/?page_id=6"},{"@type":"ListItem","position":3,"name":"WHEY VAINILLA MILKSHAKE 5LBS PS"}]},{"@type":"WebSite","@id":"https:\/\/teammutantecuador.com\/#website","url":"https:\/\/teammutantecuador.com\/","name":"Team Mutan Ecuador","description":"Just another WordPress site","publisher":{"@id":"https:\/\/teammutantecuador.com\/#organization"},"potentialAction":[{"@type":"SearchAction","target":{"@type":"EntryPoint","urlTemplate":"https:\/\/teammutantecuador.com\/?s={search_term_string}"},"query-input":{"@type":"PropertyValueSpecification","valueRequired":true,"valueName":"search_term_string"}}],"inLanguage":"es"},{"@type":"Organization","@id":"https:\/\/teammutantecuador.com\/#organization","name":"Team Mutan Ecuador","url":"https:\/\/teammutantecuador.com\/","logo":{"@type":"ImageObject","inLanguage":"es","@id":"https:\/\/teammutantecuador.com\/#\/schema\/logo\/image\/","url":"https:\/\/teammutantecuador.com\/wp-content\/uploads\/2026\/01\/Diseno-sin-titulo-97.png","contentUrl":"https:\/\/teammutantecuador.com\/wp-content\/uploads\/2026\/01\/Diseno-sin-titulo-97.png","width":500,"height":300,"caption":"Team Mutan Ecuador"},"image":{"@id":"https:\/\/teammutantecuador.com\/#\/schema\/logo\/image\/"}}]}},"_links":{"self":[{"href":"https:\/\/teammutantecuador.com\/index.php?rest_route=\/wp\/v2\/product\/1394","targetHints":{"allow":["GET"]}}],"collection":[{"href":"https:\/\/teammutantecuador.com\/index.php?rest_route=\/wp\/v2\/product"}],"about":[{"href":"https:\/\/teammutantecuador.com\/index.php?rest_route=\/wp\/v2\/types\/product"}],"replies":[{"embeddable":true,"href":"https:\/\/teammutantecuador.com\/index.php?rest_route=%2Fwp%2Fv2%2Fcomments&post=1394"}],"wp:attachment":[{"href":"https:\/\/teammutantecuador.com\/index.php?rest_route=%2Fwp%2Fv2%2Fmedia&parent=1394"}],"wp:term":[{"taxonomy":"product_brand","embeddable":true,"href":"https:\/\/teammutantecuador.com\/index.php?rest_route=%2Fwp%2Fv2%2Fproduct_brand&post=1394"},{"taxonomy":"product_cat","embeddable":true,"href":"https:\/\/teammutantecuador.com\/index.php?rest_route=%2Fwp%2Fv2%2Fproduct_cat&post=1394"},{"taxonomy":"product_tag","embeddable":true,"href":"https:\/\/teammutantecuador.com\/index.php?rest_route=%2Fwp%2Fv2%2Fproduct_tag&post=1394"}],"curies":[{"name":"wp","href":"https:\/\/api.w.org\/{rel}","templated":true}]}}