{"id":1381,"date":"2026-01-17T16:03:46","date_gmt":"2026-01-17T16:03:46","guid":{"rendered":"https:\/\/teammutantecuador.com\/?post_type=product&#038;p=1381"},"modified":"2026-01-17T16:03:49","modified_gmt":"2026-01-17T16:03:49","slug":"mr-hyde-15-servidas","status":"publish","type":"product","link":"https:\/\/teammutantecuador.com\/?product=mr-hyde-15-servidas","title":{"rendered":"MR HYDE 15 SERVIDAS"},"content":{"rendered":"<p>MR HYDE&#x2122; &#8211; Intense Energy &#8211; Pre-entreno m\u00e1s brutal y estimulante de Pro Supps.<\/p>\n<p>Mr Hyde&#x2122; est\u00e1 cargado con leucina, beta-alanina, clorhidrato de creatina, citrulina, con mezclas estimulantes patentadas que incluyen una mezcla de tres tipos de cafe\u00edna y con el novedoso agente vasodilatador conocido como sulfato de agmatina. Mr Hyde&#x2122; destrozar\u00e1 tus l\u00edmites en los entrenamientos con pesas.Es importante destacar que Mr Hyde&#x2122; no es un suplemento cualquiera dise\u00f1ado para utilizar por cualquier persona, se trata de un producto agresivo solo apto para usuarios de suplementos y culturistas avanzados. Bajo ninguna circunstancia se debe exceder la dosis de un cazo antes de realizar ejercicio.<\/p>\n<p>Principales beneficios de Mr. Hyde&#x2122; de Pro Supps:<br \/>\n&#8211; Contiene una potente combinaci\u00f3n de compuestos termog\u00e9nicos de alta intensidad.<br \/>\n&#8211; Con las dosis eficaces de clorhidrato de creatina en cada servicio.<br \/>\n&#8211; Con Pikatropin&#x2122; para una mejora de la concentraci\u00f3n mental.<br \/>\n&#8211; Proporciona una infinita cantidad de energ\u00eda para la m\u00e1xima sensibilidad de los receptores.<br \/>\n&#8211; Con sulfato de agmatina para un bombeo muscular asombroso y transporte de nutrientes.<\/p>\n","protected":false},"excerpt":{"rendered":"<p>MR HYDE&#x2122; &#8211; Intense Energy &#8211; Pre-entreno m\u00e1s brutal y estimulante de Pro Supps.<\/p>\n<p>Mr Hyde&#x2122; est\u00e1 cargado con leucina, beta-alanina, clorhidrato de creatina, citrulina, con mezclas estimulantes patentadas que incluyen una mezcla de tres tipos de cafe\u00edna y con el novedoso agente vasodilatador conocido como sulfato de agmatina. Mr Hyde&#x2122; destrozar\u00e1 tus l\u00edmites en los entrenamientos con pesas.Es importante destacar que Mr Hyde&#x2122; no es un suplemento cualquiera dise\u00f1ado para utilizar por cualquier persona, se trata de un producto agresivo solo apto para usuarios de suplementos y culturistas avanzados. Bajo ninguna circunstancia se debe exceder la dosis de un cazo antes de realizar ejercicio.<\/p>\n","protected":false},"featured_media":0,"comment_status":"open","ping_status":"closed","template":"","meta":[],"product_brand":[],"product_cat":[365],"product_tag":[70,71,44],"class_list":{"0":"post-1381","1":"product","2":"type-product","3":"status-publish","5":"product_cat-pre-entreno","6":"product_tag-pre-entreno","7":"product_tag-pre-workour","8":"product_tag-prosupps","10":"first","11":"outofstock","12":"shipping-taxable","13":"purchasable","14":"product-type-simple"},"yoast_head":"<!-- This site is optimized with the Yoast SEO plugin v26.8 - https:\/\/yoast.com\/product\/yoast-seo-wordpress\/ -->\n<title>MR HYDE 15 SERVIDAS - Team Mutan Ecuador<\/title>\n<meta name=\"description\" content=\"MR HYDE\u2122 - Intense Energy - Pre-entreno m\u00e1s brutal y estimulante de Pro Supps.Mr Hyde\u2122 est\u00e1 cargado con leucina, beta-alanina, clorhidrato de creatina, citrulina, con mezclas estimulantes patentadas que incluyen una mezcla de tres tipos de cafe\u00edna y con el novedoso agente vasodilatador conocido como sulfato de agmatina. Mr Hyde\u2122 destrozar\u00e1 tus l\u00edmites en los entrenamientos con pesas.Es importante destacar que Mr Hyde\u2122 no es un suplemento cualquiera dise\u00f1ado para utilizar por cualquier persona, se trata de un producto agresivo solo apto para usuarios de suplementos y culturistas avanzados. Bajo ninguna circunstancia se debe exceder la dosis de un cazo antes de realizar ejercicio.\" \/>\n<meta name=\"robots\" content=\"index, follow, max-snippet:-1, max-image-preview:large, max-video-preview:-1\" \/>\n<link rel=\"canonical\" href=\"https:\/\/teammutantecuador.com\/?product=mr-hyde-15-servidas\" \/>\n<meta property=\"og:locale\" content=\"es_ES\" \/>\n<meta property=\"og:type\" content=\"article\" \/>\n<meta property=\"og:title\" content=\"MR HYDE 15 SERVIDAS - Team Mutan Ecuador\" \/>\n<meta property=\"og:description\" content=\"MR HYDE\u2122 - Intense Energy - Pre-entreno m\u00e1s brutal y estimulante de Pro Supps.Mr Hyde\u2122 est\u00e1 cargado con leucina, beta-alanina, clorhidrato de creatina, citrulina, con mezclas estimulantes patentadas que incluyen una mezcla de tres tipos de cafe\u00edna y con el novedoso agente vasodilatador conocido como sulfato de agmatina. Mr Hyde\u2122 destrozar\u00e1 tus l\u00edmites en los entrenamientos con pesas.Es importante destacar que Mr Hyde\u2122 no es un suplemento cualquiera dise\u00f1ado para utilizar por cualquier persona, se trata de un producto agresivo solo apto para usuarios de suplementos y culturistas avanzados. Bajo ninguna circunstancia se debe exceder la dosis de un cazo antes de realizar ejercicio.\" \/>\n<meta property=\"og:url\" content=\"https:\/\/teammutantecuador.com\/?product=mr-hyde-15-servidas\" \/>\n<meta property=\"og:site_name\" content=\"Team Mutan Ecuador\" \/>\n<meta property=\"article:modified_time\" content=\"2026-01-17T16:03:49+00:00\" \/>\n<meta name=\"twitter:card\" content=\"summary_large_image\" \/>\n<meta name=\"twitter:label1\" content=\"Tiempo de lectura\" \/>\n\t<meta name=\"twitter:data1\" content=\"1 minuto\" \/>\n<script type=\"application\/ld+json\" class=\"yoast-schema-graph\">{\"@context\":\"https:\/\/schema.org\",\"@graph\":[{\"@type\":\"WebPage\",\"@id\":\"https:\/\/teammutantecuador.com\/?product=mr-hyde-15-servidas\",\"url\":\"https:\/\/teammutantecuador.com\/?product=mr-hyde-15-servidas\",\"name\":\"MR HYDE 15 SERVIDAS - Team Mutan Ecuador\",\"isPartOf\":{\"@id\":\"https:\/\/teammutantecuador.com\/#website\"},\"datePublished\":\"2026-01-17T16:03:46+00:00\",\"dateModified\":\"2026-01-17T16:03:49+00:00\",\"description\":\"MR HYDE\u2122 - Intense Energy - Pre-entreno m\u00e1s brutal y estimulante de Pro Supps.Mr Hyde\u2122 est\u00e1 cargado con leucina, beta-alanina, clorhidrato de creatina, citrulina, con mezclas estimulantes patentadas que incluyen una mezcla de tres tipos de cafe\u00edna y con el novedoso agente vasodilatador conocido como sulfato de agmatina. Mr Hyde\u2122 destrozar\u00e1 tus l\u00edmites en los entrenamientos con pesas.Es importante destacar que Mr Hyde\u2122 no es un suplemento cualquiera dise\u00f1ado para utilizar por cualquier persona, se trata de un producto agresivo solo apto para usuarios de suplementos y culturistas avanzados. Bajo ninguna circunstancia se debe exceder la dosis de un cazo antes de realizar ejercicio.\",\"breadcrumb\":{\"@id\":\"https:\/\/teammutantecuador.com\/?product=mr-hyde-15-servidas#breadcrumb\"},\"inLanguage\":\"es\",\"potentialAction\":[{\"@type\":\"ReadAction\",\"target\":[\"https:\/\/teammutantecuador.com\/?product=mr-hyde-15-servidas\"]}]},{\"@type\":\"BreadcrumbList\",\"@id\":\"https:\/\/teammutantecuador.com\/?product=mr-hyde-15-servidas#breadcrumb\",\"itemListElement\":[{\"@type\":\"ListItem\",\"position\":1,\"name\":\"Portada\",\"item\":\"https:\/\/teammutantecuador.com\/\"},{\"@type\":\"ListItem\",\"position\":2,\"name\":\"Shop\",\"item\":\"https:\/\/teammutantecuador.com\/?page_id=6\"},{\"@type\":\"ListItem\",\"position\":3,\"name\":\"MR HYDE 15 SERVIDAS\"}]},{\"@type\":\"WebSite\",\"@id\":\"https:\/\/teammutantecuador.com\/#website\",\"url\":\"https:\/\/teammutantecuador.com\/\",\"name\":\"Team Mutan Ecuador\",\"description\":\"Just another WordPress site\",\"publisher\":{\"@id\":\"https:\/\/teammutantecuador.com\/#organization\"},\"potentialAction\":[{\"@type\":\"SearchAction\",\"target\":{\"@type\":\"EntryPoint\",\"urlTemplate\":\"https:\/\/teammutantecuador.com\/?s={search_term_string}\"},\"query-input\":{\"@type\":\"PropertyValueSpecification\",\"valueRequired\":true,\"valueName\":\"search_term_string\"}}],\"inLanguage\":\"es\"},{\"@type\":\"Organization\",\"@id\":\"https:\/\/teammutantecuador.com\/#organization\",\"name\":\"Team Mutan Ecuador\",\"url\":\"https:\/\/teammutantecuador.com\/\",\"logo\":{\"@type\":\"ImageObject\",\"inLanguage\":\"es\",\"@id\":\"https:\/\/teammutantecuador.com\/#\/schema\/logo\/image\/\",\"url\":\"https:\/\/teammutantecuador.com\/wp-content\/uploads\/2026\/01\/Diseno-sin-titulo-97.png\",\"contentUrl\":\"https:\/\/teammutantecuador.com\/wp-content\/uploads\/2026\/01\/Diseno-sin-titulo-97.png\",\"width\":500,\"height\":300,\"caption\":\"Team Mutan Ecuador\"},\"image\":{\"@id\":\"https:\/\/teammutantecuador.com\/#\/schema\/logo\/image\/\"}}]}<\/script>\n<!-- \/ Yoast SEO plugin. -->","yoast_head_json":{"title":"MR HYDE 15 SERVIDAS - Team Mutan Ecuador","description":"MR HYDE\u2122 - Intense Energy - Pre-entreno m\u00e1s brutal y estimulante de Pro Supps.Mr Hyde\u2122 est\u00e1 cargado con leucina, beta-alanina, clorhidrato de creatina, citrulina, con mezclas estimulantes patentadas que incluyen una mezcla de tres tipos de cafe\u00edna y con el novedoso agente vasodilatador conocido como sulfato de agmatina. Mr Hyde\u2122 destrozar\u00e1 tus l\u00edmites en los entrenamientos con pesas.Es importante destacar que Mr Hyde\u2122 no es un suplemento cualquiera dise\u00f1ado para utilizar por cualquier persona, se trata de un producto agresivo solo apto para usuarios de suplementos y culturistas avanzados. Bajo ninguna circunstancia se debe exceder la dosis de un cazo antes de realizar ejercicio.","robots":{"index":"index","follow":"follow","max-snippet":"max-snippet:-1","max-image-preview":"max-image-preview:large","max-video-preview":"max-video-preview:-1"},"canonical":"https:\/\/teammutantecuador.com\/?product=mr-hyde-15-servidas","og_locale":"es_ES","og_type":"article","og_title":"MR HYDE 15 SERVIDAS - Team Mutan Ecuador","og_description":"MR HYDE\u2122 - Intense Energy - Pre-entreno m\u00e1s brutal y estimulante de Pro Supps.Mr Hyde\u2122 est\u00e1 cargado con leucina, beta-alanina, clorhidrato de creatina, citrulina, con mezclas estimulantes patentadas que incluyen una mezcla de tres tipos de cafe\u00edna y con el novedoso agente vasodilatador conocido como sulfato de agmatina. Mr Hyde\u2122 destrozar\u00e1 tus l\u00edmites en los entrenamientos con pesas.Es importante destacar que Mr Hyde\u2122 no es un suplemento cualquiera dise\u00f1ado para utilizar por cualquier persona, se trata de un producto agresivo solo apto para usuarios de suplementos y culturistas avanzados. Bajo ninguna circunstancia se debe exceder la dosis de un cazo antes de realizar ejercicio.","og_url":"https:\/\/teammutantecuador.com\/?product=mr-hyde-15-servidas","og_site_name":"Team Mutan Ecuador","article_modified_time":"2026-01-17T16:03:49+00:00","twitter_card":"summary_large_image","twitter_misc":{"Tiempo de lectura":"1 minuto"},"schema":{"@context":"https:\/\/schema.org","@graph":[{"@type":"WebPage","@id":"https:\/\/teammutantecuador.com\/?product=mr-hyde-15-servidas","url":"https:\/\/teammutantecuador.com\/?product=mr-hyde-15-servidas","name":"MR HYDE 15 SERVIDAS - Team Mutan Ecuador","isPartOf":{"@id":"https:\/\/teammutantecuador.com\/#website"},"datePublished":"2026-01-17T16:03:46+00:00","dateModified":"2026-01-17T16:03:49+00:00","description":"MR HYDE\u2122 - Intense Energy - Pre-entreno m\u00e1s brutal y estimulante de Pro Supps.Mr Hyde\u2122 est\u00e1 cargado con leucina, beta-alanina, clorhidrato de creatina, citrulina, con mezclas estimulantes patentadas que incluyen una mezcla de tres tipos de cafe\u00edna y con el novedoso agente vasodilatador conocido como sulfato de agmatina. Mr Hyde\u2122 destrozar\u00e1 tus l\u00edmites en los entrenamientos con pesas.Es importante destacar que Mr Hyde\u2122 no es un suplemento cualquiera dise\u00f1ado para utilizar por cualquier persona, se trata de un producto agresivo solo apto para usuarios de suplementos y culturistas avanzados. Bajo ninguna circunstancia se debe exceder la dosis de un cazo antes de realizar ejercicio.","breadcrumb":{"@id":"https:\/\/teammutantecuador.com\/?product=mr-hyde-15-servidas#breadcrumb"},"inLanguage":"es","potentialAction":[{"@type":"ReadAction","target":["https:\/\/teammutantecuador.com\/?product=mr-hyde-15-servidas"]}]},{"@type":"BreadcrumbList","@id":"https:\/\/teammutantecuador.com\/?product=mr-hyde-15-servidas#breadcrumb","itemListElement":[{"@type":"ListItem","position":1,"name":"Portada","item":"https:\/\/teammutantecuador.com\/"},{"@type":"ListItem","position":2,"name":"Shop","item":"https:\/\/teammutantecuador.com\/?page_id=6"},{"@type":"ListItem","position":3,"name":"MR HYDE 15 SERVIDAS"}]},{"@type":"WebSite","@id":"https:\/\/teammutantecuador.com\/#website","url":"https:\/\/teammutantecuador.com\/","name":"Team Mutan Ecuador","description":"Just another WordPress site","publisher":{"@id":"https:\/\/teammutantecuador.com\/#organization"},"potentialAction":[{"@type":"SearchAction","target":{"@type":"EntryPoint","urlTemplate":"https:\/\/teammutantecuador.com\/?s={search_term_string}"},"query-input":{"@type":"PropertyValueSpecification","valueRequired":true,"valueName":"search_term_string"}}],"inLanguage":"es"},{"@type":"Organization","@id":"https:\/\/teammutantecuador.com\/#organization","name":"Team Mutan Ecuador","url":"https:\/\/teammutantecuador.com\/","logo":{"@type":"ImageObject","inLanguage":"es","@id":"https:\/\/teammutantecuador.com\/#\/schema\/logo\/image\/","url":"https:\/\/teammutantecuador.com\/wp-content\/uploads\/2026\/01\/Diseno-sin-titulo-97.png","contentUrl":"https:\/\/teammutantecuador.com\/wp-content\/uploads\/2026\/01\/Diseno-sin-titulo-97.png","width":500,"height":300,"caption":"Team Mutan Ecuador"},"image":{"@id":"https:\/\/teammutantecuador.com\/#\/schema\/logo\/image\/"}}]}},"_links":{"self":[{"href":"https:\/\/teammutantecuador.com\/index.php?rest_route=\/wp\/v2\/product\/1381","targetHints":{"allow":["GET"]}}],"collection":[{"href":"https:\/\/teammutantecuador.com\/index.php?rest_route=\/wp\/v2\/product"}],"about":[{"href":"https:\/\/teammutantecuador.com\/index.php?rest_route=\/wp\/v2\/types\/product"}],"replies":[{"embeddable":true,"href":"https:\/\/teammutantecuador.com\/index.php?rest_route=%2Fwp%2Fv2%2Fcomments&post=1381"}],"wp:attachment":[{"href":"https:\/\/teammutantecuador.com\/index.php?rest_route=%2Fwp%2Fv2%2Fmedia&parent=1381"}],"wp:term":[{"taxonomy":"product_brand","embeddable":true,"href":"https:\/\/teammutantecuador.com\/index.php?rest_route=%2Fwp%2Fv2%2Fproduct_brand&post=1381"},{"taxonomy":"product_cat","embeddable":true,"href":"https:\/\/teammutantecuador.com\/index.php?rest_route=%2Fwp%2Fv2%2Fproduct_cat&post=1381"},{"taxonomy":"product_tag","embeddable":true,"href":"https:\/\/teammutantecuador.com\/index.php?rest_route=%2Fwp%2Fv2%2Fproduct_tag&post=1381"}],"curies":[{"name":"wp","href":"https:\/\/api.w.org\/{rel}","templated":true}]}}