{"id":1380,"date":"2026-01-17T16:03:46","date_gmt":"2026-01-17T16:03:46","guid":{"rendered":"https:\/\/teammutantecuador.com\/?post_type=product&#038;p=1380"},"modified":"2026-01-17T16:03:49","modified_gmt":"2026-01-17T16:03:49","slug":"matrix-vainilla-5lb","status":"publish","type":"product","link":"https:\/\/teammutantecuador.com\/?product=matrix-vainilla-5lb","title":{"rendered":"MATRIX VAINILLA 5LB"},"content":{"rendered":"<p><b>Mezcla de prote\u00ednas de liberaci\u00f3n sostenida<\/b><\/p>\n<ul>\n<li>Prote\u00edna de suero sin desnaturalizar<\/li>\n<li>Case\u00edna micelar y alb\u00famina de huevo<\/li>\n<li>Prote\u00edna de mejor sabor \u2026 garantizada<\/li>\n<li>P\u00e9ptidos de glutamina<\/li>\n<li>Se mezcla al instante<\/li>\n<\/ul>\n<p><b>El problema: las<\/b>\u00a0prote\u00ednas en polvo de baja calidad, que contienen maltodextrina inductora de grasa, tienen un sabor horrible, requieren una licuadora para mezclar adecuadamente y contienen solo una prote\u00edna de acci\u00f3n muy r\u00e1pida.\u00a0No hay duda de que la mayor\u00eda de estos productos son baratos, pero \u00bfqui\u00e9n quiere vomitar algo d\u00eda tras d\u00eda que no sea conveniente ni beneficioso?<\/p>\n<p><b>La soluci\u00f3n:<\/b>Matriz de prote\u00ednas en polvo.\u00a0Tomando a\u00f1os para formular adecuadamente, Matrix resuelve todos los problemas que afectan actualmente a esas otras prote\u00ednas en polvo de bajo grado.\u00a0Lo m\u00e1s importante, nos mantuvimos completamente alejados de las fuentes de prote\u00ednas baratas e inferiores, como el caseinato de sodio y calcio desnaturalizado.\u00a0Sab\u00edamos que para ser el mejor, ten\u00edamos que usar solo las fuentes de prote\u00ednas no desnaturalizadas de la m\u00e1s alta calidad, como la prote\u00edna de suero ultrafiltrada, la prote\u00edna de leche ultrafiltrada, la alb\u00famina de huevo no desnaturalizada y los p\u00e9ptidos de glutamina.\u00a0Los costos son mucho m\u00e1s altos, pero las recompensas son significativas.\u00a0Estas prote\u00ednas no solo tienen un excelente sabor, sino que tambi\u00e9n tienen una capacidad inigualable para mejorar la salud en general, as\u00ed como para desarrollar procesos y tejidos corporales cr\u00edticos.<\/p>\n<p>Para hacer el producto de la m\u00e1s alta calidad en la industria, sab\u00edamos que ten\u00edamos que hacer a\u00fan m\u00e1s.\u00a0Decidimos que no nos conformar\u00edamos con nada m\u00e1s que la prote\u00edna en polvo con mejor sabor absoluto en el mercado.\u00a0Despu\u00e9s de innumerables pruebas, llegamos a varios sabores deliciosos que son puro \u00e9xtasis para consumir.<\/p>\n","protected":false},"excerpt":{"rendered":"<p><b>Mezcla de prote\u00ednas de liberaci\u00f3n sostenida<\/b><\/p>\n<ul>\n<li>Prote\u00edna de suero sin desnaturalizar<\/li>\n<li>Case\u00edna micelar y alb\u00famina de huevo<\/li>\n<li>Prote\u00edna de mejor sabor \u2026 garantizada<\/li>\n<li>P\u00e9ptidos de glutamina<\/li>\n<li>Se mezcla al instante<\/li>\n<\/ul>\n","protected":false},"featured_media":0,"comment_status":"open","ping_status":"closed","template":"","meta":[],"product_brand":[],"product_cat":[357],"product_tag":[56,373],"class_list":{"0":"post-1380","1":"product","2":"type-product","3":"status-publish","5":"product_cat-proteinas-2","6":"product_tag-proteinas","7":"product_tag-syntrax","9":"first","10":"outofstock","11":"shipping-taxable","12":"purchasable","13":"product-type-simple"},"yoast_head":"<!-- This site is optimized with the Yoast SEO plugin v26.8 - https:\/\/yoast.com\/product\/yoast-seo-wordpress\/ -->\n<title>MATRIX VAINILLA 5LB - Team Mutan Ecuador<\/title>\n<meta name=\"description\" content=\"Mezcla de prote\u00ednas de liberaci\u00f3n sostenidaProte\u00edna de suero sin desnaturalizarCase\u00edna micelar y alb\u00famina de huevoProte\u00edna de mejor sabor \u2026 garantizadaP\u00e9ptidos de glutaminaSe mezcla al instante\" \/>\n<meta name=\"robots\" content=\"index, follow, max-snippet:-1, max-image-preview:large, max-video-preview:-1\" \/>\n<link rel=\"canonical\" href=\"https:\/\/teammutantecuador.com\/?product=matrix-vainilla-5lb\" \/>\n<meta property=\"og:locale\" content=\"es_ES\" \/>\n<meta property=\"og:type\" content=\"article\" \/>\n<meta property=\"og:title\" content=\"MATRIX VAINILLA 5LB - Team Mutan Ecuador\" \/>\n<meta property=\"og:description\" content=\"Mezcla de prote\u00ednas de liberaci\u00f3n sostenidaProte\u00edna de suero sin desnaturalizarCase\u00edna micelar y alb\u00famina de huevoProte\u00edna de mejor sabor \u2026 garantizadaP\u00e9ptidos de glutaminaSe mezcla al instante\" \/>\n<meta property=\"og:url\" content=\"https:\/\/teammutantecuador.com\/?product=matrix-vainilla-5lb\" \/>\n<meta property=\"og:site_name\" content=\"Team Mutan Ecuador\" \/>\n<meta property=\"article:modified_time\" content=\"2026-01-17T16:03:49+00:00\" \/>\n<meta name=\"twitter:card\" content=\"summary_large_image\" \/>\n<meta name=\"twitter:label1\" content=\"Tiempo de lectura\" \/>\n\t<meta name=\"twitter:data1\" content=\"2 minutos\" \/>\n<script type=\"application\/ld+json\" class=\"yoast-schema-graph\">{\"@context\":\"https:\/\/schema.org\",\"@graph\":[{\"@type\":\"WebPage\",\"@id\":\"https:\/\/teammutantecuador.com\/?product=matrix-vainilla-5lb\",\"url\":\"https:\/\/teammutantecuador.com\/?product=matrix-vainilla-5lb\",\"name\":\"MATRIX VAINILLA 5LB - Team Mutan Ecuador\",\"isPartOf\":{\"@id\":\"https:\/\/teammutantecuador.com\/#website\"},\"datePublished\":\"2026-01-17T16:03:46+00:00\",\"dateModified\":\"2026-01-17T16:03:49+00:00\",\"description\":\"Mezcla de prote\u00ednas de liberaci\u00f3n sostenidaProte\u00edna de suero sin desnaturalizarCase\u00edna micelar y alb\u00famina de huevoProte\u00edna de mejor sabor \u2026 garantizadaP\u00e9ptidos de glutaminaSe mezcla al instante\",\"breadcrumb\":{\"@id\":\"https:\/\/teammutantecuador.com\/?product=matrix-vainilla-5lb#breadcrumb\"},\"inLanguage\":\"es\",\"potentialAction\":[{\"@type\":\"ReadAction\",\"target\":[\"https:\/\/teammutantecuador.com\/?product=matrix-vainilla-5lb\"]}]},{\"@type\":\"BreadcrumbList\",\"@id\":\"https:\/\/teammutantecuador.com\/?product=matrix-vainilla-5lb#breadcrumb\",\"itemListElement\":[{\"@type\":\"ListItem\",\"position\":1,\"name\":\"Portada\",\"item\":\"https:\/\/teammutantecuador.com\/\"},{\"@type\":\"ListItem\",\"position\":2,\"name\":\"Shop\",\"item\":\"https:\/\/teammutantecuador.com\/?page_id=6\"},{\"@type\":\"ListItem\",\"position\":3,\"name\":\"MATRIX VAINILLA 5LB\"}]},{\"@type\":\"WebSite\",\"@id\":\"https:\/\/teammutantecuador.com\/#website\",\"url\":\"https:\/\/teammutantecuador.com\/\",\"name\":\"Team Mutan Ecuador\",\"description\":\"Just another WordPress site\",\"publisher\":{\"@id\":\"https:\/\/teammutantecuador.com\/#organization\"},\"potentialAction\":[{\"@type\":\"SearchAction\",\"target\":{\"@type\":\"EntryPoint\",\"urlTemplate\":\"https:\/\/teammutantecuador.com\/?s={search_term_string}\"},\"query-input\":{\"@type\":\"PropertyValueSpecification\",\"valueRequired\":true,\"valueName\":\"search_term_string\"}}],\"inLanguage\":\"es\"},{\"@type\":\"Organization\",\"@id\":\"https:\/\/teammutantecuador.com\/#organization\",\"name\":\"Team Mutan Ecuador\",\"url\":\"https:\/\/teammutantecuador.com\/\",\"logo\":{\"@type\":\"ImageObject\",\"inLanguage\":\"es\",\"@id\":\"https:\/\/teammutantecuador.com\/#\/schema\/logo\/image\/\",\"url\":\"https:\/\/teammutantecuador.com\/wp-content\/uploads\/2026\/01\/Diseno-sin-titulo-97.png\",\"contentUrl\":\"https:\/\/teammutantecuador.com\/wp-content\/uploads\/2026\/01\/Diseno-sin-titulo-97.png\",\"width\":500,\"height\":300,\"caption\":\"Team Mutan Ecuador\"},\"image\":{\"@id\":\"https:\/\/teammutantecuador.com\/#\/schema\/logo\/image\/\"}}]}<\/script>\n<!-- \/ Yoast SEO plugin. -->","yoast_head_json":{"title":"MATRIX VAINILLA 5LB - Team Mutan Ecuador","description":"Mezcla de prote\u00ednas de liberaci\u00f3n sostenidaProte\u00edna de suero sin desnaturalizarCase\u00edna micelar y alb\u00famina de huevoProte\u00edna de mejor sabor \u2026 garantizadaP\u00e9ptidos de glutaminaSe mezcla al instante","robots":{"index":"index","follow":"follow","max-snippet":"max-snippet:-1","max-image-preview":"max-image-preview:large","max-video-preview":"max-video-preview:-1"},"canonical":"https:\/\/teammutantecuador.com\/?product=matrix-vainilla-5lb","og_locale":"es_ES","og_type":"article","og_title":"MATRIX VAINILLA 5LB - Team Mutan Ecuador","og_description":"Mezcla de prote\u00ednas de liberaci\u00f3n sostenidaProte\u00edna de suero sin desnaturalizarCase\u00edna micelar y alb\u00famina de huevoProte\u00edna de mejor sabor \u2026 garantizadaP\u00e9ptidos de glutaminaSe mezcla al instante","og_url":"https:\/\/teammutantecuador.com\/?product=matrix-vainilla-5lb","og_site_name":"Team Mutan Ecuador","article_modified_time":"2026-01-17T16:03:49+00:00","twitter_card":"summary_large_image","twitter_misc":{"Tiempo de lectura":"2 minutos"},"schema":{"@context":"https:\/\/schema.org","@graph":[{"@type":"WebPage","@id":"https:\/\/teammutantecuador.com\/?product=matrix-vainilla-5lb","url":"https:\/\/teammutantecuador.com\/?product=matrix-vainilla-5lb","name":"MATRIX VAINILLA 5LB - Team Mutan Ecuador","isPartOf":{"@id":"https:\/\/teammutantecuador.com\/#website"},"datePublished":"2026-01-17T16:03:46+00:00","dateModified":"2026-01-17T16:03:49+00:00","description":"Mezcla de prote\u00ednas de liberaci\u00f3n sostenidaProte\u00edna de suero sin desnaturalizarCase\u00edna micelar y alb\u00famina de huevoProte\u00edna de mejor sabor \u2026 garantizadaP\u00e9ptidos de glutaminaSe mezcla al instante","breadcrumb":{"@id":"https:\/\/teammutantecuador.com\/?product=matrix-vainilla-5lb#breadcrumb"},"inLanguage":"es","potentialAction":[{"@type":"ReadAction","target":["https:\/\/teammutantecuador.com\/?product=matrix-vainilla-5lb"]}]},{"@type":"BreadcrumbList","@id":"https:\/\/teammutantecuador.com\/?product=matrix-vainilla-5lb#breadcrumb","itemListElement":[{"@type":"ListItem","position":1,"name":"Portada","item":"https:\/\/teammutantecuador.com\/"},{"@type":"ListItem","position":2,"name":"Shop","item":"https:\/\/teammutantecuador.com\/?page_id=6"},{"@type":"ListItem","position":3,"name":"MATRIX VAINILLA 5LB"}]},{"@type":"WebSite","@id":"https:\/\/teammutantecuador.com\/#website","url":"https:\/\/teammutantecuador.com\/","name":"Team Mutan Ecuador","description":"Just another WordPress site","publisher":{"@id":"https:\/\/teammutantecuador.com\/#organization"},"potentialAction":[{"@type":"SearchAction","target":{"@type":"EntryPoint","urlTemplate":"https:\/\/teammutantecuador.com\/?s={search_term_string}"},"query-input":{"@type":"PropertyValueSpecification","valueRequired":true,"valueName":"search_term_string"}}],"inLanguage":"es"},{"@type":"Organization","@id":"https:\/\/teammutantecuador.com\/#organization","name":"Team Mutan Ecuador","url":"https:\/\/teammutantecuador.com\/","logo":{"@type":"ImageObject","inLanguage":"es","@id":"https:\/\/teammutantecuador.com\/#\/schema\/logo\/image\/","url":"https:\/\/teammutantecuador.com\/wp-content\/uploads\/2026\/01\/Diseno-sin-titulo-97.png","contentUrl":"https:\/\/teammutantecuador.com\/wp-content\/uploads\/2026\/01\/Diseno-sin-titulo-97.png","width":500,"height":300,"caption":"Team Mutan Ecuador"},"image":{"@id":"https:\/\/teammutantecuador.com\/#\/schema\/logo\/image\/"}}]}},"_links":{"self":[{"href":"https:\/\/teammutantecuador.com\/index.php?rest_route=\/wp\/v2\/product\/1380","targetHints":{"allow":["GET"]}}],"collection":[{"href":"https:\/\/teammutantecuador.com\/index.php?rest_route=\/wp\/v2\/product"}],"about":[{"href":"https:\/\/teammutantecuador.com\/index.php?rest_route=\/wp\/v2\/types\/product"}],"replies":[{"embeddable":true,"href":"https:\/\/teammutantecuador.com\/index.php?rest_route=%2Fwp%2Fv2%2Fcomments&post=1380"}],"wp:attachment":[{"href":"https:\/\/teammutantecuador.com\/index.php?rest_route=%2Fwp%2Fv2%2Fmedia&parent=1380"}],"wp:term":[{"taxonomy":"product_brand","embeddable":true,"href":"https:\/\/teammutantecuador.com\/index.php?rest_route=%2Fwp%2Fv2%2Fproduct_brand&post=1380"},{"taxonomy":"product_cat","embeddable":true,"href":"https:\/\/teammutantecuador.com\/index.php?rest_route=%2Fwp%2Fv2%2Fproduct_cat&post=1380"},{"taxonomy":"product_tag","embeddable":true,"href":"https:\/\/teammutantecuador.com\/index.php?rest_route=%2Fwp%2Fv2%2Fproduct_tag&post=1380"}],"curies":[{"name":"wp","href":"https:\/\/api.w.org\/{rel}","templated":true}]}}