{"id":1375,"date":"2026-01-17T16:03:46","date_gmt":"2026-01-17T16:03:46","guid":{"rendered":"https:\/\/teammutantecuador.com\/?post_type=product&#038;p=1375"},"modified":"2026-01-17T16:03:48","modified_gmt":"2026-01-17T16:03:48","slug":"mutant-mass-chocolate-22lbs","status":"publish","type":"product","link":"https:\/\/teammutantecuador.com\/?product=mutant-mass-chocolate-22lbs","title":{"rendered":"Mutant Mass Chocolate 22LBS"},"content":{"rendered":"<p><b>MUTANT MASS XXXTREME 2500 <\/b>Nuestra \u00faltima creaci\u00f3n est\u00e1 dise\u00f1ada para ganadores duros que buscan agregar un tama\u00f1o serio en serio \u00a1R\u00c1PIDO! Cada porci\u00f3n incluye carbohidratos limpios, alimentos enteros, prote\u00edna de suero 100% pura y \u00e1cidos grasos esenciales (EFA) para un m\u00e1ximo impacto.<\/p>\n<ul>\n<li>2540 calorias<\/li>\n<li>92g whey protein \u2013 no hay fuentes de prote\u00ednas inferiores<\/li>\n<li>38.7g EAAs<\/li>\n<li>20.3g BCAAs<\/li>\n<li>Acidos grasos escenciales (EFAs)<\/li>\n<li>17.3g Glutamina &amp; Glutamic Acid<\/li>\n<li>tama\u00f1o de 22lb<\/li>\n<li>100% locamente delicioso!<\/li>\n<li>POR SERVICIO DE 8 SCOOPS MEZCLADOS CON 1% DE LECHE<\/li>\n<\/ul>\n","protected":false},"excerpt":{"rendered":"<ul>\n<li>2540 calorias<\/li>\n<li>92g whey protein \u2013 no hay fuentes de prote\u00ednas inferiores<\/li>\n<li>38.7g EAAs<\/li>\n<li>20.3g BCAAs<\/li>\n<li>Acidos grasos escenciales (EFAs)<\/li>\n<li>17.3g Glutamina &amp; Glutamic Acid<\/li>\n<li>tama\u00f1o de 22lb<\/li>\n<li>100% locamente delicioso!<\/li>\n<li>POR SERVICIO DE 8 SCOOPS MEZCLADOS CON 1% DE LECHE<\/li>\n<\/ul>\n","protected":false},"featured_media":0,"comment_status":"open","ping_status":"closed","template":"","meta":[],"product_brand":[],"product_cat":[354,363],"product_tag":[61,371,372],"class_list":{"0":"post-1375","1":"product","2":"type-product","3":"status-publish","5":"product_cat-ganadores-de-peso","6":"product_cat-premiun","7":"product_tag-ganador-de-peso","8":"product_tag-mutant","9":"product_tag-mutant-mass","11":"first","12":"instock","13":"sale","14":"shipping-taxable","15":"purchasable","16":"product-type-simple"},"yoast_head":"<!-- This site is optimized with the Yoast SEO plugin v26.8 - https:\/\/yoast.com\/product\/yoast-seo-wordpress\/ -->\n<title>Mutant Mass Chocolate 22LBS - Team Mutan Ecuador<\/title>\n<meta name=\"description\" content=\"MUTANT MASS XXXTREME 2500 Nuestra \u00faltima creaci\u00f3n est\u00e1 dise\u00f1ada para ganadores duros que buscan agregar un tama\u00f1o serio en serio \u00a1R\u00c1PIDO! Cada porci\u00f3n incluye carbohidratos limpios, alimentos enteros, prote\u00edna de suero 100% pura y \u00e1cidos grasos esenciales (EFA) para un m\u00e1ximo impacto.\" \/>\n<meta name=\"robots\" content=\"index, follow, max-snippet:-1, max-image-preview:large, max-video-preview:-1\" \/>\n<link rel=\"canonical\" href=\"https:\/\/teammutantecuador.com\/?product=mutant-mass-chocolate-22lbs\" \/>\n<meta property=\"og:locale\" content=\"es_ES\" \/>\n<meta property=\"og:type\" content=\"article\" \/>\n<meta property=\"og:title\" content=\"Mutant Mass Chocolate 22LBS - Team Mutan Ecuador\" \/>\n<meta property=\"og:description\" content=\"MUTANT MASS XXXTREME 2500 Nuestra \u00faltima creaci\u00f3n est\u00e1 dise\u00f1ada para ganadores duros que buscan agregar un tama\u00f1o serio en serio \u00a1R\u00c1PIDO! Cada porci\u00f3n incluye carbohidratos limpios, alimentos enteros, prote\u00edna de suero 100% pura y \u00e1cidos grasos esenciales (EFA) para un m\u00e1ximo impacto.\" \/>\n<meta property=\"og:url\" content=\"https:\/\/teammutantecuador.com\/?product=mutant-mass-chocolate-22lbs\" \/>\n<meta property=\"og:site_name\" content=\"Team Mutan Ecuador\" \/>\n<meta property=\"article:modified_time\" content=\"2026-01-17T16:03:48+00:00\" \/>\n<meta name=\"twitter:card\" content=\"summary_large_image\" \/>\n<script type=\"application\/ld+json\" class=\"yoast-schema-graph\">{\"@context\":\"https:\/\/schema.org\",\"@graph\":[{\"@type\":\"WebPage\",\"@id\":\"https:\/\/teammutantecuador.com\/?product=mutant-mass-chocolate-22lbs\",\"url\":\"https:\/\/teammutantecuador.com\/?product=mutant-mass-chocolate-22lbs\",\"name\":\"Mutant Mass Chocolate 22LBS - Team Mutan Ecuador\",\"isPartOf\":{\"@id\":\"https:\/\/teammutantecuador.com\/#website\"},\"datePublished\":\"2026-01-17T16:03:46+00:00\",\"dateModified\":\"2026-01-17T16:03:48+00:00\",\"description\":\"MUTANT MASS XXXTREME 2500 Nuestra \u00faltima creaci\u00f3n est\u00e1 dise\u00f1ada para ganadores duros que buscan agregar un tama\u00f1o serio en serio \u00a1R\u00c1PIDO! Cada porci\u00f3n incluye carbohidratos limpios, alimentos enteros, prote\u00edna de suero 100% pura y \u00e1cidos grasos esenciales (EFA) para un m\u00e1ximo impacto.\",\"breadcrumb\":{\"@id\":\"https:\/\/teammutantecuador.com\/?product=mutant-mass-chocolate-22lbs#breadcrumb\"},\"inLanguage\":\"es\",\"potentialAction\":[{\"@type\":\"ReadAction\",\"target\":[\"https:\/\/teammutantecuador.com\/?product=mutant-mass-chocolate-22lbs\"]}]},{\"@type\":\"BreadcrumbList\",\"@id\":\"https:\/\/teammutantecuador.com\/?product=mutant-mass-chocolate-22lbs#breadcrumb\",\"itemListElement\":[{\"@type\":\"ListItem\",\"position\":1,\"name\":\"Portada\",\"item\":\"https:\/\/teammutantecuador.com\/\"},{\"@type\":\"ListItem\",\"position\":2,\"name\":\"Shop\",\"item\":\"https:\/\/teammutantecuador.com\/?page_id=6\"},{\"@type\":\"ListItem\",\"position\":3,\"name\":\"Mutant Mass Chocolate 22LBS\"}]},{\"@type\":\"WebSite\",\"@id\":\"https:\/\/teammutantecuador.com\/#website\",\"url\":\"https:\/\/teammutantecuador.com\/\",\"name\":\"Team Mutan Ecuador\",\"description\":\"Just another WordPress site\",\"publisher\":{\"@id\":\"https:\/\/teammutantecuador.com\/#organization\"},\"potentialAction\":[{\"@type\":\"SearchAction\",\"target\":{\"@type\":\"EntryPoint\",\"urlTemplate\":\"https:\/\/teammutantecuador.com\/?s={search_term_string}\"},\"query-input\":{\"@type\":\"PropertyValueSpecification\",\"valueRequired\":true,\"valueName\":\"search_term_string\"}}],\"inLanguage\":\"es\"},{\"@type\":\"Organization\",\"@id\":\"https:\/\/teammutantecuador.com\/#organization\",\"name\":\"Team Mutan Ecuador\",\"url\":\"https:\/\/teammutantecuador.com\/\",\"logo\":{\"@type\":\"ImageObject\",\"inLanguage\":\"es\",\"@id\":\"https:\/\/teammutantecuador.com\/#\/schema\/logo\/image\/\",\"url\":\"https:\/\/teammutantecuador.com\/wp-content\/uploads\/2026\/01\/Diseno-sin-titulo-97.png\",\"contentUrl\":\"https:\/\/teammutantecuador.com\/wp-content\/uploads\/2026\/01\/Diseno-sin-titulo-97.png\",\"width\":500,\"height\":300,\"caption\":\"Team Mutan Ecuador\"},\"image\":{\"@id\":\"https:\/\/teammutantecuador.com\/#\/schema\/logo\/image\/\"}}]}<\/script>\n<!-- \/ Yoast SEO plugin. -->","yoast_head_json":{"title":"Mutant Mass Chocolate 22LBS - Team Mutan Ecuador","description":"MUTANT MASS XXXTREME 2500 Nuestra \u00faltima creaci\u00f3n est\u00e1 dise\u00f1ada para ganadores duros que buscan agregar un tama\u00f1o serio en serio \u00a1R\u00c1PIDO! Cada porci\u00f3n incluye carbohidratos limpios, alimentos enteros, prote\u00edna de suero 100% pura y \u00e1cidos grasos esenciales (EFA) para un m\u00e1ximo impacto.","robots":{"index":"index","follow":"follow","max-snippet":"max-snippet:-1","max-image-preview":"max-image-preview:large","max-video-preview":"max-video-preview:-1"},"canonical":"https:\/\/teammutantecuador.com\/?product=mutant-mass-chocolate-22lbs","og_locale":"es_ES","og_type":"article","og_title":"Mutant Mass Chocolate 22LBS - Team Mutan Ecuador","og_description":"MUTANT MASS XXXTREME 2500 Nuestra \u00faltima creaci\u00f3n est\u00e1 dise\u00f1ada para ganadores duros que buscan agregar un tama\u00f1o serio en serio \u00a1R\u00c1PIDO! Cada porci\u00f3n incluye carbohidratos limpios, alimentos enteros, prote\u00edna de suero 100% pura y \u00e1cidos grasos esenciales (EFA) para un m\u00e1ximo impacto.","og_url":"https:\/\/teammutantecuador.com\/?product=mutant-mass-chocolate-22lbs","og_site_name":"Team Mutan Ecuador","article_modified_time":"2026-01-17T16:03:48+00:00","twitter_card":"summary_large_image","schema":{"@context":"https:\/\/schema.org","@graph":[{"@type":"WebPage","@id":"https:\/\/teammutantecuador.com\/?product=mutant-mass-chocolate-22lbs","url":"https:\/\/teammutantecuador.com\/?product=mutant-mass-chocolate-22lbs","name":"Mutant Mass Chocolate 22LBS - Team Mutan Ecuador","isPartOf":{"@id":"https:\/\/teammutantecuador.com\/#website"},"datePublished":"2026-01-17T16:03:46+00:00","dateModified":"2026-01-17T16:03:48+00:00","description":"MUTANT MASS XXXTREME 2500 Nuestra \u00faltima creaci\u00f3n est\u00e1 dise\u00f1ada para ganadores duros que buscan agregar un tama\u00f1o serio en serio \u00a1R\u00c1PIDO! Cada porci\u00f3n incluye carbohidratos limpios, alimentos enteros, prote\u00edna de suero 100% pura y \u00e1cidos grasos esenciales (EFA) para un m\u00e1ximo impacto.","breadcrumb":{"@id":"https:\/\/teammutantecuador.com\/?product=mutant-mass-chocolate-22lbs#breadcrumb"},"inLanguage":"es","potentialAction":[{"@type":"ReadAction","target":["https:\/\/teammutantecuador.com\/?product=mutant-mass-chocolate-22lbs"]}]},{"@type":"BreadcrumbList","@id":"https:\/\/teammutantecuador.com\/?product=mutant-mass-chocolate-22lbs#breadcrumb","itemListElement":[{"@type":"ListItem","position":1,"name":"Portada","item":"https:\/\/teammutantecuador.com\/"},{"@type":"ListItem","position":2,"name":"Shop","item":"https:\/\/teammutantecuador.com\/?page_id=6"},{"@type":"ListItem","position":3,"name":"Mutant Mass Chocolate 22LBS"}]},{"@type":"WebSite","@id":"https:\/\/teammutantecuador.com\/#website","url":"https:\/\/teammutantecuador.com\/","name":"Team Mutan Ecuador","description":"Just another WordPress site","publisher":{"@id":"https:\/\/teammutantecuador.com\/#organization"},"potentialAction":[{"@type":"SearchAction","target":{"@type":"EntryPoint","urlTemplate":"https:\/\/teammutantecuador.com\/?s={search_term_string}"},"query-input":{"@type":"PropertyValueSpecification","valueRequired":true,"valueName":"search_term_string"}}],"inLanguage":"es"},{"@type":"Organization","@id":"https:\/\/teammutantecuador.com\/#organization","name":"Team Mutan Ecuador","url":"https:\/\/teammutantecuador.com\/","logo":{"@type":"ImageObject","inLanguage":"es","@id":"https:\/\/teammutantecuador.com\/#\/schema\/logo\/image\/","url":"https:\/\/teammutantecuador.com\/wp-content\/uploads\/2026\/01\/Diseno-sin-titulo-97.png","contentUrl":"https:\/\/teammutantecuador.com\/wp-content\/uploads\/2026\/01\/Diseno-sin-titulo-97.png","width":500,"height":300,"caption":"Team Mutan Ecuador"},"image":{"@id":"https:\/\/teammutantecuador.com\/#\/schema\/logo\/image\/"}}]}},"_links":{"self":[{"href":"https:\/\/teammutantecuador.com\/index.php?rest_route=\/wp\/v2\/product\/1375","targetHints":{"allow":["GET"]}}],"collection":[{"href":"https:\/\/teammutantecuador.com\/index.php?rest_route=\/wp\/v2\/product"}],"about":[{"href":"https:\/\/teammutantecuador.com\/index.php?rest_route=\/wp\/v2\/types\/product"}],"replies":[{"embeddable":true,"href":"https:\/\/teammutantecuador.com\/index.php?rest_route=%2Fwp%2Fv2%2Fcomments&post=1375"}],"wp:attachment":[{"href":"https:\/\/teammutantecuador.com\/index.php?rest_route=%2Fwp%2Fv2%2Fmedia&parent=1375"}],"wp:term":[{"taxonomy":"product_brand","embeddable":true,"href":"https:\/\/teammutantecuador.com\/index.php?rest_route=%2Fwp%2Fv2%2Fproduct_brand&post=1375"},{"taxonomy":"product_cat","embeddable":true,"href":"https:\/\/teammutantecuador.com\/index.php?rest_route=%2Fwp%2Fv2%2Fproduct_cat&post=1375"},{"taxonomy":"product_tag","embeddable":true,"href":"https:\/\/teammutantecuador.com\/index.php?rest_route=%2Fwp%2Fv2%2Fproduct_tag&post=1375"}],"curies":[{"name":"wp","href":"https:\/\/api.w.org\/{rel}","templated":true}]}}