{"id":1366,"date":"2026-01-17T16:03:45","date_gmt":"2026-01-17T16:03:45","guid":{"rendered":"https:\/\/teammutantecuador.com\/?post_type=product&#038;p=1366"},"modified":"2026-01-17T16:03:47","modified_gmt":"2026-01-17T16:03:47","slug":"lipo-6-black-en-polvo-nutrex","status":"publish","type":"product","link":"https:\/\/teammutantecuador.com\/?product=lipo-6-black-en-polvo-nutrex","title":{"rendered":"LIPO 6 BLACK EN POLVO NUTREX"},"content":{"rendered":"<p><strong>Lipo 6 Black<\/strong>&#x2122;\u00a0<strong>Powder\u00a0<\/strong>de\u00a0<strong>Nutrex Research<\/strong>\u00a0dentro de su l\u00ednea m\u00e1s fuerte\u00a0<strong>Black Series<\/strong>\u00a0es una nueva versi\u00f3n del famoso termog\u00e9nico s\u00faperventas en todo el mundo, para muchos el mejor del mercado, ahora en una f\u00f3rmula en polvo con sabor a ponche de frutas para todos aquellos que no quieren tragar pastillas.<\/p>\n<p><strong>Lipo 6 Black<\/strong>&#x2122;\u00a0<strong>Ultra Concentrate\u00a0<\/strong>es un termog\u00e9nico de \u00faltima generaci\u00f3n y extremadamente potente elaborado con los compuestos termog\u00e9nicos de gran potencia que te ayudar\u00e1n a eliminar la grasa que tanto trabajo cuesta deshacer.<\/p>\n<p>Entre sus ingredientes destacan el Picolinato de Cromo, la cafe\u00edna anhidra, la N-Acetil L-Tirosina, el guaran\u00e1, el citrus aurantium, el capsicum Annum, o la piperina.<\/p>\n<p><strong>Lipo 6 Black<\/strong>&#x2122;\u00a0<strong>Ultra Concentrate\u00a0<\/strong>es tan potente que nunca se debe exceder nunca la dosis recomendada.\u00a0<strong>Nutrex\u00a0<\/strong>es una de las marcas m\u00e1s solicitadas y los productos Lipo 6 han sido un \u00e9xito en ventas desde hace a\u00f1os.<\/p>\n","protected":false},"excerpt":{"rendered":"<p><strong>Lipo 6 Black<\/strong>&#x2122;\u00a0<strong>Powder\u00a0<\/strong>de\u00a0<strong>Nutrex Research<\/strong>\u00a0dentro de su l\u00ednea m\u00e1s fuerte\u00a0<strong>Black Series<\/strong>\u00a0es una nueva versi\u00f3n del famoso termog\u00e9nico s\u00faperventas en todo el mundo, para muchos el mejor del mercado, ahora en una f\u00f3rmula en polvo con sabor a ponche de frutas para todos aquellos que no quieren tragar pastillas.<\/p>\n","protected":false},"featured_media":0,"comment_status":"open","ping_status":"closed","template":"","meta":[],"product_brand":[],"product_cat":[63],"product_tag":[50,64],"class_list":{"0":"post-1366","1":"product","2":"type-product","3":"status-publish","5":"product_cat-quemadores-de-grasa","6":"product_tag-nutrex","7":"product_tag-quemador-de-garsa","9":"first","10":"instock","11":"sale","12":"shipping-taxable","13":"purchasable","14":"product-type-simple"},"yoast_head":"<!-- This site is optimized with the Yoast SEO plugin v26.8 - https:\/\/yoast.com\/product\/yoast-seo-wordpress\/ -->\n<title>LIPO 6 BLACK EN POLVO NUTREX - Team Mutan Ecuador<\/title>\n<meta name=\"description\" content=\"Lipo 6 Black\u2122\u00a0Powder\u00a0de\u00a0Nutrex Research\u00a0dentro de su l\u00ednea m\u00e1s fuerte\u00a0Black Series\u00a0es una nueva versi\u00f3n del famoso termog\u00e9nico s\u00faperventas en todo el mundo, para muchos el mejor del mercado, ahora en una f\u00f3rmula en polvo con sabor a ponche de frutas para todos aquellos que no quieren tragar pastillas.\" \/>\n<meta name=\"robots\" content=\"index, follow, max-snippet:-1, max-image-preview:large, max-video-preview:-1\" \/>\n<link rel=\"canonical\" href=\"https:\/\/teammutantecuador.com\/?product=lipo-6-black-en-polvo-nutrex\" \/>\n<meta property=\"og:locale\" content=\"es_ES\" \/>\n<meta property=\"og:type\" content=\"article\" \/>\n<meta property=\"og:title\" content=\"LIPO 6 BLACK EN POLVO NUTREX - Team Mutan Ecuador\" \/>\n<meta property=\"og:description\" content=\"Lipo 6 Black\u2122\u00a0Powder\u00a0de\u00a0Nutrex Research\u00a0dentro de su l\u00ednea m\u00e1s fuerte\u00a0Black Series\u00a0es una nueva versi\u00f3n del famoso termog\u00e9nico s\u00faperventas en todo el mundo, para muchos el mejor del mercado, ahora en una f\u00f3rmula en polvo con sabor a ponche de frutas para todos aquellos que no quieren tragar pastillas.\" \/>\n<meta property=\"og:url\" content=\"https:\/\/teammutantecuador.com\/?product=lipo-6-black-en-polvo-nutrex\" \/>\n<meta property=\"og:site_name\" content=\"Team Mutan Ecuador\" \/>\n<meta property=\"article:modified_time\" content=\"2026-01-17T16:03:47+00:00\" \/>\n<meta name=\"twitter:card\" content=\"summary_large_image\" \/>\n<meta name=\"twitter:label1\" content=\"Tiempo de lectura\" \/>\n\t<meta name=\"twitter:data1\" content=\"1 minuto\" \/>\n<script type=\"application\/ld+json\" class=\"yoast-schema-graph\">{\"@context\":\"https:\/\/schema.org\",\"@graph\":[{\"@type\":\"WebPage\",\"@id\":\"https:\/\/teammutantecuador.com\/?product=lipo-6-black-en-polvo-nutrex\",\"url\":\"https:\/\/teammutantecuador.com\/?product=lipo-6-black-en-polvo-nutrex\",\"name\":\"LIPO 6 BLACK EN POLVO NUTREX - Team Mutan Ecuador\",\"isPartOf\":{\"@id\":\"https:\/\/teammutantecuador.com\/#website\"},\"datePublished\":\"2026-01-17T16:03:45+00:00\",\"dateModified\":\"2026-01-17T16:03:47+00:00\",\"description\":\"Lipo 6 Black\u2122\u00a0Powder\u00a0de\u00a0Nutrex Research\u00a0dentro de su l\u00ednea m\u00e1s fuerte\u00a0Black Series\u00a0es una nueva versi\u00f3n del famoso termog\u00e9nico s\u00faperventas en todo el mundo, para muchos el mejor del mercado, ahora en una f\u00f3rmula en polvo con sabor a ponche de frutas para todos aquellos que no quieren tragar pastillas.\",\"breadcrumb\":{\"@id\":\"https:\/\/teammutantecuador.com\/?product=lipo-6-black-en-polvo-nutrex#breadcrumb\"},\"inLanguage\":\"es\",\"potentialAction\":[{\"@type\":\"ReadAction\",\"target\":[\"https:\/\/teammutantecuador.com\/?product=lipo-6-black-en-polvo-nutrex\"]}]},{\"@type\":\"BreadcrumbList\",\"@id\":\"https:\/\/teammutantecuador.com\/?product=lipo-6-black-en-polvo-nutrex#breadcrumb\",\"itemListElement\":[{\"@type\":\"ListItem\",\"position\":1,\"name\":\"Portada\",\"item\":\"https:\/\/teammutantecuador.com\/\"},{\"@type\":\"ListItem\",\"position\":2,\"name\":\"Shop\",\"item\":\"https:\/\/teammutantecuador.com\/?page_id=6\"},{\"@type\":\"ListItem\",\"position\":3,\"name\":\"LIPO 6 BLACK EN POLVO NUTREX\"}]},{\"@type\":\"WebSite\",\"@id\":\"https:\/\/teammutantecuador.com\/#website\",\"url\":\"https:\/\/teammutantecuador.com\/\",\"name\":\"Team Mutan Ecuador\",\"description\":\"Just another WordPress site\",\"publisher\":{\"@id\":\"https:\/\/teammutantecuador.com\/#organization\"},\"potentialAction\":[{\"@type\":\"SearchAction\",\"target\":{\"@type\":\"EntryPoint\",\"urlTemplate\":\"https:\/\/teammutantecuador.com\/?s={search_term_string}\"},\"query-input\":{\"@type\":\"PropertyValueSpecification\",\"valueRequired\":true,\"valueName\":\"search_term_string\"}}],\"inLanguage\":\"es\"},{\"@type\":\"Organization\",\"@id\":\"https:\/\/teammutantecuador.com\/#organization\",\"name\":\"Team Mutan Ecuador\",\"url\":\"https:\/\/teammutantecuador.com\/\",\"logo\":{\"@type\":\"ImageObject\",\"inLanguage\":\"es\",\"@id\":\"https:\/\/teammutantecuador.com\/#\/schema\/logo\/image\/\",\"url\":\"https:\/\/teammutantecuador.com\/wp-content\/uploads\/2026\/01\/Diseno-sin-titulo-97.png\",\"contentUrl\":\"https:\/\/teammutantecuador.com\/wp-content\/uploads\/2026\/01\/Diseno-sin-titulo-97.png\",\"width\":500,\"height\":300,\"caption\":\"Team Mutan Ecuador\"},\"image\":{\"@id\":\"https:\/\/teammutantecuador.com\/#\/schema\/logo\/image\/\"}}]}<\/script>\n<!-- \/ Yoast SEO plugin. -->","yoast_head_json":{"title":"LIPO 6 BLACK EN POLVO NUTREX - Team Mutan Ecuador","description":"Lipo 6 Black\u2122\u00a0Powder\u00a0de\u00a0Nutrex Research\u00a0dentro de su l\u00ednea m\u00e1s fuerte\u00a0Black Series\u00a0es una nueva versi\u00f3n del famoso termog\u00e9nico s\u00faperventas en todo el mundo, para muchos el mejor del mercado, ahora en una f\u00f3rmula en polvo con sabor a ponche de frutas para todos aquellos que no quieren tragar pastillas.","robots":{"index":"index","follow":"follow","max-snippet":"max-snippet:-1","max-image-preview":"max-image-preview:large","max-video-preview":"max-video-preview:-1"},"canonical":"https:\/\/teammutantecuador.com\/?product=lipo-6-black-en-polvo-nutrex","og_locale":"es_ES","og_type":"article","og_title":"LIPO 6 BLACK EN POLVO NUTREX - Team Mutan Ecuador","og_description":"Lipo 6 Black\u2122\u00a0Powder\u00a0de\u00a0Nutrex Research\u00a0dentro de su l\u00ednea m\u00e1s fuerte\u00a0Black Series\u00a0es una nueva versi\u00f3n del famoso termog\u00e9nico s\u00faperventas en todo el mundo, para muchos el mejor del mercado, ahora en una f\u00f3rmula en polvo con sabor a ponche de frutas para todos aquellos que no quieren tragar pastillas.","og_url":"https:\/\/teammutantecuador.com\/?product=lipo-6-black-en-polvo-nutrex","og_site_name":"Team Mutan Ecuador","article_modified_time":"2026-01-17T16:03:47+00:00","twitter_card":"summary_large_image","twitter_misc":{"Tiempo de lectura":"1 minuto"},"schema":{"@context":"https:\/\/schema.org","@graph":[{"@type":"WebPage","@id":"https:\/\/teammutantecuador.com\/?product=lipo-6-black-en-polvo-nutrex","url":"https:\/\/teammutantecuador.com\/?product=lipo-6-black-en-polvo-nutrex","name":"LIPO 6 BLACK EN POLVO NUTREX - Team Mutan Ecuador","isPartOf":{"@id":"https:\/\/teammutantecuador.com\/#website"},"datePublished":"2026-01-17T16:03:45+00:00","dateModified":"2026-01-17T16:03:47+00:00","description":"Lipo 6 Black\u2122\u00a0Powder\u00a0de\u00a0Nutrex Research\u00a0dentro de su l\u00ednea m\u00e1s fuerte\u00a0Black Series\u00a0es una nueva versi\u00f3n del famoso termog\u00e9nico s\u00faperventas en todo el mundo, para muchos el mejor del mercado, ahora en una f\u00f3rmula en polvo con sabor a ponche de frutas para todos aquellos que no quieren tragar pastillas.","breadcrumb":{"@id":"https:\/\/teammutantecuador.com\/?product=lipo-6-black-en-polvo-nutrex#breadcrumb"},"inLanguage":"es","potentialAction":[{"@type":"ReadAction","target":["https:\/\/teammutantecuador.com\/?product=lipo-6-black-en-polvo-nutrex"]}]},{"@type":"BreadcrumbList","@id":"https:\/\/teammutantecuador.com\/?product=lipo-6-black-en-polvo-nutrex#breadcrumb","itemListElement":[{"@type":"ListItem","position":1,"name":"Portada","item":"https:\/\/teammutantecuador.com\/"},{"@type":"ListItem","position":2,"name":"Shop","item":"https:\/\/teammutantecuador.com\/?page_id=6"},{"@type":"ListItem","position":3,"name":"LIPO 6 BLACK EN POLVO NUTREX"}]},{"@type":"WebSite","@id":"https:\/\/teammutantecuador.com\/#website","url":"https:\/\/teammutantecuador.com\/","name":"Team Mutan Ecuador","description":"Just another WordPress site","publisher":{"@id":"https:\/\/teammutantecuador.com\/#organization"},"potentialAction":[{"@type":"SearchAction","target":{"@type":"EntryPoint","urlTemplate":"https:\/\/teammutantecuador.com\/?s={search_term_string}"},"query-input":{"@type":"PropertyValueSpecification","valueRequired":true,"valueName":"search_term_string"}}],"inLanguage":"es"},{"@type":"Organization","@id":"https:\/\/teammutantecuador.com\/#organization","name":"Team Mutan Ecuador","url":"https:\/\/teammutantecuador.com\/","logo":{"@type":"ImageObject","inLanguage":"es","@id":"https:\/\/teammutantecuador.com\/#\/schema\/logo\/image\/","url":"https:\/\/teammutantecuador.com\/wp-content\/uploads\/2026\/01\/Diseno-sin-titulo-97.png","contentUrl":"https:\/\/teammutantecuador.com\/wp-content\/uploads\/2026\/01\/Diseno-sin-titulo-97.png","width":500,"height":300,"caption":"Team Mutan Ecuador"},"image":{"@id":"https:\/\/teammutantecuador.com\/#\/schema\/logo\/image\/"}}]}},"_links":{"self":[{"href":"https:\/\/teammutantecuador.com\/index.php?rest_route=\/wp\/v2\/product\/1366","targetHints":{"allow":["GET"]}}],"collection":[{"href":"https:\/\/teammutantecuador.com\/index.php?rest_route=\/wp\/v2\/product"}],"about":[{"href":"https:\/\/teammutantecuador.com\/index.php?rest_route=\/wp\/v2\/types\/product"}],"replies":[{"embeddable":true,"href":"https:\/\/teammutantecuador.com\/index.php?rest_route=%2Fwp%2Fv2%2Fcomments&post=1366"}],"wp:attachment":[{"href":"https:\/\/teammutantecuador.com\/index.php?rest_route=%2Fwp%2Fv2%2Fmedia&parent=1366"}],"wp:term":[{"taxonomy":"product_brand","embeddable":true,"href":"https:\/\/teammutantecuador.com\/index.php?rest_route=%2Fwp%2Fv2%2Fproduct_brand&post=1366"},{"taxonomy":"product_cat","embeddable":true,"href":"https:\/\/teammutantecuador.com\/index.php?rest_route=%2Fwp%2Fv2%2Fproduct_cat&post=1366"},{"taxonomy":"product_tag","embeddable":true,"href":"https:\/\/teammutantecuador.com\/index.php?rest_route=%2Fwp%2Fv2%2Fproduct_tag&post=1366"}],"curies":[{"name":"wp","href":"https:\/\/api.w.org\/{rel}","templated":true}]}}