{"id":1363,"date":"2026-01-17T16:03:45","date_gmt":"2026-01-17T16:03:45","guid":{"rendered":"https:\/\/teammutantecuador.com\/?post_type=product&#038;p=1363"},"modified":"2026-01-17T16:03:47","modified_gmt":"2026-01-17T16:03:47","slug":"lipo-6-cla-180","status":"publish","type":"product","link":"https:\/\/teammutantecuador.com\/?product=lipo-6-cla-180","title":{"rendered":"LIPO 6   CLA 180"},"content":{"rendered":"<p><strong>Lipo 6 CLA de Nutrex es el suplemento ideal de p\u00e9rdida de peso y definici\u00f3n pues mantiene activo el metabolismo activo y favorece la quema de grasas mientras ayuda a mantener la masa muscular.<\/strong><\/p>\n<p>F\u00f3rmula pura de CLA natural libre de estimulantes. Previene el catabolismo muscular. Contiene \u00e1cidos grasos de alta calidad procedentes del aceite de c\u00e1rtamo. Ideal para los deportistas en dieta hipocal\u00f3rica.<\/p>\n<p><strong>Lipo 6 CLA de Nutrex<\/strong>ayuda a perder peso quemando la grasa de tu cuerpo y transform\u00e1ndola en energ\u00eda, aumenta la masa muscular limpia y promueve la p\u00e9rdida de volumen abdominal gracias al aceite de c\u00e1rtamo. El CLA reduce la grasa que se acumula despu\u00e9s de las comidas y reduce la cantidad de grasa almacenada en el cuerpo.<\/p>\n<p>Este componente de la f\u00f3rmula inhibe la lipasa, una enzima que descompone la grasa de la alimentaci\u00f3n para que sea absorbida por el cuerpo. De esta forma, suprimiendo la lipasa, el CLA puede reducir la cantidad de grasa acumulada en el cuerpo.<\/p>\n<p>Lipo 6 CLA no contiene estimulantes y no causa efectos secundarios. El producto se presenta en forma de c\u00e1psulas l\u00edquidas para una mejor y m\u00e1s r\u00e1pida absorci\u00f3n.<\/p>\n<p>Esta f\u00f3rmula contiene puro \u00e1cido linoleico CLA extra\u00eddo del aceite de c\u00e1rtamo, conocido por su eficacia en la reducci\u00f3n de la grasa abdominal. El aceite de c\u00e1rtamo contiene fitosteroles, los cuales pueden reducir el riesgo de enfermedades cardiovasculares. Reducen el colesterol, la resistencia a la insulina, asociada con la grasa abdominal.<\/p>\n<p>&nbsp;<\/p>\n","protected":false},"excerpt":{"rendered":"<p><strong>Lipo 6 CLA de Nutrex es el suplemento ideal de p\u00e9rdida de peso y definici\u00f3n pues mantiene activo el metabolismo activo y favorece la quema de grasas mientras ayuda a mantener la masa muscular.<\/strong><\/p>\n<p>F\u00f3rmula pura de CLA natural libre de estimulantes. Previene el catabolismo muscular. Contiene \u00e1cidos grasos de alta calidad procedentes del aceite de c\u00e1rtamo. Ideal para los deportistas en dieta hipocal\u00f3rica.<\/p>\n","protected":false},"featured_media":0,"comment_status":"open","ping_status":"closed","template":"","meta":[],"product_brand":[],"product_cat":[63],"product_tag":[50,64],"class_list":{"0":"post-1363","1":"product","2":"type-product","3":"status-publish","5":"product_cat-quemadores-de-grasa","6":"product_tag-nutrex","7":"product_tag-quemador-de-garsa","9":"first","10":"instock","11":"shipping-taxable","12":"purchasable","13":"product-type-simple"},"yoast_head":"<!-- This site is optimized with the Yoast SEO plugin v26.8 - https:\/\/yoast.com\/product\/yoast-seo-wordpress\/ -->\n<title>LIPO 6  CLA 180 - Team Mutan Ecuador<\/title>\n<meta name=\"description\" content=\"Lipo 6 CLA de Nutrex es el suplemento ideal de p\u00e9rdida de peso y definici\u00f3n pues mantiene activo el metabolismo activo y favorece la quema de grasas mientras ayuda a mantener la masa muscular.F\u00f3rmula pura de CLA natural libre de estimulantes. Previene el catabolismo muscular. Contiene \u00e1cidos grasos de alta calidad procedentes del aceite de c\u00e1rtamo. Ideal para los deportistas en dieta hipocal\u00f3rica.\" \/>\n<meta name=\"robots\" content=\"index, follow, max-snippet:-1, max-image-preview:large, max-video-preview:-1\" \/>\n<link rel=\"canonical\" href=\"https:\/\/teammutantecuador.com\/?product=lipo-6-cla-180\" \/>\n<meta property=\"og:locale\" content=\"es_ES\" \/>\n<meta property=\"og:type\" content=\"article\" \/>\n<meta property=\"og:title\" content=\"LIPO 6  CLA 180 - Team Mutan Ecuador\" \/>\n<meta property=\"og:description\" content=\"Lipo 6 CLA de Nutrex es el suplemento ideal de p\u00e9rdida de peso y definici\u00f3n pues mantiene activo el metabolismo activo y favorece la quema de grasas mientras ayuda a mantener la masa muscular.F\u00f3rmula pura de CLA natural libre de estimulantes. Previene el catabolismo muscular. Contiene \u00e1cidos grasos de alta calidad procedentes del aceite de c\u00e1rtamo. Ideal para los deportistas en dieta hipocal\u00f3rica.\" \/>\n<meta property=\"og:url\" content=\"https:\/\/teammutantecuador.com\/?product=lipo-6-cla-180\" \/>\n<meta property=\"og:site_name\" content=\"Team Mutan Ecuador\" \/>\n<meta property=\"article:modified_time\" content=\"2026-01-17T16:03:47+00:00\" \/>\n<meta name=\"twitter:card\" content=\"summary_large_image\" \/>\n<meta name=\"twitter:label1\" content=\"Tiempo de lectura\" \/>\n\t<meta name=\"twitter:data1\" content=\"1 minuto\" \/>\n<script type=\"application\/ld+json\" class=\"yoast-schema-graph\">{\"@context\":\"https:\/\/schema.org\",\"@graph\":[{\"@type\":\"WebPage\",\"@id\":\"https:\/\/teammutantecuador.com\/?product=lipo-6-cla-180\",\"url\":\"https:\/\/teammutantecuador.com\/?product=lipo-6-cla-180\",\"name\":\"LIPO 6 CLA 180 - Team Mutan Ecuador\",\"isPartOf\":{\"@id\":\"https:\/\/teammutantecuador.com\/#website\"},\"datePublished\":\"2026-01-17T16:03:45+00:00\",\"dateModified\":\"2026-01-17T16:03:47+00:00\",\"description\":\"Lipo 6 CLA de Nutrex es el suplemento ideal de p\u00e9rdida de peso y definici\u00f3n pues mantiene activo el metabolismo activo y favorece la quema de grasas mientras ayuda a mantener la masa muscular.F\u00f3rmula pura de CLA natural libre de estimulantes. Previene el catabolismo muscular. Contiene \u00e1cidos grasos de alta calidad procedentes del aceite de c\u00e1rtamo. Ideal para los deportistas en dieta hipocal\u00f3rica.\",\"breadcrumb\":{\"@id\":\"https:\/\/teammutantecuador.com\/?product=lipo-6-cla-180#breadcrumb\"},\"inLanguage\":\"es\",\"potentialAction\":[{\"@type\":\"ReadAction\",\"target\":[\"https:\/\/teammutantecuador.com\/?product=lipo-6-cla-180\"]}]},{\"@type\":\"BreadcrumbList\",\"@id\":\"https:\/\/teammutantecuador.com\/?product=lipo-6-cla-180#breadcrumb\",\"itemListElement\":[{\"@type\":\"ListItem\",\"position\":1,\"name\":\"Portada\",\"item\":\"https:\/\/teammutantecuador.com\/\"},{\"@type\":\"ListItem\",\"position\":2,\"name\":\"Shop\",\"item\":\"https:\/\/teammutantecuador.com\/?page_id=6\"},{\"@type\":\"ListItem\",\"position\":3,\"name\":\"LIPO 6 CLA 180\"}]},{\"@type\":\"WebSite\",\"@id\":\"https:\/\/teammutantecuador.com\/#website\",\"url\":\"https:\/\/teammutantecuador.com\/\",\"name\":\"Team Mutan Ecuador\",\"description\":\"Just another WordPress site\",\"publisher\":{\"@id\":\"https:\/\/teammutantecuador.com\/#organization\"},\"potentialAction\":[{\"@type\":\"SearchAction\",\"target\":{\"@type\":\"EntryPoint\",\"urlTemplate\":\"https:\/\/teammutantecuador.com\/?s={search_term_string}\"},\"query-input\":{\"@type\":\"PropertyValueSpecification\",\"valueRequired\":true,\"valueName\":\"search_term_string\"}}],\"inLanguage\":\"es\"},{\"@type\":\"Organization\",\"@id\":\"https:\/\/teammutantecuador.com\/#organization\",\"name\":\"Team Mutan Ecuador\",\"url\":\"https:\/\/teammutantecuador.com\/\",\"logo\":{\"@type\":\"ImageObject\",\"inLanguage\":\"es\",\"@id\":\"https:\/\/teammutantecuador.com\/#\/schema\/logo\/image\/\",\"url\":\"https:\/\/teammutantecuador.com\/wp-content\/uploads\/2026\/01\/Diseno-sin-titulo-97.png\",\"contentUrl\":\"https:\/\/teammutantecuador.com\/wp-content\/uploads\/2026\/01\/Diseno-sin-titulo-97.png\",\"width\":500,\"height\":300,\"caption\":\"Team Mutan Ecuador\"},\"image\":{\"@id\":\"https:\/\/teammutantecuador.com\/#\/schema\/logo\/image\/\"}}]}<\/script>\n<!-- \/ Yoast SEO plugin. -->","yoast_head_json":{"title":"LIPO 6  CLA 180 - Team Mutan Ecuador","description":"Lipo 6 CLA de Nutrex es el suplemento ideal de p\u00e9rdida de peso y definici\u00f3n pues mantiene activo el metabolismo activo y favorece la quema de grasas mientras ayuda a mantener la masa muscular.F\u00f3rmula pura de CLA natural libre de estimulantes. Previene el catabolismo muscular. Contiene \u00e1cidos grasos de alta calidad procedentes del aceite de c\u00e1rtamo. Ideal para los deportistas en dieta hipocal\u00f3rica.","robots":{"index":"index","follow":"follow","max-snippet":"max-snippet:-1","max-image-preview":"max-image-preview:large","max-video-preview":"max-video-preview:-1"},"canonical":"https:\/\/teammutantecuador.com\/?product=lipo-6-cla-180","og_locale":"es_ES","og_type":"article","og_title":"LIPO 6  CLA 180 - Team Mutan Ecuador","og_description":"Lipo 6 CLA de Nutrex es el suplemento ideal de p\u00e9rdida de peso y definici\u00f3n pues mantiene activo el metabolismo activo y favorece la quema de grasas mientras ayuda a mantener la masa muscular.F\u00f3rmula pura de CLA natural libre de estimulantes. Previene el catabolismo muscular. Contiene \u00e1cidos grasos de alta calidad procedentes del aceite de c\u00e1rtamo. Ideal para los deportistas en dieta hipocal\u00f3rica.","og_url":"https:\/\/teammutantecuador.com\/?product=lipo-6-cla-180","og_site_name":"Team Mutan Ecuador","article_modified_time":"2026-01-17T16:03:47+00:00","twitter_card":"summary_large_image","twitter_misc":{"Tiempo de lectura":"1 minuto"},"schema":{"@context":"https:\/\/schema.org","@graph":[{"@type":"WebPage","@id":"https:\/\/teammutantecuador.com\/?product=lipo-6-cla-180","url":"https:\/\/teammutantecuador.com\/?product=lipo-6-cla-180","name":"LIPO 6 CLA 180 - Team Mutan Ecuador","isPartOf":{"@id":"https:\/\/teammutantecuador.com\/#website"},"datePublished":"2026-01-17T16:03:45+00:00","dateModified":"2026-01-17T16:03:47+00:00","description":"Lipo 6 CLA de Nutrex es el suplemento ideal de p\u00e9rdida de peso y definici\u00f3n pues mantiene activo el metabolismo activo y favorece la quema de grasas mientras ayuda a mantener la masa muscular.F\u00f3rmula pura de CLA natural libre de estimulantes. Previene el catabolismo muscular. Contiene \u00e1cidos grasos de alta calidad procedentes del aceite de c\u00e1rtamo. Ideal para los deportistas en dieta hipocal\u00f3rica.","breadcrumb":{"@id":"https:\/\/teammutantecuador.com\/?product=lipo-6-cla-180#breadcrumb"},"inLanguage":"es","potentialAction":[{"@type":"ReadAction","target":["https:\/\/teammutantecuador.com\/?product=lipo-6-cla-180"]}]},{"@type":"BreadcrumbList","@id":"https:\/\/teammutantecuador.com\/?product=lipo-6-cla-180#breadcrumb","itemListElement":[{"@type":"ListItem","position":1,"name":"Portada","item":"https:\/\/teammutantecuador.com\/"},{"@type":"ListItem","position":2,"name":"Shop","item":"https:\/\/teammutantecuador.com\/?page_id=6"},{"@type":"ListItem","position":3,"name":"LIPO 6 CLA 180"}]},{"@type":"WebSite","@id":"https:\/\/teammutantecuador.com\/#website","url":"https:\/\/teammutantecuador.com\/","name":"Team Mutan Ecuador","description":"Just another WordPress site","publisher":{"@id":"https:\/\/teammutantecuador.com\/#organization"},"potentialAction":[{"@type":"SearchAction","target":{"@type":"EntryPoint","urlTemplate":"https:\/\/teammutantecuador.com\/?s={search_term_string}"},"query-input":{"@type":"PropertyValueSpecification","valueRequired":true,"valueName":"search_term_string"}}],"inLanguage":"es"},{"@type":"Organization","@id":"https:\/\/teammutantecuador.com\/#organization","name":"Team Mutan Ecuador","url":"https:\/\/teammutantecuador.com\/","logo":{"@type":"ImageObject","inLanguage":"es","@id":"https:\/\/teammutantecuador.com\/#\/schema\/logo\/image\/","url":"https:\/\/teammutantecuador.com\/wp-content\/uploads\/2026\/01\/Diseno-sin-titulo-97.png","contentUrl":"https:\/\/teammutantecuador.com\/wp-content\/uploads\/2026\/01\/Diseno-sin-titulo-97.png","width":500,"height":300,"caption":"Team Mutan Ecuador"},"image":{"@id":"https:\/\/teammutantecuador.com\/#\/schema\/logo\/image\/"}}]}},"_links":{"self":[{"href":"https:\/\/teammutantecuador.com\/index.php?rest_route=\/wp\/v2\/product\/1363","targetHints":{"allow":["GET"]}}],"collection":[{"href":"https:\/\/teammutantecuador.com\/index.php?rest_route=\/wp\/v2\/product"}],"about":[{"href":"https:\/\/teammutantecuador.com\/index.php?rest_route=\/wp\/v2\/types\/product"}],"replies":[{"embeddable":true,"href":"https:\/\/teammutantecuador.com\/index.php?rest_route=%2Fwp%2Fv2%2Fcomments&post=1363"}],"wp:attachment":[{"href":"https:\/\/teammutantecuador.com\/index.php?rest_route=%2Fwp%2Fv2%2Fmedia&parent=1363"}],"wp:term":[{"taxonomy":"product_brand","embeddable":true,"href":"https:\/\/teammutantecuador.com\/index.php?rest_route=%2Fwp%2Fv2%2Fproduct_brand&post=1363"},{"taxonomy":"product_cat","embeddable":true,"href":"https:\/\/teammutantecuador.com\/index.php?rest_route=%2Fwp%2Fv2%2Fproduct_cat&post=1363"},{"taxonomy":"product_tag","embeddable":true,"href":"https:\/\/teammutantecuador.com\/index.php?rest_route=%2Fwp%2Fv2%2Fproduct_tag&post=1363"}],"curies":[{"name":"wp","href":"https:\/\/api.w.org\/{rel}","templated":true}]}}