{"id":1362,"date":"2026-01-17T16:03:45","date_gmt":"2026-01-17T16:03:45","guid":{"rendered":"https:\/\/teammutantecuador.com\/?post_type=product&#038;p=1362"},"modified":"2026-01-17T16:03:46","modified_gmt":"2026-01-17T16:03:46","slug":"lava-universal-2-75-grs","status":"publish","type":"product","link":"https:\/\/teammutantecuador.com\/?product=lava-universal-2-75-grs","title":{"rendered":"LAVA UNIVERSAL 2.75 GRS"},"content":{"rendered":"<p>Incluye 32g de nuestra exclusiva f\u00f3rmula de GlycoCarbs, adem\u00e1s de 32g de prote\u00edna de suero ultrafiltrada. LAVA tambi\u00e9n est\u00e1 potenciada con 5500 mg de creatina monohidratada, 2500 mg de glutamina, m\u00e1s de 1000 mg de L-taurina y vitaminas clave, minerales, electrolitos y cofactores de fosfato tales como picolinato de calcio,vitaminas C y E, potasio, magnesio y f\u00f3sforo.<\/p>\n<p>Restablece los dep\u00f3sitos de gluc\u00f3geno<br \/>\nAcelera la s\u00edntesis proteica<br \/>\nDisminuye la degradaci\u00f3n de prote\u00ednas<br \/>\nMejora la recuperaci\u00f3n<br \/>\nFavorece el anabolismo<br \/>\nMaximiza la masa magra<br \/>\nAumenta el rendimiento<br \/>\nCon glutamina y creatina<\/p>\n","protected":false},"excerpt":{"rendered":"<p>Incluye 32g de nuestra exclusiva f\u00f3rmula de GlycoCarbs, adem\u00e1s de 32g de prote\u00edna de suero ultrafiltrada. LAVA tambi\u00e9n est\u00e1 potenciada con 5500 mg de creatina monohidratada, 2500 mg de glutamina, m\u00e1s de 1000 mg de L-taurina y vitaminas clave, minerales, electrolitos y cofactores de fosfato tales como picolinato de calcio,vitaminas C y E, potasio, magnesio y f\u00f3sforo.<\/p>\n","protected":false},"featured_media":0,"comment_status":"open","ping_status":"closed","template":"","meta":[],"product_brand":[],"product_cat":[357],"product_tag":[356],"class_list":{"0":"post-1362","1":"product","2":"type-product","3":"status-publish","5":"product_cat-proteinas-2","6":"product_tag-universal-nutrition","8":"first","9":"outofstock","10":"shipping-taxable","11":"purchasable","12":"product-type-simple"},"yoast_head":"<!-- This site is optimized with the Yoast SEO plugin v26.8 - https:\/\/yoast.com\/product\/yoast-seo-wordpress\/ -->\n<title>LAVA UNIVERSAL 2.75 GRS - Team Mutan Ecuador<\/title>\n<meta name=\"description\" content=\"Incluye 32g de nuestra exclusiva f\u00f3rmula de GlycoCarbs, adem\u00e1s de 32g de prote\u00edna de suero ultrafiltrada. LAVA tambi\u00e9n est\u00e1 potenciada con 5500 mg de creatina monohidratada, 2500 mg de glutamina, m\u00e1s de 1000 mg de L-taurina y vitaminas clave, minerales, electrolitos y cofactores de fosfato tales como picolinato de calcio,vitaminas C y E, potasio, magnesio y f\u00f3sforo.\" \/>\n<meta name=\"robots\" content=\"index, follow, max-snippet:-1, max-image-preview:large, max-video-preview:-1\" \/>\n<link rel=\"canonical\" href=\"https:\/\/teammutantecuador.com\/?product=lava-universal-2-75-grs\" \/>\n<meta property=\"og:locale\" content=\"es_ES\" \/>\n<meta property=\"og:type\" content=\"article\" \/>\n<meta property=\"og:title\" content=\"LAVA UNIVERSAL 2.75 GRS - Team Mutan Ecuador\" \/>\n<meta property=\"og:description\" content=\"Incluye 32g de nuestra exclusiva f\u00f3rmula de GlycoCarbs, adem\u00e1s de 32g de prote\u00edna de suero ultrafiltrada. LAVA tambi\u00e9n est\u00e1 potenciada con 5500 mg de creatina monohidratada, 2500 mg de glutamina, m\u00e1s de 1000 mg de L-taurina y vitaminas clave, minerales, electrolitos y cofactores de fosfato tales como picolinato de calcio,vitaminas C y E, potasio, magnesio y f\u00f3sforo.\" \/>\n<meta property=\"og:url\" content=\"https:\/\/teammutantecuador.com\/?product=lava-universal-2-75-grs\" \/>\n<meta property=\"og:site_name\" content=\"Team Mutan Ecuador\" \/>\n<meta property=\"article:modified_time\" content=\"2026-01-17T16:03:46+00:00\" \/>\n<meta name=\"twitter:card\" content=\"summary_large_image\" \/>\n<script type=\"application\/ld+json\" class=\"yoast-schema-graph\">{\"@context\":\"https:\/\/schema.org\",\"@graph\":[{\"@type\":\"WebPage\",\"@id\":\"https:\/\/teammutantecuador.com\/?product=lava-universal-2-75-grs\",\"url\":\"https:\/\/teammutantecuador.com\/?product=lava-universal-2-75-grs\",\"name\":\"LAVA UNIVERSAL 2.75 GRS - Team Mutan Ecuador\",\"isPartOf\":{\"@id\":\"https:\/\/teammutantecuador.com\/#website\"},\"datePublished\":\"2026-01-17T16:03:45+00:00\",\"dateModified\":\"2026-01-17T16:03:46+00:00\",\"description\":\"Incluye 32g de nuestra exclusiva f\u00f3rmula de GlycoCarbs, adem\u00e1s de 32g de prote\u00edna de suero ultrafiltrada. LAVA tambi\u00e9n est\u00e1 potenciada con 5500 mg de creatina monohidratada, 2500 mg de glutamina, m\u00e1s de 1000 mg de L-taurina y vitaminas clave, minerales, electrolitos y cofactores de fosfato tales como picolinato de calcio,vitaminas C y E, potasio, magnesio y f\u00f3sforo.\",\"breadcrumb\":{\"@id\":\"https:\/\/teammutantecuador.com\/?product=lava-universal-2-75-grs#breadcrumb\"},\"inLanguage\":\"es\",\"potentialAction\":[{\"@type\":\"ReadAction\",\"target\":[\"https:\/\/teammutantecuador.com\/?product=lava-universal-2-75-grs\"]}]},{\"@type\":\"BreadcrumbList\",\"@id\":\"https:\/\/teammutantecuador.com\/?product=lava-universal-2-75-grs#breadcrumb\",\"itemListElement\":[{\"@type\":\"ListItem\",\"position\":1,\"name\":\"Portada\",\"item\":\"https:\/\/teammutantecuador.com\/\"},{\"@type\":\"ListItem\",\"position\":2,\"name\":\"Shop\",\"item\":\"https:\/\/teammutantecuador.com\/?page_id=6\"},{\"@type\":\"ListItem\",\"position\":3,\"name\":\"LAVA UNIVERSAL 2.75 GRS\"}]},{\"@type\":\"WebSite\",\"@id\":\"https:\/\/teammutantecuador.com\/#website\",\"url\":\"https:\/\/teammutantecuador.com\/\",\"name\":\"Team Mutan Ecuador\",\"description\":\"Just another WordPress site\",\"publisher\":{\"@id\":\"https:\/\/teammutantecuador.com\/#organization\"},\"potentialAction\":[{\"@type\":\"SearchAction\",\"target\":{\"@type\":\"EntryPoint\",\"urlTemplate\":\"https:\/\/teammutantecuador.com\/?s={search_term_string}\"},\"query-input\":{\"@type\":\"PropertyValueSpecification\",\"valueRequired\":true,\"valueName\":\"search_term_string\"}}],\"inLanguage\":\"es\"},{\"@type\":\"Organization\",\"@id\":\"https:\/\/teammutantecuador.com\/#organization\",\"name\":\"Team Mutan Ecuador\",\"url\":\"https:\/\/teammutantecuador.com\/\",\"logo\":{\"@type\":\"ImageObject\",\"inLanguage\":\"es\",\"@id\":\"https:\/\/teammutantecuador.com\/#\/schema\/logo\/image\/\",\"url\":\"https:\/\/teammutantecuador.com\/wp-content\/uploads\/2026\/01\/Diseno-sin-titulo-97.png\",\"contentUrl\":\"https:\/\/teammutantecuador.com\/wp-content\/uploads\/2026\/01\/Diseno-sin-titulo-97.png\",\"width\":500,\"height\":300,\"caption\":\"Team Mutan Ecuador\"},\"image\":{\"@id\":\"https:\/\/teammutantecuador.com\/#\/schema\/logo\/image\/\"}}]}<\/script>\n<!-- \/ Yoast SEO plugin. -->","yoast_head_json":{"title":"LAVA UNIVERSAL 2.75 GRS - Team Mutan Ecuador","description":"Incluye 32g de nuestra exclusiva f\u00f3rmula de GlycoCarbs, adem\u00e1s de 32g de prote\u00edna de suero ultrafiltrada. LAVA tambi\u00e9n est\u00e1 potenciada con 5500 mg de creatina monohidratada, 2500 mg de glutamina, m\u00e1s de 1000 mg de L-taurina y vitaminas clave, minerales, electrolitos y cofactores de fosfato tales como picolinato de calcio,vitaminas C y E, potasio, magnesio y f\u00f3sforo.","robots":{"index":"index","follow":"follow","max-snippet":"max-snippet:-1","max-image-preview":"max-image-preview:large","max-video-preview":"max-video-preview:-1"},"canonical":"https:\/\/teammutantecuador.com\/?product=lava-universal-2-75-grs","og_locale":"es_ES","og_type":"article","og_title":"LAVA UNIVERSAL 2.75 GRS - Team Mutan Ecuador","og_description":"Incluye 32g de nuestra exclusiva f\u00f3rmula de GlycoCarbs, adem\u00e1s de 32g de prote\u00edna de suero ultrafiltrada. LAVA tambi\u00e9n est\u00e1 potenciada con 5500 mg de creatina monohidratada, 2500 mg de glutamina, m\u00e1s de 1000 mg de L-taurina y vitaminas clave, minerales, electrolitos y cofactores de fosfato tales como picolinato de calcio,vitaminas C y E, potasio, magnesio y f\u00f3sforo.","og_url":"https:\/\/teammutantecuador.com\/?product=lava-universal-2-75-grs","og_site_name":"Team Mutan Ecuador","article_modified_time":"2026-01-17T16:03:46+00:00","twitter_card":"summary_large_image","schema":{"@context":"https:\/\/schema.org","@graph":[{"@type":"WebPage","@id":"https:\/\/teammutantecuador.com\/?product=lava-universal-2-75-grs","url":"https:\/\/teammutantecuador.com\/?product=lava-universal-2-75-grs","name":"LAVA UNIVERSAL 2.75 GRS - Team Mutan Ecuador","isPartOf":{"@id":"https:\/\/teammutantecuador.com\/#website"},"datePublished":"2026-01-17T16:03:45+00:00","dateModified":"2026-01-17T16:03:46+00:00","description":"Incluye 32g de nuestra exclusiva f\u00f3rmula de GlycoCarbs, adem\u00e1s de 32g de prote\u00edna de suero ultrafiltrada. LAVA tambi\u00e9n est\u00e1 potenciada con 5500 mg de creatina monohidratada, 2500 mg de glutamina, m\u00e1s de 1000 mg de L-taurina y vitaminas clave, minerales, electrolitos y cofactores de fosfato tales como picolinato de calcio,vitaminas C y E, potasio, magnesio y f\u00f3sforo.","breadcrumb":{"@id":"https:\/\/teammutantecuador.com\/?product=lava-universal-2-75-grs#breadcrumb"},"inLanguage":"es","potentialAction":[{"@type":"ReadAction","target":["https:\/\/teammutantecuador.com\/?product=lava-universal-2-75-grs"]}]},{"@type":"BreadcrumbList","@id":"https:\/\/teammutantecuador.com\/?product=lava-universal-2-75-grs#breadcrumb","itemListElement":[{"@type":"ListItem","position":1,"name":"Portada","item":"https:\/\/teammutantecuador.com\/"},{"@type":"ListItem","position":2,"name":"Shop","item":"https:\/\/teammutantecuador.com\/?page_id=6"},{"@type":"ListItem","position":3,"name":"LAVA UNIVERSAL 2.75 GRS"}]},{"@type":"WebSite","@id":"https:\/\/teammutantecuador.com\/#website","url":"https:\/\/teammutantecuador.com\/","name":"Team Mutan Ecuador","description":"Just another WordPress site","publisher":{"@id":"https:\/\/teammutantecuador.com\/#organization"},"potentialAction":[{"@type":"SearchAction","target":{"@type":"EntryPoint","urlTemplate":"https:\/\/teammutantecuador.com\/?s={search_term_string}"},"query-input":{"@type":"PropertyValueSpecification","valueRequired":true,"valueName":"search_term_string"}}],"inLanguage":"es"},{"@type":"Organization","@id":"https:\/\/teammutantecuador.com\/#organization","name":"Team Mutan Ecuador","url":"https:\/\/teammutantecuador.com\/","logo":{"@type":"ImageObject","inLanguage":"es","@id":"https:\/\/teammutantecuador.com\/#\/schema\/logo\/image\/","url":"https:\/\/teammutantecuador.com\/wp-content\/uploads\/2026\/01\/Diseno-sin-titulo-97.png","contentUrl":"https:\/\/teammutantecuador.com\/wp-content\/uploads\/2026\/01\/Diseno-sin-titulo-97.png","width":500,"height":300,"caption":"Team Mutan Ecuador"},"image":{"@id":"https:\/\/teammutantecuador.com\/#\/schema\/logo\/image\/"}}]}},"_links":{"self":[{"href":"https:\/\/teammutantecuador.com\/index.php?rest_route=\/wp\/v2\/product\/1362","targetHints":{"allow":["GET"]}}],"collection":[{"href":"https:\/\/teammutantecuador.com\/index.php?rest_route=\/wp\/v2\/product"}],"about":[{"href":"https:\/\/teammutantecuador.com\/index.php?rest_route=\/wp\/v2\/types\/product"}],"replies":[{"embeddable":true,"href":"https:\/\/teammutantecuador.com\/index.php?rest_route=%2Fwp%2Fv2%2Fcomments&post=1362"}],"wp:attachment":[{"href":"https:\/\/teammutantecuador.com\/index.php?rest_route=%2Fwp%2Fv2%2Fmedia&parent=1362"}],"wp:term":[{"taxonomy":"product_brand","embeddable":true,"href":"https:\/\/teammutantecuador.com\/index.php?rest_route=%2Fwp%2Fv2%2Fproduct_brand&post=1362"},{"taxonomy":"product_cat","embeddable":true,"href":"https:\/\/teammutantecuador.com\/index.php?rest_route=%2Fwp%2Fv2%2Fproduct_cat&post=1362"},{"taxonomy":"product_tag","embeddable":true,"href":"https:\/\/teammutantecuador.com\/index.php?rest_route=%2Fwp%2Fv2%2Fproduct_tag&post=1362"}],"curies":[{"name":"wp","href":"https:\/\/api.w.org\/{rel}","templated":true}]}}