{"id":1357,"date":"2026-01-17T16:03:41","date_gmt":"2026-01-17T16:03:41","guid":{"rendered":"https:\/\/teammutantecuador.com\/?post_type=product&#038;p=1357"},"modified":"2026-01-17T16:03:44","modified_gmt":"2026-01-17T16:03:44","slug":"king-mass-ronnie-coleman-20lbs-vainilla-ice-cream","status":"publish","type":"product","link":"https:\/\/teammutantecuador.com\/?product=king-mass-ronnie-coleman-20lbs-vainilla-ice-cream","title":{"rendered":"KING MASS RONNIE COLEMAN 20LBS VAINILLA ICE CREAM"},"content":{"rendered":"<p>Hacer subir la b\u00e1scula consiste en tomar m\u00e1s CALOR\u00cdAS de las que quema, pero tambi\u00e9n es importante obtener el tipo de calor\u00edas CORRECTO . KING MASS XL\u00ae te ofrece 1000 CALOR\u00cdAS ACELERADORAS DE CRECIMIENTO por porci\u00f3n que proporcionan 60 g de prote\u00edna de calidad, 180 g de carbohidratos (solo 25 az\u00facares) y grasas saludables. *<\/p>\n<p>Obtener todas las CALOR\u00cdAS de calidad que necesita en un batido sin poder soltarlo simplemente no lo corta. El sistema de sabor KING MASS XL\u00ae brinda un sabor MILKSHAKE con capacidad de mezcla sin interrupciones cada vez que se golpea el batido con un TREAT no con un CHORE .<\/p>\n<p>Para que sus m\u00fasculos crezcan, es necesario que les suministre suficiente PROTE\u00cdNA para hacer el trabajo. KING MASS XL\u00ae contiene una cantidad masiva de 60G de prote\u00edna por porci\u00f3n.<\/p>\n<p>\u00a1En tu b\u00fasqueda de MASA DE GRAN ALCANCE llegar\u00e1s a la plancha como una BESTIA! Eso significa que necesitar\u00e1 la RECUPERACI\u00d3N DE KING-SIZED . Al inundar tus m\u00fasculos con la prote\u00edna y los carbohidratos en KING MASS XL\u00ae, podr\u00e1s soportar el almacenamiento y la recuperaci\u00f3n de GLIC\u00d3GENO prepar\u00e1ndote para tu pr\u00f3ximo entrenamiento brutal.<\/p>\n","protected":false},"excerpt":{"rendered":"<p>Hacer subir la b\u00e1scula consiste en tomar m\u00e1s CALOR\u00cdAS de las que quema, pero tambi\u00e9n es importante obtener el tipo de calor\u00edas CORRECTO . KING MASS XL\u00ae te ofrece 1000 CALOR\u00cdAS ACELERADORAS DE CRECIMIENTO por porci\u00f3n que proporcionan 60 g de prote\u00edna de calidad, 180 g de carbohidratos (solo 25 az\u00facares) y grasas saludables.<\/p>\n","protected":false},"featured_media":0,"comment_status":"open","ping_status":"closed","template":"","meta":[],"product_brand":[],"product_cat":[354],"product_tag":[61,65],"class_list":{"0":"post-1357","1":"product","2":"type-product","3":"status-publish","5":"product_cat-ganadores-de-peso","6":"product_tag-ganador-de-peso","7":"product_tag-ronnie-coleman","9":"first","10":"instock","11":"sale","12":"shipping-taxable","13":"purchasable","14":"product-type-simple"},"yoast_head":"<!-- This site is optimized with the Yoast SEO plugin v26.8 - https:\/\/yoast.com\/product\/yoast-seo-wordpress\/ -->\n<title>KING MASS RONNIE COLEMAN 20LBS VAINILLA ICE CREAM - Team Mutan Ecuador<\/title>\n<meta name=\"description\" content=\"Hacer subir la b\u00e1scula consiste en tomar m\u00e1s CALOR\u00cdAS de las que quema, pero tambi\u00e9n es importante obtener el tipo de calor\u00edas CORRECTO . KING MASS XL\u00ae te ofrece 1000 CALOR\u00cdAS ACELERADORAS DE CRECIMIENTO por porci\u00f3n que proporcionan 60 g de prote\u00edna de calidad, 180 g de carbohidratos (solo 25 az\u00facares) y grasas saludables.\" \/>\n<meta name=\"robots\" content=\"index, follow, max-snippet:-1, max-image-preview:large, max-video-preview:-1\" \/>\n<link rel=\"canonical\" href=\"https:\/\/teammutantecuador.com\/?product=king-mass-ronnie-coleman-20lbs-vainilla-ice-cream\" \/>\n<meta property=\"og:locale\" content=\"es_ES\" \/>\n<meta property=\"og:type\" content=\"article\" \/>\n<meta property=\"og:title\" content=\"KING MASS RONNIE COLEMAN 20LBS VAINILLA ICE CREAM - Team Mutan Ecuador\" \/>\n<meta property=\"og:description\" content=\"Hacer subir la b\u00e1scula consiste en tomar m\u00e1s CALOR\u00cdAS de las que quema, pero tambi\u00e9n es importante obtener el tipo de calor\u00edas CORRECTO . KING MASS XL\u00ae te ofrece 1000 CALOR\u00cdAS ACELERADORAS DE CRECIMIENTO por porci\u00f3n que proporcionan 60 g de prote\u00edna de calidad, 180 g de carbohidratos (solo 25 az\u00facares) y grasas saludables.\" \/>\n<meta property=\"og:url\" content=\"https:\/\/teammutantecuador.com\/?product=king-mass-ronnie-coleman-20lbs-vainilla-ice-cream\" \/>\n<meta property=\"og:site_name\" content=\"Team Mutan Ecuador\" \/>\n<meta property=\"article:modified_time\" content=\"2026-01-17T16:03:44+00:00\" \/>\n<meta name=\"twitter:card\" content=\"summary_large_image\" \/>\n<meta name=\"twitter:label1\" content=\"Tiempo de lectura\" \/>\n\t<meta name=\"twitter:data1\" content=\"1 minuto\" \/>\n<script type=\"application\/ld+json\" class=\"yoast-schema-graph\">{\"@context\":\"https:\/\/schema.org\",\"@graph\":[{\"@type\":\"WebPage\",\"@id\":\"https:\/\/teammutantecuador.com\/?product=king-mass-ronnie-coleman-20lbs-vainilla-ice-cream\",\"url\":\"https:\/\/teammutantecuador.com\/?product=king-mass-ronnie-coleman-20lbs-vainilla-ice-cream\",\"name\":\"KING MASS RONNIE COLEMAN 20LBS VAINILLA ICE CREAM - Team Mutan Ecuador\",\"isPartOf\":{\"@id\":\"https:\/\/teammutantecuador.com\/#website\"},\"datePublished\":\"2026-01-17T16:03:41+00:00\",\"dateModified\":\"2026-01-17T16:03:44+00:00\",\"description\":\"Hacer subir la b\u00e1scula consiste en tomar m\u00e1s CALOR\u00cdAS de las que quema, pero tambi\u00e9n es importante obtener el tipo de calor\u00edas CORRECTO . KING MASS XL\u00ae te ofrece 1000 CALOR\u00cdAS ACELERADORAS DE CRECIMIENTO por porci\u00f3n que proporcionan 60 g de prote\u00edna de calidad, 180 g de carbohidratos (solo 25 az\u00facares) y grasas saludables.\",\"breadcrumb\":{\"@id\":\"https:\/\/teammutantecuador.com\/?product=king-mass-ronnie-coleman-20lbs-vainilla-ice-cream#breadcrumb\"},\"inLanguage\":\"es\",\"potentialAction\":[{\"@type\":\"ReadAction\",\"target\":[\"https:\/\/teammutantecuador.com\/?product=king-mass-ronnie-coleman-20lbs-vainilla-ice-cream\"]}]},{\"@type\":\"BreadcrumbList\",\"@id\":\"https:\/\/teammutantecuador.com\/?product=king-mass-ronnie-coleman-20lbs-vainilla-ice-cream#breadcrumb\",\"itemListElement\":[{\"@type\":\"ListItem\",\"position\":1,\"name\":\"Portada\",\"item\":\"https:\/\/teammutantecuador.com\/\"},{\"@type\":\"ListItem\",\"position\":2,\"name\":\"Shop\",\"item\":\"https:\/\/teammutantecuador.com\/?page_id=6\"},{\"@type\":\"ListItem\",\"position\":3,\"name\":\"KING MASS RONNIE COLEMAN 20LBS VAINILLA ICE CREAM\"}]},{\"@type\":\"WebSite\",\"@id\":\"https:\/\/teammutantecuador.com\/#website\",\"url\":\"https:\/\/teammutantecuador.com\/\",\"name\":\"Team Mutan Ecuador\",\"description\":\"Just another WordPress site\",\"publisher\":{\"@id\":\"https:\/\/teammutantecuador.com\/#organization\"},\"potentialAction\":[{\"@type\":\"SearchAction\",\"target\":{\"@type\":\"EntryPoint\",\"urlTemplate\":\"https:\/\/teammutantecuador.com\/?s={search_term_string}\"},\"query-input\":{\"@type\":\"PropertyValueSpecification\",\"valueRequired\":true,\"valueName\":\"search_term_string\"}}],\"inLanguage\":\"es\"},{\"@type\":\"Organization\",\"@id\":\"https:\/\/teammutantecuador.com\/#organization\",\"name\":\"Team Mutan Ecuador\",\"url\":\"https:\/\/teammutantecuador.com\/\",\"logo\":{\"@type\":\"ImageObject\",\"inLanguage\":\"es\",\"@id\":\"https:\/\/teammutantecuador.com\/#\/schema\/logo\/image\/\",\"url\":\"https:\/\/teammutantecuador.com\/wp-content\/uploads\/2026\/01\/Diseno-sin-titulo-97.png\",\"contentUrl\":\"https:\/\/teammutantecuador.com\/wp-content\/uploads\/2026\/01\/Diseno-sin-titulo-97.png\",\"width\":500,\"height\":300,\"caption\":\"Team Mutan Ecuador\"},\"image\":{\"@id\":\"https:\/\/teammutantecuador.com\/#\/schema\/logo\/image\/\"}}]}<\/script>\n<!-- \/ Yoast SEO plugin. -->","yoast_head_json":{"title":"KING MASS RONNIE COLEMAN 20LBS VAINILLA ICE CREAM - Team Mutan Ecuador","description":"Hacer subir la b\u00e1scula consiste en tomar m\u00e1s CALOR\u00cdAS de las que quema, pero tambi\u00e9n es importante obtener el tipo de calor\u00edas CORRECTO . KING MASS XL\u00ae te ofrece 1000 CALOR\u00cdAS ACELERADORAS DE CRECIMIENTO por porci\u00f3n que proporcionan 60 g de prote\u00edna de calidad, 180 g de carbohidratos (solo 25 az\u00facares) y grasas saludables.","robots":{"index":"index","follow":"follow","max-snippet":"max-snippet:-1","max-image-preview":"max-image-preview:large","max-video-preview":"max-video-preview:-1"},"canonical":"https:\/\/teammutantecuador.com\/?product=king-mass-ronnie-coleman-20lbs-vainilla-ice-cream","og_locale":"es_ES","og_type":"article","og_title":"KING MASS RONNIE COLEMAN 20LBS VAINILLA ICE CREAM - Team Mutan Ecuador","og_description":"Hacer subir la b\u00e1scula consiste en tomar m\u00e1s CALOR\u00cdAS de las que quema, pero tambi\u00e9n es importante obtener el tipo de calor\u00edas CORRECTO . KING MASS XL\u00ae te ofrece 1000 CALOR\u00cdAS ACELERADORAS DE CRECIMIENTO por porci\u00f3n que proporcionan 60 g de prote\u00edna de calidad, 180 g de carbohidratos (solo 25 az\u00facares) y grasas saludables.","og_url":"https:\/\/teammutantecuador.com\/?product=king-mass-ronnie-coleman-20lbs-vainilla-ice-cream","og_site_name":"Team Mutan Ecuador","article_modified_time":"2026-01-17T16:03:44+00:00","twitter_card":"summary_large_image","twitter_misc":{"Tiempo de lectura":"1 minuto"},"schema":{"@context":"https:\/\/schema.org","@graph":[{"@type":"WebPage","@id":"https:\/\/teammutantecuador.com\/?product=king-mass-ronnie-coleman-20lbs-vainilla-ice-cream","url":"https:\/\/teammutantecuador.com\/?product=king-mass-ronnie-coleman-20lbs-vainilla-ice-cream","name":"KING MASS RONNIE COLEMAN 20LBS VAINILLA ICE CREAM - Team Mutan Ecuador","isPartOf":{"@id":"https:\/\/teammutantecuador.com\/#website"},"datePublished":"2026-01-17T16:03:41+00:00","dateModified":"2026-01-17T16:03:44+00:00","description":"Hacer subir la b\u00e1scula consiste en tomar m\u00e1s CALOR\u00cdAS de las que quema, pero tambi\u00e9n es importante obtener el tipo de calor\u00edas CORRECTO . KING MASS XL\u00ae te ofrece 1000 CALOR\u00cdAS ACELERADORAS DE CRECIMIENTO por porci\u00f3n que proporcionan 60 g de prote\u00edna de calidad, 180 g de carbohidratos (solo 25 az\u00facares) y grasas saludables.","breadcrumb":{"@id":"https:\/\/teammutantecuador.com\/?product=king-mass-ronnie-coleman-20lbs-vainilla-ice-cream#breadcrumb"},"inLanguage":"es","potentialAction":[{"@type":"ReadAction","target":["https:\/\/teammutantecuador.com\/?product=king-mass-ronnie-coleman-20lbs-vainilla-ice-cream"]}]},{"@type":"BreadcrumbList","@id":"https:\/\/teammutantecuador.com\/?product=king-mass-ronnie-coleman-20lbs-vainilla-ice-cream#breadcrumb","itemListElement":[{"@type":"ListItem","position":1,"name":"Portada","item":"https:\/\/teammutantecuador.com\/"},{"@type":"ListItem","position":2,"name":"Shop","item":"https:\/\/teammutantecuador.com\/?page_id=6"},{"@type":"ListItem","position":3,"name":"KING MASS RONNIE COLEMAN 20LBS VAINILLA ICE CREAM"}]},{"@type":"WebSite","@id":"https:\/\/teammutantecuador.com\/#website","url":"https:\/\/teammutantecuador.com\/","name":"Team Mutan Ecuador","description":"Just another WordPress site","publisher":{"@id":"https:\/\/teammutantecuador.com\/#organization"},"potentialAction":[{"@type":"SearchAction","target":{"@type":"EntryPoint","urlTemplate":"https:\/\/teammutantecuador.com\/?s={search_term_string}"},"query-input":{"@type":"PropertyValueSpecification","valueRequired":true,"valueName":"search_term_string"}}],"inLanguage":"es"},{"@type":"Organization","@id":"https:\/\/teammutantecuador.com\/#organization","name":"Team Mutan Ecuador","url":"https:\/\/teammutantecuador.com\/","logo":{"@type":"ImageObject","inLanguage":"es","@id":"https:\/\/teammutantecuador.com\/#\/schema\/logo\/image\/","url":"https:\/\/teammutantecuador.com\/wp-content\/uploads\/2026\/01\/Diseno-sin-titulo-97.png","contentUrl":"https:\/\/teammutantecuador.com\/wp-content\/uploads\/2026\/01\/Diseno-sin-titulo-97.png","width":500,"height":300,"caption":"Team Mutan Ecuador"},"image":{"@id":"https:\/\/teammutantecuador.com\/#\/schema\/logo\/image\/"}}]}},"_links":{"self":[{"href":"https:\/\/teammutantecuador.com\/index.php?rest_route=\/wp\/v2\/product\/1357","targetHints":{"allow":["GET"]}}],"collection":[{"href":"https:\/\/teammutantecuador.com\/index.php?rest_route=\/wp\/v2\/product"}],"about":[{"href":"https:\/\/teammutantecuador.com\/index.php?rest_route=\/wp\/v2\/types\/product"}],"replies":[{"embeddable":true,"href":"https:\/\/teammutantecuador.com\/index.php?rest_route=%2Fwp%2Fv2%2Fcomments&post=1357"}],"wp:attachment":[{"href":"https:\/\/teammutantecuador.com\/index.php?rest_route=%2Fwp%2Fv2%2Fmedia&parent=1357"}],"wp:term":[{"taxonomy":"product_brand","embeddable":true,"href":"https:\/\/teammutantecuador.com\/index.php?rest_route=%2Fwp%2Fv2%2Fproduct_brand&post=1357"},{"taxonomy":"product_cat","embeddable":true,"href":"https:\/\/teammutantecuador.com\/index.php?rest_route=%2Fwp%2Fv2%2Fproduct_cat&post=1357"},{"taxonomy":"product_tag","embeddable":true,"href":"https:\/\/teammutantecuador.com\/index.php?rest_route=%2Fwp%2Fv2%2Fproduct_tag&post=1357"}],"curies":[{"name":"wp","href":"https:\/\/api.w.org\/{rel}","templated":true}]}}