{"id":1349,"date":"2026-01-17T16:03:41","date_gmt":"2026-01-17T16:03:41","guid":{"rendered":"https:\/\/teammutantecuador.com\/?post_type=product&#038;p=1349"},"modified":"2026-01-17T16:03:43","modified_gmt":"2026-01-17T16:03:43","slug":"isofit-banana-y-vainilla-5lb","status":"publish","type":"product","link":"https:\/\/teammutantecuador.com\/?product=isofit-banana-y-vainilla-5lb","title":{"rendered":"ISOFIT BANANA Y VAINILLA 5LB"},"content":{"rendered":"<p>ISOFIT es nuestro aislado de prote\u00edna de suero m\u00e1s puro. Es una digesti\u00f3n y absorci\u00f3n ultrarr\u00e1pidas para el mejorar soporte de recuperaci\u00f3n y construccion muscular despu\u00e9s de un entrenamiento intenso o en cualquier momento del d\u00eda. Cada porci\u00f3n de ISOFIT est\u00e1 repleta de amino\u00e1cidos esenciales (EAA), incluidos los amino\u00e1cidos de cadena ramificada (BCAA), que ayudan a optimizar la s\u00edntesis de prote\u00ednas musculares para una fuerza superior y ganancias musculares superiores importantes. No se conforme con menos de ISOFIT \u00abultra-limpio\u00bb, hecho con polvo de aceite MCT y fibra de inulina de agave org\u00e1nico en lugar de agentes espesantes inflamatorios inferiores. Adem\u00e1s, nuestros deliciosos sabores gourmet sin igual y nuestra f\u00e1cil mezcla hacen que cada cucharada de ISOFIT sea una verdadera experiencia de degustaci\u00f3n.<\/p>\n","protected":false},"excerpt":{"rendered":"<p>25G DE PROTE\u00cdNA DE AISLAMIENTO DE SUERO INSTANTIZADA POR PORCI\u00d3N<br \/>\nENVASADO CON 5.9G BCAAS Y 12.2G EAAS<br \/>\nSIN LACTOSA Y SIN GLUTEN<br \/>\nGUSTO DE GOURMET DELICIOSO<br \/>\nNO AMINO SPIKING<\/p>\n","protected":false},"featured_media":0,"comment_status":"open","ping_status":"closed","template":"","meta":[],"product_brand":[],"product_cat":[357],"product_tag":[50,56],"class_list":{"0":"post-1349","1":"product","2":"type-product","3":"status-publish","5":"product_cat-proteinas-2","6":"product_tag-nutrex","7":"product_tag-proteinas","9":"first","10":"instock","11":"sale","12":"shipping-taxable","13":"purchasable","14":"product-type-simple"},"yoast_head":"<!-- This site is optimized with the Yoast SEO plugin v26.8 - https:\/\/yoast.com\/product\/yoast-seo-wordpress\/ -->\n<title>ISOFIT BANANA Y VAINILLA 5LB - Team Mutan Ecuador<\/title>\n<meta name=\"description\" content=\"ISOFIT es nuestro aislado de prote\u00edna de suero m\u00e1s puro. Es una digesti\u00f3n y absorci\u00f3n ultrarr\u00e1pidas para el mejorar soporte de recuperaci\u00f3n y construccion muscular despu\u00e9s de un entrenamiento intenso o en cualquier momento del d\u00eda. Cada porci\u00f3n de ISOFIT est\u00e1 repleta de amino\u00e1cidos esenciales (EAA), incluidos los amino\u00e1cidos de cadena ramificada (BCAA), que ayudan a optimizar la s\u00edntesis de prote\u00ednas musculares para una fuerza superior y ganancias musculares superiores importantes. No se conforme con menos de ISOFIT &quot;ultra-limpio&quot;, hecho con polvo de aceite MCT y fibra de inulina de agave org\u00e1nico en lugar de agentes espesantes inflamatorios inferiores. Adem\u00e1s, nuestros deliciosos sabores gourmet sin igual y nuestra f\u00e1cil mezcla hacen que cada cucharada de ISOFIT sea una verdadera experiencia de degustaci\u00f3n.\" \/>\n<meta name=\"robots\" content=\"index, follow, max-snippet:-1, max-image-preview:large, max-video-preview:-1\" \/>\n<link rel=\"canonical\" href=\"https:\/\/teammutantecuador.com\/?product=isofit-banana-y-vainilla-5lb\" \/>\n<meta property=\"og:locale\" content=\"es_ES\" \/>\n<meta property=\"og:type\" content=\"article\" \/>\n<meta property=\"og:title\" content=\"ISOFIT BANANA Y VAINILLA 5LB - Team Mutan Ecuador\" \/>\n<meta property=\"og:description\" content=\"ISOFIT es nuestro aislado de prote\u00edna de suero m\u00e1s puro. Es una digesti\u00f3n y absorci\u00f3n ultrarr\u00e1pidas para el mejorar soporte de recuperaci\u00f3n y construccion muscular despu\u00e9s de un entrenamiento intenso o en cualquier momento del d\u00eda. Cada porci\u00f3n de ISOFIT est\u00e1 repleta de amino\u00e1cidos esenciales (EAA), incluidos los amino\u00e1cidos de cadena ramificada (BCAA), que ayudan a optimizar la s\u00edntesis de prote\u00ednas musculares para una fuerza superior y ganancias musculares superiores importantes. No se conforme con menos de ISOFIT &quot;ultra-limpio&quot;, hecho con polvo de aceite MCT y fibra de inulina de agave org\u00e1nico en lugar de agentes espesantes inflamatorios inferiores. Adem\u00e1s, nuestros deliciosos sabores gourmet sin igual y nuestra f\u00e1cil mezcla hacen que cada cucharada de ISOFIT sea una verdadera experiencia de degustaci\u00f3n.\" \/>\n<meta property=\"og:url\" content=\"https:\/\/teammutantecuador.com\/?product=isofit-banana-y-vainilla-5lb\" \/>\n<meta property=\"og:site_name\" content=\"Team Mutan Ecuador\" \/>\n<meta property=\"article:modified_time\" content=\"2026-01-17T16:03:43+00:00\" \/>\n<meta name=\"twitter:card\" content=\"summary_large_image\" \/>\n<meta name=\"twitter:label1\" content=\"Tiempo de lectura\" \/>\n\t<meta name=\"twitter:data1\" content=\"1 minuto\" \/>\n<script type=\"application\/ld+json\" class=\"yoast-schema-graph\">{\"@context\":\"https:\/\/schema.org\",\"@graph\":[{\"@type\":\"WebPage\",\"@id\":\"https:\/\/teammutantecuador.com\/?product=isofit-banana-y-vainilla-5lb\",\"url\":\"https:\/\/teammutantecuador.com\/?product=isofit-banana-y-vainilla-5lb\",\"name\":\"ISOFIT BANANA Y VAINILLA 5LB - Team Mutan Ecuador\",\"isPartOf\":{\"@id\":\"https:\/\/teammutantecuador.com\/#website\"},\"datePublished\":\"2026-01-17T16:03:41+00:00\",\"dateModified\":\"2026-01-17T16:03:43+00:00\",\"description\":\"ISOFIT es nuestro aislado de prote\u00edna de suero m\u00e1s puro. Es una digesti\u00f3n y absorci\u00f3n ultrarr\u00e1pidas para el mejorar soporte de recuperaci\u00f3n y construccion muscular despu\u00e9s de un entrenamiento intenso o en cualquier momento del d\u00eda. Cada porci\u00f3n de ISOFIT est\u00e1 repleta de amino\u00e1cidos esenciales (EAA), incluidos los amino\u00e1cidos de cadena ramificada (BCAA), que ayudan a optimizar la s\u00edntesis de prote\u00ednas musculares para una fuerza superior y ganancias musculares superiores importantes. No se conforme con menos de ISOFIT \\\"ultra-limpio\\\", hecho con polvo de aceite MCT y fibra de inulina de agave org\u00e1nico en lugar de agentes espesantes inflamatorios inferiores. Adem\u00e1s, nuestros deliciosos sabores gourmet sin igual y nuestra f\u00e1cil mezcla hacen que cada cucharada de ISOFIT sea una verdadera experiencia de degustaci\u00f3n.\",\"breadcrumb\":{\"@id\":\"https:\/\/teammutantecuador.com\/?product=isofit-banana-y-vainilla-5lb#breadcrumb\"},\"inLanguage\":\"es\",\"potentialAction\":[{\"@type\":\"ReadAction\",\"target\":[\"https:\/\/teammutantecuador.com\/?product=isofit-banana-y-vainilla-5lb\"]}]},{\"@type\":\"BreadcrumbList\",\"@id\":\"https:\/\/teammutantecuador.com\/?product=isofit-banana-y-vainilla-5lb#breadcrumb\",\"itemListElement\":[{\"@type\":\"ListItem\",\"position\":1,\"name\":\"Portada\",\"item\":\"https:\/\/teammutantecuador.com\/\"},{\"@type\":\"ListItem\",\"position\":2,\"name\":\"Shop\",\"item\":\"https:\/\/teammutantecuador.com\/?page_id=6\"},{\"@type\":\"ListItem\",\"position\":3,\"name\":\"ISOFIT BANANA Y VAINILLA 5LB\"}]},{\"@type\":\"WebSite\",\"@id\":\"https:\/\/teammutantecuador.com\/#website\",\"url\":\"https:\/\/teammutantecuador.com\/\",\"name\":\"Team Mutan Ecuador\",\"description\":\"Just another WordPress site\",\"publisher\":{\"@id\":\"https:\/\/teammutantecuador.com\/#organization\"},\"potentialAction\":[{\"@type\":\"SearchAction\",\"target\":{\"@type\":\"EntryPoint\",\"urlTemplate\":\"https:\/\/teammutantecuador.com\/?s={search_term_string}\"},\"query-input\":{\"@type\":\"PropertyValueSpecification\",\"valueRequired\":true,\"valueName\":\"search_term_string\"}}],\"inLanguage\":\"es\"},{\"@type\":\"Organization\",\"@id\":\"https:\/\/teammutantecuador.com\/#organization\",\"name\":\"Team Mutan Ecuador\",\"url\":\"https:\/\/teammutantecuador.com\/\",\"logo\":{\"@type\":\"ImageObject\",\"inLanguage\":\"es\",\"@id\":\"https:\/\/teammutantecuador.com\/#\/schema\/logo\/image\/\",\"url\":\"https:\/\/teammutantecuador.com\/wp-content\/uploads\/2026\/01\/Diseno-sin-titulo-97.png\",\"contentUrl\":\"https:\/\/teammutantecuador.com\/wp-content\/uploads\/2026\/01\/Diseno-sin-titulo-97.png\",\"width\":500,\"height\":300,\"caption\":\"Team Mutan Ecuador\"},\"image\":{\"@id\":\"https:\/\/teammutantecuador.com\/#\/schema\/logo\/image\/\"}}]}<\/script>\n<!-- \/ Yoast SEO plugin. -->","yoast_head_json":{"title":"ISOFIT BANANA Y VAINILLA 5LB - Team Mutan Ecuador","description":"ISOFIT es nuestro aislado de prote\u00edna de suero m\u00e1s puro. Es una digesti\u00f3n y absorci\u00f3n ultrarr\u00e1pidas para el mejorar soporte de recuperaci\u00f3n y construccion muscular despu\u00e9s de un entrenamiento intenso o en cualquier momento del d\u00eda. Cada porci\u00f3n de ISOFIT est\u00e1 repleta de amino\u00e1cidos esenciales (EAA), incluidos los amino\u00e1cidos de cadena ramificada (BCAA), que ayudan a optimizar la s\u00edntesis de prote\u00ednas musculares para una fuerza superior y ganancias musculares superiores importantes. No se conforme con menos de ISOFIT \"ultra-limpio\", hecho con polvo de aceite MCT y fibra de inulina de agave org\u00e1nico en lugar de agentes espesantes inflamatorios inferiores. Adem\u00e1s, nuestros deliciosos sabores gourmet sin igual y nuestra f\u00e1cil mezcla hacen que cada cucharada de ISOFIT sea una verdadera experiencia de degustaci\u00f3n.","robots":{"index":"index","follow":"follow","max-snippet":"max-snippet:-1","max-image-preview":"max-image-preview:large","max-video-preview":"max-video-preview:-1"},"canonical":"https:\/\/teammutantecuador.com\/?product=isofit-banana-y-vainilla-5lb","og_locale":"es_ES","og_type":"article","og_title":"ISOFIT BANANA Y VAINILLA 5LB - Team Mutan Ecuador","og_description":"ISOFIT es nuestro aislado de prote\u00edna de suero m\u00e1s puro. Es una digesti\u00f3n y absorci\u00f3n ultrarr\u00e1pidas para el mejorar soporte de recuperaci\u00f3n y construccion muscular despu\u00e9s de un entrenamiento intenso o en cualquier momento del d\u00eda. Cada porci\u00f3n de ISOFIT est\u00e1 repleta de amino\u00e1cidos esenciales (EAA), incluidos los amino\u00e1cidos de cadena ramificada (BCAA), que ayudan a optimizar la s\u00edntesis de prote\u00ednas musculares para una fuerza superior y ganancias musculares superiores importantes. No se conforme con menos de ISOFIT \"ultra-limpio\", hecho con polvo de aceite MCT y fibra de inulina de agave org\u00e1nico en lugar de agentes espesantes inflamatorios inferiores. Adem\u00e1s, nuestros deliciosos sabores gourmet sin igual y nuestra f\u00e1cil mezcla hacen que cada cucharada de ISOFIT sea una verdadera experiencia de degustaci\u00f3n.","og_url":"https:\/\/teammutantecuador.com\/?product=isofit-banana-y-vainilla-5lb","og_site_name":"Team Mutan Ecuador","article_modified_time":"2026-01-17T16:03:43+00:00","twitter_card":"summary_large_image","twitter_misc":{"Tiempo de lectura":"1 minuto"},"schema":{"@context":"https:\/\/schema.org","@graph":[{"@type":"WebPage","@id":"https:\/\/teammutantecuador.com\/?product=isofit-banana-y-vainilla-5lb","url":"https:\/\/teammutantecuador.com\/?product=isofit-banana-y-vainilla-5lb","name":"ISOFIT BANANA Y VAINILLA 5LB - Team Mutan Ecuador","isPartOf":{"@id":"https:\/\/teammutantecuador.com\/#website"},"datePublished":"2026-01-17T16:03:41+00:00","dateModified":"2026-01-17T16:03:43+00:00","description":"ISOFIT es nuestro aislado de prote\u00edna de suero m\u00e1s puro. Es una digesti\u00f3n y absorci\u00f3n ultrarr\u00e1pidas para el mejorar soporte de recuperaci\u00f3n y construccion muscular despu\u00e9s de un entrenamiento intenso o en cualquier momento del d\u00eda. Cada porci\u00f3n de ISOFIT est\u00e1 repleta de amino\u00e1cidos esenciales (EAA), incluidos los amino\u00e1cidos de cadena ramificada (BCAA), que ayudan a optimizar la s\u00edntesis de prote\u00ednas musculares para una fuerza superior y ganancias musculares superiores importantes. No se conforme con menos de ISOFIT \"ultra-limpio\", hecho con polvo de aceite MCT y fibra de inulina de agave org\u00e1nico en lugar de agentes espesantes inflamatorios inferiores. Adem\u00e1s, nuestros deliciosos sabores gourmet sin igual y nuestra f\u00e1cil mezcla hacen que cada cucharada de ISOFIT sea una verdadera experiencia de degustaci\u00f3n.","breadcrumb":{"@id":"https:\/\/teammutantecuador.com\/?product=isofit-banana-y-vainilla-5lb#breadcrumb"},"inLanguage":"es","potentialAction":[{"@type":"ReadAction","target":["https:\/\/teammutantecuador.com\/?product=isofit-banana-y-vainilla-5lb"]}]},{"@type":"BreadcrumbList","@id":"https:\/\/teammutantecuador.com\/?product=isofit-banana-y-vainilla-5lb#breadcrumb","itemListElement":[{"@type":"ListItem","position":1,"name":"Portada","item":"https:\/\/teammutantecuador.com\/"},{"@type":"ListItem","position":2,"name":"Shop","item":"https:\/\/teammutantecuador.com\/?page_id=6"},{"@type":"ListItem","position":3,"name":"ISOFIT BANANA Y VAINILLA 5LB"}]},{"@type":"WebSite","@id":"https:\/\/teammutantecuador.com\/#website","url":"https:\/\/teammutantecuador.com\/","name":"Team Mutan Ecuador","description":"Just another WordPress site","publisher":{"@id":"https:\/\/teammutantecuador.com\/#organization"},"potentialAction":[{"@type":"SearchAction","target":{"@type":"EntryPoint","urlTemplate":"https:\/\/teammutantecuador.com\/?s={search_term_string}"},"query-input":{"@type":"PropertyValueSpecification","valueRequired":true,"valueName":"search_term_string"}}],"inLanguage":"es"},{"@type":"Organization","@id":"https:\/\/teammutantecuador.com\/#organization","name":"Team Mutan Ecuador","url":"https:\/\/teammutantecuador.com\/","logo":{"@type":"ImageObject","inLanguage":"es","@id":"https:\/\/teammutantecuador.com\/#\/schema\/logo\/image\/","url":"https:\/\/teammutantecuador.com\/wp-content\/uploads\/2026\/01\/Diseno-sin-titulo-97.png","contentUrl":"https:\/\/teammutantecuador.com\/wp-content\/uploads\/2026\/01\/Diseno-sin-titulo-97.png","width":500,"height":300,"caption":"Team Mutan Ecuador"},"image":{"@id":"https:\/\/teammutantecuador.com\/#\/schema\/logo\/image\/"}}]}},"_links":{"self":[{"href":"https:\/\/teammutantecuador.com\/index.php?rest_route=\/wp\/v2\/product\/1349","targetHints":{"allow":["GET"]}}],"collection":[{"href":"https:\/\/teammutantecuador.com\/index.php?rest_route=\/wp\/v2\/product"}],"about":[{"href":"https:\/\/teammutantecuador.com\/index.php?rest_route=\/wp\/v2\/types\/product"}],"replies":[{"embeddable":true,"href":"https:\/\/teammutantecuador.com\/index.php?rest_route=%2Fwp%2Fv2%2Fcomments&post=1349"}],"wp:attachment":[{"href":"https:\/\/teammutantecuador.com\/index.php?rest_route=%2Fwp%2Fv2%2Fmedia&parent=1349"}],"wp:term":[{"taxonomy":"product_brand","embeddable":true,"href":"https:\/\/teammutantecuador.com\/index.php?rest_route=%2Fwp%2Fv2%2Fproduct_brand&post=1349"},{"taxonomy":"product_cat","embeddable":true,"href":"https:\/\/teammutantecuador.com\/index.php?rest_route=%2Fwp%2Fv2%2Fproduct_cat&post=1349"},{"taxonomy":"product_tag","embeddable":true,"href":"https:\/\/teammutantecuador.com\/index.php?rest_route=%2Fwp%2Fv2%2Fproduct_tag&post=1349"}],"curies":[{"name":"wp","href":"https:\/\/api.w.org\/{rel}","templated":true}]}}