{"id":1348,"date":"2026-01-17T16:03:41","date_gmt":"2026-01-17T16:03:41","guid":{"rendered":"https:\/\/teammutantecuador.com\/?post_type=product&#038;p=1348"},"modified":"2026-01-17T16:03:43","modified_gmt":"2026-01-17T16:03:43","slug":"isolate-291lb-vainilla","status":"publish","type":"product","link":"https:\/\/teammutantecuador.com\/?product=isolate-291lb-vainilla","title":{"rendered":"ISOLATE 2,91LB VAINILLA"},"content":{"rendered":"<p>Es la nueva vuelta de tuerca de Optimum Nutrition. Una considerable mejora del equipo de Optimum Nutrition (ON) para perfeccionar la prote\u00edna de aislado de suero que ha revolucionado el mercado americano y europeo, con millones de clientes satisfechos.<\/p>\n<p>Los aislados de prote\u00edna de suero son del 90% de pura prote\u00edna por peso. Esta es la m\u00e1s pura y cara forma de prote\u00edna que existe. Este es el ingrediente que puedes leer en la etiqueta de 100% Whey Gold Standard.<\/p>\n<p>El Aislado de suero (whey protein isolate) es la fuente primaria de 100% Whey Gold Standard con 24 gramos de esta prote\u00edna creadora de masa muscular por toma, con un mucha menos de grasa, colesterol, lactosa y otras sustancias que no deseas.<\/p>\n","protected":false},"excerpt":{"rendered":"<p>Es la nueva vuelta de tuerca de Optimum Nutrition. Una considerable mejora del equipo de Optimum Nutrition (ON) para perfeccionar la prote\u00edna de aislado de suero que ha revolucionado el mercado americano y europeo, con millones de clientes satisfechos.<\/p>\n","protected":false},"featured_media":0,"comment_status":"open","ping_status":"closed","template":"","meta":[],"product_brand":[],"product_cat":[357],"product_tag":[47,56],"class_list":{"0":"post-1348","1":"product","2":"type-product","3":"status-publish","5":"product_cat-proteinas-2","6":"product_tag-optimum-nutrition","7":"product_tag-proteinas","9":"first","10":"outofstock","11":"shipping-taxable","12":"purchasable","13":"product-type-simple"},"yoast_head":"<!-- This site is optimized with the Yoast SEO plugin v26.8 - https:\/\/yoast.com\/product\/yoast-seo-wordpress\/ -->\n<title>ISOLATE 2,91LB VAINILLA - Team Mutan Ecuador<\/title>\n<meta name=\"description\" content=\"Es la nueva vuelta de tuerca de Optimum Nutrition. Una considerable mejora del equipo de Optimum Nutrition (ON) para perfeccionar la prote\u00edna de aislado de suero que ha revolucionado el mercado americano y europeo, con millones de clientes satisfechos.\" \/>\n<meta name=\"robots\" content=\"index, follow, max-snippet:-1, max-image-preview:large, max-video-preview:-1\" \/>\n<link rel=\"canonical\" href=\"https:\/\/teammutantecuador.com\/?product=isolate-291lb-vainilla\" \/>\n<meta property=\"og:locale\" content=\"es_ES\" \/>\n<meta property=\"og:type\" content=\"article\" \/>\n<meta property=\"og:title\" content=\"ISOLATE 2,91LB VAINILLA - Team Mutan Ecuador\" \/>\n<meta property=\"og:description\" content=\"Es la nueva vuelta de tuerca de Optimum Nutrition. Una considerable mejora del equipo de Optimum Nutrition (ON) para perfeccionar la prote\u00edna de aislado de suero que ha revolucionado el mercado americano y europeo, con millones de clientes satisfechos.\" \/>\n<meta property=\"og:url\" content=\"https:\/\/teammutantecuador.com\/?product=isolate-291lb-vainilla\" \/>\n<meta property=\"og:site_name\" content=\"Team Mutan Ecuador\" \/>\n<meta property=\"article:modified_time\" content=\"2026-01-17T16:03:43+00:00\" \/>\n<meta name=\"twitter:card\" content=\"summary_large_image\" \/>\n<meta name=\"twitter:label1\" content=\"Tiempo de lectura\" \/>\n\t<meta name=\"twitter:data1\" content=\"1 minuto\" \/>\n<script type=\"application\/ld+json\" class=\"yoast-schema-graph\">{\"@context\":\"https:\/\/schema.org\",\"@graph\":[{\"@type\":\"WebPage\",\"@id\":\"https:\/\/teammutantecuador.com\/?product=isolate-291lb-vainilla\",\"url\":\"https:\/\/teammutantecuador.com\/?product=isolate-291lb-vainilla\",\"name\":\"ISOLATE 2,91LB VAINILLA - Team Mutan Ecuador\",\"isPartOf\":{\"@id\":\"https:\/\/teammutantecuador.com\/#website\"},\"datePublished\":\"2026-01-17T16:03:41+00:00\",\"dateModified\":\"2026-01-17T16:03:43+00:00\",\"description\":\"Es la nueva vuelta de tuerca de Optimum Nutrition. Una considerable mejora del equipo de Optimum Nutrition (ON) para perfeccionar la prote\u00edna de aislado de suero que ha revolucionado el mercado americano y europeo, con millones de clientes satisfechos.\",\"breadcrumb\":{\"@id\":\"https:\/\/teammutantecuador.com\/?product=isolate-291lb-vainilla#breadcrumb\"},\"inLanguage\":\"es\",\"potentialAction\":[{\"@type\":\"ReadAction\",\"target\":[\"https:\/\/teammutantecuador.com\/?product=isolate-291lb-vainilla\"]}]},{\"@type\":\"BreadcrumbList\",\"@id\":\"https:\/\/teammutantecuador.com\/?product=isolate-291lb-vainilla#breadcrumb\",\"itemListElement\":[{\"@type\":\"ListItem\",\"position\":1,\"name\":\"Portada\",\"item\":\"https:\/\/teammutantecuador.com\/\"},{\"@type\":\"ListItem\",\"position\":2,\"name\":\"Shop\",\"item\":\"https:\/\/teammutantecuador.com\/?page_id=6\"},{\"@type\":\"ListItem\",\"position\":3,\"name\":\"ISOLATE 2,91LB VAINILLA\"}]},{\"@type\":\"WebSite\",\"@id\":\"https:\/\/teammutantecuador.com\/#website\",\"url\":\"https:\/\/teammutantecuador.com\/\",\"name\":\"Team Mutan Ecuador\",\"description\":\"Just another WordPress site\",\"publisher\":{\"@id\":\"https:\/\/teammutantecuador.com\/#organization\"},\"potentialAction\":[{\"@type\":\"SearchAction\",\"target\":{\"@type\":\"EntryPoint\",\"urlTemplate\":\"https:\/\/teammutantecuador.com\/?s={search_term_string}\"},\"query-input\":{\"@type\":\"PropertyValueSpecification\",\"valueRequired\":true,\"valueName\":\"search_term_string\"}}],\"inLanguage\":\"es\"},{\"@type\":\"Organization\",\"@id\":\"https:\/\/teammutantecuador.com\/#organization\",\"name\":\"Team Mutan Ecuador\",\"url\":\"https:\/\/teammutantecuador.com\/\",\"logo\":{\"@type\":\"ImageObject\",\"inLanguage\":\"es\",\"@id\":\"https:\/\/teammutantecuador.com\/#\/schema\/logo\/image\/\",\"url\":\"https:\/\/teammutantecuador.com\/wp-content\/uploads\/2026\/01\/Diseno-sin-titulo-97.png\",\"contentUrl\":\"https:\/\/teammutantecuador.com\/wp-content\/uploads\/2026\/01\/Diseno-sin-titulo-97.png\",\"width\":500,\"height\":300,\"caption\":\"Team Mutan Ecuador\"},\"image\":{\"@id\":\"https:\/\/teammutantecuador.com\/#\/schema\/logo\/image\/\"}}]}<\/script>\n<!-- \/ Yoast SEO plugin. -->","yoast_head_json":{"title":"ISOLATE 2,91LB VAINILLA - Team Mutan Ecuador","description":"Es la nueva vuelta de tuerca de Optimum Nutrition. Una considerable mejora del equipo de Optimum Nutrition (ON) para perfeccionar la prote\u00edna de aislado de suero que ha revolucionado el mercado americano y europeo, con millones de clientes satisfechos.","robots":{"index":"index","follow":"follow","max-snippet":"max-snippet:-1","max-image-preview":"max-image-preview:large","max-video-preview":"max-video-preview:-1"},"canonical":"https:\/\/teammutantecuador.com\/?product=isolate-291lb-vainilla","og_locale":"es_ES","og_type":"article","og_title":"ISOLATE 2,91LB VAINILLA - Team Mutan Ecuador","og_description":"Es la nueva vuelta de tuerca de Optimum Nutrition. Una considerable mejora del equipo de Optimum Nutrition (ON) para perfeccionar la prote\u00edna de aislado de suero que ha revolucionado el mercado americano y europeo, con millones de clientes satisfechos.","og_url":"https:\/\/teammutantecuador.com\/?product=isolate-291lb-vainilla","og_site_name":"Team Mutan Ecuador","article_modified_time":"2026-01-17T16:03:43+00:00","twitter_card":"summary_large_image","twitter_misc":{"Tiempo de lectura":"1 minuto"},"schema":{"@context":"https:\/\/schema.org","@graph":[{"@type":"WebPage","@id":"https:\/\/teammutantecuador.com\/?product=isolate-291lb-vainilla","url":"https:\/\/teammutantecuador.com\/?product=isolate-291lb-vainilla","name":"ISOLATE 2,91LB VAINILLA - Team Mutan Ecuador","isPartOf":{"@id":"https:\/\/teammutantecuador.com\/#website"},"datePublished":"2026-01-17T16:03:41+00:00","dateModified":"2026-01-17T16:03:43+00:00","description":"Es la nueva vuelta de tuerca de Optimum Nutrition. Una considerable mejora del equipo de Optimum Nutrition (ON) para perfeccionar la prote\u00edna de aislado de suero que ha revolucionado el mercado americano y europeo, con millones de clientes satisfechos.","breadcrumb":{"@id":"https:\/\/teammutantecuador.com\/?product=isolate-291lb-vainilla#breadcrumb"},"inLanguage":"es","potentialAction":[{"@type":"ReadAction","target":["https:\/\/teammutantecuador.com\/?product=isolate-291lb-vainilla"]}]},{"@type":"BreadcrumbList","@id":"https:\/\/teammutantecuador.com\/?product=isolate-291lb-vainilla#breadcrumb","itemListElement":[{"@type":"ListItem","position":1,"name":"Portada","item":"https:\/\/teammutantecuador.com\/"},{"@type":"ListItem","position":2,"name":"Shop","item":"https:\/\/teammutantecuador.com\/?page_id=6"},{"@type":"ListItem","position":3,"name":"ISOLATE 2,91LB VAINILLA"}]},{"@type":"WebSite","@id":"https:\/\/teammutantecuador.com\/#website","url":"https:\/\/teammutantecuador.com\/","name":"Team Mutan Ecuador","description":"Just another WordPress site","publisher":{"@id":"https:\/\/teammutantecuador.com\/#organization"},"potentialAction":[{"@type":"SearchAction","target":{"@type":"EntryPoint","urlTemplate":"https:\/\/teammutantecuador.com\/?s={search_term_string}"},"query-input":{"@type":"PropertyValueSpecification","valueRequired":true,"valueName":"search_term_string"}}],"inLanguage":"es"},{"@type":"Organization","@id":"https:\/\/teammutantecuador.com\/#organization","name":"Team Mutan Ecuador","url":"https:\/\/teammutantecuador.com\/","logo":{"@type":"ImageObject","inLanguage":"es","@id":"https:\/\/teammutantecuador.com\/#\/schema\/logo\/image\/","url":"https:\/\/teammutantecuador.com\/wp-content\/uploads\/2026\/01\/Diseno-sin-titulo-97.png","contentUrl":"https:\/\/teammutantecuador.com\/wp-content\/uploads\/2026\/01\/Diseno-sin-titulo-97.png","width":500,"height":300,"caption":"Team Mutan Ecuador"},"image":{"@id":"https:\/\/teammutantecuador.com\/#\/schema\/logo\/image\/"}}]}},"_links":{"self":[{"href":"https:\/\/teammutantecuador.com\/index.php?rest_route=\/wp\/v2\/product\/1348","targetHints":{"allow":["GET"]}}],"collection":[{"href":"https:\/\/teammutantecuador.com\/index.php?rest_route=\/wp\/v2\/product"}],"about":[{"href":"https:\/\/teammutantecuador.com\/index.php?rest_route=\/wp\/v2\/types\/product"}],"replies":[{"embeddable":true,"href":"https:\/\/teammutantecuador.com\/index.php?rest_route=%2Fwp%2Fv2%2Fcomments&post=1348"}],"wp:attachment":[{"href":"https:\/\/teammutantecuador.com\/index.php?rest_route=%2Fwp%2Fv2%2Fmedia&parent=1348"}],"wp:term":[{"taxonomy":"product_brand","embeddable":true,"href":"https:\/\/teammutantecuador.com\/index.php?rest_route=%2Fwp%2Fv2%2Fproduct_brand&post=1348"},{"taxonomy":"product_cat","embeddable":true,"href":"https:\/\/teammutantecuador.com\/index.php?rest_route=%2Fwp%2Fv2%2Fproduct_cat&post=1348"},{"taxonomy":"product_tag","embeddable":true,"href":"https:\/\/teammutantecuador.com\/index.php?rest_route=%2Fwp%2Fv2%2Fproduct_tag&post=1348"}],"curies":[{"name":"wp","href":"https:\/\/api.w.org\/{rel}","templated":true}]}}