{"id":1346,"date":"2026-01-17T16:03:41","date_gmt":"2026-01-17T16:03:41","guid":{"rendered":"https:\/\/teammutantecuador.com\/?post_type=product&#038;p=1346"},"modified":"2026-01-17T16:03:43","modified_gmt":"2026-01-17T16:03:43","slug":"isopure-7-lb-vainilla","status":"publish","type":"product","link":"https:\/\/teammutantecuador.com\/?product=isopure-7-lb-vainilla","title":{"rendered":"ISOPURE 7 LB VAINILLA"},"content":{"rendered":"<p>El isopure zero carb es una prote\u00edna procedente de la cadena \u201cNature Best\u201d, que tiene como beneficios que como dice el nombre es Zero Carb, es decir no contiene carbohidratos, y mejor que eso, cuenta con 25 gr de prote\u00edna pura. Por otro lado, \u00e9sta no es como podr\u00edas estar pensando con un malo sabor, si no que tiene distintas variedades como por ejemplo: Vainilla, Chocolate, Frutilla, Capuccino y Tropical.<\/p>\n<p>Es sabido que Isopure Zero Carb, es 100% completa ya que tiene absolutamente todo lo que un deportista necesita para ver un cambio rotundo en el cuerpo.<\/p>\n<p>Beneficios de tomar isopure zero carb:<\/p>\n<p>-No contiene carbohidratos.<br \/>\n-Ayuda a la incrementaci\u00f3n muscular.<br \/>\n-100% recomendable para intolerantes a la lactosa ya que no la contiene.<br \/>\n-Cuenta con vitaminas y minerales.<br \/>\n-Tiene 25 gr de prote\u00edna.<br \/>\n-Su preparaci\u00f3n es bastante f\u00e1cil.<br \/>\n-Tiene Glutamina, lo que facilita al m\u00fasculo a una r\u00e1pida recuperaci\u00f3n.<br \/>\n-Es de r\u00e1pida absorci\u00f3n en el organismo.<\/p>\n","protected":false},"excerpt":{"rendered":"<p>El isopure zero carb es una prote\u00edna procedente de la cadena \u201cNature Best\u201d, que tiene como beneficios que como dice el nombre es Zero Carb, es decir no contiene carbohidratos, y mejor que eso, cuenta con 25 gr de prote\u00edna pura. Por otro lado, \u00e9sta no es como podr\u00edas estar pensando con un malo sabor, si no que tiene distintas variedades<\/p>\n","protected":false},"featured_media":0,"comment_status":"open","ping_status":"closed","template":"","meta":[],"product_brand":[],"product_cat":[357],"product_tag":[56],"class_list":{"0":"post-1346","1":"product","2":"type-product","3":"status-publish","5":"product_cat-proteinas-2","6":"product_tag-proteinas","8":"first","9":"instock","10":"shipping-taxable","11":"purchasable","12":"product-type-simple"},"yoast_head":"<!-- This site is optimized with the Yoast SEO plugin v26.8 - https:\/\/yoast.com\/product\/yoast-seo-wordpress\/ -->\n<title>ISOPURE 7 LB VAINILLA - Team Mutan Ecuador<\/title>\n<meta name=\"description\" content=\"El isopure zero carb es una prote\u00edna procedente de la cadena \u201cNature Best\u201d, que tiene como beneficios que como dice el nombre es Zero Carb, es decir no contiene carbohidratos, y mejor que eso, cuenta con 25 gr de prote\u00edna pura. Por otro lado, \u00e9sta no es como podr\u00edas estar pensando con un malo sabor, si no que tiene distintas variedades\" \/>\n<meta name=\"robots\" content=\"index, follow, max-snippet:-1, max-image-preview:large, max-video-preview:-1\" \/>\n<link rel=\"canonical\" href=\"https:\/\/teammutantecuador.com\/?product=isopure-7-lb-vainilla\" \/>\n<meta property=\"og:locale\" content=\"es_ES\" \/>\n<meta property=\"og:type\" content=\"article\" \/>\n<meta property=\"og:title\" content=\"ISOPURE 7 LB VAINILLA - Team Mutan Ecuador\" \/>\n<meta property=\"og:description\" content=\"El isopure zero carb es una prote\u00edna procedente de la cadena \u201cNature Best\u201d, que tiene como beneficios que como dice el nombre es Zero Carb, es decir no contiene carbohidratos, y mejor que eso, cuenta con 25 gr de prote\u00edna pura. Por otro lado, \u00e9sta no es como podr\u00edas estar pensando con un malo sabor, si no que tiene distintas variedades\" \/>\n<meta property=\"og:url\" content=\"https:\/\/teammutantecuador.com\/?product=isopure-7-lb-vainilla\" \/>\n<meta property=\"og:site_name\" content=\"Team Mutan Ecuador\" \/>\n<meta property=\"article:modified_time\" content=\"2026-01-17T16:03:43+00:00\" \/>\n<meta name=\"twitter:card\" content=\"summary_large_image\" \/>\n<meta name=\"twitter:label1\" content=\"Tiempo de lectura\" \/>\n\t<meta name=\"twitter:data1\" content=\"1 minuto\" \/>\n<script type=\"application\/ld+json\" class=\"yoast-schema-graph\">{\"@context\":\"https:\/\/schema.org\",\"@graph\":[{\"@type\":\"WebPage\",\"@id\":\"https:\/\/teammutantecuador.com\/?product=isopure-7-lb-vainilla\",\"url\":\"https:\/\/teammutantecuador.com\/?product=isopure-7-lb-vainilla\",\"name\":\"ISOPURE 7 LB VAINILLA - Team Mutan Ecuador\",\"isPartOf\":{\"@id\":\"https:\/\/teammutantecuador.com\/#website\"},\"datePublished\":\"2026-01-17T16:03:41+00:00\",\"dateModified\":\"2026-01-17T16:03:43+00:00\",\"description\":\"El isopure zero carb es una prote\u00edna procedente de la cadena \u201cNature Best\u201d, que tiene como beneficios que como dice el nombre es Zero Carb, es decir no contiene carbohidratos, y mejor que eso, cuenta con 25 gr de prote\u00edna pura. Por otro lado, \u00e9sta no es como podr\u00edas estar pensando con un malo sabor, si no que tiene distintas variedades\",\"breadcrumb\":{\"@id\":\"https:\/\/teammutantecuador.com\/?product=isopure-7-lb-vainilla#breadcrumb\"},\"inLanguage\":\"es\",\"potentialAction\":[{\"@type\":\"ReadAction\",\"target\":[\"https:\/\/teammutantecuador.com\/?product=isopure-7-lb-vainilla\"]}]},{\"@type\":\"BreadcrumbList\",\"@id\":\"https:\/\/teammutantecuador.com\/?product=isopure-7-lb-vainilla#breadcrumb\",\"itemListElement\":[{\"@type\":\"ListItem\",\"position\":1,\"name\":\"Portada\",\"item\":\"https:\/\/teammutantecuador.com\/\"},{\"@type\":\"ListItem\",\"position\":2,\"name\":\"Shop\",\"item\":\"https:\/\/teammutantecuador.com\/?page_id=6\"},{\"@type\":\"ListItem\",\"position\":3,\"name\":\"ISOPURE 7 LB VAINILLA\"}]},{\"@type\":\"WebSite\",\"@id\":\"https:\/\/teammutantecuador.com\/#website\",\"url\":\"https:\/\/teammutantecuador.com\/\",\"name\":\"Team Mutan Ecuador\",\"description\":\"Just another WordPress site\",\"publisher\":{\"@id\":\"https:\/\/teammutantecuador.com\/#organization\"},\"potentialAction\":[{\"@type\":\"SearchAction\",\"target\":{\"@type\":\"EntryPoint\",\"urlTemplate\":\"https:\/\/teammutantecuador.com\/?s={search_term_string}\"},\"query-input\":{\"@type\":\"PropertyValueSpecification\",\"valueRequired\":true,\"valueName\":\"search_term_string\"}}],\"inLanguage\":\"es\"},{\"@type\":\"Organization\",\"@id\":\"https:\/\/teammutantecuador.com\/#organization\",\"name\":\"Team Mutan Ecuador\",\"url\":\"https:\/\/teammutantecuador.com\/\",\"logo\":{\"@type\":\"ImageObject\",\"inLanguage\":\"es\",\"@id\":\"https:\/\/teammutantecuador.com\/#\/schema\/logo\/image\/\",\"url\":\"https:\/\/teammutantecuador.com\/wp-content\/uploads\/2026\/01\/Diseno-sin-titulo-97.png\",\"contentUrl\":\"https:\/\/teammutantecuador.com\/wp-content\/uploads\/2026\/01\/Diseno-sin-titulo-97.png\",\"width\":500,\"height\":300,\"caption\":\"Team Mutan Ecuador\"},\"image\":{\"@id\":\"https:\/\/teammutantecuador.com\/#\/schema\/logo\/image\/\"}}]}<\/script>\n<!-- \/ Yoast SEO plugin. -->","yoast_head_json":{"title":"ISOPURE 7 LB VAINILLA - Team Mutan Ecuador","description":"El isopure zero carb es una prote\u00edna procedente de la cadena \u201cNature Best\u201d, que tiene como beneficios que como dice el nombre es Zero Carb, es decir no contiene carbohidratos, y mejor que eso, cuenta con 25 gr de prote\u00edna pura. Por otro lado, \u00e9sta no es como podr\u00edas estar pensando con un malo sabor, si no que tiene distintas variedades","robots":{"index":"index","follow":"follow","max-snippet":"max-snippet:-1","max-image-preview":"max-image-preview:large","max-video-preview":"max-video-preview:-1"},"canonical":"https:\/\/teammutantecuador.com\/?product=isopure-7-lb-vainilla","og_locale":"es_ES","og_type":"article","og_title":"ISOPURE 7 LB VAINILLA - Team Mutan Ecuador","og_description":"El isopure zero carb es una prote\u00edna procedente de la cadena \u201cNature Best\u201d, que tiene como beneficios que como dice el nombre es Zero Carb, es decir no contiene carbohidratos, y mejor que eso, cuenta con 25 gr de prote\u00edna pura. Por otro lado, \u00e9sta no es como podr\u00edas estar pensando con un malo sabor, si no que tiene distintas variedades","og_url":"https:\/\/teammutantecuador.com\/?product=isopure-7-lb-vainilla","og_site_name":"Team Mutan Ecuador","article_modified_time":"2026-01-17T16:03:43+00:00","twitter_card":"summary_large_image","twitter_misc":{"Tiempo de lectura":"1 minuto"},"schema":{"@context":"https:\/\/schema.org","@graph":[{"@type":"WebPage","@id":"https:\/\/teammutantecuador.com\/?product=isopure-7-lb-vainilla","url":"https:\/\/teammutantecuador.com\/?product=isopure-7-lb-vainilla","name":"ISOPURE 7 LB VAINILLA - Team Mutan Ecuador","isPartOf":{"@id":"https:\/\/teammutantecuador.com\/#website"},"datePublished":"2026-01-17T16:03:41+00:00","dateModified":"2026-01-17T16:03:43+00:00","description":"El isopure zero carb es una prote\u00edna procedente de la cadena \u201cNature Best\u201d, que tiene como beneficios que como dice el nombre es Zero Carb, es decir no contiene carbohidratos, y mejor que eso, cuenta con 25 gr de prote\u00edna pura. Por otro lado, \u00e9sta no es como podr\u00edas estar pensando con un malo sabor, si no que tiene distintas variedades","breadcrumb":{"@id":"https:\/\/teammutantecuador.com\/?product=isopure-7-lb-vainilla#breadcrumb"},"inLanguage":"es","potentialAction":[{"@type":"ReadAction","target":["https:\/\/teammutantecuador.com\/?product=isopure-7-lb-vainilla"]}]},{"@type":"BreadcrumbList","@id":"https:\/\/teammutantecuador.com\/?product=isopure-7-lb-vainilla#breadcrumb","itemListElement":[{"@type":"ListItem","position":1,"name":"Portada","item":"https:\/\/teammutantecuador.com\/"},{"@type":"ListItem","position":2,"name":"Shop","item":"https:\/\/teammutantecuador.com\/?page_id=6"},{"@type":"ListItem","position":3,"name":"ISOPURE 7 LB VAINILLA"}]},{"@type":"WebSite","@id":"https:\/\/teammutantecuador.com\/#website","url":"https:\/\/teammutantecuador.com\/","name":"Team Mutan Ecuador","description":"Just another WordPress site","publisher":{"@id":"https:\/\/teammutantecuador.com\/#organization"},"potentialAction":[{"@type":"SearchAction","target":{"@type":"EntryPoint","urlTemplate":"https:\/\/teammutantecuador.com\/?s={search_term_string}"},"query-input":{"@type":"PropertyValueSpecification","valueRequired":true,"valueName":"search_term_string"}}],"inLanguage":"es"},{"@type":"Organization","@id":"https:\/\/teammutantecuador.com\/#organization","name":"Team Mutan Ecuador","url":"https:\/\/teammutantecuador.com\/","logo":{"@type":"ImageObject","inLanguage":"es","@id":"https:\/\/teammutantecuador.com\/#\/schema\/logo\/image\/","url":"https:\/\/teammutantecuador.com\/wp-content\/uploads\/2026\/01\/Diseno-sin-titulo-97.png","contentUrl":"https:\/\/teammutantecuador.com\/wp-content\/uploads\/2026\/01\/Diseno-sin-titulo-97.png","width":500,"height":300,"caption":"Team Mutan Ecuador"},"image":{"@id":"https:\/\/teammutantecuador.com\/#\/schema\/logo\/image\/"}}]}},"_links":{"self":[{"href":"https:\/\/teammutantecuador.com\/index.php?rest_route=\/wp\/v2\/product\/1346","targetHints":{"allow":["GET"]}}],"collection":[{"href":"https:\/\/teammutantecuador.com\/index.php?rest_route=\/wp\/v2\/product"}],"about":[{"href":"https:\/\/teammutantecuador.com\/index.php?rest_route=\/wp\/v2\/types\/product"}],"replies":[{"embeddable":true,"href":"https:\/\/teammutantecuador.com\/index.php?rest_route=%2Fwp%2Fv2%2Fcomments&post=1346"}],"wp:attachment":[{"href":"https:\/\/teammutantecuador.com\/index.php?rest_route=%2Fwp%2Fv2%2Fmedia&parent=1346"}],"wp:term":[{"taxonomy":"product_brand","embeddable":true,"href":"https:\/\/teammutantecuador.com\/index.php?rest_route=%2Fwp%2Fv2%2Fproduct_brand&post=1346"},{"taxonomy":"product_cat","embeddable":true,"href":"https:\/\/teammutantecuador.com\/index.php?rest_route=%2Fwp%2Fv2%2Fproduct_cat&post=1346"},{"taxonomy":"product_tag","embeddable":true,"href":"https:\/\/teammutantecuador.com\/index.php?rest_route=%2Fwp%2Fv2%2Fproduct_tag&post=1346"}],"curies":[{"name":"wp","href":"https:\/\/api.w.org\/{rel}","templated":true}]}}