{"id":1340,"date":"2026-01-17T16:03:40","date_gmt":"2026-01-17T16:03:40","guid":{"rendered":"https:\/\/teammutantecuador.com\/?post_type=product&#038;p=1340"},"modified":"2026-01-17T16:03:42","modified_gmt":"2026-01-17T16:03:42","slug":"iso-hd-bpi-5lbs-vainilla-cookies","status":"publish","type":"product","link":"https:\/\/teammutantecuador.com\/?product=iso-hd-bpi-5lbs-vainilla-cookies","title":{"rendered":"ISO HD BPI 5LBS VAINILLA COOKIES"},"content":{"rendered":"<p>ISO HD &#x2122;, un polvo de prote\u00edna de suero aislado, es prote\u00edna de suero en su forma m\u00e1s pura. Esta forma de prote\u00edna se digiere r\u00e1pidamente, por lo que es la manera perfecta de alimentar r\u00e1pidamente sus m\u00fasculos despu\u00e9s de un entrenamiento, uno de los momentos m\u00e1s cr\u00edticos para absorber los nutrientes de la construcci\u00f3n muscular. ISO HD &#x2122; ayuda en la salud muscular, la recuperaci\u00f3n y el crecimiento.<\/p>\n<p>\u00bfPOR QU\u00c9 ES ISO HD MEJOR?<br \/>\nISO HD &#x2122; es la prote\u00edna m\u00e1s pura y baja en calor\u00edas que produce 25 gramos por porci\u00f3n de ultra alta calidad, de digesti\u00f3n r\u00e1pida, 100% de suero e hidrolizado. El consumo de hidrolizado de suero de leche permite que los amino\u00e1cidos se absorban r\u00e1pidamente, maximizando as\u00ed la entrega de nutrientes a los m\u00fasculos. \u00a1Esta f\u00f3rmula \u00fanica no tiene igual en valor nutricional, sino en sabor!<\/p>\n<p>\u00bfQU\u00c9 HAY EN ISO HD?<br \/>\n100% PROTE\u00cdNA DE AISLANTES E HIDROLIZADOS<br \/>\nEsta mezcla de prote\u00ednas que absorbe r\u00e1pidamente impulsa la s\u00edntesis de prote\u00ednas dentro del cuerpo, entregando nutrientes al tejido muscular r\u00e1pidamente para alimentar el crecimiento y la recuperaci\u00f3n del m\u00fasculo magro.<\/p>\n<p>HIDROLIZADO DE PROTE\u00cdNA<br \/>\nEl consumo de prote\u00edna hidrolizada permite que los amino\u00e1cidos se absorban en el cuerpo a un ritmo m\u00e1s r\u00e1pido, lo que a su vez maximiza los nutrientes que se entregan al tejido muscular para la recuperaci\u00f3n y el crecimiento.<\/p>\n","protected":false},"excerpt":{"rendered":"<p>ISO HD &#x2122;, un polvo de prote\u00edna de suero aislado, es prote\u00edna de suero en su forma m\u00e1s pura. Esta forma de prote\u00edna se digiere r\u00e1pidamente, por lo que es la manera perfecta de alimentar r\u00e1pidamente sus m\u00fasculos despu\u00e9s de un entrenamiento, uno de los momentos m\u00e1s cr\u00edticos para absorber los nutrientes de la construcci\u00f3n muscular. ISO HD &#x2122; ayuda en la salud muscular, la recuperaci\u00f3n y el crecimiento.<\/p>\n","protected":false},"featured_media":0,"comment_status":"open","ping_status":"closed","template":"","meta":[],"product_brand":[],"product_cat":[357],"product_tag":[75,56],"class_list":{"0":"post-1340","1":"product","2":"type-product","3":"status-publish","5":"product_cat-proteinas-2","6":"product_tag-bpisport","7":"product_tag-proteinas","9":"first","10":"instock","11":"sale","12":"shipping-taxable","13":"purchasable","14":"product-type-simple"},"yoast_head":"<!-- This site is optimized with the Yoast SEO plugin v26.8 - https:\/\/yoast.com\/product\/yoast-seo-wordpress\/ -->\n<title>ISO HD BPI 5LBS VAINILLA COOKIES - Team Mutan Ecuador<\/title>\n<meta name=\"description\" content=\"ISO HD \u2122, un polvo de prote\u00edna de suero aislado, es prote\u00edna de suero en su forma m\u00e1s pura. Esta forma de prote\u00edna se digiere r\u00e1pidamente, por lo que es la manera perfecta de alimentar r\u00e1pidamente sus m\u00fasculos despu\u00e9s de un entrenamiento, uno de los momentos m\u00e1s cr\u00edticos para absorber los nutrientes de la construcci\u00f3n muscular. ISO HD \u2122 ayuda en la salud muscular, la recuperaci\u00f3n y el crecimiento.\" \/>\n<meta name=\"robots\" content=\"index, follow, max-snippet:-1, max-image-preview:large, max-video-preview:-1\" \/>\n<link rel=\"canonical\" href=\"https:\/\/teammutantecuador.com\/?product=iso-hd-bpi-5lbs-vainilla-cookies\" \/>\n<meta property=\"og:locale\" content=\"es_ES\" \/>\n<meta property=\"og:type\" content=\"article\" \/>\n<meta property=\"og:title\" content=\"ISO HD BPI 5LBS VAINILLA COOKIES - Team Mutan Ecuador\" \/>\n<meta property=\"og:description\" content=\"ISO HD \u2122, un polvo de prote\u00edna de suero aislado, es prote\u00edna de suero en su forma m\u00e1s pura. Esta forma de prote\u00edna se digiere r\u00e1pidamente, por lo que es la manera perfecta de alimentar r\u00e1pidamente sus m\u00fasculos despu\u00e9s de un entrenamiento, uno de los momentos m\u00e1s cr\u00edticos para absorber los nutrientes de la construcci\u00f3n muscular. ISO HD \u2122 ayuda en la salud muscular, la recuperaci\u00f3n y el crecimiento.\" \/>\n<meta property=\"og:url\" content=\"https:\/\/teammutantecuador.com\/?product=iso-hd-bpi-5lbs-vainilla-cookies\" \/>\n<meta property=\"og:site_name\" content=\"Team Mutan Ecuador\" \/>\n<meta property=\"article:modified_time\" content=\"2026-01-17T16:03:42+00:00\" \/>\n<meta name=\"twitter:card\" content=\"summary_large_image\" \/>\n<meta name=\"twitter:label1\" content=\"Tiempo de lectura\" \/>\n\t<meta name=\"twitter:data1\" content=\"2 minutos\" \/>\n<script type=\"application\/ld+json\" class=\"yoast-schema-graph\">{\"@context\":\"https:\/\/schema.org\",\"@graph\":[{\"@type\":\"WebPage\",\"@id\":\"https:\/\/teammutantecuador.com\/?product=iso-hd-bpi-5lbs-vainilla-cookies\",\"url\":\"https:\/\/teammutantecuador.com\/?product=iso-hd-bpi-5lbs-vainilla-cookies\",\"name\":\"ISO HD BPI 5LBS VAINILLA COOKIES - Team Mutan Ecuador\",\"isPartOf\":{\"@id\":\"https:\/\/teammutantecuador.com\/#website\"},\"datePublished\":\"2026-01-17T16:03:40+00:00\",\"dateModified\":\"2026-01-17T16:03:42+00:00\",\"description\":\"ISO HD \u2122, un polvo de prote\u00edna de suero aislado, es prote\u00edna de suero en su forma m\u00e1s pura. Esta forma de prote\u00edna se digiere r\u00e1pidamente, por lo que es la manera perfecta de alimentar r\u00e1pidamente sus m\u00fasculos despu\u00e9s de un entrenamiento, uno de los momentos m\u00e1s cr\u00edticos para absorber los nutrientes de la construcci\u00f3n muscular. ISO HD \u2122 ayuda en la salud muscular, la recuperaci\u00f3n y el crecimiento.\",\"breadcrumb\":{\"@id\":\"https:\/\/teammutantecuador.com\/?product=iso-hd-bpi-5lbs-vainilla-cookies#breadcrumb\"},\"inLanguage\":\"es\",\"potentialAction\":[{\"@type\":\"ReadAction\",\"target\":[\"https:\/\/teammutantecuador.com\/?product=iso-hd-bpi-5lbs-vainilla-cookies\"]}]},{\"@type\":\"BreadcrumbList\",\"@id\":\"https:\/\/teammutantecuador.com\/?product=iso-hd-bpi-5lbs-vainilla-cookies#breadcrumb\",\"itemListElement\":[{\"@type\":\"ListItem\",\"position\":1,\"name\":\"Portada\",\"item\":\"https:\/\/teammutantecuador.com\/\"},{\"@type\":\"ListItem\",\"position\":2,\"name\":\"Shop\",\"item\":\"https:\/\/teammutantecuador.com\/?page_id=6\"},{\"@type\":\"ListItem\",\"position\":3,\"name\":\"ISO HD BPI 5LBS VAINILLA COOKIES\"}]},{\"@type\":\"WebSite\",\"@id\":\"https:\/\/teammutantecuador.com\/#website\",\"url\":\"https:\/\/teammutantecuador.com\/\",\"name\":\"Team Mutan Ecuador\",\"description\":\"Just another WordPress site\",\"publisher\":{\"@id\":\"https:\/\/teammutantecuador.com\/#organization\"},\"potentialAction\":[{\"@type\":\"SearchAction\",\"target\":{\"@type\":\"EntryPoint\",\"urlTemplate\":\"https:\/\/teammutantecuador.com\/?s={search_term_string}\"},\"query-input\":{\"@type\":\"PropertyValueSpecification\",\"valueRequired\":true,\"valueName\":\"search_term_string\"}}],\"inLanguage\":\"es\"},{\"@type\":\"Organization\",\"@id\":\"https:\/\/teammutantecuador.com\/#organization\",\"name\":\"Team Mutan Ecuador\",\"url\":\"https:\/\/teammutantecuador.com\/\",\"logo\":{\"@type\":\"ImageObject\",\"inLanguage\":\"es\",\"@id\":\"https:\/\/teammutantecuador.com\/#\/schema\/logo\/image\/\",\"url\":\"https:\/\/teammutantecuador.com\/wp-content\/uploads\/2026\/01\/Diseno-sin-titulo-97.png\",\"contentUrl\":\"https:\/\/teammutantecuador.com\/wp-content\/uploads\/2026\/01\/Diseno-sin-titulo-97.png\",\"width\":500,\"height\":300,\"caption\":\"Team Mutan Ecuador\"},\"image\":{\"@id\":\"https:\/\/teammutantecuador.com\/#\/schema\/logo\/image\/\"}}]}<\/script>\n<!-- \/ Yoast SEO plugin. -->","yoast_head_json":{"title":"ISO HD BPI 5LBS VAINILLA COOKIES - Team Mutan Ecuador","description":"ISO HD \u2122, un polvo de prote\u00edna de suero aislado, es prote\u00edna de suero en su forma m\u00e1s pura. Esta forma de prote\u00edna se digiere r\u00e1pidamente, por lo que es la manera perfecta de alimentar r\u00e1pidamente sus m\u00fasculos despu\u00e9s de un entrenamiento, uno de los momentos m\u00e1s cr\u00edticos para absorber los nutrientes de la construcci\u00f3n muscular. ISO HD \u2122 ayuda en la salud muscular, la recuperaci\u00f3n y el crecimiento.","robots":{"index":"index","follow":"follow","max-snippet":"max-snippet:-1","max-image-preview":"max-image-preview:large","max-video-preview":"max-video-preview:-1"},"canonical":"https:\/\/teammutantecuador.com\/?product=iso-hd-bpi-5lbs-vainilla-cookies","og_locale":"es_ES","og_type":"article","og_title":"ISO HD BPI 5LBS VAINILLA COOKIES - Team Mutan Ecuador","og_description":"ISO HD \u2122, un polvo de prote\u00edna de suero aislado, es prote\u00edna de suero en su forma m\u00e1s pura. Esta forma de prote\u00edna se digiere r\u00e1pidamente, por lo que es la manera perfecta de alimentar r\u00e1pidamente sus m\u00fasculos despu\u00e9s de un entrenamiento, uno de los momentos m\u00e1s cr\u00edticos para absorber los nutrientes de la construcci\u00f3n muscular. ISO HD \u2122 ayuda en la salud muscular, la recuperaci\u00f3n y el crecimiento.","og_url":"https:\/\/teammutantecuador.com\/?product=iso-hd-bpi-5lbs-vainilla-cookies","og_site_name":"Team Mutan Ecuador","article_modified_time":"2026-01-17T16:03:42+00:00","twitter_card":"summary_large_image","twitter_misc":{"Tiempo de lectura":"2 minutos"},"schema":{"@context":"https:\/\/schema.org","@graph":[{"@type":"WebPage","@id":"https:\/\/teammutantecuador.com\/?product=iso-hd-bpi-5lbs-vainilla-cookies","url":"https:\/\/teammutantecuador.com\/?product=iso-hd-bpi-5lbs-vainilla-cookies","name":"ISO HD BPI 5LBS VAINILLA COOKIES - Team Mutan Ecuador","isPartOf":{"@id":"https:\/\/teammutantecuador.com\/#website"},"datePublished":"2026-01-17T16:03:40+00:00","dateModified":"2026-01-17T16:03:42+00:00","description":"ISO HD \u2122, un polvo de prote\u00edna de suero aislado, es prote\u00edna de suero en su forma m\u00e1s pura. Esta forma de prote\u00edna se digiere r\u00e1pidamente, por lo que es la manera perfecta de alimentar r\u00e1pidamente sus m\u00fasculos despu\u00e9s de un entrenamiento, uno de los momentos m\u00e1s cr\u00edticos para absorber los nutrientes de la construcci\u00f3n muscular. ISO HD \u2122 ayuda en la salud muscular, la recuperaci\u00f3n y el crecimiento.","breadcrumb":{"@id":"https:\/\/teammutantecuador.com\/?product=iso-hd-bpi-5lbs-vainilla-cookies#breadcrumb"},"inLanguage":"es","potentialAction":[{"@type":"ReadAction","target":["https:\/\/teammutantecuador.com\/?product=iso-hd-bpi-5lbs-vainilla-cookies"]}]},{"@type":"BreadcrumbList","@id":"https:\/\/teammutantecuador.com\/?product=iso-hd-bpi-5lbs-vainilla-cookies#breadcrumb","itemListElement":[{"@type":"ListItem","position":1,"name":"Portada","item":"https:\/\/teammutantecuador.com\/"},{"@type":"ListItem","position":2,"name":"Shop","item":"https:\/\/teammutantecuador.com\/?page_id=6"},{"@type":"ListItem","position":3,"name":"ISO HD BPI 5LBS VAINILLA COOKIES"}]},{"@type":"WebSite","@id":"https:\/\/teammutantecuador.com\/#website","url":"https:\/\/teammutantecuador.com\/","name":"Team Mutan Ecuador","description":"Just another WordPress site","publisher":{"@id":"https:\/\/teammutantecuador.com\/#organization"},"potentialAction":[{"@type":"SearchAction","target":{"@type":"EntryPoint","urlTemplate":"https:\/\/teammutantecuador.com\/?s={search_term_string}"},"query-input":{"@type":"PropertyValueSpecification","valueRequired":true,"valueName":"search_term_string"}}],"inLanguage":"es"},{"@type":"Organization","@id":"https:\/\/teammutantecuador.com\/#organization","name":"Team Mutan Ecuador","url":"https:\/\/teammutantecuador.com\/","logo":{"@type":"ImageObject","inLanguage":"es","@id":"https:\/\/teammutantecuador.com\/#\/schema\/logo\/image\/","url":"https:\/\/teammutantecuador.com\/wp-content\/uploads\/2026\/01\/Diseno-sin-titulo-97.png","contentUrl":"https:\/\/teammutantecuador.com\/wp-content\/uploads\/2026\/01\/Diseno-sin-titulo-97.png","width":500,"height":300,"caption":"Team Mutan Ecuador"},"image":{"@id":"https:\/\/teammutantecuador.com\/#\/schema\/logo\/image\/"}}]}},"_links":{"self":[{"href":"https:\/\/teammutantecuador.com\/index.php?rest_route=\/wp\/v2\/product\/1340","targetHints":{"allow":["GET"]}}],"collection":[{"href":"https:\/\/teammutantecuador.com\/index.php?rest_route=\/wp\/v2\/product"}],"about":[{"href":"https:\/\/teammutantecuador.com\/index.php?rest_route=\/wp\/v2\/types\/product"}],"replies":[{"embeddable":true,"href":"https:\/\/teammutantecuador.com\/index.php?rest_route=%2Fwp%2Fv2%2Fcomments&post=1340"}],"wp:attachment":[{"href":"https:\/\/teammutantecuador.com\/index.php?rest_route=%2Fwp%2Fv2%2Fmedia&parent=1340"}],"wp:term":[{"taxonomy":"product_brand","embeddable":true,"href":"https:\/\/teammutantecuador.com\/index.php?rest_route=%2Fwp%2Fv2%2Fproduct_brand&post=1340"},{"taxonomy":"product_cat","embeddable":true,"href":"https:\/\/teammutantecuador.com\/index.php?rest_route=%2Fwp%2Fv2%2Fproduct_cat&post=1340"},{"taxonomy":"product_tag","embeddable":true,"href":"https:\/\/teammutantecuador.com\/index.php?rest_route=%2Fwp%2Fv2%2Fproduct_tag&post=1340"}],"curies":[{"name":"wp","href":"https:\/\/api.w.org\/{rel}","templated":true}]}}