{"id":1333,"date":"2026-01-17T16:03:40","date_gmt":"2026-01-17T16:03:40","guid":{"rendered":"https:\/\/teammutantecuador.com\/?post_type=product&#038;p=1333"},"modified":"2026-01-17T16:03:41","modified_gmt":"2026-01-17T16:03:41","slug":"incredibulk-vainilla-cake-6lb","status":"publish","type":"product","link":"https:\/\/teammutantecuador.com\/?product=incredibulk-vainilla-cake-6lb","title":{"rendered":"INCREDIBULK VAINILLA CAKE 6LB"},"content":{"rendered":"<p>Crecimiento y mantenimiento de musculo magro.<br \/>\nAumento de fuerza y resistencia.<br \/>\nAcelera la recuperaci\u00f3n muscular.<br \/>\nMezcla de Prote\u00ednas de alta calidad.<br \/>\nFuente de Carbohidratos de liberaci\u00f3n constante.<br \/>\nUso recomendado principalmente Ectomorfos.<br \/>\n1250 calor\u00edas por porci\u00f3n<br \/>\n50 gr. de Prote\u00edna por porci\u00f3n<br \/>\nPS IncrediBulk 6lb. PROSUPPS<br \/>\nPS IncrediBulk 6lb. PROSUPPS fue creado para ser la formulaci\u00f3n de ganancia de m\u00fasculo magro m\u00e1s efectivas y de la m\u00e1s alta calidad en el mercado. El hecho es que algunos tienen un metabolismo m\u00e1s r\u00e1pido que otros y, sin importar lo mucho que lo intenten, luchan por obtener una masa muscular de calidad. Esto se conoce como un cuerpo de tipo ectomorfo y puede ser uno de los problemas m\u00e1s frustrantes cuando se trata de agregar tama\u00f1o y peso muscular<\/p>\n","protected":false},"excerpt":{"rendered":"<p>Crecimiento y mantenimiento de musculo magro.<br \/>\nAumento de fuerza y resistencia.<br \/>\nAcelera la recuperaci\u00f3n muscular.<br \/>\nMezcla de Prote\u00ednas de alta calidad.<br \/>\nFuente de Carbohidratos de liberaci\u00f3n constante.<br \/>\nUso recomendado principalmente Ectomorfos.<br \/>\n1250 calor\u00edas por porci\u00f3n<br \/>\n50 gr. de Prote\u00edna por porci\u00f3n<\/p>\n","protected":false},"featured_media":0,"comment_status":"open","ping_status":"closed","template":"","meta":[],"product_brand":[],"product_cat":[354],"product_tag":[61,44],"class_list":{"0":"post-1333","1":"product","2":"type-product","3":"status-publish","5":"product_cat-ganadores-de-peso","6":"product_tag-ganador-de-peso","7":"product_tag-prosupps","9":"first","10":"instock","11":"shipping-taxable","12":"purchasable","13":"product-type-simple"},"yoast_head":"<!-- This site is optimized with the Yoast SEO plugin v26.8 - https:\/\/yoast.com\/product\/yoast-seo-wordpress\/ -->\n<title>INCREDIBULK VAINILLA CAKE 6LB - Team Mutan Ecuador<\/title>\n<meta name=\"description\" content=\"PROSUPPS INCREDIBULK de prosupps es tu incre\u00edble fuente de sanas calor\u00edas que no dejar\u00e1n a tu cuerpo otra opci\u00f3n que construir masa muscular.\" \/>\n<meta name=\"robots\" content=\"index, follow, max-snippet:-1, max-image-preview:large, max-video-preview:-1\" \/>\n<link rel=\"canonical\" href=\"https:\/\/teammutantecuador.com\/?product=incredibulk-vainilla-cake-6lb\" \/>\n<meta property=\"og:locale\" content=\"es_ES\" \/>\n<meta property=\"og:type\" content=\"article\" \/>\n<meta property=\"og:title\" content=\"INCREDIBULK VAINILLA CAKE 6LB - Team Mutan Ecuador\" \/>\n<meta property=\"og:description\" content=\"PROSUPPS INCREDIBULK de prosupps es tu incre\u00edble fuente de sanas calor\u00edas que no dejar\u00e1n a tu cuerpo otra opci\u00f3n que construir masa muscular.\" \/>\n<meta property=\"og:url\" content=\"https:\/\/teammutantecuador.com\/?product=incredibulk-vainilla-cake-6lb\" \/>\n<meta property=\"og:site_name\" content=\"Team Mutan Ecuador\" \/>\n<meta property=\"article:modified_time\" content=\"2026-01-17T16:03:41+00:00\" \/>\n<meta name=\"twitter:card\" content=\"summary_large_image\" \/>\n<meta name=\"twitter:label1\" content=\"Tiempo de lectura\" \/>\n\t<meta name=\"twitter:data1\" content=\"1 minuto\" \/>\n<script type=\"application\/ld+json\" class=\"yoast-schema-graph\">{\"@context\":\"https:\/\/schema.org\",\"@graph\":[{\"@type\":\"WebPage\",\"@id\":\"https:\/\/teammutantecuador.com\/?product=incredibulk-vainilla-cake-6lb\",\"url\":\"https:\/\/teammutantecuador.com\/?product=incredibulk-vainilla-cake-6lb\",\"name\":\"INCREDIBULK VAINILLA CAKE 6LB - Team Mutan Ecuador\",\"isPartOf\":{\"@id\":\"https:\/\/teammutantecuador.com\/#website\"},\"datePublished\":\"2026-01-17T16:03:40+00:00\",\"dateModified\":\"2026-01-17T16:03:41+00:00\",\"description\":\"PROSUPPS INCREDIBULK de prosupps es tu incre\u00edble fuente de sanas calor\u00edas que no dejar\u00e1n a tu cuerpo otra opci\u00f3n que construir masa muscular.\",\"breadcrumb\":{\"@id\":\"https:\/\/teammutantecuador.com\/?product=incredibulk-vainilla-cake-6lb#breadcrumb\"},\"inLanguage\":\"es\",\"potentialAction\":[{\"@type\":\"ReadAction\",\"target\":[\"https:\/\/teammutantecuador.com\/?product=incredibulk-vainilla-cake-6lb\"]}]},{\"@type\":\"BreadcrumbList\",\"@id\":\"https:\/\/teammutantecuador.com\/?product=incredibulk-vainilla-cake-6lb#breadcrumb\",\"itemListElement\":[{\"@type\":\"ListItem\",\"position\":1,\"name\":\"Portada\",\"item\":\"https:\/\/teammutantecuador.com\/\"},{\"@type\":\"ListItem\",\"position\":2,\"name\":\"Shop\",\"item\":\"https:\/\/teammutantecuador.com\/?page_id=6\"},{\"@type\":\"ListItem\",\"position\":3,\"name\":\"INCREDIBULK VAINILLA CAKE 6LB\"}]},{\"@type\":\"WebSite\",\"@id\":\"https:\/\/teammutantecuador.com\/#website\",\"url\":\"https:\/\/teammutantecuador.com\/\",\"name\":\"Team Mutan Ecuador\",\"description\":\"Just another WordPress site\",\"publisher\":{\"@id\":\"https:\/\/teammutantecuador.com\/#organization\"},\"potentialAction\":[{\"@type\":\"SearchAction\",\"target\":{\"@type\":\"EntryPoint\",\"urlTemplate\":\"https:\/\/teammutantecuador.com\/?s={search_term_string}\"},\"query-input\":{\"@type\":\"PropertyValueSpecification\",\"valueRequired\":true,\"valueName\":\"search_term_string\"}}],\"inLanguage\":\"es\"},{\"@type\":\"Organization\",\"@id\":\"https:\/\/teammutantecuador.com\/#organization\",\"name\":\"Team Mutan Ecuador\",\"url\":\"https:\/\/teammutantecuador.com\/\",\"logo\":{\"@type\":\"ImageObject\",\"inLanguage\":\"es\",\"@id\":\"https:\/\/teammutantecuador.com\/#\/schema\/logo\/image\/\",\"url\":\"https:\/\/teammutantecuador.com\/wp-content\/uploads\/2026\/01\/Diseno-sin-titulo-97.png\",\"contentUrl\":\"https:\/\/teammutantecuador.com\/wp-content\/uploads\/2026\/01\/Diseno-sin-titulo-97.png\",\"width\":500,\"height\":300,\"caption\":\"Team Mutan Ecuador\"},\"image\":{\"@id\":\"https:\/\/teammutantecuador.com\/#\/schema\/logo\/image\/\"}}]}<\/script>\n<!-- \/ Yoast SEO plugin. -->","yoast_head_json":{"title":"INCREDIBULK VAINILLA CAKE 6LB - Team Mutan Ecuador","description":"PROSUPPS INCREDIBULK de prosupps es tu incre\u00edble fuente de sanas calor\u00edas que no dejar\u00e1n a tu cuerpo otra opci\u00f3n que construir masa muscular.","robots":{"index":"index","follow":"follow","max-snippet":"max-snippet:-1","max-image-preview":"max-image-preview:large","max-video-preview":"max-video-preview:-1"},"canonical":"https:\/\/teammutantecuador.com\/?product=incredibulk-vainilla-cake-6lb","og_locale":"es_ES","og_type":"article","og_title":"INCREDIBULK VAINILLA CAKE 6LB - Team Mutan Ecuador","og_description":"PROSUPPS INCREDIBULK de prosupps es tu incre\u00edble fuente de sanas calor\u00edas que no dejar\u00e1n a tu cuerpo otra opci\u00f3n que construir masa muscular.","og_url":"https:\/\/teammutantecuador.com\/?product=incredibulk-vainilla-cake-6lb","og_site_name":"Team Mutan Ecuador","article_modified_time":"2026-01-17T16:03:41+00:00","twitter_card":"summary_large_image","twitter_misc":{"Tiempo de lectura":"1 minuto"},"schema":{"@context":"https:\/\/schema.org","@graph":[{"@type":"WebPage","@id":"https:\/\/teammutantecuador.com\/?product=incredibulk-vainilla-cake-6lb","url":"https:\/\/teammutantecuador.com\/?product=incredibulk-vainilla-cake-6lb","name":"INCREDIBULK VAINILLA CAKE 6LB - Team Mutan Ecuador","isPartOf":{"@id":"https:\/\/teammutantecuador.com\/#website"},"datePublished":"2026-01-17T16:03:40+00:00","dateModified":"2026-01-17T16:03:41+00:00","description":"PROSUPPS INCREDIBULK de prosupps es tu incre\u00edble fuente de sanas calor\u00edas que no dejar\u00e1n a tu cuerpo otra opci\u00f3n que construir masa muscular.","breadcrumb":{"@id":"https:\/\/teammutantecuador.com\/?product=incredibulk-vainilla-cake-6lb#breadcrumb"},"inLanguage":"es","potentialAction":[{"@type":"ReadAction","target":["https:\/\/teammutantecuador.com\/?product=incredibulk-vainilla-cake-6lb"]}]},{"@type":"BreadcrumbList","@id":"https:\/\/teammutantecuador.com\/?product=incredibulk-vainilla-cake-6lb#breadcrumb","itemListElement":[{"@type":"ListItem","position":1,"name":"Portada","item":"https:\/\/teammutantecuador.com\/"},{"@type":"ListItem","position":2,"name":"Shop","item":"https:\/\/teammutantecuador.com\/?page_id=6"},{"@type":"ListItem","position":3,"name":"INCREDIBULK VAINILLA CAKE 6LB"}]},{"@type":"WebSite","@id":"https:\/\/teammutantecuador.com\/#website","url":"https:\/\/teammutantecuador.com\/","name":"Team Mutan Ecuador","description":"Just another WordPress site","publisher":{"@id":"https:\/\/teammutantecuador.com\/#organization"},"potentialAction":[{"@type":"SearchAction","target":{"@type":"EntryPoint","urlTemplate":"https:\/\/teammutantecuador.com\/?s={search_term_string}"},"query-input":{"@type":"PropertyValueSpecification","valueRequired":true,"valueName":"search_term_string"}}],"inLanguage":"es"},{"@type":"Organization","@id":"https:\/\/teammutantecuador.com\/#organization","name":"Team Mutan Ecuador","url":"https:\/\/teammutantecuador.com\/","logo":{"@type":"ImageObject","inLanguage":"es","@id":"https:\/\/teammutantecuador.com\/#\/schema\/logo\/image\/","url":"https:\/\/teammutantecuador.com\/wp-content\/uploads\/2026\/01\/Diseno-sin-titulo-97.png","contentUrl":"https:\/\/teammutantecuador.com\/wp-content\/uploads\/2026\/01\/Diseno-sin-titulo-97.png","width":500,"height":300,"caption":"Team Mutan Ecuador"},"image":{"@id":"https:\/\/teammutantecuador.com\/#\/schema\/logo\/image\/"}}]}},"_links":{"self":[{"href":"https:\/\/teammutantecuador.com\/index.php?rest_route=\/wp\/v2\/product\/1333","targetHints":{"allow":["GET"]}}],"collection":[{"href":"https:\/\/teammutantecuador.com\/index.php?rest_route=\/wp\/v2\/product"}],"about":[{"href":"https:\/\/teammutantecuador.com\/index.php?rest_route=\/wp\/v2\/types\/product"}],"replies":[{"embeddable":true,"href":"https:\/\/teammutantecuador.com\/index.php?rest_route=%2Fwp%2Fv2%2Fcomments&post=1333"}],"wp:attachment":[{"href":"https:\/\/teammutantecuador.com\/index.php?rest_route=%2Fwp%2Fv2%2Fmedia&parent=1333"}],"wp:term":[{"taxonomy":"product_brand","embeddable":true,"href":"https:\/\/teammutantecuador.com\/index.php?rest_route=%2Fwp%2Fv2%2Fproduct_brand&post=1333"},{"taxonomy":"product_cat","embeddable":true,"href":"https:\/\/teammutantecuador.com\/index.php?rest_route=%2Fwp%2Fv2%2Fproduct_cat&post=1333"},{"taxonomy":"product_tag","embeddable":true,"href":"https:\/\/teammutantecuador.com\/index.php?rest_route=%2Fwp%2Fv2%2Fproduct_tag&post=1333"}],"curies":[{"name":"wp","href":"https:\/\/api.w.org\/{rel}","templated":true}]}}