{"id":1326,"date":"2026-01-17T16:03:36","date_gmt":"2026-01-17T16:03:36","guid":{"rendered":"https:\/\/teammutantecuador.com\/?post_type=product&#038;p=1326"},"modified":"2026-01-17T16:03:39","modified_gmt":"2026-01-17T16:03:39","slug":"glutamine-rc-300gr","status":"publish","type":"product","link":"https:\/\/teammutantecuador.com\/?product=glutamine-rc-300gr","title":{"rendered":"GLUTAMINE RC 300GR"},"content":{"rendered":"<p>GLUTAMINE RC 300GR<\/p>\n<p>La glutamina es el amino\u00e1cido m\u00e1s abundante en el tejido muscular y desempe\u00f1a un papel clave en muchas funciones corporales. * Los estudios sugieren que la suplementaci\u00f3n con glutamina puede ayudar a prevenir la p\u00e9rdida de masa corporal a trav\u00e9s del rol que desempe\u00f1a la glutamina en la s\u00edntesis de prote\u00ednas. manteniendo un equilibrio de nitr\u00f3geno positivo y saludable y tambi\u00e9n ayuda en el apoyo del sistema inmunol\u00f3gico. El suplemento con glutamina tambi\u00e9n puede apoyar una reducci\u00f3n en el dolor muscular y ayudar a apoyar el tejido muscular. Comience a suplementarse hoy con el polvo puro de Glutamina de RCSS &#8211; Glutamina-XS .<\/p>\n","protected":false},"excerpt":{"rendered":"<p>La glutamina es el amino\u00e1cido m\u00e1s abundante en el tejido muscular y desempe\u00f1a un papel clave en muchas funciones corporales. * Los estudios sugieren que la suplementaci\u00f3n con glutamina puede ayudar a prevenir la p\u00e9rdida de masa corporal a trav\u00e9s del rol que desempe\u00f1a la glutamina en la s\u00edntesis de prote\u00ednas. manteniendo un equilibrio de nitr\u00f3geno positivo y saludable y tambi\u00e9n ayuda en el apoyo del sistema inmunol\u00f3gico. El suplemento con glutamina tambi\u00e9n puede apoyar una reducci\u00f3n en el dolor muscular y ayudar a apoyar el tejido muscular. Comience a suplementarse hoy con el polvo puro de Glutamina de RCSS &#8211; Glutamina-XS .<\/p>\n","protected":false},"featured_media":0,"comment_status":"open","ping_status":"closed","template":"","meta":[],"product_brand":[],"product_cat":[364],"product_tag":[80,82,65],"class_list":{"0":"post-1326","1":"product","2":"type-product","3":"status-publish","5":"product_cat-glutamine","6":"product_tag-glutamina","7":"product_tag-glutamine","8":"product_tag-ronnie-coleman","10":"first","11":"instock","12":"shipping-taxable","13":"purchasable","14":"product-type-simple"},"yoast_head":"<!-- This site is optimized with the Yoast SEO plugin v26.8 - https:\/\/yoast.com\/product\/yoast-seo-wordpress\/ -->\n<title>GLUTAMINE RC 300GR - Team Mutan Ecuador<\/title>\n<meta name=\"description\" content=\"GLUTAMINE RC 300GR La glutamina es el amino\u00e1cido m\u00e1s abundante en el tejido muscular y desempe\u00f1a un papel clave en muchas funciones corporales. * Los estudios sugieren que la suplementaci\u00f3n con glutamina puede ayudar a prevenir la p\u00e9rdida de masa corporal a trav\u00e9s del rol que desempe\u00f1a la glutamina en la s\u00edntesis de prote\u00ednas. manteniendo un equilibrio de nitr\u00f3geno positivo y saludable y tambi\u00e9n ayuda en el apoyo del sistema inmunol\u00f3gico. El suplemento con glutamina tambi\u00e9n puede apoyar una reducci\u00f3n en el dolor muscular y ayudar a apoyar el tejido muscular. Comience a suplementarse hoy con el polvo puro de Glutamina de RCSS - Glutamina-XS .\" \/>\n<meta name=\"robots\" content=\"index, follow, max-snippet:-1, max-image-preview:large, max-video-preview:-1\" \/>\n<link rel=\"canonical\" href=\"https:\/\/teammutantecuador.com\/?product=glutamine-rc-300gr\" \/>\n<meta property=\"og:locale\" content=\"es_ES\" \/>\n<meta property=\"og:type\" content=\"article\" \/>\n<meta property=\"og:title\" content=\"GLUTAMINE RC 300GR - Team Mutan Ecuador\" \/>\n<meta property=\"og:description\" content=\"GLUTAMINE RC 300GR La glutamina es el amino\u00e1cido m\u00e1s abundante en el tejido muscular y desempe\u00f1a un papel clave en muchas funciones corporales. * Los estudios sugieren que la suplementaci\u00f3n con glutamina puede ayudar a prevenir la p\u00e9rdida de masa corporal a trav\u00e9s del rol que desempe\u00f1a la glutamina en la s\u00edntesis de prote\u00ednas. manteniendo un equilibrio de nitr\u00f3geno positivo y saludable y tambi\u00e9n ayuda en el apoyo del sistema inmunol\u00f3gico. El suplemento con glutamina tambi\u00e9n puede apoyar una reducci\u00f3n en el dolor muscular y ayudar a apoyar el tejido muscular. Comience a suplementarse hoy con el polvo puro de Glutamina de RCSS - Glutamina-XS .\" \/>\n<meta property=\"og:url\" content=\"https:\/\/teammutantecuador.com\/?product=glutamine-rc-300gr\" \/>\n<meta property=\"og:site_name\" content=\"Team Mutan Ecuador\" \/>\n<meta property=\"article:modified_time\" content=\"2026-01-17T16:03:39+00:00\" \/>\n<meta name=\"twitter:card\" content=\"summary_large_image\" \/>\n<meta name=\"twitter:label1\" content=\"Tiempo de lectura\" \/>\n\t<meta name=\"twitter:data1\" content=\"1 minuto\" \/>\n<script type=\"application\/ld+json\" class=\"yoast-schema-graph\">{\"@context\":\"https:\/\/schema.org\",\"@graph\":[{\"@type\":\"WebPage\",\"@id\":\"https:\/\/teammutantecuador.com\/?product=glutamine-rc-300gr\",\"url\":\"https:\/\/teammutantecuador.com\/?product=glutamine-rc-300gr\",\"name\":\"GLUTAMINE RC 300GR - Team Mutan Ecuador\",\"isPartOf\":{\"@id\":\"https:\/\/teammutantecuador.com\/#website\"},\"datePublished\":\"2026-01-17T16:03:36+00:00\",\"dateModified\":\"2026-01-17T16:03:39+00:00\",\"description\":\"GLUTAMINE RC 300GR La glutamina es el amino\u00e1cido m\u00e1s abundante en el tejido muscular y desempe\u00f1a un papel clave en muchas funciones corporales. * Los estudios sugieren que la suplementaci\u00f3n con glutamina puede ayudar a prevenir la p\u00e9rdida de masa corporal a trav\u00e9s del rol que desempe\u00f1a la glutamina en la s\u00edntesis de prote\u00ednas. manteniendo un equilibrio de nitr\u00f3geno positivo y saludable y tambi\u00e9n ayuda en el apoyo del sistema inmunol\u00f3gico. El suplemento con glutamina tambi\u00e9n puede apoyar una reducci\u00f3n en el dolor muscular y ayudar a apoyar el tejido muscular. Comience a suplementarse hoy con el polvo puro de Glutamina de RCSS - Glutamina-XS .\",\"breadcrumb\":{\"@id\":\"https:\/\/teammutantecuador.com\/?product=glutamine-rc-300gr#breadcrumb\"},\"inLanguage\":\"es\",\"potentialAction\":[{\"@type\":\"ReadAction\",\"target\":[\"https:\/\/teammutantecuador.com\/?product=glutamine-rc-300gr\"]}]},{\"@type\":\"BreadcrumbList\",\"@id\":\"https:\/\/teammutantecuador.com\/?product=glutamine-rc-300gr#breadcrumb\",\"itemListElement\":[{\"@type\":\"ListItem\",\"position\":1,\"name\":\"Portada\",\"item\":\"https:\/\/teammutantecuador.com\/\"},{\"@type\":\"ListItem\",\"position\":2,\"name\":\"Shop\",\"item\":\"https:\/\/teammutantecuador.com\/?page_id=6\"},{\"@type\":\"ListItem\",\"position\":3,\"name\":\"GLUTAMINE RC 300GR\"}]},{\"@type\":\"WebSite\",\"@id\":\"https:\/\/teammutantecuador.com\/#website\",\"url\":\"https:\/\/teammutantecuador.com\/\",\"name\":\"Team Mutan Ecuador\",\"description\":\"Just another WordPress site\",\"publisher\":{\"@id\":\"https:\/\/teammutantecuador.com\/#organization\"},\"potentialAction\":[{\"@type\":\"SearchAction\",\"target\":{\"@type\":\"EntryPoint\",\"urlTemplate\":\"https:\/\/teammutantecuador.com\/?s={search_term_string}\"},\"query-input\":{\"@type\":\"PropertyValueSpecification\",\"valueRequired\":true,\"valueName\":\"search_term_string\"}}],\"inLanguage\":\"es\"},{\"@type\":\"Organization\",\"@id\":\"https:\/\/teammutantecuador.com\/#organization\",\"name\":\"Team Mutan Ecuador\",\"url\":\"https:\/\/teammutantecuador.com\/\",\"logo\":{\"@type\":\"ImageObject\",\"inLanguage\":\"es\",\"@id\":\"https:\/\/teammutantecuador.com\/#\/schema\/logo\/image\/\",\"url\":\"https:\/\/teammutantecuador.com\/wp-content\/uploads\/2026\/01\/Diseno-sin-titulo-97.png\",\"contentUrl\":\"https:\/\/teammutantecuador.com\/wp-content\/uploads\/2026\/01\/Diseno-sin-titulo-97.png\",\"width\":500,\"height\":300,\"caption\":\"Team Mutan Ecuador\"},\"image\":{\"@id\":\"https:\/\/teammutantecuador.com\/#\/schema\/logo\/image\/\"}}]}<\/script>\n<!-- \/ Yoast SEO plugin. -->","yoast_head_json":{"title":"GLUTAMINE RC 300GR - Team Mutan Ecuador","description":"GLUTAMINE RC 300GR La glutamina es el amino\u00e1cido m\u00e1s abundante en el tejido muscular y desempe\u00f1a un papel clave en muchas funciones corporales. * Los estudios sugieren que la suplementaci\u00f3n con glutamina puede ayudar a prevenir la p\u00e9rdida de masa corporal a trav\u00e9s del rol que desempe\u00f1a la glutamina en la s\u00edntesis de prote\u00ednas. manteniendo un equilibrio de nitr\u00f3geno positivo y saludable y tambi\u00e9n ayuda en el apoyo del sistema inmunol\u00f3gico. El suplemento con glutamina tambi\u00e9n puede apoyar una reducci\u00f3n en el dolor muscular y ayudar a apoyar el tejido muscular. Comience a suplementarse hoy con el polvo puro de Glutamina de RCSS - Glutamina-XS .","robots":{"index":"index","follow":"follow","max-snippet":"max-snippet:-1","max-image-preview":"max-image-preview:large","max-video-preview":"max-video-preview:-1"},"canonical":"https:\/\/teammutantecuador.com\/?product=glutamine-rc-300gr","og_locale":"es_ES","og_type":"article","og_title":"GLUTAMINE RC 300GR - Team Mutan Ecuador","og_description":"GLUTAMINE RC 300GR La glutamina es el amino\u00e1cido m\u00e1s abundante en el tejido muscular y desempe\u00f1a un papel clave en muchas funciones corporales. * Los estudios sugieren que la suplementaci\u00f3n con glutamina puede ayudar a prevenir la p\u00e9rdida de masa corporal a trav\u00e9s del rol que desempe\u00f1a la glutamina en la s\u00edntesis de prote\u00ednas. manteniendo un equilibrio de nitr\u00f3geno positivo y saludable y tambi\u00e9n ayuda en el apoyo del sistema inmunol\u00f3gico. El suplemento con glutamina tambi\u00e9n puede apoyar una reducci\u00f3n en el dolor muscular y ayudar a apoyar el tejido muscular. Comience a suplementarse hoy con el polvo puro de Glutamina de RCSS - Glutamina-XS .","og_url":"https:\/\/teammutantecuador.com\/?product=glutamine-rc-300gr","og_site_name":"Team Mutan Ecuador","article_modified_time":"2026-01-17T16:03:39+00:00","twitter_card":"summary_large_image","twitter_misc":{"Tiempo de lectura":"1 minuto"},"schema":{"@context":"https:\/\/schema.org","@graph":[{"@type":"WebPage","@id":"https:\/\/teammutantecuador.com\/?product=glutamine-rc-300gr","url":"https:\/\/teammutantecuador.com\/?product=glutamine-rc-300gr","name":"GLUTAMINE RC 300GR - Team Mutan Ecuador","isPartOf":{"@id":"https:\/\/teammutantecuador.com\/#website"},"datePublished":"2026-01-17T16:03:36+00:00","dateModified":"2026-01-17T16:03:39+00:00","description":"GLUTAMINE RC 300GR La glutamina es el amino\u00e1cido m\u00e1s abundante en el tejido muscular y desempe\u00f1a un papel clave en muchas funciones corporales. * Los estudios sugieren que la suplementaci\u00f3n con glutamina puede ayudar a prevenir la p\u00e9rdida de masa corporal a trav\u00e9s del rol que desempe\u00f1a la glutamina en la s\u00edntesis de prote\u00ednas. manteniendo un equilibrio de nitr\u00f3geno positivo y saludable y tambi\u00e9n ayuda en el apoyo del sistema inmunol\u00f3gico. El suplemento con glutamina tambi\u00e9n puede apoyar una reducci\u00f3n en el dolor muscular y ayudar a apoyar el tejido muscular. Comience a suplementarse hoy con el polvo puro de Glutamina de RCSS - Glutamina-XS .","breadcrumb":{"@id":"https:\/\/teammutantecuador.com\/?product=glutamine-rc-300gr#breadcrumb"},"inLanguage":"es","potentialAction":[{"@type":"ReadAction","target":["https:\/\/teammutantecuador.com\/?product=glutamine-rc-300gr"]}]},{"@type":"BreadcrumbList","@id":"https:\/\/teammutantecuador.com\/?product=glutamine-rc-300gr#breadcrumb","itemListElement":[{"@type":"ListItem","position":1,"name":"Portada","item":"https:\/\/teammutantecuador.com\/"},{"@type":"ListItem","position":2,"name":"Shop","item":"https:\/\/teammutantecuador.com\/?page_id=6"},{"@type":"ListItem","position":3,"name":"GLUTAMINE RC 300GR"}]},{"@type":"WebSite","@id":"https:\/\/teammutantecuador.com\/#website","url":"https:\/\/teammutantecuador.com\/","name":"Team Mutan Ecuador","description":"Just another WordPress site","publisher":{"@id":"https:\/\/teammutantecuador.com\/#organization"},"potentialAction":[{"@type":"SearchAction","target":{"@type":"EntryPoint","urlTemplate":"https:\/\/teammutantecuador.com\/?s={search_term_string}"},"query-input":{"@type":"PropertyValueSpecification","valueRequired":true,"valueName":"search_term_string"}}],"inLanguage":"es"},{"@type":"Organization","@id":"https:\/\/teammutantecuador.com\/#organization","name":"Team Mutan Ecuador","url":"https:\/\/teammutantecuador.com\/","logo":{"@type":"ImageObject","inLanguage":"es","@id":"https:\/\/teammutantecuador.com\/#\/schema\/logo\/image\/","url":"https:\/\/teammutantecuador.com\/wp-content\/uploads\/2026\/01\/Diseno-sin-titulo-97.png","contentUrl":"https:\/\/teammutantecuador.com\/wp-content\/uploads\/2026\/01\/Diseno-sin-titulo-97.png","width":500,"height":300,"caption":"Team Mutan Ecuador"},"image":{"@id":"https:\/\/teammutantecuador.com\/#\/schema\/logo\/image\/"}}]}},"_links":{"self":[{"href":"https:\/\/teammutantecuador.com\/index.php?rest_route=\/wp\/v2\/product\/1326","targetHints":{"allow":["GET"]}}],"collection":[{"href":"https:\/\/teammutantecuador.com\/index.php?rest_route=\/wp\/v2\/product"}],"about":[{"href":"https:\/\/teammutantecuador.com\/index.php?rest_route=\/wp\/v2\/types\/product"}],"replies":[{"embeddable":true,"href":"https:\/\/teammutantecuador.com\/index.php?rest_route=%2Fwp%2Fv2%2Fcomments&post=1326"}],"wp:attachment":[{"href":"https:\/\/teammutantecuador.com\/index.php?rest_route=%2Fwp%2Fv2%2Fmedia&parent=1326"}],"wp:term":[{"taxonomy":"product_brand","embeddable":true,"href":"https:\/\/teammutantecuador.com\/index.php?rest_route=%2Fwp%2Fv2%2Fproduct_brand&post=1326"},{"taxonomy":"product_cat","embeddable":true,"href":"https:\/\/teammutantecuador.com\/index.php?rest_route=%2Fwp%2Fv2%2Fproduct_cat&post=1326"},{"taxonomy":"product_tag","embeddable":true,"href":"https:\/\/teammutantecuador.com\/index.php?rest_route=%2Fwp%2Fv2%2Fproduct_tag&post=1326"}],"curies":[{"name":"wp","href":"https:\/\/api.w.org\/{rel}","templated":true}]}}