{"id":1324,"date":"2026-01-17T16:03:36","date_gmt":"2026-01-17T16:03:36","guid":{"rendered":"https:\/\/teammutantecuador.com\/?post_type=product&#038;p=1324"},"modified":"2026-01-17T16:03:39","modified_gmt":"2026-01-17T16:03:39","slug":"glutamie-drive-300g","status":"publish","type":"product","link":"https:\/\/teammutantecuador.com\/?product=glutamie-drive-300g","title":{"rendered":"GLUTAMIE DRIVE 300G"},"content":{"rendered":"<p>GLUTAMIE DRIVE 300G<\/p>\n<p>Glutamine Drive de Nutrex es un suplemento elaborado totalmente de glutamina que nos ayudar\u00e1 a desarrollar nuestra masa muscular, evitar\u00e1 el catabolismo y acelerar\u00e1 la recuperaci\u00f3n. Glutamine Drive Black ser\u00e1 ideal para fases de definici\u00f3n o en \u00e9opcas de m\u00e1xima demanda energ\u00e9tica.<\/p>\n<p>Se trata de una amino\u00e1cido condicionalmente esencial, lo que significa que nuestro organismo es capaz de sintitzarlo el mismo, pero en aquellos periodos donde el desgaste es muy alto el cuerpo no es capaz de cubrir las necesidades. Forma el 60% de todos los amino\u00e1cidos en el tejido muscular por lo que tener sus necesidades cubiertas, es de principal importancia.<\/p>\n<p>Glutamine Drive ser\u00e1 ideal para aquellos deportistas que est\u00e1n sometidos a entrenamientos intensos donde la fase de competici\u00f3n es muy exigente o bien quieren incrementar el volumen o la intensidad y tambi\u00e9n para aquellas personas que entrenan de forma regular, independientemente del deporte que realicen.<\/p>\n<p>Glutamine Drive es sin sabor por lo que se puede agregar f\u00e1cilmente a cualquier bebida despu\u00e9s del entrenamiento para mejorar en gran medida la reparaci\u00f3n muscular y estimular su cuerpo para un mayor crecimiento del tejido muscular.<\/p>\n","protected":false},"excerpt":{"rendered":"<p>Glutamine Drive de Nutrex es un suplemento elaborado totalmente de glutamina que nos ayudar\u00e1 a desarrollar nuestra masa muscular, evitar\u00e1 el catabolismo y acelerar\u00e1 la recuperaci\u00f3n. Glutamine Drive Black ser\u00e1 ideal para fases de definici\u00f3n o en \u00e9opcas de m\u00e1xima demanda energ\u00e9tica.<\/p>\n","protected":false},"featured_media":0,"comment_status":"open","ping_status":"closed","template":"","meta":[],"product_brand":[],"product_cat":[364],"product_tag":[80,50],"class_list":{"0":"post-1324","1":"product","2":"type-product","3":"status-publish","5":"product_cat-glutamine","6":"product_tag-glutamina","7":"product_tag-nutrex","9":"first","10":"instock","11":"sale","12":"shipping-taxable","13":"purchasable","14":"product-type-simple"},"yoast_head":"<!-- This site is optimized with the Yoast SEO plugin v26.8 - https:\/\/yoast.com\/product\/yoast-seo-wordpress\/ -->\n<title>GLUTAMIE DRIVE 300G - Team Mutan Ecuador<\/title>\n<meta name=\"description\" content=\"GLUTAMIE DRIVE 300G Glutamine Drive de Nutrex es un suplemento elaborado totalmente de glutamina que nos ayudar\u00e1 a desarrollar nuestra masa muscular, evitar\u00e1 el catabolismo y acelerar\u00e1 la recuperaci\u00f3n. Glutamine Drive Black ser\u00e1 ideal para fases de definici\u00f3n o en \u00e9opcas de m\u00e1xima demanda energ\u00e9tica.\" \/>\n<meta name=\"robots\" content=\"index, follow, max-snippet:-1, max-image-preview:large, max-video-preview:-1\" \/>\n<link rel=\"canonical\" href=\"https:\/\/teammutantecuador.com\/?product=glutamie-drive-300g\" \/>\n<meta property=\"og:locale\" content=\"es_ES\" \/>\n<meta property=\"og:type\" content=\"article\" \/>\n<meta property=\"og:title\" content=\"GLUTAMIE DRIVE 300G - Team Mutan Ecuador\" \/>\n<meta property=\"og:description\" content=\"GLUTAMIE DRIVE 300G Glutamine Drive de Nutrex es un suplemento elaborado totalmente de glutamina que nos ayudar\u00e1 a desarrollar nuestra masa muscular, evitar\u00e1 el catabolismo y acelerar\u00e1 la recuperaci\u00f3n. Glutamine Drive Black ser\u00e1 ideal para fases de definici\u00f3n o en \u00e9opcas de m\u00e1xima demanda energ\u00e9tica.\" \/>\n<meta property=\"og:url\" content=\"https:\/\/teammutantecuador.com\/?product=glutamie-drive-300g\" \/>\n<meta property=\"og:site_name\" content=\"Team Mutan Ecuador\" \/>\n<meta property=\"article:modified_time\" content=\"2026-01-17T16:03:39+00:00\" \/>\n<meta name=\"twitter:card\" content=\"summary_large_image\" \/>\n<meta name=\"twitter:label1\" content=\"Tiempo de lectura\" \/>\n\t<meta name=\"twitter:data1\" content=\"1 minuto\" \/>\n<script type=\"application\/ld+json\" class=\"yoast-schema-graph\">{\"@context\":\"https:\/\/schema.org\",\"@graph\":[{\"@type\":\"WebPage\",\"@id\":\"https:\/\/teammutantecuador.com\/?product=glutamie-drive-300g\",\"url\":\"https:\/\/teammutantecuador.com\/?product=glutamie-drive-300g\",\"name\":\"GLUTAMIE DRIVE 300G - Team Mutan Ecuador\",\"isPartOf\":{\"@id\":\"https:\/\/teammutantecuador.com\/#website\"},\"datePublished\":\"2026-01-17T16:03:36+00:00\",\"dateModified\":\"2026-01-17T16:03:39+00:00\",\"description\":\"GLUTAMIE DRIVE 300G Glutamine Drive de Nutrex es un suplemento elaborado totalmente de glutamina que nos ayudar\u00e1 a desarrollar nuestra masa muscular, evitar\u00e1 el catabolismo y acelerar\u00e1 la recuperaci\u00f3n. Glutamine Drive Black ser\u00e1 ideal para fases de definici\u00f3n o en \u00e9opcas de m\u00e1xima demanda energ\u00e9tica.\",\"breadcrumb\":{\"@id\":\"https:\/\/teammutantecuador.com\/?product=glutamie-drive-300g#breadcrumb\"},\"inLanguage\":\"es\",\"potentialAction\":[{\"@type\":\"ReadAction\",\"target\":[\"https:\/\/teammutantecuador.com\/?product=glutamie-drive-300g\"]}]},{\"@type\":\"BreadcrumbList\",\"@id\":\"https:\/\/teammutantecuador.com\/?product=glutamie-drive-300g#breadcrumb\",\"itemListElement\":[{\"@type\":\"ListItem\",\"position\":1,\"name\":\"Portada\",\"item\":\"https:\/\/teammutantecuador.com\/\"},{\"@type\":\"ListItem\",\"position\":2,\"name\":\"Shop\",\"item\":\"https:\/\/teammutantecuador.com\/?page_id=6\"},{\"@type\":\"ListItem\",\"position\":3,\"name\":\"GLUTAMIE DRIVE 300G\"}]},{\"@type\":\"WebSite\",\"@id\":\"https:\/\/teammutantecuador.com\/#website\",\"url\":\"https:\/\/teammutantecuador.com\/\",\"name\":\"Team Mutan Ecuador\",\"description\":\"Just another WordPress site\",\"publisher\":{\"@id\":\"https:\/\/teammutantecuador.com\/#organization\"},\"potentialAction\":[{\"@type\":\"SearchAction\",\"target\":{\"@type\":\"EntryPoint\",\"urlTemplate\":\"https:\/\/teammutantecuador.com\/?s={search_term_string}\"},\"query-input\":{\"@type\":\"PropertyValueSpecification\",\"valueRequired\":true,\"valueName\":\"search_term_string\"}}],\"inLanguage\":\"es\"},{\"@type\":\"Organization\",\"@id\":\"https:\/\/teammutantecuador.com\/#organization\",\"name\":\"Team Mutan Ecuador\",\"url\":\"https:\/\/teammutantecuador.com\/\",\"logo\":{\"@type\":\"ImageObject\",\"inLanguage\":\"es\",\"@id\":\"https:\/\/teammutantecuador.com\/#\/schema\/logo\/image\/\",\"url\":\"https:\/\/teammutantecuador.com\/wp-content\/uploads\/2026\/01\/Diseno-sin-titulo-97.png\",\"contentUrl\":\"https:\/\/teammutantecuador.com\/wp-content\/uploads\/2026\/01\/Diseno-sin-titulo-97.png\",\"width\":500,\"height\":300,\"caption\":\"Team Mutan Ecuador\"},\"image\":{\"@id\":\"https:\/\/teammutantecuador.com\/#\/schema\/logo\/image\/\"}}]}<\/script>\n<!-- \/ Yoast SEO plugin. -->","yoast_head_json":{"title":"GLUTAMIE DRIVE 300G - Team Mutan Ecuador","description":"GLUTAMIE DRIVE 300G Glutamine Drive de Nutrex es un suplemento elaborado totalmente de glutamina que nos ayudar\u00e1 a desarrollar nuestra masa muscular, evitar\u00e1 el catabolismo y acelerar\u00e1 la recuperaci\u00f3n. Glutamine Drive Black ser\u00e1 ideal para fases de definici\u00f3n o en \u00e9opcas de m\u00e1xima demanda energ\u00e9tica.","robots":{"index":"index","follow":"follow","max-snippet":"max-snippet:-1","max-image-preview":"max-image-preview:large","max-video-preview":"max-video-preview:-1"},"canonical":"https:\/\/teammutantecuador.com\/?product=glutamie-drive-300g","og_locale":"es_ES","og_type":"article","og_title":"GLUTAMIE DRIVE 300G - Team Mutan Ecuador","og_description":"GLUTAMIE DRIVE 300G Glutamine Drive de Nutrex es un suplemento elaborado totalmente de glutamina que nos ayudar\u00e1 a desarrollar nuestra masa muscular, evitar\u00e1 el catabolismo y acelerar\u00e1 la recuperaci\u00f3n. Glutamine Drive Black ser\u00e1 ideal para fases de definici\u00f3n o en \u00e9opcas de m\u00e1xima demanda energ\u00e9tica.","og_url":"https:\/\/teammutantecuador.com\/?product=glutamie-drive-300g","og_site_name":"Team Mutan Ecuador","article_modified_time":"2026-01-17T16:03:39+00:00","twitter_card":"summary_large_image","twitter_misc":{"Tiempo de lectura":"1 minuto"},"schema":{"@context":"https:\/\/schema.org","@graph":[{"@type":"WebPage","@id":"https:\/\/teammutantecuador.com\/?product=glutamie-drive-300g","url":"https:\/\/teammutantecuador.com\/?product=glutamie-drive-300g","name":"GLUTAMIE DRIVE 300G - Team Mutan Ecuador","isPartOf":{"@id":"https:\/\/teammutantecuador.com\/#website"},"datePublished":"2026-01-17T16:03:36+00:00","dateModified":"2026-01-17T16:03:39+00:00","description":"GLUTAMIE DRIVE 300G Glutamine Drive de Nutrex es un suplemento elaborado totalmente de glutamina que nos ayudar\u00e1 a desarrollar nuestra masa muscular, evitar\u00e1 el catabolismo y acelerar\u00e1 la recuperaci\u00f3n. Glutamine Drive Black ser\u00e1 ideal para fases de definici\u00f3n o en \u00e9opcas de m\u00e1xima demanda energ\u00e9tica.","breadcrumb":{"@id":"https:\/\/teammutantecuador.com\/?product=glutamie-drive-300g#breadcrumb"},"inLanguage":"es","potentialAction":[{"@type":"ReadAction","target":["https:\/\/teammutantecuador.com\/?product=glutamie-drive-300g"]}]},{"@type":"BreadcrumbList","@id":"https:\/\/teammutantecuador.com\/?product=glutamie-drive-300g#breadcrumb","itemListElement":[{"@type":"ListItem","position":1,"name":"Portada","item":"https:\/\/teammutantecuador.com\/"},{"@type":"ListItem","position":2,"name":"Shop","item":"https:\/\/teammutantecuador.com\/?page_id=6"},{"@type":"ListItem","position":3,"name":"GLUTAMIE DRIVE 300G"}]},{"@type":"WebSite","@id":"https:\/\/teammutantecuador.com\/#website","url":"https:\/\/teammutantecuador.com\/","name":"Team Mutan Ecuador","description":"Just another WordPress site","publisher":{"@id":"https:\/\/teammutantecuador.com\/#organization"},"potentialAction":[{"@type":"SearchAction","target":{"@type":"EntryPoint","urlTemplate":"https:\/\/teammutantecuador.com\/?s={search_term_string}"},"query-input":{"@type":"PropertyValueSpecification","valueRequired":true,"valueName":"search_term_string"}}],"inLanguage":"es"},{"@type":"Organization","@id":"https:\/\/teammutantecuador.com\/#organization","name":"Team Mutan Ecuador","url":"https:\/\/teammutantecuador.com\/","logo":{"@type":"ImageObject","inLanguage":"es","@id":"https:\/\/teammutantecuador.com\/#\/schema\/logo\/image\/","url":"https:\/\/teammutantecuador.com\/wp-content\/uploads\/2026\/01\/Diseno-sin-titulo-97.png","contentUrl":"https:\/\/teammutantecuador.com\/wp-content\/uploads\/2026\/01\/Diseno-sin-titulo-97.png","width":500,"height":300,"caption":"Team Mutan Ecuador"},"image":{"@id":"https:\/\/teammutantecuador.com\/#\/schema\/logo\/image\/"}}]}},"_links":{"self":[{"href":"https:\/\/teammutantecuador.com\/index.php?rest_route=\/wp\/v2\/product\/1324","targetHints":{"allow":["GET"]}}],"collection":[{"href":"https:\/\/teammutantecuador.com\/index.php?rest_route=\/wp\/v2\/product"}],"about":[{"href":"https:\/\/teammutantecuador.com\/index.php?rest_route=\/wp\/v2\/types\/product"}],"replies":[{"embeddable":true,"href":"https:\/\/teammutantecuador.com\/index.php?rest_route=%2Fwp%2Fv2%2Fcomments&post=1324"}],"wp:attachment":[{"href":"https:\/\/teammutantecuador.com\/index.php?rest_route=%2Fwp%2Fv2%2Fmedia&parent=1324"}],"wp:term":[{"taxonomy":"product_brand","embeddable":true,"href":"https:\/\/teammutantecuador.com\/index.php?rest_route=%2Fwp%2Fv2%2Fproduct_brand&post=1324"},{"taxonomy":"product_cat","embeddable":true,"href":"https:\/\/teammutantecuador.com\/index.php?rest_route=%2Fwp%2Fv2%2Fproduct_cat&post=1324"},{"taxonomy":"product_tag","embeddable":true,"href":"https:\/\/teammutantecuador.com\/index.php?rest_route=%2Fwp%2Fv2%2Fproduct_tag&post=1324"}],"curies":[{"name":"wp","href":"https:\/\/api.w.org\/{rel}","templated":true}]}}