{"id":1317,"date":"2026-01-17T16:03:35","date_gmt":"2026-01-17T16:03:35","guid":{"rendered":"https:\/\/teammutantecuador.com\/?post_type=product&#038;p=1317"},"modified":"2026-01-17T16:03:38","modified_gmt":"2026-01-17T16:03:38","slug":"creatina-1kg-ronie-coleman","status":"publish","type":"product","link":"https:\/\/teammutantecuador.com\/?product=creatina-1kg-ronie-coleman","title":{"rendered":"CREATINA 1KG RONIE COLEMAN"},"content":{"rendered":"<p>CREATINA 1KG RONIE COLEMAN<\/p>\n<p>La Creatina es uno de los suplementos m\u00e1s investigados cient\u00edficamente de todos los tiempos y ha demostrado una y otra vez su valor en el mundo de los suplementos. La Creatina apoya la producci\u00f3n de ATP, la principal fuente de energ\u00eda de los m\u00fasculos en el cuerpo.<\/p>\n<p>La Creatina combinada con Beta\u00edna y prote\u00ednas de calidad ayuda a crear el mejor ambiente posible para que tus m\u00fasculos se curen despu\u00e9s del entrenamiento.<\/p>\n<ul>\n<li>5G Creatina por Servicio<\/li>\n<li>Certificaciones cGMP<\/li>\n<li>Fabricado en los Estados Unidos.<\/li>\n<\/ul>\n","protected":false},"excerpt":{"rendered":"<p>La Creatina es uno de los suplementos m\u00e1s investigados cient\u00edficamente de todos los tiempos y ha demostrado una y otra vez su valor en el mundo de los suplementos. La Creatina apoya la producci\u00f3n de ATP, la principal fuente de energ\u00eda de los m\u00fasculos en el cuerpo.<\/p>\n","protected":false},"featured_media":0,"comment_status":"open","ping_status":"closed","template":"","meta":[],"product_brand":[],"product_cat":[77],"product_tag":[78,65],"class_list":{"0":"post-1317","1":"product","2":"type-product","3":"status-publish","5":"product_cat-creatinas","6":"product_tag-creatina","7":"product_tag-ronnie-coleman","9":"first","10":"outofstock","11":"shipping-taxable","12":"purchasable","13":"product-type-simple"},"yoast_head":"<!-- This site is optimized with the Yoast SEO plugin v26.8 - https:\/\/yoast.com\/product\/yoast-seo-wordpress\/ -->\n<title>CREATINA 1KG RONIE COLEMAN - Team Mutan Ecuador<\/title>\n<meta name=\"description\" content=\"CREATINA 1KG RONIE COLEMAN La Creatina es uno de los suplementos m\u00e1s investigados cient\u00edficamente de todos los tiempos y ha demostrado una y otra vez su valor en el mundo de los suplementos. La Creatina apoya la producci\u00f3n de ATP, la principal fuente de energ\u00eda de los m\u00fasculos en el cuerpo.\" \/>\n<meta name=\"robots\" content=\"index, follow, max-snippet:-1, max-image-preview:large, max-video-preview:-1\" \/>\n<link rel=\"canonical\" href=\"https:\/\/teammutantecuador.com\/?product=creatina-1kg-ronie-coleman\" \/>\n<meta property=\"og:locale\" content=\"es_ES\" \/>\n<meta property=\"og:type\" content=\"article\" \/>\n<meta property=\"og:title\" content=\"CREATINA 1KG RONIE COLEMAN - Team Mutan Ecuador\" \/>\n<meta property=\"og:description\" content=\"CREATINA 1KG RONIE COLEMAN La Creatina es uno de los suplementos m\u00e1s investigados cient\u00edficamente de todos los tiempos y ha demostrado una y otra vez su valor en el mundo de los suplementos. La Creatina apoya la producci\u00f3n de ATP, la principal fuente de energ\u00eda de los m\u00fasculos en el cuerpo.\" \/>\n<meta property=\"og:url\" content=\"https:\/\/teammutantecuador.com\/?product=creatina-1kg-ronie-coleman\" \/>\n<meta property=\"og:site_name\" content=\"Team Mutan Ecuador\" \/>\n<meta property=\"article:modified_time\" content=\"2026-01-17T16:03:38+00:00\" \/>\n<meta name=\"twitter:card\" content=\"summary_large_image\" \/>\n<script type=\"application\/ld+json\" class=\"yoast-schema-graph\">{\"@context\":\"https:\/\/schema.org\",\"@graph\":[{\"@type\":\"WebPage\",\"@id\":\"https:\/\/teammutantecuador.com\/?product=creatina-1kg-ronie-coleman\",\"url\":\"https:\/\/teammutantecuador.com\/?product=creatina-1kg-ronie-coleman\",\"name\":\"CREATINA 1KG RONIE COLEMAN - Team Mutan Ecuador\",\"isPartOf\":{\"@id\":\"https:\/\/teammutantecuador.com\/#website\"},\"datePublished\":\"2026-01-17T16:03:35+00:00\",\"dateModified\":\"2026-01-17T16:03:38+00:00\",\"description\":\"CREATINA 1KG RONIE COLEMAN La Creatina es uno de los suplementos m\u00e1s investigados cient\u00edficamente de todos los tiempos y ha demostrado una y otra vez su valor en el mundo de los suplementos. La Creatina apoya la producci\u00f3n de ATP, la principal fuente de energ\u00eda de los m\u00fasculos en el cuerpo.\",\"breadcrumb\":{\"@id\":\"https:\/\/teammutantecuador.com\/?product=creatina-1kg-ronie-coleman#breadcrumb\"},\"inLanguage\":\"es\",\"potentialAction\":[{\"@type\":\"ReadAction\",\"target\":[\"https:\/\/teammutantecuador.com\/?product=creatina-1kg-ronie-coleman\"]}]},{\"@type\":\"BreadcrumbList\",\"@id\":\"https:\/\/teammutantecuador.com\/?product=creatina-1kg-ronie-coleman#breadcrumb\",\"itemListElement\":[{\"@type\":\"ListItem\",\"position\":1,\"name\":\"Portada\",\"item\":\"https:\/\/teammutantecuador.com\/\"},{\"@type\":\"ListItem\",\"position\":2,\"name\":\"Shop\",\"item\":\"https:\/\/teammutantecuador.com\/?page_id=6\"},{\"@type\":\"ListItem\",\"position\":3,\"name\":\"CREATINA 1KG RONIE COLEMAN\"}]},{\"@type\":\"WebSite\",\"@id\":\"https:\/\/teammutantecuador.com\/#website\",\"url\":\"https:\/\/teammutantecuador.com\/\",\"name\":\"Team Mutan Ecuador\",\"description\":\"Just another WordPress site\",\"publisher\":{\"@id\":\"https:\/\/teammutantecuador.com\/#organization\"},\"potentialAction\":[{\"@type\":\"SearchAction\",\"target\":{\"@type\":\"EntryPoint\",\"urlTemplate\":\"https:\/\/teammutantecuador.com\/?s={search_term_string}\"},\"query-input\":{\"@type\":\"PropertyValueSpecification\",\"valueRequired\":true,\"valueName\":\"search_term_string\"}}],\"inLanguage\":\"es\"},{\"@type\":\"Organization\",\"@id\":\"https:\/\/teammutantecuador.com\/#organization\",\"name\":\"Team Mutan Ecuador\",\"url\":\"https:\/\/teammutantecuador.com\/\",\"logo\":{\"@type\":\"ImageObject\",\"inLanguage\":\"es\",\"@id\":\"https:\/\/teammutantecuador.com\/#\/schema\/logo\/image\/\",\"url\":\"https:\/\/teammutantecuador.com\/wp-content\/uploads\/2026\/01\/Diseno-sin-titulo-97.png\",\"contentUrl\":\"https:\/\/teammutantecuador.com\/wp-content\/uploads\/2026\/01\/Diseno-sin-titulo-97.png\",\"width\":500,\"height\":300,\"caption\":\"Team Mutan Ecuador\"},\"image\":{\"@id\":\"https:\/\/teammutantecuador.com\/#\/schema\/logo\/image\/\"}}]}<\/script>\n<!-- \/ Yoast SEO plugin. -->","yoast_head_json":{"title":"CREATINA 1KG RONIE COLEMAN - Team Mutan Ecuador","description":"CREATINA 1KG RONIE COLEMAN La Creatina es uno de los suplementos m\u00e1s investigados cient\u00edficamente de todos los tiempos y ha demostrado una y otra vez su valor en el mundo de los suplementos. La Creatina apoya la producci\u00f3n de ATP, la principal fuente de energ\u00eda de los m\u00fasculos en el cuerpo.","robots":{"index":"index","follow":"follow","max-snippet":"max-snippet:-1","max-image-preview":"max-image-preview:large","max-video-preview":"max-video-preview:-1"},"canonical":"https:\/\/teammutantecuador.com\/?product=creatina-1kg-ronie-coleman","og_locale":"es_ES","og_type":"article","og_title":"CREATINA 1KG RONIE COLEMAN - Team Mutan Ecuador","og_description":"CREATINA 1KG RONIE COLEMAN La Creatina es uno de los suplementos m\u00e1s investigados cient\u00edficamente de todos los tiempos y ha demostrado una y otra vez su valor en el mundo de los suplementos. La Creatina apoya la producci\u00f3n de ATP, la principal fuente de energ\u00eda de los m\u00fasculos en el cuerpo.","og_url":"https:\/\/teammutantecuador.com\/?product=creatina-1kg-ronie-coleman","og_site_name":"Team Mutan Ecuador","article_modified_time":"2026-01-17T16:03:38+00:00","twitter_card":"summary_large_image","schema":{"@context":"https:\/\/schema.org","@graph":[{"@type":"WebPage","@id":"https:\/\/teammutantecuador.com\/?product=creatina-1kg-ronie-coleman","url":"https:\/\/teammutantecuador.com\/?product=creatina-1kg-ronie-coleman","name":"CREATINA 1KG RONIE COLEMAN - Team Mutan Ecuador","isPartOf":{"@id":"https:\/\/teammutantecuador.com\/#website"},"datePublished":"2026-01-17T16:03:35+00:00","dateModified":"2026-01-17T16:03:38+00:00","description":"CREATINA 1KG RONIE COLEMAN La Creatina es uno de los suplementos m\u00e1s investigados cient\u00edficamente de todos los tiempos y ha demostrado una y otra vez su valor en el mundo de los suplementos. La Creatina apoya la producci\u00f3n de ATP, la principal fuente de energ\u00eda de los m\u00fasculos en el cuerpo.","breadcrumb":{"@id":"https:\/\/teammutantecuador.com\/?product=creatina-1kg-ronie-coleman#breadcrumb"},"inLanguage":"es","potentialAction":[{"@type":"ReadAction","target":["https:\/\/teammutantecuador.com\/?product=creatina-1kg-ronie-coleman"]}]},{"@type":"BreadcrumbList","@id":"https:\/\/teammutantecuador.com\/?product=creatina-1kg-ronie-coleman#breadcrumb","itemListElement":[{"@type":"ListItem","position":1,"name":"Portada","item":"https:\/\/teammutantecuador.com\/"},{"@type":"ListItem","position":2,"name":"Shop","item":"https:\/\/teammutantecuador.com\/?page_id=6"},{"@type":"ListItem","position":3,"name":"CREATINA 1KG RONIE COLEMAN"}]},{"@type":"WebSite","@id":"https:\/\/teammutantecuador.com\/#website","url":"https:\/\/teammutantecuador.com\/","name":"Team Mutan Ecuador","description":"Just another WordPress site","publisher":{"@id":"https:\/\/teammutantecuador.com\/#organization"},"potentialAction":[{"@type":"SearchAction","target":{"@type":"EntryPoint","urlTemplate":"https:\/\/teammutantecuador.com\/?s={search_term_string}"},"query-input":{"@type":"PropertyValueSpecification","valueRequired":true,"valueName":"search_term_string"}}],"inLanguage":"es"},{"@type":"Organization","@id":"https:\/\/teammutantecuador.com\/#organization","name":"Team Mutan Ecuador","url":"https:\/\/teammutantecuador.com\/","logo":{"@type":"ImageObject","inLanguage":"es","@id":"https:\/\/teammutantecuador.com\/#\/schema\/logo\/image\/","url":"https:\/\/teammutantecuador.com\/wp-content\/uploads\/2026\/01\/Diseno-sin-titulo-97.png","contentUrl":"https:\/\/teammutantecuador.com\/wp-content\/uploads\/2026\/01\/Diseno-sin-titulo-97.png","width":500,"height":300,"caption":"Team Mutan Ecuador"},"image":{"@id":"https:\/\/teammutantecuador.com\/#\/schema\/logo\/image\/"}}]}},"_links":{"self":[{"href":"https:\/\/teammutantecuador.com\/index.php?rest_route=\/wp\/v2\/product\/1317","targetHints":{"allow":["GET"]}}],"collection":[{"href":"https:\/\/teammutantecuador.com\/index.php?rest_route=\/wp\/v2\/product"}],"about":[{"href":"https:\/\/teammutantecuador.com\/index.php?rest_route=\/wp\/v2\/types\/product"}],"replies":[{"embeddable":true,"href":"https:\/\/teammutantecuador.com\/index.php?rest_route=%2Fwp%2Fv2%2Fcomments&post=1317"}],"wp:attachment":[{"href":"https:\/\/teammutantecuador.com\/index.php?rest_route=%2Fwp%2Fv2%2Fmedia&parent=1317"}],"wp:term":[{"taxonomy":"product_brand","embeddable":true,"href":"https:\/\/teammutantecuador.com\/index.php?rest_route=%2Fwp%2Fv2%2Fproduct_brand&post=1317"},{"taxonomy":"product_cat","embeddable":true,"href":"https:\/\/teammutantecuador.com\/index.php?rest_route=%2Fwp%2Fv2%2Fproduct_cat&post=1317"},{"taxonomy":"product_tag","embeddable":true,"href":"https:\/\/teammutantecuador.com\/index.php?rest_route=%2Fwp%2Fv2%2Fproduct_tag&post=1317"}],"curies":[{"name":"wp","href":"https:\/\/api.w.org\/{rel}","templated":true}]}}