{"id":1309,"date":"2026-01-17T16:03:35","date_gmt":"2026-01-17T16:03:35","guid":{"rendered":"https:\/\/teammutantecuador.com\/?post_type=product&#038;p=1309"},"modified":"2026-01-17T16:03:37","modified_gmt":"2026-01-17T16:03:37","slug":"c4-90-servidas-fruit-punch","status":"publish","type":"product","link":"https:\/\/teammutantecuador.com\/?product=c4-90-servidas-fruit-punch","title":{"rendered":"C4-90 SERVIDAS FRUIT PUNCH"},"content":{"rendered":"<p>C4-90 SERVIDAS FRUIT PUNCH<\/p>\n<p>Energ\u00eda explosiva, mayor concentraci\u00f3n y una necesidad abrumadora de enfrentar cualquier desaf\u00edo \u2026 esa es la experiencia C4. * Millones de personas, desde principiantes hasta competidores de \u00e9lite, han confiado en C4 para ayudarlos a convertir sus ambiciones en logros. .<\/p>\n<p>Como el primer entrenamiento de venta en los Estados Unidos, C4 Original hace honor a su s\u00f3lida reputaci\u00f3n con una f\u00f3rmula cl\u00e1sica para energ\u00eda avanzada, resistencia, concentraci\u00f3n y bombas. * Pero con un nuevo dise\u00f1o de botella y m\u00e1s opciones de sabores deliciosos para que elija, usted Sentir\u00e9 que es la primera vez que experimenta el C4 que conoce y ama.<\/p>\n<p>Ya sea que est\u00e9 comenzando un viaje f\u00edsico o est\u00e9 tratando de alcanzar ese nivel, C4 Original lo ayudar\u00e1 a aprovechar todo su potencial.<\/p>\n","protected":false},"excerpt":{"rendered":"<p>Energ\u00eda explosiva, mayor concentraci\u00f3n y una necesidad abrumadora de enfrentar cualquier desaf\u00edo \u2026 esa es la experiencia C4. * Millones de personas, desde principiantes hasta competidores de \u00e9lite, han confiado en C4 para ayudarlos a convertir sus ambiciones en logros.<\/p>\n","protected":false},"featured_media":0,"comment_status":"open","ping_status":"closed","template":"","meta":[],"product_brand":[],"product_cat":[365],"product_tag":[69,70,71],"class_list":{"0":"post-1309","1":"product","2":"type-product","3":"status-publish","5":"product_cat-pre-entreno","6":"product_tag-cellucor","7":"product_tag-pre-entreno","8":"product_tag-pre-workour","10":"first","11":"outofstock","12":"shipping-taxable","13":"purchasable","14":"product-type-simple"},"yoast_head":"<!-- This site is optimized with the Yoast SEO plugin v26.8 - https:\/\/yoast.com\/product\/yoast-seo-wordpress\/ -->\n<title>C4-90 SERVIDAS FRUIT PUNCH - Team Mutan Ecuador<\/title>\n<meta name=\"description\" content=\"Energ\u00eda explosiva, mayor concentraci\u00f3n y una necesidad abrumadora de enfrentar cualquier desaf\u00edo \u2026 esa es la experiencia C4. * Millones de personas, desde principiantes hasta competidores de \u00e9lite, han confiado en C4 para ayudarlos a convertir sus ambiciones en logros.\" \/>\n<meta name=\"robots\" content=\"index, follow, max-snippet:-1, max-image-preview:large, max-video-preview:-1\" \/>\n<link rel=\"canonical\" href=\"https:\/\/teammutantecuador.com\/?product=c4-90-servidas-fruit-punch\" \/>\n<meta property=\"og:locale\" content=\"es_ES\" \/>\n<meta property=\"og:type\" content=\"article\" \/>\n<meta property=\"og:title\" content=\"C4-90 SERVIDAS FRUIT PUNCH - Team Mutan Ecuador\" \/>\n<meta property=\"og:description\" content=\"Energ\u00eda explosiva, mayor concentraci\u00f3n y una necesidad abrumadora de enfrentar cualquier desaf\u00edo \u2026 esa es la experiencia C4. * Millones de personas, desde principiantes hasta competidores de \u00e9lite, han confiado en C4 para ayudarlos a convertir sus ambiciones en logros.\" \/>\n<meta property=\"og:url\" content=\"https:\/\/teammutantecuador.com\/?product=c4-90-servidas-fruit-punch\" \/>\n<meta property=\"og:site_name\" content=\"Team Mutan Ecuador\" \/>\n<meta property=\"article:modified_time\" content=\"2026-01-17T16:03:37+00:00\" \/>\n<meta name=\"twitter:card\" content=\"summary_large_image\" \/>\n<meta name=\"twitter:label1\" content=\"Tiempo de lectura\" \/>\n\t<meta name=\"twitter:data1\" content=\"1 minuto\" \/>\n<script type=\"application\/ld+json\" class=\"yoast-schema-graph\">{\"@context\":\"https:\/\/schema.org\",\"@graph\":[{\"@type\":\"WebPage\",\"@id\":\"https:\/\/teammutantecuador.com\/?product=c4-90-servidas-fruit-punch\",\"url\":\"https:\/\/teammutantecuador.com\/?product=c4-90-servidas-fruit-punch\",\"name\":\"C4-90 SERVIDAS FRUIT PUNCH - Team Mutan Ecuador\",\"isPartOf\":{\"@id\":\"https:\/\/teammutantecuador.com\/#website\"},\"datePublished\":\"2026-01-17T16:03:35+00:00\",\"dateModified\":\"2026-01-17T16:03:37+00:00\",\"description\":\"Energ\u00eda explosiva, mayor concentraci\u00f3n y una necesidad abrumadora de enfrentar cualquier desaf\u00edo \u2026 esa es la experiencia C4. * Millones de personas, desde principiantes hasta competidores de \u00e9lite, han confiado en C4 para ayudarlos a convertir sus ambiciones en logros.\",\"breadcrumb\":{\"@id\":\"https:\/\/teammutantecuador.com\/?product=c4-90-servidas-fruit-punch#breadcrumb\"},\"inLanguage\":\"es\",\"potentialAction\":[{\"@type\":\"ReadAction\",\"target\":[\"https:\/\/teammutantecuador.com\/?product=c4-90-servidas-fruit-punch\"]}]},{\"@type\":\"BreadcrumbList\",\"@id\":\"https:\/\/teammutantecuador.com\/?product=c4-90-servidas-fruit-punch#breadcrumb\",\"itemListElement\":[{\"@type\":\"ListItem\",\"position\":1,\"name\":\"Portada\",\"item\":\"https:\/\/teammutantecuador.com\/\"},{\"@type\":\"ListItem\",\"position\":2,\"name\":\"Shop\",\"item\":\"https:\/\/teammutantecuador.com\/?page_id=6\"},{\"@type\":\"ListItem\",\"position\":3,\"name\":\"C4-90 SERVIDAS FRUIT PUNCH\"}]},{\"@type\":\"WebSite\",\"@id\":\"https:\/\/teammutantecuador.com\/#website\",\"url\":\"https:\/\/teammutantecuador.com\/\",\"name\":\"Team Mutan Ecuador\",\"description\":\"Just another WordPress site\",\"publisher\":{\"@id\":\"https:\/\/teammutantecuador.com\/#organization\"},\"potentialAction\":[{\"@type\":\"SearchAction\",\"target\":{\"@type\":\"EntryPoint\",\"urlTemplate\":\"https:\/\/teammutantecuador.com\/?s={search_term_string}\"},\"query-input\":{\"@type\":\"PropertyValueSpecification\",\"valueRequired\":true,\"valueName\":\"search_term_string\"}}],\"inLanguage\":\"es\"},{\"@type\":\"Organization\",\"@id\":\"https:\/\/teammutantecuador.com\/#organization\",\"name\":\"Team Mutan Ecuador\",\"url\":\"https:\/\/teammutantecuador.com\/\",\"logo\":{\"@type\":\"ImageObject\",\"inLanguage\":\"es\",\"@id\":\"https:\/\/teammutantecuador.com\/#\/schema\/logo\/image\/\",\"url\":\"https:\/\/teammutantecuador.com\/wp-content\/uploads\/2026\/01\/Diseno-sin-titulo-97.png\",\"contentUrl\":\"https:\/\/teammutantecuador.com\/wp-content\/uploads\/2026\/01\/Diseno-sin-titulo-97.png\",\"width\":500,\"height\":300,\"caption\":\"Team Mutan Ecuador\"},\"image\":{\"@id\":\"https:\/\/teammutantecuador.com\/#\/schema\/logo\/image\/\"}}]}<\/script>\n<!-- \/ Yoast SEO plugin. -->","yoast_head_json":{"title":"C4-90 SERVIDAS FRUIT PUNCH - Team Mutan Ecuador","description":"Energ\u00eda explosiva, mayor concentraci\u00f3n y una necesidad abrumadora de enfrentar cualquier desaf\u00edo \u2026 esa es la experiencia C4. * Millones de personas, desde principiantes hasta competidores de \u00e9lite, han confiado en C4 para ayudarlos a convertir sus ambiciones en logros.","robots":{"index":"index","follow":"follow","max-snippet":"max-snippet:-1","max-image-preview":"max-image-preview:large","max-video-preview":"max-video-preview:-1"},"canonical":"https:\/\/teammutantecuador.com\/?product=c4-90-servidas-fruit-punch","og_locale":"es_ES","og_type":"article","og_title":"C4-90 SERVIDAS FRUIT PUNCH - Team Mutan Ecuador","og_description":"Energ\u00eda explosiva, mayor concentraci\u00f3n y una necesidad abrumadora de enfrentar cualquier desaf\u00edo \u2026 esa es la experiencia C4. * Millones de personas, desde principiantes hasta competidores de \u00e9lite, han confiado en C4 para ayudarlos a convertir sus ambiciones en logros.","og_url":"https:\/\/teammutantecuador.com\/?product=c4-90-servidas-fruit-punch","og_site_name":"Team Mutan Ecuador","article_modified_time":"2026-01-17T16:03:37+00:00","twitter_card":"summary_large_image","twitter_misc":{"Tiempo de lectura":"1 minuto"},"schema":{"@context":"https:\/\/schema.org","@graph":[{"@type":"WebPage","@id":"https:\/\/teammutantecuador.com\/?product=c4-90-servidas-fruit-punch","url":"https:\/\/teammutantecuador.com\/?product=c4-90-servidas-fruit-punch","name":"C4-90 SERVIDAS FRUIT PUNCH - Team Mutan Ecuador","isPartOf":{"@id":"https:\/\/teammutantecuador.com\/#website"},"datePublished":"2026-01-17T16:03:35+00:00","dateModified":"2026-01-17T16:03:37+00:00","description":"Energ\u00eda explosiva, mayor concentraci\u00f3n y una necesidad abrumadora de enfrentar cualquier desaf\u00edo \u2026 esa es la experiencia C4. * Millones de personas, desde principiantes hasta competidores de \u00e9lite, han confiado en C4 para ayudarlos a convertir sus ambiciones en logros.","breadcrumb":{"@id":"https:\/\/teammutantecuador.com\/?product=c4-90-servidas-fruit-punch#breadcrumb"},"inLanguage":"es","potentialAction":[{"@type":"ReadAction","target":["https:\/\/teammutantecuador.com\/?product=c4-90-servidas-fruit-punch"]}]},{"@type":"BreadcrumbList","@id":"https:\/\/teammutantecuador.com\/?product=c4-90-servidas-fruit-punch#breadcrumb","itemListElement":[{"@type":"ListItem","position":1,"name":"Portada","item":"https:\/\/teammutantecuador.com\/"},{"@type":"ListItem","position":2,"name":"Shop","item":"https:\/\/teammutantecuador.com\/?page_id=6"},{"@type":"ListItem","position":3,"name":"C4-90 SERVIDAS FRUIT PUNCH"}]},{"@type":"WebSite","@id":"https:\/\/teammutantecuador.com\/#website","url":"https:\/\/teammutantecuador.com\/","name":"Team Mutan Ecuador","description":"Just another WordPress site","publisher":{"@id":"https:\/\/teammutantecuador.com\/#organization"},"potentialAction":[{"@type":"SearchAction","target":{"@type":"EntryPoint","urlTemplate":"https:\/\/teammutantecuador.com\/?s={search_term_string}"},"query-input":{"@type":"PropertyValueSpecification","valueRequired":true,"valueName":"search_term_string"}}],"inLanguage":"es"},{"@type":"Organization","@id":"https:\/\/teammutantecuador.com\/#organization","name":"Team Mutan Ecuador","url":"https:\/\/teammutantecuador.com\/","logo":{"@type":"ImageObject","inLanguage":"es","@id":"https:\/\/teammutantecuador.com\/#\/schema\/logo\/image\/","url":"https:\/\/teammutantecuador.com\/wp-content\/uploads\/2026\/01\/Diseno-sin-titulo-97.png","contentUrl":"https:\/\/teammutantecuador.com\/wp-content\/uploads\/2026\/01\/Diseno-sin-titulo-97.png","width":500,"height":300,"caption":"Team Mutan Ecuador"},"image":{"@id":"https:\/\/teammutantecuador.com\/#\/schema\/logo\/image\/"}}]}},"_links":{"self":[{"href":"https:\/\/teammutantecuador.com\/index.php?rest_route=\/wp\/v2\/product\/1309","targetHints":{"allow":["GET"]}}],"collection":[{"href":"https:\/\/teammutantecuador.com\/index.php?rest_route=\/wp\/v2\/product"}],"about":[{"href":"https:\/\/teammutantecuador.com\/index.php?rest_route=\/wp\/v2\/types\/product"}],"replies":[{"embeddable":true,"href":"https:\/\/teammutantecuador.com\/index.php?rest_route=%2Fwp%2Fv2%2Fcomments&post=1309"}],"wp:attachment":[{"href":"https:\/\/teammutantecuador.com\/index.php?rest_route=%2Fwp%2Fv2%2Fmedia&parent=1309"}],"wp:term":[{"taxonomy":"product_brand","embeddable":true,"href":"https:\/\/teammutantecuador.com\/index.php?rest_route=%2Fwp%2Fv2%2Fproduct_brand&post=1309"},{"taxonomy":"product_cat","embeddable":true,"href":"https:\/\/teammutantecuador.com\/index.php?rest_route=%2Fwp%2Fv2%2Fproduct_cat&post=1309"},{"taxonomy":"product_tag","embeddable":true,"href":"https:\/\/teammutantecuador.com\/index.php?rest_route=%2Fwp%2Fv2%2Fproduct_tag&post=1309"}],"curies":[{"name":"wp","href":"https:\/\/api.w.org\/{rel}","templated":true}]}}