{"id":1301,"date":"2026-01-17T16:03:35","date_gmt":"2026-01-17T16:03:35","guid":{"rendered":"https:\/\/teammutantecuador.com\/?post_type=product&#038;p=1301"},"modified":"2026-01-17T16:03:36","modified_gmt":"2026-01-17T16:03:36","slug":"bulk-muscle-chocolate-15lbs-bpi","status":"publish","type":"product","link":"https:\/\/teammutantecuador.com\/?product=bulk-muscle-chocolate-15lbs-bpi","title":{"rendered":"BULK MUSCLE CHOCOLATE 15LBS BPI"},"content":{"rendered":"<p>BULK MUSCLE CHOCOLATE 15LBS BPI<\/p>\n<p><span>Si buscas ser masivo, no busques m\u00e1s.\u00a0Bulk Muscle de BPI Sports pasa a la persecuci\u00f3n y finaliza su b\u00fasqueda perdida de tiempo para un ganador masivo que se adapte a usted.\u00a050 gramos de prote\u00edna de alta calidad por porci\u00f3n junto con 820 calor\u00edas aseguran que coseches las recompensas de tu tiempo en el gimnasio.<\/span><\/p>\n<p><span>Su f\u00f3rmula cuidadosamente analizada est\u00e1 repleta de BCAA, CLA, fibra y todas las cosas buenas, mientras se mantiene bajo en az\u00facares y grasas malas.\u00a0El enfoque se mantiene en la construcci\u00f3n y recuperaci\u00f3n muscular, nada m\u00e1s.\u00a0Sin embargo, el sabor nunca se ve comprometido.\u00a0Si est\u00e1s buscando crecer, Bulk Muscle.<\/span><\/p>\n","protected":false},"excerpt":{"rendered":"<p>Si buscas ser masivo, no busques m\u00e1s.\u00a0Bulk Muscle de BPI Sports pasa a la persecuci\u00f3n y finaliza su b\u00fasqueda perdida de tiempo para un ganador masivo que se adapte a usted.\u00a050 gramos de prote\u00edna de alta calidad por porci\u00f3n junto con 820 calor\u00edas aseguran que coseches las recompensas de tu tiempo en el gimnasio.<\/p>\n","protected":false},"featured_media":0,"comment_status":"open","ping_status":"closed","template":"","meta":[],"product_brand":[],"product_cat":[354],"product_tag":[75,366,61],"class_list":{"0":"post-1301","1":"product","2":"type-product","3":"status-publish","5":"product_cat-ganadores-de-peso","6":"product_tag-bpisport","7":"product_tag-bulk-muscle","8":"product_tag-ganador-de-peso","10":"first","11":"outofstock","12":"shipping-taxable","13":"purchasable","14":"product-type-simple"},"yoast_head":"<!-- This site is optimized with the Yoast SEO plugin v26.8 - https:\/\/yoast.com\/product\/yoast-seo-wordpress\/ -->\n<title>BULK MUSCLE CHOCOLATE 15LBS BPI - Team Mutan Ecuador<\/title>\n<meta name=\"description\" content=\"BULK MUSCLE CHOCOLATE 15LBS BPI Si buscas ser masivo, no busques m\u00e1s.\u00a0Bulk Muscle de BPI Sports pasa a la persecuci\u00f3n y finaliza su b\u00fasqueda perdida de tiempo para un ganador masivo que se adapte a usted.\u00a050 gramos de prote\u00edna de alta calidad por porci\u00f3n junto con 820 calor\u00edas aseguran que coseches las recompensas de tu tiempo en el gimnasio.\" \/>\n<meta name=\"robots\" content=\"index, follow, max-snippet:-1, max-image-preview:large, max-video-preview:-1\" \/>\n<link rel=\"canonical\" href=\"https:\/\/teammutantecuador.com\/?product=bulk-muscle-chocolate-15lbs-bpi\" \/>\n<meta property=\"og:locale\" content=\"es_ES\" \/>\n<meta property=\"og:type\" content=\"article\" \/>\n<meta property=\"og:title\" content=\"BULK MUSCLE CHOCOLATE 15LBS BPI - Team Mutan Ecuador\" \/>\n<meta property=\"og:description\" content=\"BULK MUSCLE CHOCOLATE 15LBS BPI Si buscas ser masivo, no busques m\u00e1s.\u00a0Bulk Muscle de BPI Sports pasa a la persecuci\u00f3n y finaliza su b\u00fasqueda perdida de tiempo para un ganador masivo que se adapte a usted.\u00a050 gramos de prote\u00edna de alta calidad por porci\u00f3n junto con 820 calor\u00edas aseguran que coseches las recompensas de tu tiempo en el gimnasio.\" \/>\n<meta property=\"og:url\" content=\"https:\/\/teammutantecuador.com\/?product=bulk-muscle-chocolate-15lbs-bpi\" \/>\n<meta property=\"og:site_name\" content=\"Team Mutan Ecuador\" \/>\n<meta property=\"article:modified_time\" content=\"2026-01-17T16:03:36+00:00\" \/>\n<meta name=\"twitter:card\" content=\"summary_large_image\" \/>\n<meta name=\"twitter:label1\" content=\"Tiempo de lectura\" \/>\n\t<meta name=\"twitter:data1\" content=\"1 minuto\" \/>\n<script type=\"application\/ld+json\" class=\"yoast-schema-graph\">{\"@context\":\"https:\/\/schema.org\",\"@graph\":[{\"@type\":\"WebPage\",\"@id\":\"https:\/\/teammutantecuador.com\/?product=bulk-muscle-chocolate-15lbs-bpi\",\"url\":\"https:\/\/teammutantecuador.com\/?product=bulk-muscle-chocolate-15lbs-bpi\",\"name\":\"BULK MUSCLE CHOCOLATE 15LBS BPI - Team Mutan Ecuador\",\"isPartOf\":{\"@id\":\"https:\/\/teammutantecuador.com\/#website\"},\"datePublished\":\"2026-01-17T16:03:35+00:00\",\"dateModified\":\"2026-01-17T16:03:36+00:00\",\"description\":\"BULK MUSCLE CHOCOLATE 15LBS BPI Si buscas ser masivo, no busques m\u00e1s.\u00a0Bulk Muscle de BPI Sports pasa a la persecuci\u00f3n y finaliza su b\u00fasqueda perdida de tiempo para un ganador masivo que se adapte a usted.\u00a050 gramos de prote\u00edna de alta calidad por porci\u00f3n junto con 820 calor\u00edas aseguran que coseches las recompensas de tu tiempo en el gimnasio.\",\"breadcrumb\":{\"@id\":\"https:\/\/teammutantecuador.com\/?product=bulk-muscle-chocolate-15lbs-bpi#breadcrumb\"},\"inLanguage\":\"es\",\"potentialAction\":[{\"@type\":\"ReadAction\",\"target\":[\"https:\/\/teammutantecuador.com\/?product=bulk-muscle-chocolate-15lbs-bpi\"]}]},{\"@type\":\"BreadcrumbList\",\"@id\":\"https:\/\/teammutantecuador.com\/?product=bulk-muscle-chocolate-15lbs-bpi#breadcrumb\",\"itemListElement\":[{\"@type\":\"ListItem\",\"position\":1,\"name\":\"Portada\",\"item\":\"https:\/\/teammutantecuador.com\/\"},{\"@type\":\"ListItem\",\"position\":2,\"name\":\"Shop\",\"item\":\"https:\/\/teammutantecuador.com\/?page_id=6\"},{\"@type\":\"ListItem\",\"position\":3,\"name\":\"BULK MUSCLE CHOCOLATE 15LBS BPI\"}]},{\"@type\":\"WebSite\",\"@id\":\"https:\/\/teammutantecuador.com\/#website\",\"url\":\"https:\/\/teammutantecuador.com\/\",\"name\":\"Team Mutan Ecuador\",\"description\":\"Just another WordPress site\",\"publisher\":{\"@id\":\"https:\/\/teammutantecuador.com\/#organization\"},\"potentialAction\":[{\"@type\":\"SearchAction\",\"target\":{\"@type\":\"EntryPoint\",\"urlTemplate\":\"https:\/\/teammutantecuador.com\/?s={search_term_string}\"},\"query-input\":{\"@type\":\"PropertyValueSpecification\",\"valueRequired\":true,\"valueName\":\"search_term_string\"}}],\"inLanguage\":\"es\"},{\"@type\":\"Organization\",\"@id\":\"https:\/\/teammutantecuador.com\/#organization\",\"name\":\"Team Mutan Ecuador\",\"url\":\"https:\/\/teammutantecuador.com\/\",\"logo\":{\"@type\":\"ImageObject\",\"inLanguage\":\"es\",\"@id\":\"https:\/\/teammutantecuador.com\/#\/schema\/logo\/image\/\",\"url\":\"https:\/\/teammutantecuador.com\/wp-content\/uploads\/2026\/01\/Diseno-sin-titulo-97.png\",\"contentUrl\":\"https:\/\/teammutantecuador.com\/wp-content\/uploads\/2026\/01\/Diseno-sin-titulo-97.png\",\"width\":500,\"height\":300,\"caption\":\"Team Mutan Ecuador\"},\"image\":{\"@id\":\"https:\/\/teammutantecuador.com\/#\/schema\/logo\/image\/\"}}]}<\/script>\n<!-- \/ Yoast SEO plugin. -->","yoast_head_json":{"title":"BULK MUSCLE CHOCOLATE 15LBS BPI - Team Mutan Ecuador","description":"BULK MUSCLE CHOCOLATE 15LBS BPI Si buscas ser masivo, no busques m\u00e1s.\u00a0Bulk Muscle de BPI Sports pasa a la persecuci\u00f3n y finaliza su b\u00fasqueda perdida de tiempo para un ganador masivo que se adapte a usted.\u00a050 gramos de prote\u00edna de alta calidad por porci\u00f3n junto con 820 calor\u00edas aseguran que coseches las recompensas de tu tiempo en el gimnasio.","robots":{"index":"index","follow":"follow","max-snippet":"max-snippet:-1","max-image-preview":"max-image-preview:large","max-video-preview":"max-video-preview:-1"},"canonical":"https:\/\/teammutantecuador.com\/?product=bulk-muscle-chocolate-15lbs-bpi","og_locale":"es_ES","og_type":"article","og_title":"BULK MUSCLE CHOCOLATE 15LBS BPI - Team Mutan Ecuador","og_description":"BULK MUSCLE CHOCOLATE 15LBS BPI Si buscas ser masivo, no busques m\u00e1s.\u00a0Bulk Muscle de BPI Sports pasa a la persecuci\u00f3n y finaliza su b\u00fasqueda perdida de tiempo para un ganador masivo que se adapte a usted.\u00a050 gramos de prote\u00edna de alta calidad por porci\u00f3n junto con 820 calor\u00edas aseguran que coseches las recompensas de tu tiempo en el gimnasio.","og_url":"https:\/\/teammutantecuador.com\/?product=bulk-muscle-chocolate-15lbs-bpi","og_site_name":"Team Mutan Ecuador","article_modified_time":"2026-01-17T16:03:36+00:00","twitter_card":"summary_large_image","twitter_misc":{"Tiempo de lectura":"1 minuto"},"schema":{"@context":"https:\/\/schema.org","@graph":[{"@type":"WebPage","@id":"https:\/\/teammutantecuador.com\/?product=bulk-muscle-chocolate-15lbs-bpi","url":"https:\/\/teammutantecuador.com\/?product=bulk-muscle-chocolate-15lbs-bpi","name":"BULK MUSCLE CHOCOLATE 15LBS BPI - Team Mutan Ecuador","isPartOf":{"@id":"https:\/\/teammutantecuador.com\/#website"},"datePublished":"2026-01-17T16:03:35+00:00","dateModified":"2026-01-17T16:03:36+00:00","description":"BULK MUSCLE CHOCOLATE 15LBS BPI Si buscas ser masivo, no busques m\u00e1s.\u00a0Bulk Muscle de BPI Sports pasa a la persecuci\u00f3n y finaliza su b\u00fasqueda perdida de tiempo para un ganador masivo que se adapte a usted.\u00a050 gramos de prote\u00edna de alta calidad por porci\u00f3n junto con 820 calor\u00edas aseguran que coseches las recompensas de tu tiempo en el gimnasio.","breadcrumb":{"@id":"https:\/\/teammutantecuador.com\/?product=bulk-muscle-chocolate-15lbs-bpi#breadcrumb"},"inLanguage":"es","potentialAction":[{"@type":"ReadAction","target":["https:\/\/teammutantecuador.com\/?product=bulk-muscle-chocolate-15lbs-bpi"]}]},{"@type":"BreadcrumbList","@id":"https:\/\/teammutantecuador.com\/?product=bulk-muscle-chocolate-15lbs-bpi#breadcrumb","itemListElement":[{"@type":"ListItem","position":1,"name":"Portada","item":"https:\/\/teammutantecuador.com\/"},{"@type":"ListItem","position":2,"name":"Shop","item":"https:\/\/teammutantecuador.com\/?page_id=6"},{"@type":"ListItem","position":3,"name":"BULK MUSCLE CHOCOLATE 15LBS BPI"}]},{"@type":"WebSite","@id":"https:\/\/teammutantecuador.com\/#website","url":"https:\/\/teammutantecuador.com\/","name":"Team Mutan Ecuador","description":"Just another WordPress site","publisher":{"@id":"https:\/\/teammutantecuador.com\/#organization"},"potentialAction":[{"@type":"SearchAction","target":{"@type":"EntryPoint","urlTemplate":"https:\/\/teammutantecuador.com\/?s={search_term_string}"},"query-input":{"@type":"PropertyValueSpecification","valueRequired":true,"valueName":"search_term_string"}}],"inLanguage":"es"},{"@type":"Organization","@id":"https:\/\/teammutantecuador.com\/#organization","name":"Team Mutan Ecuador","url":"https:\/\/teammutantecuador.com\/","logo":{"@type":"ImageObject","inLanguage":"es","@id":"https:\/\/teammutantecuador.com\/#\/schema\/logo\/image\/","url":"https:\/\/teammutantecuador.com\/wp-content\/uploads\/2026\/01\/Diseno-sin-titulo-97.png","contentUrl":"https:\/\/teammutantecuador.com\/wp-content\/uploads\/2026\/01\/Diseno-sin-titulo-97.png","width":500,"height":300,"caption":"Team Mutan Ecuador"},"image":{"@id":"https:\/\/teammutantecuador.com\/#\/schema\/logo\/image\/"}}]}},"_links":{"self":[{"href":"https:\/\/teammutantecuador.com\/index.php?rest_route=\/wp\/v2\/product\/1301","targetHints":{"allow":["GET"]}}],"collection":[{"href":"https:\/\/teammutantecuador.com\/index.php?rest_route=\/wp\/v2\/product"}],"about":[{"href":"https:\/\/teammutantecuador.com\/index.php?rest_route=\/wp\/v2\/types\/product"}],"replies":[{"embeddable":true,"href":"https:\/\/teammutantecuador.com\/index.php?rest_route=%2Fwp%2Fv2%2Fcomments&post=1301"}],"wp:attachment":[{"href":"https:\/\/teammutantecuador.com\/index.php?rest_route=%2Fwp%2Fv2%2Fmedia&parent=1301"}],"wp:term":[{"taxonomy":"product_brand","embeddable":true,"href":"https:\/\/teammutantecuador.com\/index.php?rest_route=%2Fwp%2Fv2%2Fproduct_brand&post=1301"},{"taxonomy":"product_cat","embeddable":true,"href":"https:\/\/teammutantecuador.com\/index.php?rest_route=%2Fwp%2Fv2%2Fproduct_cat&post=1301"},{"taxonomy":"product_tag","embeddable":true,"href":"https:\/\/teammutantecuador.com\/index.php?rest_route=%2Fwp%2Fv2%2Fproduct_tag&post=1301"}],"curies":[{"name":"wp","href":"https:\/\/api.w.org\/{rel}","templated":true}]}}