{"id":1300,"date":"2026-01-17T16:03:31","date_gmt":"2026-01-17T16:03:31","guid":{"rendered":"https:\/\/teammutantecuador.com\/?post_type=product&#038;p=1300"},"modified":"2026-01-17T16:03:35","modified_gmt":"2026-01-17T16:03:35","slug":"best-pre-tropical-freeze-30-servicios","status":"publish","type":"product","link":"https:\/\/teammutantecuador.com\/?product=best-pre-tropical-freeze-30-servicios","title":{"rendered":"BEST PRE TROPICAL FREEZE 30 SERVICIOS"},"content":{"rendered":"<p>BEST PRE TROPICAL FREEZE 30 SERVICIOS<\/p>\n<p>BEST PRE WORKOUR Es el primer pre-entrenamiento cetog\u00e9nico que est\u00e1 dise\u00f1ado para utilizar la grasa como combustible, promueve la fuerza y apoyar tu rendimiento durante los entrenamientos para sacar la mejor versi\u00f3n.<\/p>\n","protected":false},"excerpt":{"rendered":"<p>BEST PRE WORKOUR Es el primer pre-entrenamiento cetog\u00e9nico que est\u00e1 dise\u00f1ado para utilizar la grasa como combustible, promueve la fuerza y apoyar tu rendimiento durante los entrenamientos para sacar la mejor versi\u00f3n.<\/p>\n","protected":false},"featured_media":0,"comment_status":"open","ping_status":"closed","template":"","meta":[],"product_brand":[],"product_cat":[365],"product_tag":[75,70,71],"class_list":{"0":"post-1300","1":"product","2":"type-product","3":"status-publish","5":"product_cat-pre-entreno","6":"product_tag-bpisport","7":"product_tag-pre-entreno","8":"product_tag-pre-workour","10":"first","11":"instock","12":"shipping-taxable","13":"purchasable","14":"product-type-simple"},"yoast_head":"<!-- This site is optimized with the Yoast SEO plugin v26.8 - https:\/\/yoast.com\/product\/yoast-seo-wordpress\/ -->\n<title>BEST PRE TROPICAL FREEZE 30 SERVICIOS - Team Mutan Ecuador<\/title>\n<meta name=\"description\" content=\"BEST PRE TROPICAL FREEZE 30 SERVICIOS BEST PRE WORKOUR Es el primer pre-entrenamiento cetog\u00e9nico que est\u00e1 dise\u00f1ado para utilizar la grasa como combustible, promueve la fuerza y apoyar tu rendimiento durante los entrenamientos para sacar la mejor versi\u00f3n.\" \/>\n<meta name=\"robots\" content=\"index, follow, max-snippet:-1, max-image-preview:large, max-video-preview:-1\" \/>\n<link rel=\"canonical\" href=\"https:\/\/teammutantecuador.com\/?product=best-pre-tropical-freeze-30-servicios\" \/>\n<meta property=\"og:locale\" content=\"es_ES\" \/>\n<meta property=\"og:type\" content=\"article\" \/>\n<meta property=\"og:title\" content=\"BEST PRE TROPICAL FREEZE 30 SERVICIOS - Team Mutan Ecuador\" \/>\n<meta property=\"og:description\" content=\"BEST PRE TROPICAL FREEZE 30 SERVICIOS BEST PRE WORKOUR Es el primer pre-entrenamiento cetog\u00e9nico que est\u00e1 dise\u00f1ado para utilizar la grasa como combustible, promueve la fuerza y apoyar tu rendimiento durante los entrenamientos para sacar la mejor versi\u00f3n.\" \/>\n<meta property=\"og:url\" content=\"https:\/\/teammutantecuador.com\/?product=best-pre-tropical-freeze-30-servicios\" \/>\n<meta property=\"og:site_name\" content=\"Team Mutan Ecuador\" \/>\n<meta property=\"article:modified_time\" content=\"2026-01-17T16:03:35+00:00\" \/>\n<meta name=\"twitter:card\" content=\"summary_large_image\" \/>\n<script type=\"application\/ld+json\" class=\"yoast-schema-graph\">{\"@context\":\"https:\/\/schema.org\",\"@graph\":[{\"@type\":\"WebPage\",\"@id\":\"https:\/\/teammutantecuador.com\/?product=best-pre-tropical-freeze-30-servicios\",\"url\":\"https:\/\/teammutantecuador.com\/?product=best-pre-tropical-freeze-30-servicios\",\"name\":\"BEST PRE TROPICAL FREEZE 30 SERVICIOS - Team Mutan Ecuador\",\"isPartOf\":{\"@id\":\"https:\/\/teammutantecuador.com\/#website\"},\"datePublished\":\"2026-01-17T16:03:31+00:00\",\"dateModified\":\"2026-01-17T16:03:35+00:00\",\"description\":\"BEST PRE TROPICAL FREEZE 30 SERVICIOS BEST PRE WORKOUR Es el primer pre-entrenamiento cetog\u00e9nico que est\u00e1 dise\u00f1ado para utilizar la grasa como combustible, promueve la fuerza y apoyar tu rendimiento durante los entrenamientos para sacar la mejor versi\u00f3n.\",\"breadcrumb\":{\"@id\":\"https:\/\/teammutantecuador.com\/?product=best-pre-tropical-freeze-30-servicios#breadcrumb\"},\"inLanguage\":\"es\",\"potentialAction\":[{\"@type\":\"ReadAction\",\"target\":[\"https:\/\/teammutantecuador.com\/?product=best-pre-tropical-freeze-30-servicios\"]}]},{\"@type\":\"BreadcrumbList\",\"@id\":\"https:\/\/teammutantecuador.com\/?product=best-pre-tropical-freeze-30-servicios#breadcrumb\",\"itemListElement\":[{\"@type\":\"ListItem\",\"position\":1,\"name\":\"Portada\",\"item\":\"https:\/\/teammutantecuador.com\/\"},{\"@type\":\"ListItem\",\"position\":2,\"name\":\"Shop\",\"item\":\"https:\/\/teammutantecuador.com\/?page_id=6\"},{\"@type\":\"ListItem\",\"position\":3,\"name\":\"BEST PRE TROPICAL FREEZE 30 SERVICIOS\"}]},{\"@type\":\"WebSite\",\"@id\":\"https:\/\/teammutantecuador.com\/#website\",\"url\":\"https:\/\/teammutantecuador.com\/\",\"name\":\"Team Mutan Ecuador\",\"description\":\"Just another WordPress site\",\"publisher\":{\"@id\":\"https:\/\/teammutantecuador.com\/#organization\"},\"potentialAction\":[{\"@type\":\"SearchAction\",\"target\":{\"@type\":\"EntryPoint\",\"urlTemplate\":\"https:\/\/teammutantecuador.com\/?s={search_term_string}\"},\"query-input\":{\"@type\":\"PropertyValueSpecification\",\"valueRequired\":true,\"valueName\":\"search_term_string\"}}],\"inLanguage\":\"es\"},{\"@type\":\"Organization\",\"@id\":\"https:\/\/teammutantecuador.com\/#organization\",\"name\":\"Team Mutan Ecuador\",\"url\":\"https:\/\/teammutantecuador.com\/\",\"logo\":{\"@type\":\"ImageObject\",\"inLanguage\":\"es\",\"@id\":\"https:\/\/teammutantecuador.com\/#\/schema\/logo\/image\/\",\"url\":\"https:\/\/teammutantecuador.com\/wp-content\/uploads\/2026\/01\/Diseno-sin-titulo-97.png\",\"contentUrl\":\"https:\/\/teammutantecuador.com\/wp-content\/uploads\/2026\/01\/Diseno-sin-titulo-97.png\",\"width\":500,\"height\":300,\"caption\":\"Team Mutan Ecuador\"},\"image\":{\"@id\":\"https:\/\/teammutantecuador.com\/#\/schema\/logo\/image\/\"}}]}<\/script>\n<!-- \/ Yoast SEO plugin. -->","yoast_head_json":{"title":"BEST PRE TROPICAL FREEZE 30 SERVICIOS - Team Mutan Ecuador","description":"BEST PRE TROPICAL FREEZE 30 SERVICIOS BEST PRE WORKOUR Es el primer pre-entrenamiento cetog\u00e9nico que est\u00e1 dise\u00f1ado para utilizar la grasa como combustible, promueve la fuerza y apoyar tu rendimiento durante los entrenamientos para sacar la mejor versi\u00f3n.","robots":{"index":"index","follow":"follow","max-snippet":"max-snippet:-1","max-image-preview":"max-image-preview:large","max-video-preview":"max-video-preview:-1"},"canonical":"https:\/\/teammutantecuador.com\/?product=best-pre-tropical-freeze-30-servicios","og_locale":"es_ES","og_type":"article","og_title":"BEST PRE TROPICAL FREEZE 30 SERVICIOS - Team Mutan Ecuador","og_description":"BEST PRE TROPICAL FREEZE 30 SERVICIOS BEST PRE WORKOUR Es el primer pre-entrenamiento cetog\u00e9nico que est\u00e1 dise\u00f1ado para utilizar la grasa como combustible, promueve la fuerza y apoyar tu rendimiento durante los entrenamientos para sacar la mejor versi\u00f3n.","og_url":"https:\/\/teammutantecuador.com\/?product=best-pre-tropical-freeze-30-servicios","og_site_name":"Team Mutan Ecuador","article_modified_time":"2026-01-17T16:03:35+00:00","twitter_card":"summary_large_image","schema":{"@context":"https:\/\/schema.org","@graph":[{"@type":"WebPage","@id":"https:\/\/teammutantecuador.com\/?product=best-pre-tropical-freeze-30-servicios","url":"https:\/\/teammutantecuador.com\/?product=best-pre-tropical-freeze-30-servicios","name":"BEST PRE TROPICAL FREEZE 30 SERVICIOS - Team Mutan Ecuador","isPartOf":{"@id":"https:\/\/teammutantecuador.com\/#website"},"datePublished":"2026-01-17T16:03:31+00:00","dateModified":"2026-01-17T16:03:35+00:00","description":"BEST PRE TROPICAL FREEZE 30 SERVICIOS BEST PRE WORKOUR Es el primer pre-entrenamiento cetog\u00e9nico que est\u00e1 dise\u00f1ado para utilizar la grasa como combustible, promueve la fuerza y apoyar tu rendimiento durante los entrenamientos para sacar la mejor versi\u00f3n.","breadcrumb":{"@id":"https:\/\/teammutantecuador.com\/?product=best-pre-tropical-freeze-30-servicios#breadcrumb"},"inLanguage":"es","potentialAction":[{"@type":"ReadAction","target":["https:\/\/teammutantecuador.com\/?product=best-pre-tropical-freeze-30-servicios"]}]},{"@type":"BreadcrumbList","@id":"https:\/\/teammutantecuador.com\/?product=best-pre-tropical-freeze-30-servicios#breadcrumb","itemListElement":[{"@type":"ListItem","position":1,"name":"Portada","item":"https:\/\/teammutantecuador.com\/"},{"@type":"ListItem","position":2,"name":"Shop","item":"https:\/\/teammutantecuador.com\/?page_id=6"},{"@type":"ListItem","position":3,"name":"BEST PRE TROPICAL FREEZE 30 SERVICIOS"}]},{"@type":"WebSite","@id":"https:\/\/teammutantecuador.com\/#website","url":"https:\/\/teammutantecuador.com\/","name":"Team Mutan Ecuador","description":"Just another WordPress site","publisher":{"@id":"https:\/\/teammutantecuador.com\/#organization"},"potentialAction":[{"@type":"SearchAction","target":{"@type":"EntryPoint","urlTemplate":"https:\/\/teammutantecuador.com\/?s={search_term_string}"},"query-input":{"@type":"PropertyValueSpecification","valueRequired":true,"valueName":"search_term_string"}}],"inLanguage":"es"},{"@type":"Organization","@id":"https:\/\/teammutantecuador.com\/#organization","name":"Team Mutan Ecuador","url":"https:\/\/teammutantecuador.com\/","logo":{"@type":"ImageObject","inLanguage":"es","@id":"https:\/\/teammutantecuador.com\/#\/schema\/logo\/image\/","url":"https:\/\/teammutantecuador.com\/wp-content\/uploads\/2026\/01\/Diseno-sin-titulo-97.png","contentUrl":"https:\/\/teammutantecuador.com\/wp-content\/uploads\/2026\/01\/Diseno-sin-titulo-97.png","width":500,"height":300,"caption":"Team Mutan Ecuador"},"image":{"@id":"https:\/\/teammutantecuador.com\/#\/schema\/logo\/image\/"}}]}},"_links":{"self":[{"href":"https:\/\/teammutantecuador.com\/index.php?rest_route=\/wp\/v2\/product\/1300","targetHints":{"allow":["GET"]}}],"collection":[{"href":"https:\/\/teammutantecuador.com\/index.php?rest_route=\/wp\/v2\/product"}],"about":[{"href":"https:\/\/teammutantecuador.com\/index.php?rest_route=\/wp\/v2\/types\/product"}],"replies":[{"embeddable":true,"href":"https:\/\/teammutantecuador.com\/index.php?rest_route=%2Fwp%2Fv2%2Fcomments&post=1300"}],"wp:attachment":[{"href":"https:\/\/teammutantecuador.com\/index.php?rest_route=%2Fwp%2Fv2%2Fmedia&parent=1300"}],"wp:term":[{"taxonomy":"product_brand","embeddable":true,"href":"https:\/\/teammutantecuador.com\/index.php?rest_route=%2Fwp%2Fv2%2Fproduct_brand&post=1300"},{"taxonomy":"product_cat","embeddable":true,"href":"https:\/\/teammutantecuador.com\/index.php?rest_route=%2Fwp%2Fv2%2Fproduct_cat&post=1300"},{"taxonomy":"product_tag","embeddable":true,"href":"https:\/\/teammutantecuador.com\/index.php?rest_route=%2Fwp%2Fv2%2Fproduct_tag&post=1300"}],"curies":[{"name":"wp","href":"https:\/\/api.w.org\/{rel}","templated":true}]}}