{"id":1298,"date":"2026-01-17T16:03:31","date_gmt":"2026-01-17T16:03:31","guid":{"rendered":"https:\/\/teammutantecuador.com\/?post_type=product&#038;p=1298"},"modified":"2026-01-17T16:03:34","modified_gmt":"2026-01-17T16:03:34","slug":"best-bcaa-shredded-fruit-punch-275","status":"publish","type":"product","link":"https:\/\/teammutantecuador.com\/?product=best-bcaa-shredded-fruit-punch-275","title":{"rendered":"BEST BCAA SHREDDED FRUIT PUNCH 275"},"content":{"rendered":"<p>BEST BCAA SHREDDED FRUIT PUNCH 275<\/p>\n<ul class=\"a-unordered-list a-vertical a-spacing-none\">\n<li><span class=\"a-list-item\"><span>BPI Sports Best BCAA Shredded Cherry Lime, 275 g de contenido para 25\u00a0porciones de 11 g, respectivamente<\/span><\/span><\/li>\n<li><span class=\"a-list-item\"><span>Porci\u00f3n pro, 5 g de BCAA avanzado, menor protecci\u00f3n de la bomba, mayor sensibilidad a la insulina y alcalinidad de la producci\u00f3n de glucosa por parte del cuerpo<\/span><\/span><\/li>\n<li><span class=\"a-list-item\"><span>Por porci\u00f3n, 1 g de L-Citrulina en una forma avanzada, para un mejor flujo de sangre, de modo que los m\u00fasculos duren m\u00e1s tiempo para aumentar la potencia y la intensidad del entrenamiento<\/span><\/span><\/li>\n<li><span class=\"a-list-item\"><span>Adem\u00e1s se incluyen 2 g de L-carnitina ligada a los p\u00e9ptidos para convertir la grasa acumulada en energ\u00eda con el objetivo de perder peso y reducir la p\u00e9rdida de prote\u00ednas<\/span><\/span><\/li>\n<li><span class=\"a-list-item\"><span>Desarrollo de masa muscular sin grasa, respaldo de la sintasa de \u00f3xido de nitr\u00f3geno, transformaci\u00f3n de grasa en energ\u00eda y una mejor regeneraci\u00f3n<\/span><\/span><\/li>\n<\/ul>\n","protected":false},"excerpt":{"rendered":"<p>BEST BCAA SHREDDED FRUIT PUNCH 275<\/p>\n<ul class=\"a-unordered-list a-vertical a-spacing-none\">\n<li><span class=\"a-list-item\">BPI Sports Best BCAA Shredded Cherry Lime, 275 g de contenido para 25\u00a0porciones de 11 g, respectivamente<\/span><\/li>\n<li><span class=\"a-list-item\">Porci\u00f3n pro, 5 g de BCAA avanzado, menor protecci\u00f3n de la bomba, mayor sensibilidad a la insulina y alcalinidad de la producci\u00f3n de glucosa por parte del cuerpo<\/span><\/li>\n<li><span class=\"a-list-item\">Por porci\u00f3n, 1 g de L-Citrulina en una forma avanzada, para un mejor flujo de sangre, de modo que los m\u00fasculos duren m\u00e1s tiempo para aumentar la potencia y la intensidad del entrenamiento<\/span><\/li>\n<li><span class=\"a-list-item\">Adem\u00e1s se incluyen 2 g de L-carnitina ligada a los p\u00e9ptidos para convertir la grasa acumulada en energ\u00eda con el objetivo de perder peso y reducir la p\u00e9rdida de prote\u00ednas<\/span><\/li>\n<li><span class=\"a-list-item\">Desarrollo de masa muscular sin grasa, respaldo de la sintasa de \u00f3xido de nitr\u00f3geno, transformaci\u00f3n de grasa en energ\u00eda y una mejor regeneraci\u00f3n<\/span><\/li>\n<\/ul>\n","protected":false},"featured_media":0,"comment_status":"open","ping_status":"closed","template":"","meta":[],"product_brand":[],"product_cat":[352],"product_tag":[46,75],"class_list":{"0":"post-1298","1":"product","2":"type-product","3":"status-publish","5":"product_cat-bcaas","6":"product_tag-bcaas","7":"product_tag-bpisport","9":"first","10":"instock","11":"shipping-taxable","12":"purchasable","13":"product-type-simple"},"yoast_head":"<!-- This site is optimized with the Yoast SEO plugin v26.8 - https:\/\/yoast.com\/product\/yoast-seo-wordpress\/ -->\n<title>BEST BCAA SHREDDED FRUIT PUNCH 275 - Team Mutan Ecuador<\/title>\n<meta name=\"description\" content=\"BEST BCAA SHREDDED FRUIT PUNCH 275 BPI Sports Best BCAA Shredded Cherry Lime, 275 g de contenido para 25\u00a0porciones de 11 g, respectivamentePorci\u00f3n pro, 5 g de BCAA avanzado, menor protecci\u00f3n de la bomba, mayor sensibilidad a la insulina y alcalinidad de la producci\u00f3n de glucosa por parte del cuerpoPor porci\u00f3n, 1 g de L-Citrulina en una forma avanzada, para un mejor flujo de sangre, de modo que los m\u00fasculos duren m\u00e1s tiempo para aumentar la potencia y la intensidad del entrenamientoAdem\u00e1s se incluyen 2 g de L-carnitina ligada a los p\u00e9ptidos para convertir la grasa acumulada en energ\u00eda con el objetivo de perder peso y reducir la p\u00e9rdida de prote\u00ednasDesarrollo de masa muscular sin grasa, respaldo de la sintasa de \u00f3xido de nitr\u00f3geno, transformaci\u00f3n de grasa en energ\u00eda y una mejor regeneraci\u00f3n\" \/>\n<meta name=\"robots\" content=\"index, follow, max-snippet:-1, max-image-preview:large, max-video-preview:-1\" \/>\n<link rel=\"canonical\" href=\"https:\/\/teammutantecuador.com\/?product=best-bcaa-shredded-fruit-punch-275\" \/>\n<meta property=\"og:locale\" content=\"es_ES\" \/>\n<meta property=\"og:type\" content=\"article\" \/>\n<meta property=\"og:title\" content=\"BEST BCAA SHREDDED FRUIT PUNCH 275 - Team Mutan Ecuador\" \/>\n<meta property=\"og:description\" content=\"BEST BCAA SHREDDED FRUIT PUNCH 275 BPI Sports Best BCAA Shredded Cherry Lime, 275 g de contenido para 25\u00a0porciones de 11 g, respectivamentePorci\u00f3n pro, 5 g de BCAA avanzado, menor protecci\u00f3n de la bomba, mayor sensibilidad a la insulina y alcalinidad de la producci\u00f3n de glucosa por parte del cuerpoPor porci\u00f3n, 1 g de L-Citrulina en una forma avanzada, para un mejor flujo de sangre, de modo que los m\u00fasculos duren m\u00e1s tiempo para aumentar la potencia y la intensidad del entrenamientoAdem\u00e1s se incluyen 2 g de L-carnitina ligada a los p\u00e9ptidos para convertir la grasa acumulada en energ\u00eda con el objetivo de perder peso y reducir la p\u00e9rdida de prote\u00ednasDesarrollo de masa muscular sin grasa, respaldo de la sintasa de \u00f3xido de nitr\u00f3geno, transformaci\u00f3n de grasa en energ\u00eda y una mejor regeneraci\u00f3n\" \/>\n<meta property=\"og:url\" content=\"https:\/\/teammutantecuador.com\/?product=best-bcaa-shredded-fruit-punch-275\" \/>\n<meta property=\"og:site_name\" content=\"Team Mutan Ecuador\" \/>\n<meta property=\"article:modified_time\" content=\"2026-01-17T16:03:34+00:00\" \/>\n<meta name=\"twitter:card\" content=\"summary_large_image\" \/>\n<meta name=\"twitter:label1\" content=\"Tiempo de lectura\" \/>\n\t<meta name=\"twitter:data1\" content=\"1 minuto\" \/>\n<script type=\"application\/ld+json\" class=\"yoast-schema-graph\">{\"@context\":\"https:\/\/schema.org\",\"@graph\":[{\"@type\":\"WebPage\",\"@id\":\"https:\/\/teammutantecuador.com\/?product=best-bcaa-shredded-fruit-punch-275\",\"url\":\"https:\/\/teammutantecuador.com\/?product=best-bcaa-shredded-fruit-punch-275\",\"name\":\"BEST BCAA SHREDDED FRUIT PUNCH 275 - Team Mutan Ecuador\",\"isPartOf\":{\"@id\":\"https:\/\/teammutantecuador.com\/#website\"},\"datePublished\":\"2026-01-17T16:03:31+00:00\",\"dateModified\":\"2026-01-17T16:03:34+00:00\",\"description\":\"BEST BCAA SHREDDED FRUIT PUNCH 275 BPI Sports Best BCAA Shredded Cherry Lime, 275 g de contenido para 25\u00a0porciones de 11 g, respectivamentePorci\u00f3n pro, 5 g de BCAA avanzado, menor protecci\u00f3n de la bomba, mayor sensibilidad a la insulina y alcalinidad de la producci\u00f3n de glucosa por parte del cuerpoPor porci\u00f3n, 1 g de L-Citrulina en una forma avanzada, para un mejor flujo de sangre, de modo que los m\u00fasculos duren m\u00e1s tiempo para aumentar la potencia y la intensidad del entrenamientoAdem\u00e1s se incluyen 2 g de L-carnitina ligada a los p\u00e9ptidos para convertir la grasa acumulada en energ\u00eda con el objetivo de perder peso y reducir la p\u00e9rdida de prote\u00ednasDesarrollo de masa muscular sin grasa, respaldo de la sintasa de \u00f3xido de nitr\u00f3geno, transformaci\u00f3n de grasa en energ\u00eda y una mejor regeneraci\u00f3n\",\"breadcrumb\":{\"@id\":\"https:\/\/teammutantecuador.com\/?product=best-bcaa-shredded-fruit-punch-275#breadcrumb\"},\"inLanguage\":\"es\",\"potentialAction\":[{\"@type\":\"ReadAction\",\"target\":[\"https:\/\/teammutantecuador.com\/?product=best-bcaa-shredded-fruit-punch-275\"]}]},{\"@type\":\"BreadcrumbList\",\"@id\":\"https:\/\/teammutantecuador.com\/?product=best-bcaa-shredded-fruit-punch-275#breadcrumb\",\"itemListElement\":[{\"@type\":\"ListItem\",\"position\":1,\"name\":\"Portada\",\"item\":\"https:\/\/teammutantecuador.com\/\"},{\"@type\":\"ListItem\",\"position\":2,\"name\":\"Shop\",\"item\":\"https:\/\/teammutantecuador.com\/?page_id=6\"},{\"@type\":\"ListItem\",\"position\":3,\"name\":\"BEST BCAA SHREDDED FRUIT PUNCH 275\"}]},{\"@type\":\"WebSite\",\"@id\":\"https:\/\/teammutantecuador.com\/#website\",\"url\":\"https:\/\/teammutantecuador.com\/\",\"name\":\"Team Mutan Ecuador\",\"description\":\"Just another WordPress site\",\"publisher\":{\"@id\":\"https:\/\/teammutantecuador.com\/#organization\"},\"potentialAction\":[{\"@type\":\"SearchAction\",\"target\":{\"@type\":\"EntryPoint\",\"urlTemplate\":\"https:\/\/teammutantecuador.com\/?s={search_term_string}\"},\"query-input\":{\"@type\":\"PropertyValueSpecification\",\"valueRequired\":true,\"valueName\":\"search_term_string\"}}],\"inLanguage\":\"es\"},{\"@type\":\"Organization\",\"@id\":\"https:\/\/teammutantecuador.com\/#organization\",\"name\":\"Team Mutan Ecuador\",\"url\":\"https:\/\/teammutantecuador.com\/\",\"logo\":{\"@type\":\"ImageObject\",\"inLanguage\":\"es\",\"@id\":\"https:\/\/teammutantecuador.com\/#\/schema\/logo\/image\/\",\"url\":\"https:\/\/teammutantecuador.com\/wp-content\/uploads\/2026\/01\/Diseno-sin-titulo-97.png\",\"contentUrl\":\"https:\/\/teammutantecuador.com\/wp-content\/uploads\/2026\/01\/Diseno-sin-titulo-97.png\",\"width\":500,\"height\":300,\"caption\":\"Team Mutan Ecuador\"},\"image\":{\"@id\":\"https:\/\/teammutantecuador.com\/#\/schema\/logo\/image\/\"}}]}<\/script>\n<!-- \/ Yoast SEO plugin. -->","yoast_head_json":{"title":"BEST BCAA SHREDDED FRUIT PUNCH 275 - Team Mutan Ecuador","description":"BEST BCAA SHREDDED FRUIT PUNCH 275 BPI Sports Best BCAA Shredded Cherry Lime, 275 g de contenido para 25\u00a0porciones de 11 g, respectivamentePorci\u00f3n pro, 5 g de BCAA avanzado, menor protecci\u00f3n de la bomba, mayor sensibilidad a la insulina y alcalinidad de la producci\u00f3n de glucosa por parte del cuerpoPor porci\u00f3n, 1 g de L-Citrulina en una forma avanzada, para un mejor flujo de sangre, de modo que los m\u00fasculos duren m\u00e1s tiempo para aumentar la potencia y la intensidad del entrenamientoAdem\u00e1s se incluyen 2 g de L-carnitina ligada a los p\u00e9ptidos para convertir la grasa acumulada en energ\u00eda con el objetivo de perder peso y reducir la p\u00e9rdida de prote\u00ednasDesarrollo de masa muscular sin grasa, respaldo de la sintasa de \u00f3xido de nitr\u00f3geno, transformaci\u00f3n de grasa en energ\u00eda y una mejor regeneraci\u00f3n","robots":{"index":"index","follow":"follow","max-snippet":"max-snippet:-1","max-image-preview":"max-image-preview:large","max-video-preview":"max-video-preview:-1"},"canonical":"https:\/\/teammutantecuador.com\/?product=best-bcaa-shredded-fruit-punch-275","og_locale":"es_ES","og_type":"article","og_title":"BEST BCAA SHREDDED FRUIT PUNCH 275 - Team Mutan Ecuador","og_description":"BEST BCAA SHREDDED FRUIT PUNCH 275 BPI Sports Best BCAA Shredded Cherry Lime, 275 g de contenido para 25\u00a0porciones de 11 g, respectivamentePorci\u00f3n pro, 5 g de BCAA avanzado, menor protecci\u00f3n de la bomba, mayor sensibilidad a la insulina y alcalinidad de la producci\u00f3n de glucosa por parte del cuerpoPor porci\u00f3n, 1 g de L-Citrulina en una forma avanzada, para un mejor flujo de sangre, de modo que los m\u00fasculos duren m\u00e1s tiempo para aumentar la potencia y la intensidad del entrenamientoAdem\u00e1s se incluyen 2 g de L-carnitina ligada a los p\u00e9ptidos para convertir la grasa acumulada en energ\u00eda con el objetivo de perder peso y reducir la p\u00e9rdida de prote\u00ednasDesarrollo de masa muscular sin grasa, respaldo de la sintasa de \u00f3xido de nitr\u00f3geno, transformaci\u00f3n de grasa en energ\u00eda y una mejor regeneraci\u00f3n","og_url":"https:\/\/teammutantecuador.com\/?product=best-bcaa-shredded-fruit-punch-275","og_site_name":"Team Mutan Ecuador","article_modified_time":"2026-01-17T16:03:34+00:00","twitter_card":"summary_large_image","twitter_misc":{"Tiempo de lectura":"1 minuto"},"schema":{"@context":"https:\/\/schema.org","@graph":[{"@type":"WebPage","@id":"https:\/\/teammutantecuador.com\/?product=best-bcaa-shredded-fruit-punch-275","url":"https:\/\/teammutantecuador.com\/?product=best-bcaa-shredded-fruit-punch-275","name":"BEST BCAA SHREDDED FRUIT PUNCH 275 - Team Mutan Ecuador","isPartOf":{"@id":"https:\/\/teammutantecuador.com\/#website"},"datePublished":"2026-01-17T16:03:31+00:00","dateModified":"2026-01-17T16:03:34+00:00","description":"BEST BCAA SHREDDED FRUIT PUNCH 275 BPI Sports Best BCAA Shredded Cherry Lime, 275 g de contenido para 25\u00a0porciones de 11 g, respectivamentePorci\u00f3n pro, 5 g de BCAA avanzado, menor protecci\u00f3n de la bomba, mayor sensibilidad a la insulina y alcalinidad de la producci\u00f3n de glucosa por parte del cuerpoPor porci\u00f3n, 1 g de L-Citrulina en una forma avanzada, para un mejor flujo de sangre, de modo que los m\u00fasculos duren m\u00e1s tiempo para aumentar la potencia y la intensidad del entrenamientoAdem\u00e1s se incluyen 2 g de L-carnitina ligada a los p\u00e9ptidos para convertir la grasa acumulada en energ\u00eda con el objetivo de perder peso y reducir la p\u00e9rdida de prote\u00ednasDesarrollo de masa muscular sin grasa, respaldo de la sintasa de \u00f3xido de nitr\u00f3geno, transformaci\u00f3n de grasa en energ\u00eda y una mejor regeneraci\u00f3n","breadcrumb":{"@id":"https:\/\/teammutantecuador.com\/?product=best-bcaa-shredded-fruit-punch-275#breadcrumb"},"inLanguage":"es","potentialAction":[{"@type":"ReadAction","target":["https:\/\/teammutantecuador.com\/?product=best-bcaa-shredded-fruit-punch-275"]}]},{"@type":"BreadcrumbList","@id":"https:\/\/teammutantecuador.com\/?product=best-bcaa-shredded-fruit-punch-275#breadcrumb","itemListElement":[{"@type":"ListItem","position":1,"name":"Portada","item":"https:\/\/teammutantecuador.com\/"},{"@type":"ListItem","position":2,"name":"Shop","item":"https:\/\/teammutantecuador.com\/?page_id=6"},{"@type":"ListItem","position":3,"name":"BEST BCAA SHREDDED FRUIT PUNCH 275"}]},{"@type":"WebSite","@id":"https:\/\/teammutantecuador.com\/#website","url":"https:\/\/teammutantecuador.com\/","name":"Team Mutan Ecuador","description":"Just another WordPress site","publisher":{"@id":"https:\/\/teammutantecuador.com\/#organization"},"potentialAction":[{"@type":"SearchAction","target":{"@type":"EntryPoint","urlTemplate":"https:\/\/teammutantecuador.com\/?s={search_term_string}"},"query-input":{"@type":"PropertyValueSpecification","valueRequired":true,"valueName":"search_term_string"}}],"inLanguage":"es"},{"@type":"Organization","@id":"https:\/\/teammutantecuador.com\/#organization","name":"Team Mutan Ecuador","url":"https:\/\/teammutantecuador.com\/","logo":{"@type":"ImageObject","inLanguage":"es","@id":"https:\/\/teammutantecuador.com\/#\/schema\/logo\/image\/","url":"https:\/\/teammutantecuador.com\/wp-content\/uploads\/2026\/01\/Diseno-sin-titulo-97.png","contentUrl":"https:\/\/teammutantecuador.com\/wp-content\/uploads\/2026\/01\/Diseno-sin-titulo-97.png","width":500,"height":300,"caption":"Team Mutan Ecuador"},"image":{"@id":"https:\/\/teammutantecuador.com\/#\/schema\/logo\/image\/"}}]}},"_links":{"self":[{"href":"https:\/\/teammutantecuador.com\/index.php?rest_route=\/wp\/v2\/product\/1298","targetHints":{"allow":["GET"]}}],"collection":[{"href":"https:\/\/teammutantecuador.com\/index.php?rest_route=\/wp\/v2\/product"}],"about":[{"href":"https:\/\/teammutantecuador.com\/index.php?rest_route=\/wp\/v2\/types\/product"}],"replies":[{"embeddable":true,"href":"https:\/\/teammutantecuador.com\/index.php?rest_route=%2Fwp%2Fv2%2Fcomments&post=1298"}],"wp:attachment":[{"href":"https:\/\/teammutantecuador.com\/index.php?rest_route=%2Fwp%2Fv2%2Fmedia&parent=1298"}],"wp:term":[{"taxonomy":"product_brand","embeddable":true,"href":"https:\/\/teammutantecuador.com\/index.php?rest_route=%2Fwp%2Fv2%2Fproduct_brand&post=1298"},{"taxonomy":"product_cat","embeddable":true,"href":"https:\/\/teammutantecuador.com\/index.php?rest_route=%2Fwp%2Fv2%2Fproduct_cat&post=1298"},{"taxonomy":"product_tag","embeddable":true,"href":"https:\/\/teammutantecuador.com\/index.php?rest_route=%2Fwp%2Fv2%2Fproduct_tag&post=1298"}],"curies":[{"name":"wp","href":"https:\/\/api.w.org\/{rel}","templated":true}]}}