{"id":1293,"date":"2026-01-17T16:03:30","date_gmt":"2026-01-17T16:03:30","guid":{"rendered":"https:\/\/teammutantecuador.com\/?post_type=product&#038;p=1293"},"modified":"2026-01-17T16:03:34","modified_gmt":"2026-01-17T16:03:34","slug":"best-bcaa-amino-cotton-candy-30-serv","status":"publish","type":"product","link":"https:\/\/teammutantecuador.com\/?product=best-bcaa-amino-cotton-candy-30-serv","title":{"rendered":"BEST BCAA AMINO COTTON CANDY 30 SERV"},"content":{"rendered":"<p><strong>Bcaa Xs De Ronnie Coleman\u00a0<\/strong>los amino\u00e1cidos de cadena ramificada reciben su nombre por su estructura qu\u00edmica \u00fanica y se clasifican como amino\u00e1cidos esenciales, lo que significa que el cuerpo no puede producirlos por s\u00ed mismo.<\/p>\n<p>Por lo tanto, estos tres BCAA, leucina, isoleucina y valina, deben adquirirse a trav\u00e9s de su dieta o suplementos.<\/p>\n<div id=\"steasy_column_5590\" class=\"col-lg-6 col-sm-6 col-12 steasy_column \">\n<div class=\"steasy_element_block\">\n<div class=\"row\">\n<div id=\"steasy_element_3884\" class=\"col-lg-12 sttext_block sttext_1 sttext_1_1 \">\n<div class=\"steasy_element_item text-0 text-md-0 clearfix \">\n<div class=\"sttext_item_content \">\n<p>La ayuda de\u00a0<strong>Bcaa Xs De Ronnie Coleman\u00a0<\/strong>crean un ambiente anab\u00f3lico dentro de tu cuerpo al estimular la s\u00edntesis de prote\u00ednas musculares, disminuir el da\u00f1o muscular despu\u00e9s del entrenamiento y ayudar en la creaci\u00f3n de glucosa para ayudar a alimentar tus m\u00fasculos y prevenir a\u00fan m\u00e1s la degradaci\u00f3n muscular.<\/p>\n<\/div>\n<\/div>\n<\/div>\n<\/div>\n<\/div>\n<\/div>\n<div id=\"themify_builder_content-1015\" class=\"themify_builder_content themify_builder_content-1015 themify_builder\" data-postid=\"1015\">\n<div class=\"themify_builder_row module_row clearfix module_row_0 themify_builder_1015_row module_row_1015-0 tb_rcj230\">\n<div class=\"row_inner col_align_top\">\n<div class=\"module_column tb-column col3-1 first tb_1015_column module_column_0 module_column_1015-0-0 tb_6ai033\">\n<div class=\"tb-column-inner\">\n<div class=\"module module-image image-1015-0-0-0 image-top wow fadeOutDownBig tb_45gv766\">\n<div class=\"image-wrap\"><\/div>\n<\/div>\n<\/div>\n<\/div>\n<\/div>\n<\/div>\n<\/div>\n","protected":false},"excerpt":{"rendered":"<p><strong>Bcaa Xs De Ronnie Coleman\u00a0<\/strong>los amino\u00e1cidos de cadena ramificada reciben su nombre por su estructura qu\u00edmica \u00fanica y se clasifican como amino\u00e1cidos esenciales, lo que significa que el cuerpo no puede producirlos por s\u00ed mismo.<\/p>\n","protected":false},"featured_media":0,"comment_status":"open","ping_status":"closed","template":"","meta":[],"product_brand":[],"product_cat":[352],"product_tag":[46,65],"class_list":{"0":"post-1293","1":"product","2":"type-product","3":"status-publish","5":"product_cat-bcaas","6":"product_tag-bcaas","7":"product_tag-ronnie-coleman","9":"first","10":"instock","11":"shipping-taxable","12":"purchasable","13":"product-type-simple"},"yoast_head":"<!-- This site is optimized with the Yoast SEO plugin v26.8 - https:\/\/yoast.com\/product\/yoast-seo-wordpress\/ -->\n<title>BEST BCAA AMINO COTTON CANDY 30 SERV - Team Mutan Ecuador<\/title>\n<meta name=\"description\" content=\"Bcaa Xs De Ronnie Coleman\u00a0los amino\u00e1cidos de cadena ramificada reciben su nombre por su estructura qu\u00edmica \u00fanica y se clasifican como amino\u00e1cidos esenciales, lo que significa que el cuerpo no puede producirlos por s\u00ed mismo.\" \/>\n<meta name=\"robots\" content=\"index, follow, max-snippet:-1, max-image-preview:large, max-video-preview:-1\" \/>\n<link rel=\"canonical\" href=\"https:\/\/teammutantecuador.com\/?product=best-bcaa-amino-cotton-candy-30-serv\" \/>\n<meta property=\"og:locale\" content=\"es_ES\" \/>\n<meta property=\"og:type\" content=\"article\" \/>\n<meta property=\"og:title\" content=\"BEST BCAA AMINO COTTON CANDY 30 SERV - Team Mutan Ecuador\" \/>\n<meta property=\"og:description\" content=\"Bcaa Xs De Ronnie Coleman\u00a0los amino\u00e1cidos de cadena ramificada reciben su nombre por su estructura qu\u00edmica \u00fanica y se clasifican como amino\u00e1cidos esenciales, lo que significa que el cuerpo no puede producirlos por s\u00ed mismo.\" \/>\n<meta property=\"og:url\" content=\"https:\/\/teammutantecuador.com\/?product=best-bcaa-amino-cotton-candy-30-serv\" \/>\n<meta property=\"og:site_name\" content=\"Team Mutan Ecuador\" \/>\n<meta property=\"article:modified_time\" content=\"2026-01-17T16:03:34+00:00\" \/>\n<meta name=\"twitter:card\" content=\"summary_large_image\" \/>\n<meta name=\"twitter:label1\" content=\"Tiempo de lectura\" \/>\n\t<meta name=\"twitter:data1\" content=\"1 minuto\" \/>\n<script type=\"application\/ld+json\" class=\"yoast-schema-graph\">{\"@context\":\"https:\/\/schema.org\",\"@graph\":[{\"@type\":\"WebPage\",\"@id\":\"https:\/\/teammutantecuador.com\/?product=best-bcaa-amino-cotton-candy-30-serv\",\"url\":\"https:\/\/teammutantecuador.com\/?product=best-bcaa-amino-cotton-candy-30-serv\",\"name\":\"BEST BCAA AMINO COTTON CANDY 30 SERV - Team Mutan Ecuador\",\"isPartOf\":{\"@id\":\"https:\/\/teammutantecuador.com\/#website\"},\"datePublished\":\"2026-01-17T16:03:30+00:00\",\"dateModified\":\"2026-01-17T16:03:34+00:00\",\"description\":\"Bcaa Xs De Ronnie Coleman\u00a0los amino\u00e1cidos de cadena ramificada reciben su nombre por su estructura qu\u00edmica \u00fanica y se clasifican como amino\u00e1cidos esenciales, lo que significa que el cuerpo no puede producirlos por s\u00ed mismo.\",\"breadcrumb\":{\"@id\":\"https:\/\/teammutantecuador.com\/?product=best-bcaa-amino-cotton-candy-30-serv#breadcrumb\"},\"inLanguage\":\"es\",\"potentialAction\":[{\"@type\":\"ReadAction\",\"target\":[\"https:\/\/teammutantecuador.com\/?product=best-bcaa-amino-cotton-candy-30-serv\"]}]},{\"@type\":\"BreadcrumbList\",\"@id\":\"https:\/\/teammutantecuador.com\/?product=best-bcaa-amino-cotton-candy-30-serv#breadcrumb\",\"itemListElement\":[{\"@type\":\"ListItem\",\"position\":1,\"name\":\"Portada\",\"item\":\"https:\/\/teammutantecuador.com\/\"},{\"@type\":\"ListItem\",\"position\":2,\"name\":\"Shop\",\"item\":\"https:\/\/teammutantecuador.com\/?page_id=6\"},{\"@type\":\"ListItem\",\"position\":3,\"name\":\"BEST BCAA AMINO COTTON CANDY 30 SERV\"}]},{\"@type\":\"WebSite\",\"@id\":\"https:\/\/teammutantecuador.com\/#website\",\"url\":\"https:\/\/teammutantecuador.com\/\",\"name\":\"Team Mutan Ecuador\",\"description\":\"Just another WordPress site\",\"publisher\":{\"@id\":\"https:\/\/teammutantecuador.com\/#organization\"},\"potentialAction\":[{\"@type\":\"SearchAction\",\"target\":{\"@type\":\"EntryPoint\",\"urlTemplate\":\"https:\/\/teammutantecuador.com\/?s={search_term_string}\"},\"query-input\":{\"@type\":\"PropertyValueSpecification\",\"valueRequired\":true,\"valueName\":\"search_term_string\"}}],\"inLanguage\":\"es\"},{\"@type\":\"Organization\",\"@id\":\"https:\/\/teammutantecuador.com\/#organization\",\"name\":\"Team Mutan Ecuador\",\"url\":\"https:\/\/teammutantecuador.com\/\",\"logo\":{\"@type\":\"ImageObject\",\"inLanguage\":\"es\",\"@id\":\"https:\/\/teammutantecuador.com\/#\/schema\/logo\/image\/\",\"url\":\"https:\/\/teammutantecuador.com\/wp-content\/uploads\/2026\/01\/Diseno-sin-titulo-97.png\",\"contentUrl\":\"https:\/\/teammutantecuador.com\/wp-content\/uploads\/2026\/01\/Diseno-sin-titulo-97.png\",\"width\":500,\"height\":300,\"caption\":\"Team Mutan Ecuador\"},\"image\":{\"@id\":\"https:\/\/teammutantecuador.com\/#\/schema\/logo\/image\/\"}}]}<\/script>\n<!-- \/ Yoast SEO plugin. -->","yoast_head_json":{"title":"BEST BCAA AMINO COTTON CANDY 30 SERV - Team Mutan Ecuador","description":"Bcaa Xs De Ronnie Coleman\u00a0los amino\u00e1cidos de cadena ramificada reciben su nombre por su estructura qu\u00edmica \u00fanica y se clasifican como amino\u00e1cidos esenciales, lo que significa que el cuerpo no puede producirlos por s\u00ed mismo.","robots":{"index":"index","follow":"follow","max-snippet":"max-snippet:-1","max-image-preview":"max-image-preview:large","max-video-preview":"max-video-preview:-1"},"canonical":"https:\/\/teammutantecuador.com\/?product=best-bcaa-amino-cotton-candy-30-serv","og_locale":"es_ES","og_type":"article","og_title":"BEST BCAA AMINO COTTON CANDY 30 SERV - Team Mutan Ecuador","og_description":"Bcaa Xs De Ronnie Coleman\u00a0los amino\u00e1cidos de cadena ramificada reciben su nombre por su estructura qu\u00edmica \u00fanica y se clasifican como amino\u00e1cidos esenciales, lo que significa que el cuerpo no puede producirlos por s\u00ed mismo.","og_url":"https:\/\/teammutantecuador.com\/?product=best-bcaa-amino-cotton-candy-30-serv","og_site_name":"Team Mutan Ecuador","article_modified_time":"2026-01-17T16:03:34+00:00","twitter_card":"summary_large_image","twitter_misc":{"Tiempo de lectura":"1 minuto"},"schema":{"@context":"https:\/\/schema.org","@graph":[{"@type":"WebPage","@id":"https:\/\/teammutantecuador.com\/?product=best-bcaa-amino-cotton-candy-30-serv","url":"https:\/\/teammutantecuador.com\/?product=best-bcaa-amino-cotton-candy-30-serv","name":"BEST BCAA AMINO COTTON CANDY 30 SERV - Team Mutan Ecuador","isPartOf":{"@id":"https:\/\/teammutantecuador.com\/#website"},"datePublished":"2026-01-17T16:03:30+00:00","dateModified":"2026-01-17T16:03:34+00:00","description":"Bcaa Xs De Ronnie Coleman\u00a0los amino\u00e1cidos de cadena ramificada reciben su nombre por su estructura qu\u00edmica \u00fanica y se clasifican como amino\u00e1cidos esenciales, lo que significa que el cuerpo no puede producirlos por s\u00ed mismo.","breadcrumb":{"@id":"https:\/\/teammutantecuador.com\/?product=best-bcaa-amino-cotton-candy-30-serv#breadcrumb"},"inLanguage":"es","potentialAction":[{"@type":"ReadAction","target":["https:\/\/teammutantecuador.com\/?product=best-bcaa-amino-cotton-candy-30-serv"]}]},{"@type":"BreadcrumbList","@id":"https:\/\/teammutantecuador.com\/?product=best-bcaa-amino-cotton-candy-30-serv#breadcrumb","itemListElement":[{"@type":"ListItem","position":1,"name":"Portada","item":"https:\/\/teammutantecuador.com\/"},{"@type":"ListItem","position":2,"name":"Shop","item":"https:\/\/teammutantecuador.com\/?page_id=6"},{"@type":"ListItem","position":3,"name":"BEST BCAA AMINO COTTON CANDY 30 SERV"}]},{"@type":"WebSite","@id":"https:\/\/teammutantecuador.com\/#website","url":"https:\/\/teammutantecuador.com\/","name":"Team Mutan Ecuador","description":"Just another WordPress site","publisher":{"@id":"https:\/\/teammutantecuador.com\/#organization"},"potentialAction":[{"@type":"SearchAction","target":{"@type":"EntryPoint","urlTemplate":"https:\/\/teammutantecuador.com\/?s={search_term_string}"},"query-input":{"@type":"PropertyValueSpecification","valueRequired":true,"valueName":"search_term_string"}}],"inLanguage":"es"},{"@type":"Organization","@id":"https:\/\/teammutantecuador.com\/#organization","name":"Team Mutan Ecuador","url":"https:\/\/teammutantecuador.com\/","logo":{"@type":"ImageObject","inLanguage":"es","@id":"https:\/\/teammutantecuador.com\/#\/schema\/logo\/image\/","url":"https:\/\/teammutantecuador.com\/wp-content\/uploads\/2026\/01\/Diseno-sin-titulo-97.png","contentUrl":"https:\/\/teammutantecuador.com\/wp-content\/uploads\/2026\/01\/Diseno-sin-titulo-97.png","width":500,"height":300,"caption":"Team Mutan Ecuador"},"image":{"@id":"https:\/\/teammutantecuador.com\/#\/schema\/logo\/image\/"}}]}},"_links":{"self":[{"href":"https:\/\/teammutantecuador.com\/index.php?rest_route=\/wp\/v2\/product\/1293","targetHints":{"allow":["GET"]}}],"collection":[{"href":"https:\/\/teammutantecuador.com\/index.php?rest_route=\/wp\/v2\/product"}],"about":[{"href":"https:\/\/teammutantecuador.com\/index.php?rest_route=\/wp\/v2\/types\/product"}],"replies":[{"embeddable":true,"href":"https:\/\/teammutantecuador.com\/index.php?rest_route=%2Fwp%2Fv2%2Fcomments&post=1293"}],"wp:attachment":[{"href":"https:\/\/teammutantecuador.com\/index.php?rest_route=%2Fwp%2Fv2%2Fmedia&parent=1293"}],"wp:term":[{"taxonomy":"product_brand","embeddable":true,"href":"https:\/\/teammutantecuador.com\/index.php?rest_route=%2Fwp%2Fv2%2Fproduct_brand&post=1293"},{"taxonomy":"product_cat","embeddable":true,"href":"https:\/\/teammutantecuador.com\/index.php?rest_route=%2Fwp%2Fv2%2Fproduct_cat&post=1293"},{"taxonomy":"product_tag","embeddable":true,"href":"https:\/\/teammutantecuador.com\/index.php?rest_route=%2Fwp%2Fv2%2Fproduct_tag&post=1293"}],"curies":[{"name":"wp","href":"https:\/\/api.w.org\/{rel}","templated":true}]}}