{"id":1290,"date":"2026-01-17T16:03:30","date_gmt":"2026-01-17T16:03:30","guid":{"rendered":"https:\/\/teammutantecuador.com\/?post_type=product&#038;p=1290"},"modified":"2026-01-17T16:03:33","modified_gmt":"2026-01-17T16:03:33","slug":"carnivor-sherd-2lb","status":"publish","type":"product","link":"https:\/\/teammutantecuador.com\/?product=carnivor-sherd-2lb","title":{"rendered":"CARNIVOR SHERD 2LB"},"content":{"rendered":"<p><strong>CARNIVOR SHRED<\/strong>\u00a0es la soluci\u00f3n definitiva para quemar grasa y desarrollar m\u00fasculos, con el incre\u00edble poder del aislado de prote\u00edna de carne CARNIVOR y poderosos agentes de trituraci\u00f3n como Super 6-Paradol, t\u00e9 verde, yerba mate y grano de caf\u00e9 verde.\u00a0<strong>Carnivor Shred<\/strong>\u00a0ayuda a activar el tejido adiposo marr\u00f3n (BAT) y aumenta tu metabolismo para que te rasguen.<\/p>\n<ul>\n<li>23 g de aislado de prote\u00edna de carne de res de digesti\u00f3n r\u00e1pida<\/li>\n<li>Quema grasa, desarrolla m\u00fasculo y aumenta la energ\u00eda<\/li>\n<li>Ayuda a quemar hasta 100 calor\u00edas adicionales diarias<\/li>\n<li>Reduce el hambre y reduce los antojos<\/li>\n<li>Mejorado con potentes agentes termog\u00e9nicos<\/li>\n<li>Repleto de amino\u00e1cidos, creatina y BCAA<\/li>\n<li>Libre de lactosa, az\u00facar, colesterol y gluten<\/li>\n<\/ul>\n","protected":false},"excerpt":{"rendered":"<ul>\n<li>23 g de aislado de prote\u00edna de carne de res de digesti\u00f3n r\u00e1pida\u00a0<sup>\u2020<\/sup><\/li>\n<li>Quema grasa, desarrolla m\u00fasculo y aumenta la energ\u00eda\u00a0<sup>\u2020<\/sup><\/li>\n<li>Ayuda a quemar hasta 100 calor\u00edas adicionales diarias\u00a0<sup>\u2020<\/sup><\/li>\n<li>Reduce el hambre y reduce los antojos\u00a0<sup>\u2020<\/sup><\/li>\n<li>Mejorado con potentes agentes termog\u00e9nicos\u00a0<sup>\u2020<\/sup><\/li>\n<li>Repleto de amino\u00e1cidos, creatina y BCAA<\/li>\n<li>Libre de lactosa, az\u00facar, colesterol y gluten<\/li>\n<\/ul>\n","protected":false},"featured_media":0,"comment_status":"open","ping_status":"closed","template":"","meta":[],"product_brand":[],"product_cat":[357,63],"product_tag":[52,58,56,64],"class_list":{"0":"post-1290","1":"product","2":"type-product","3":"status-publish","5":"product_cat-proteinas-2","6":"product_cat-quemadores-de-grasa","7":"product_tag-carnivor","8":"product_tag-musclemeds","9":"product_tag-proteinas","10":"product_tag-quemador-de-garsa","12":"first","13":"instock","14":"shipping-taxable","15":"purchasable","16":"product-type-simple"},"yoast_head":"<!-- This site is optimized with the Yoast SEO plugin v26.8 - https:\/\/yoast.com\/product\/yoast-seo-wordpress\/ -->\n<title>CARNIVOR SHERD 2LB - Team Mutan Ecuador<\/title>\n<meta name=\"description\" content=\"CARNIVOR SHRED\u00a0es la soluci\u00f3n definitiva para quemar grasa y desarrollar m\u00fasculos, con el incre\u00edble poder del aislado de prote\u00edna de carne CARNIVOR y poderosos agentes de trituraci\u00f3n como Super 6-Paradol\" \/>\n<meta name=\"robots\" content=\"index, follow, max-snippet:-1, max-image-preview:large, max-video-preview:-1\" \/>\n<link rel=\"canonical\" href=\"https:\/\/teammutantecuador.com\/?product=carnivor-sherd-2lb\" \/>\n<meta property=\"og:locale\" content=\"es_ES\" \/>\n<meta property=\"og:type\" content=\"article\" \/>\n<meta property=\"og:title\" content=\"CARNIVOR SHERD 2LB - Team Mutan Ecuador\" \/>\n<meta property=\"og:description\" content=\"CARNIVOR SHRED\u00a0es la soluci\u00f3n definitiva para quemar grasa y desarrollar m\u00fasculos, con el incre\u00edble poder del aislado de prote\u00edna de carne CARNIVOR y poderosos agentes de trituraci\u00f3n como Super 6-Paradol\" \/>\n<meta property=\"og:url\" content=\"https:\/\/teammutantecuador.com\/?product=carnivor-sherd-2lb\" \/>\n<meta property=\"og:site_name\" content=\"Team Mutan Ecuador\" \/>\n<meta property=\"article:modified_time\" content=\"2026-01-17T16:03:33+00:00\" \/>\n<meta name=\"twitter:card\" content=\"summary_large_image\" \/>\n<meta name=\"twitter:label1\" content=\"Tiempo de lectura\" \/>\n\t<meta name=\"twitter:data1\" content=\"1 minuto\" \/>\n<script type=\"application\/ld+json\" class=\"yoast-schema-graph\">{\"@context\":\"https:\/\/schema.org\",\"@graph\":[{\"@type\":\"WebPage\",\"@id\":\"https:\/\/teammutantecuador.com\/?product=carnivor-sherd-2lb\",\"url\":\"https:\/\/teammutantecuador.com\/?product=carnivor-sherd-2lb\",\"name\":\"CARNIVOR SHERD 2LB - Team Mutan Ecuador\",\"isPartOf\":{\"@id\":\"https:\/\/teammutantecuador.com\/#website\"},\"datePublished\":\"2026-01-17T16:03:30+00:00\",\"dateModified\":\"2026-01-17T16:03:33+00:00\",\"description\":\"CARNIVOR SHRED\u00a0es la soluci\u00f3n definitiva para quemar grasa y desarrollar m\u00fasculos, con el incre\u00edble poder del aislado de prote\u00edna de carne CARNIVOR y poderosos agentes de trituraci\u00f3n como Super 6-Paradol\",\"breadcrumb\":{\"@id\":\"https:\/\/teammutantecuador.com\/?product=carnivor-sherd-2lb#breadcrumb\"},\"inLanguage\":\"es\",\"potentialAction\":[{\"@type\":\"ReadAction\",\"target\":[\"https:\/\/teammutantecuador.com\/?product=carnivor-sherd-2lb\"]}]},{\"@type\":\"BreadcrumbList\",\"@id\":\"https:\/\/teammutantecuador.com\/?product=carnivor-sherd-2lb#breadcrumb\",\"itemListElement\":[{\"@type\":\"ListItem\",\"position\":1,\"name\":\"Portada\",\"item\":\"https:\/\/teammutantecuador.com\/\"},{\"@type\":\"ListItem\",\"position\":2,\"name\":\"Shop\",\"item\":\"https:\/\/teammutantecuador.com\/?page_id=6\"},{\"@type\":\"ListItem\",\"position\":3,\"name\":\"CARNIVOR SHERD 2LB\"}]},{\"@type\":\"WebSite\",\"@id\":\"https:\/\/teammutantecuador.com\/#website\",\"url\":\"https:\/\/teammutantecuador.com\/\",\"name\":\"Team Mutan Ecuador\",\"description\":\"Just another WordPress site\",\"publisher\":{\"@id\":\"https:\/\/teammutantecuador.com\/#organization\"},\"potentialAction\":[{\"@type\":\"SearchAction\",\"target\":{\"@type\":\"EntryPoint\",\"urlTemplate\":\"https:\/\/teammutantecuador.com\/?s={search_term_string}\"},\"query-input\":{\"@type\":\"PropertyValueSpecification\",\"valueRequired\":true,\"valueName\":\"search_term_string\"}}],\"inLanguage\":\"es\"},{\"@type\":\"Organization\",\"@id\":\"https:\/\/teammutantecuador.com\/#organization\",\"name\":\"Team Mutan Ecuador\",\"url\":\"https:\/\/teammutantecuador.com\/\",\"logo\":{\"@type\":\"ImageObject\",\"inLanguage\":\"es\",\"@id\":\"https:\/\/teammutantecuador.com\/#\/schema\/logo\/image\/\",\"url\":\"https:\/\/teammutantecuador.com\/wp-content\/uploads\/2026\/01\/Diseno-sin-titulo-97.png\",\"contentUrl\":\"https:\/\/teammutantecuador.com\/wp-content\/uploads\/2026\/01\/Diseno-sin-titulo-97.png\",\"width\":500,\"height\":300,\"caption\":\"Team Mutan Ecuador\"},\"image\":{\"@id\":\"https:\/\/teammutantecuador.com\/#\/schema\/logo\/image\/\"}}]}<\/script>\n<!-- \/ Yoast SEO plugin. -->","yoast_head_json":{"title":"CARNIVOR SHERD 2LB - Team Mutan Ecuador","description":"CARNIVOR SHRED\u00a0es la soluci\u00f3n definitiva para quemar grasa y desarrollar m\u00fasculos, con el incre\u00edble poder del aislado de prote\u00edna de carne CARNIVOR y poderosos agentes de trituraci\u00f3n como Super 6-Paradol","robots":{"index":"index","follow":"follow","max-snippet":"max-snippet:-1","max-image-preview":"max-image-preview:large","max-video-preview":"max-video-preview:-1"},"canonical":"https:\/\/teammutantecuador.com\/?product=carnivor-sherd-2lb","og_locale":"es_ES","og_type":"article","og_title":"CARNIVOR SHERD 2LB - Team Mutan Ecuador","og_description":"CARNIVOR SHRED\u00a0es la soluci\u00f3n definitiva para quemar grasa y desarrollar m\u00fasculos, con el incre\u00edble poder del aislado de prote\u00edna de carne CARNIVOR y poderosos agentes de trituraci\u00f3n como Super 6-Paradol","og_url":"https:\/\/teammutantecuador.com\/?product=carnivor-sherd-2lb","og_site_name":"Team Mutan Ecuador","article_modified_time":"2026-01-17T16:03:33+00:00","twitter_card":"summary_large_image","twitter_misc":{"Tiempo de lectura":"1 minuto"},"schema":{"@context":"https:\/\/schema.org","@graph":[{"@type":"WebPage","@id":"https:\/\/teammutantecuador.com\/?product=carnivor-sherd-2lb","url":"https:\/\/teammutantecuador.com\/?product=carnivor-sherd-2lb","name":"CARNIVOR SHERD 2LB - Team Mutan Ecuador","isPartOf":{"@id":"https:\/\/teammutantecuador.com\/#website"},"datePublished":"2026-01-17T16:03:30+00:00","dateModified":"2026-01-17T16:03:33+00:00","description":"CARNIVOR SHRED\u00a0es la soluci\u00f3n definitiva para quemar grasa y desarrollar m\u00fasculos, con el incre\u00edble poder del aislado de prote\u00edna de carne CARNIVOR y poderosos agentes de trituraci\u00f3n como Super 6-Paradol","breadcrumb":{"@id":"https:\/\/teammutantecuador.com\/?product=carnivor-sherd-2lb#breadcrumb"},"inLanguage":"es","potentialAction":[{"@type":"ReadAction","target":["https:\/\/teammutantecuador.com\/?product=carnivor-sherd-2lb"]}]},{"@type":"BreadcrumbList","@id":"https:\/\/teammutantecuador.com\/?product=carnivor-sherd-2lb#breadcrumb","itemListElement":[{"@type":"ListItem","position":1,"name":"Portada","item":"https:\/\/teammutantecuador.com\/"},{"@type":"ListItem","position":2,"name":"Shop","item":"https:\/\/teammutantecuador.com\/?page_id=6"},{"@type":"ListItem","position":3,"name":"CARNIVOR SHERD 2LB"}]},{"@type":"WebSite","@id":"https:\/\/teammutantecuador.com\/#website","url":"https:\/\/teammutantecuador.com\/","name":"Team Mutan Ecuador","description":"Just another WordPress site","publisher":{"@id":"https:\/\/teammutantecuador.com\/#organization"},"potentialAction":[{"@type":"SearchAction","target":{"@type":"EntryPoint","urlTemplate":"https:\/\/teammutantecuador.com\/?s={search_term_string}"},"query-input":{"@type":"PropertyValueSpecification","valueRequired":true,"valueName":"search_term_string"}}],"inLanguage":"es"},{"@type":"Organization","@id":"https:\/\/teammutantecuador.com\/#organization","name":"Team Mutan Ecuador","url":"https:\/\/teammutantecuador.com\/","logo":{"@type":"ImageObject","inLanguage":"es","@id":"https:\/\/teammutantecuador.com\/#\/schema\/logo\/image\/","url":"https:\/\/teammutantecuador.com\/wp-content\/uploads\/2026\/01\/Diseno-sin-titulo-97.png","contentUrl":"https:\/\/teammutantecuador.com\/wp-content\/uploads\/2026\/01\/Diseno-sin-titulo-97.png","width":500,"height":300,"caption":"Team Mutan Ecuador"},"image":{"@id":"https:\/\/teammutantecuador.com\/#\/schema\/logo\/image\/"}}]}},"_links":{"self":[{"href":"https:\/\/teammutantecuador.com\/index.php?rest_route=\/wp\/v2\/product\/1290","targetHints":{"allow":["GET"]}}],"collection":[{"href":"https:\/\/teammutantecuador.com\/index.php?rest_route=\/wp\/v2\/product"}],"about":[{"href":"https:\/\/teammutantecuador.com\/index.php?rest_route=\/wp\/v2\/types\/product"}],"replies":[{"embeddable":true,"href":"https:\/\/teammutantecuador.com\/index.php?rest_route=%2Fwp%2Fv2%2Fcomments&post=1290"}],"wp:attachment":[{"href":"https:\/\/teammutantecuador.com\/index.php?rest_route=%2Fwp%2Fv2%2Fmedia&parent=1290"}],"wp:term":[{"taxonomy":"product_brand","embeddable":true,"href":"https:\/\/teammutantecuador.com\/index.php?rest_route=%2Fwp%2Fv2%2Fproduct_brand&post=1290"},{"taxonomy":"product_cat","embeddable":true,"href":"https:\/\/teammutantecuador.com\/index.php?rest_route=%2Fwp%2Fv2%2Fproduct_cat&post=1290"},{"taxonomy":"product_tag","embeddable":true,"href":"https:\/\/teammutantecuador.com\/index.php?rest_route=%2Fwp%2Fv2%2Fproduct_tag&post=1290"}],"curies":[{"name":"wp","href":"https:\/\/api.w.org\/{rel}","templated":true}]}}