{"id":1288,"date":"2026-01-17T16:03:30","date_gmt":"2026-01-17T16:03:30","guid":{"rendered":"https:\/\/teammutantecuador.com\/?post_type=product&#038;p=1288"},"modified":"2026-01-17T16:03:33","modified_gmt":"2026-01-17T16:03:33","slug":"carnivor-mass-6lb-chocolate","status":"publish","type":"product","link":"https:\/\/teammutantecuador.com\/?product=carnivor-mass-6lb-chocolate","title":{"rendered":"CARNIVOR MASS 6LB CHOCOLATE"},"content":{"rendered":"<p><strong>CARNIVOR MASS<\/strong>\u00a0es llamado por algunos \u201cun superalimento anab\u00f3lico\u201d y es m\u00e1s avanzado que el t\u00edpico ganador de masa.\u00a0Cuando los alimentos regulares y los ganadores t\u00edpicos pueden estar limitados en t\u00e9rminos de velocidad de absorci\u00f3n y el potencial de aumento de insulina, CARNIVOR MASS es excelente.\u00a0Combina el aislado de prote\u00edna de carne de vacuno hidrolizado puro (BPI) con una tecnolog\u00eda de amplificaci\u00f3n de se\u00f1al de insulina de doble acci\u00f3n conocida como iSpike &#x2122;.\u00a0BPI e iSpike act\u00faan en conjunto para ayudar a mejorar el anabolismo muscular y minimizar el almacenamiento de grasa.\u00a0CARNIVOR MASS es un ganador r\u00e1pido, limpio y altamente anab\u00f3lico.<\/p>\n<h2>CARNIVOR MASS SE<br \/>\nINFORME\u00a0LA\u00a0ELECCI\u00d3N APROBADA!<\/h2>\n<p>Elecci\u00f3n informada:<\/p>\n<p>Confiable para estar limpio, CARNIVOR MASS est\u00e1 certificado por elecci\u00f3n informada, probado para m\u00e1s de 200 sustancias prohibidas en la lista de WADA y producido en una instalaci\u00f3n que cumple con las BPM.\u00a0Puede estar seguro de que est\u00e1 obteniendo el producto de la m\u00e1s alta calidad disponible.<\/p>\n<ul>\n<li>1250 calor\u00edas por porci\u00f3n<\/li>\n<li>50 g de aislado de prote\u00edna de carne hidrolizada cl\u00ednicamente probado *<\/li>\n<li>255 g de carbohidratos (sin az\u00facar)<\/li>\n<li>Control de insulina y carbohidratos: cromo y 4-hidroxiisoleucina * #<\/li>\n<li>5 gramos de creatina por porci\u00f3n<\/li>\n<li>Solo 2.5 g de grasa por porci\u00f3n<\/li>\n<li>Prote\u00edna de res inspeccionada por el USDA<\/li>\n<li>Hidrolizado para una r\u00e1pida absorci\u00f3n *<\/li>\n<li>100% de prote\u00edna del aislado de prote\u00edna de carne<\/li>\n<li>M\u00e1s concentrado que el suero *<\/li>\n<li>0 Colesterol, 0 Az\u00facar, 0 Lactosa, 0 Gluten, 0 Gelatina<\/li>\n<\/ul>\n","protected":false},"excerpt":{"rendered":"<ul>\n<li>1250 calor\u00edas por porci\u00f3n<\/li>\n<li>50 g de aislado de prote\u00edna de carne hidrolizada cl\u00ednicamente probado *<\/li>\n<li>255 g de carbohidratos (sin az\u00facar)<\/li>\n<li>Control de insulina y carbohidratos: cromo y 4-hidroxiisoleucina * #<\/li>\n<li>5 gramos de creatina por porci\u00f3n<\/li>\n<li>Solo 2.5 g de grasa por porci\u00f3n<\/li>\n<li>Prote\u00edna de res inspeccionada por el USDA<\/li>\n<li>Hidrolizado para una r\u00e1pida absorci\u00f3n *<\/li>\n<li>100% de prote\u00edna del aislado de prote\u00edna de carne<\/li>\n<li>M\u00e1s concentrado que el suero *<\/li>\n<li>0 Colesterol, 0 Az\u00facar, 0 Lactosa, 0 Gluten, 0 Gelatina<\/li>\n<\/ul>\n","protected":false},"featured_media":0,"comment_status":"open","ping_status":"closed","template":"","meta":[],"product_brand":[],"product_cat":[354,363],"product_tag":[52,61,58,56],"class_list":{"0":"post-1288","1":"product","2":"type-product","3":"status-publish","5":"product_cat-ganadores-de-peso","6":"product_cat-premiun","7":"product_tag-carnivor","8":"product_tag-ganador-de-peso","9":"product_tag-musclemeds","10":"product_tag-proteinas","12":"first","13":"instock","14":"sale","15":"shipping-taxable","16":"purchasable","17":"product-type-simple"},"yoast_head":"<!-- This site is optimized with the Yoast SEO plugin v26.8 - https:\/\/yoast.com\/product\/yoast-seo-wordpress\/ -->\n<title>CARNIVOR MASS 6LB CHOCOLATE - Team Mutan Ecuador<\/title>\n<meta name=\"description\" content=\"CARNIVOR MASS\u00a0es llamado por algunos \u201cun superalimento anab\u00f3lico\u201d y es m\u00e1s avanzado que el t\u00edpico ganador de masa.\u00a0Cuando los alimentos regulares y los ganadores t\u00edpicos pueden estar limitados en t\u00e9rminos de velocidad de absorci\u00f3n y el potencial de aumento de insulina, CARNIVOR MASS es excelente.\u00a0Combina el aislado de prote\u00edna de carne de vacuno hidrolizado puro (BPI) con una tecnolog\u00eda de amplificaci\u00f3n de se\u00f1al de insulina de doble acci\u00f3n conocida como iSpike \u2122.\u00a0BPI e iSpike act\u00faan en conjunto para ayudar a mejorar el anabolismo muscular y minimizar el almacenamiento de grasa.\u00a0CARNIVOR MASS es un ganador r\u00e1pido, limpio y altamente anab\u00f3lico.\u00a0\" \/>\n<meta name=\"robots\" content=\"index, follow, max-snippet:-1, max-image-preview:large, max-video-preview:-1\" \/>\n<link rel=\"canonical\" href=\"https:\/\/teammutantecuador.com\/?product=carnivor-mass-6lb-chocolate\" \/>\n<meta property=\"og:locale\" content=\"es_ES\" \/>\n<meta property=\"og:type\" content=\"article\" \/>\n<meta property=\"og:title\" content=\"CARNIVOR MASS 6LB CHOCOLATE - Team Mutan Ecuador\" \/>\n<meta property=\"og:description\" content=\"CARNIVOR MASS\u00a0es llamado por algunos \u201cun superalimento anab\u00f3lico\u201d y es m\u00e1s avanzado que el t\u00edpico ganador de masa.\u00a0Cuando los alimentos regulares y los ganadores t\u00edpicos pueden estar limitados en t\u00e9rminos de velocidad de absorci\u00f3n y el potencial de aumento de insulina, CARNIVOR MASS es excelente.\u00a0Combina el aislado de prote\u00edna de carne de vacuno hidrolizado puro (BPI) con una tecnolog\u00eda de amplificaci\u00f3n de se\u00f1al de insulina de doble acci\u00f3n conocida como iSpike \u2122.\u00a0BPI e iSpike act\u00faan en conjunto para ayudar a mejorar el anabolismo muscular y minimizar el almacenamiento de grasa.\u00a0CARNIVOR MASS es un ganador r\u00e1pido, limpio y altamente anab\u00f3lico.\u00a0\" \/>\n<meta property=\"og:url\" content=\"https:\/\/teammutantecuador.com\/?product=carnivor-mass-6lb-chocolate\" \/>\n<meta property=\"og:site_name\" content=\"Team Mutan Ecuador\" \/>\n<meta property=\"article:modified_time\" content=\"2026-01-17T16:03:33+00:00\" \/>\n<meta name=\"twitter:card\" content=\"summary_large_image\" \/>\n<meta name=\"twitter:label1\" content=\"Tiempo de lectura\" \/>\n\t<meta name=\"twitter:data1\" content=\"1 minuto\" \/>\n<script type=\"application\/ld+json\" class=\"yoast-schema-graph\">{\"@context\":\"https:\/\/schema.org\",\"@graph\":[{\"@type\":\"WebPage\",\"@id\":\"https:\/\/teammutantecuador.com\/?product=carnivor-mass-6lb-chocolate\",\"url\":\"https:\/\/teammutantecuador.com\/?product=carnivor-mass-6lb-chocolate\",\"name\":\"CARNIVOR MASS 6LB CHOCOLATE - Team Mutan Ecuador\",\"isPartOf\":{\"@id\":\"https:\/\/teammutantecuador.com\/#website\"},\"datePublished\":\"2026-01-17T16:03:30+00:00\",\"dateModified\":\"2026-01-17T16:03:33+00:00\",\"description\":\"CARNIVOR MASS\u00a0es llamado por algunos \u201cun superalimento anab\u00f3lico\u201d y es m\u00e1s avanzado que el t\u00edpico ganador de masa.\u00a0Cuando los alimentos regulares y los ganadores t\u00edpicos pueden estar limitados en t\u00e9rminos de velocidad de absorci\u00f3n y el potencial de aumento de insulina, CARNIVOR MASS es excelente.\u00a0Combina el aislado de prote\u00edna de carne de vacuno hidrolizado puro (BPI) con una tecnolog\u00eda de amplificaci\u00f3n de se\u00f1al de insulina de doble acci\u00f3n conocida como iSpike \u2122.\u00a0BPI e iSpike act\u00faan en conjunto para ayudar a mejorar el anabolismo muscular y minimizar el almacenamiento de grasa.\u00a0CARNIVOR MASS es un ganador r\u00e1pido, limpio y altamente anab\u00f3lico.\u00a0\",\"breadcrumb\":{\"@id\":\"https:\/\/teammutantecuador.com\/?product=carnivor-mass-6lb-chocolate#breadcrumb\"},\"inLanguage\":\"es\",\"potentialAction\":[{\"@type\":\"ReadAction\",\"target\":[\"https:\/\/teammutantecuador.com\/?product=carnivor-mass-6lb-chocolate\"]}]},{\"@type\":\"BreadcrumbList\",\"@id\":\"https:\/\/teammutantecuador.com\/?product=carnivor-mass-6lb-chocolate#breadcrumb\",\"itemListElement\":[{\"@type\":\"ListItem\",\"position\":1,\"name\":\"Portada\",\"item\":\"https:\/\/teammutantecuador.com\/\"},{\"@type\":\"ListItem\",\"position\":2,\"name\":\"Shop\",\"item\":\"https:\/\/teammutantecuador.com\/?page_id=6\"},{\"@type\":\"ListItem\",\"position\":3,\"name\":\"CARNIVOR MASS 6LB CHOCOLATE\"}]},{\"@type\":\"WebSite\",\"@id\":\"https:\/\/teammutantecuador.com\/#website\",\"url\":\"https:\/\/teammutantecuador.com\/\",\"name\":\"Team Mutan Ecuador\",\"description\":\"Just another WordPress site\",\"publisher\":{\"@id\":\"https:\/\/teammutantecuador.com\/#organization\"},\"potentialAction\":[{\"@type\":\"SearchAction\",\"target\":{\"@type\":\"EntryPoint\",\"urlTemplate\":\"https:\/\/teammutantecuador.com\/?s={search_term_string}\"},\"query-input\":{\"@type\":\"PropertyValueSpecification\",\"valueRequired\":true,\"valueName\":\"search_term_string\"}}],\"inLanguage\":\"es\"},{\"@type\":\"Organization\",\"@id\":\"https:\/\/teammutantecuador.com\/#organization\",\"name\":\"Team Mutan Ecuador\",\"url\":\"https:\/\/teammutantecuador.com\/\",\"logo\":{\"@type\":\"ImageObject\",\"inLanguage\":\"es\",\"@id\":\"https:\/\/teammutantecuador.com\/#\/schema\/logo\/image\/\",\"url\":\"https:\/\/teammutantecuador.com\/wp-content\/uploads\/2026\/01\/Diseno-sin-titulo-97.png\",\"contentUrl\":\"https:\/\/teammutantecuador.com\/wp-content\/uploads\/2026\/01\/Diseno-sin-titulo-97.png\",\"width\":500,\"height\":300,\"caption\":\"Team Mutan Ecuador\"},\"image\":{\"@id\":\"https:\/\/teammutantecuador.com\/#\/schema\/logo\/image\/\"}}]}<\/script>\n<!-- \/ Yoast SEO plugin. -->","yoast_head_json":{"title":"CARNIVOR MASS 6LB CHOCOLATE - Team Mutan Ecuador","description":"CARNIVOR MASS\u00a0es llamado por algunos \u201cun superalimento anab\u00f3lico\u201d y es m\u00e1s avanzado que el t\u00edpico ganador de masa.\u00a0Cuando los alimentos regulares y los ganadores t\u00edpicos pueden estar limitados en t\u00e9rminos de velocidad de absorci\u00f3n y el potencial de aumento de insulina, CARNIVOR MASS es excelente.\u00a0Combina el aislado de prote\u00edna de carne de vacuno hidrolizado puro (BPI) con una tecnolog\u00eda de amplificaci\u00f3n de se\u00f1al de insulina de doble acci\u00f3n conocida como iSpike \u2122.\u00a0BPI e iSpike act\u00faan en conjunto para ayudar a mejorar el anabolismo muscular y minimizar el almacenamiento de grasa.\u00a0CARNIVOR MASS es un ganador r\u00e1pido, limpio y altamente anab\u00f3lico.\u00a0","robots":{"index":"index","follow":"follow","max-snippet":"max-snippet:-1","max-image-preview":"max-image-preview:large","max-video-preview":"max-video-preview:-1"},"canonical":"https:\/\/teammutantecuador.com\/?product=carnivor-mass-6lb-chocolate","og_locale":"es_ES","og_type":"article","og_title":"CARNIVOR MASS 6LB CHOCOLATE - Team Mutan Ecuador","og_description":"CARNIVOR MASS\u00a0es llamado por algunos \u201cun superalimento anab\u00f3lico\u201d y es m\u00e1s avanzado que el t\u00edpico ganador de masa.\u00a0Cuando los alimentos regulares y los ganadores t\u00edpicos pueden estar limitados en t\u00e9rminos de velocidad de absorci\u00f3n y el potencial de aumento de insulina, CARNIVOR MASS es excelente.\u00a0Combina el aislado de prote\u00edna de carne de vacuno hidrolizado puro (BPI) con una tecnolog\u00eda de amplificaci\u00f3n de se\u00f1al de insulina de doble acci\u00f3n conocida como iSpike \u2122.\u00a0BPI e iSpike act\u00faan en conjunto para ayudar a mejorar el anabolismo muscular y minimizar el almacenamiento de grasa.\u00a0CARNIVOR MASS es un ganador r\u00e1pido, limpio y altamente anab\u00f3lico.\u00a0","og_url":"https:\/\/teammutantecuador.com\/?product=carnivor-mass-6lb-chocolate","og_site_name":"Team Mutan Ecuador","article_modified_time":"2026-01-17T16:03:33+00:00","twitter_card":"summary_large_image","twitter_misc":{"Tiempo de lectura":"1 minuto"},"schema":{"@context":"https:\/\/schema.org","@graph":[{"@type":"WebPage","@id":"https:\/\/teammutantecuador.com\/?product=carnivor-mass-6lb-chocolate","url":"https:\/\/teammutantecuador.com\/?product=carnivor-mass-6lb-chocolate","name":"CARNIVOR MASS 6LB CHOCOLATE - Team Mutan Ecuador","isPartOf":{"@id":"https:\/\/teammutantecuador.com\/#website"},"datePublished":"2026-01-17T16:03:30+00:00","dateModified":"2026-01-17T16:03:33+00:00","description":"CARNIVOR MASS\u00a0es llamado por algunos \u201cun superalimento anab\u00f3lico\u201d y es m\u00e1s avanzado que el t\u00edpico ganador de masa.\u00a0Cuando los alimentos regulares y los ganadores t\u00edpicos pueden estar limitados en t\u00e9rminos de velocidad de absorci\u00f3n y el potencial de aumento de insulina, CARNIVOR MASS es excelente.\u00a0Combina el aislado de prote\u00edna de carne de vacuno hidrolizado puro (BPI) con una tecnolog\u00eda de amplificaci\u00f3n de se\u00f1al de insulina de doble acci\u00f3n conocida como iSpike \u2122.\u00a0BPI e iSpike act\u00faan en conjunto para ayudar a mejorar el anabolismo muscular y minimizar el almacenamiento de grasa.\u00a0CARNIVOR MASS es un ganador r\u00e1pido, limpio y altamente anab\u00f3lico.\u00a0","breadcrumb":{"@id":"https:\/\/teammutantecuador.com\/?product=carnivor-mass-6lb-chocolate#breadcrumb"},"inLanguage":"es","potentialAction":[{"@type":"ReadAction","target":["https:\/\/teammutantecuador.com\/?product=carnivor-mass-6lb-chocolate"]}]},{"@type":"BreadcrumbList","@id":"https:\/\/teammutantecuador.com\/?product=carnivor-mass-6lb-chocolate#breadcrumb","itemListElement":[{"@type":"ListItem","position":1,"name":"Portada","item":"https:\/\/teammutantecuador.com\/"},{"@type":"ListItem","position":2,"name":"Shop","item":"https:\/\/teammutantecuador.com\/?page_id=6"},{"@type":"ListItem","position":3,"name":"CARNIVOR MASS 6LB CHOCOLATE"}]},{"@type":"WebSite","@id":"https:\/\/teammutantecuador.com\/#website","url":"https:\/\/teammutantecuador.com\/","name":"Team Mutan Ecuador","description":"Just another WordPress site","publisher":{"@id":"https:\/\/teammutantecuador.com\/#organization"},"potentialAction":[{"@type":"SearchAction","target":{"@type":"EntryPoint","urlTemplate":"https:\/\/teammutantecuador.com\/?s={search_term_string}"},"query-input":{"@type":"PropertyValueSpecification","valueRequired":true,"valueName":"search_term_string"}}],"inLanguage":"es"},{"@type":"Organization","@id":"https:\/\/teammutantecuador.com\/#organization","name":"Team Mutan Ecuador","url":"https:\/\/teammutantecuador.com\/","logo":{"@type":"ImageObject","inLanguage":"es","@id":"https:\/\/teammutantecuador.com\/#\/schema\/logo\/image\/","url":"https:\/\/teammutantecuador.com\/wp-content\/uploads\/2026\/01\/Diseno-sin-titulo-97.png","contentUrl":"https:\/\/teammutantecuador.com\/wp-content\/uploads\/2026\/01\/Diseno-sin-titulo-97.png","width":500,"height":300,"caption":"Team Mutan Ecuador"},"image":{"@id":"https:\/\/teammutantecuador.com\/#\/schema\/logo\/image\/"}}]}},"_links":{"self":[{"href":"https:\/\/teammutantecuador.com\/index.php?rest_route=\/wp\/v2\/product\/1288","targetHints":{"allow":["GET"]}}],"collection":[{"href":"https:\/\/teammutantecuador.com\/index.php?rest_route=\/wp\/v2\/product"}],"about":[{"href":"https:\/\/teammutantecuador.com\/index.php?rest_route=\/wp\/v2\/types\/product"}],"replies":[{"embeddable":true,"href":"https:\/\/teammutantecuador.com\/index.php?rest_route=%2Fwp%2Fv2%2Fcomments&post=1288"}],"wp:attachment":[{"href":"https:\/\/teammutantecuador.com\/index.php?rest_route=%2Fwp%2Fv2%2Fmedia&parent=1288"}],"wp:term":[{"taxonomy":"product_brand","embeddable":true,"href":"https:\/\/teammutantecuador.com\/index.php?rest_route=%2Fwp%2Fv2%2Fproduct_brand&post=1288"},{"taxonomy":"product_cat","embeddable":true,"href":"https:\/\/teammutantecuador.com\/index.php?rest_route=%2Fwp%2Fv2%2Fproduct_cat&post=1288"},{"taxonomy":"product_tag","embeddable":true,"href":"https:\/\/teammutantecuador.com\/index.php?rest_route=%2Fwp%2Fv2%2Fproduct_tag&post=1288"}],"curies":[{"name":"wp","href":"https:\/\/api.w.org\/{rel}","templated":true}]}}