{"id":1285,"date":"2026-01-17T16:03:30","date_gmt":"2026-01-17T16:03:30","guid":{"rendered":"https:\/\/teammutantecuador.com\/?post_type=product&#038;p=1285"},"modified":"2026-01-17T16:03:33","modified_gmt":"2026-01-17T16:03:33","slug":"carnivor-chocolate-8lbs","status":"publish","type":"product","link":"https:\/\/teammutantecuador.com\/?product=carnivor-chocolate-8lbs","title":{"rendered":"CARNIVOR CHOCOLATE 8LBS"},"content":{"rendered":"<h2>EL PRIMER AISLAMIENTO DE PROTE\u00cdNA DE CARNE PRIMERA Y N\u00daMERO 1 DEL MUNDO<\/h2>\n<p>Durante siglos, la carne ha impulsado a los atletas.\u00a0Abarcando los primeros cimientos de los entusiastas del fitness y los levantadores de pesas y continuando con los expertos en salud modernos y los atletas competitivos, la carne ha sido una piedra angular de la dieta utilizada para estimular el crecimiento y el rendimiento muscular.<\/p>\n<p>Desafortunadamente, la carne de res suele estar cargada de niveles poco saludables de grasa y colesterol, y tambi\u00e9n requiere mucho tiempo y recursos para prepararse y consumirse.\u00a0Carnivor Beef Protein Isolate es una alternativa incre\u00edble que ha trastornado el mercado de prote\u00ednas.\u00a0Carnivor le proporciona 23 g de 99% de prote\u00edna aislada de carne de res y no contiene grasa ni colesterol, lo que le permite obtener los beneficios de la prote\u00edna de carne de res en un delicioso batido de prote\u00ednas de digesti\u00f3n r\u00e1pida y conveniente, sin el exceso de calor\u00edas.\u00a0Adem\u00e1s, no contiene lactosa, az\u00facar, l\u00e1cteos ni gluten, lo que facilita su digesti\u00f3n.<\/p>\n<h2>EL CARNAVOR EST\u00c1<br \/>\nINFORMADO\u00a0LA\u00a0ELECCI\u00d3N APROBADA!<\/h2>\n<p>Elecci\u00f3n informada:<\/p>\n<p>Confiable para estar limpio, CARNIVOR cuenta con la certificaci\u00f3n de elecci\u00f3n informada, ha sido probado para m\u00e1s de 200 sustancias prohibidas en la lista de la AMA y producido en una instalaci\u00f3n que cumple con las BPM.\u00a0Puede estar seguro de que est\u00e1 obteniendo el producto de la m\u00e1s alta calidad disponible.<\/p>\n<h3>Prote\u00edna de carne Carnivor \u2013 respaldada por investigaciones<\/h3>\n<p>La investigaci\u00f3n cl\u00ednica corrobora el poder del aislado de prote\u00edna de carne Carnivor, mostrando que en solo 8 semanas, ayud\u00f3 a duplicar las ganancias de masa muscular en relaci\u00f3n con el ejercicio solo (grupo de control con placebo).\u00a0Adem\u00e1s, los participantes no informaron signos de malestar estomacal. \u2020 Estos beneficios para el desarrollo muscular tampoco fueron superados por la prote\u00edna de suero.<\/p>\n","protected":false},"excerpt":{"rendered":"<h2>Aislado de prote\u00edna de carne bioingenier\u00eda<\/h2>\n<ul>\n<li>23 g de prote\u00edna de carne hidrolizada<\/li>\n<li>350% m\u00e1s concentrado en amino\u00e1cidos que el filete\u00a0<sup>\u2020<\/sup><\/li>\n<li>Digesti\u00f3n r\u00e1pida: m\u00e1s f\u00e1cil para el est\u00f3mago\u00a0<sup>\u2020<\/sup><\/li>\n<li>Hecho con carne de res inspeccionada por el USDA<\/li>\n<li>Sabor suave y delicioso.<\/li>\n<\/ul>\n","protected":false},"featured_media":0,"comment_status":"open","ping_status":"closed","template":"","meta":[],"product_brand":[],"product_cat":[357],"product_tag":[52,58,56],"class_list":{"0":"post-1285","1":"product","2":"type-product","3":"status-publish","5":"product_cat-proteinas-2","6":"product_tag-carnivor","7":"product_tag-musclemeds","8":"product_tag-proteinas","10":"first","11":"instock","12":"shipping-taxable","13":"purchasable","14":"product-type-simple"},"yoast_head":"<!-- This site is optimized with the Yoast SEO plugin v26.8 - https:\/\/yoast.com\/product\/yoast-seo-wordpress\/ -->\n<title>CARNIVOR CHOCOLATE 8LBS - Team Mutan Ecuador<\/title>\n<meta name=\"description\" content=\"EL PRIMER AISLAMIENTO DE PROTE\u00cdNA DE CARNE PRIMERA Y N\u00daMERO 1 DEL MUNDO\" \/>\n<meta name=\"robots\" content=\"index, follow, max-snippet:-1, max-image-preview:large, max-video-preview:-1\" \/>\n<link rel=\"canonical\" href=\"https:\/\/teammutantecuador.com\/?product=carnivor-chocolate-8lbs\" \/>\n<meta property=\"og:locale\" content=\"es_ES\" \/>\n<meta property=\"og:type\" content=\"article\" \/>\n<meta property=\"og:title\" content=\"CARNIVOR CHOCOLATE 8LBS - Team Mutan Ecuador\" \/>\n<meta property=\"og:description\" content=\"EL PRIMER AISLAMIENTO DE PROTE\u00cdNA DE CARNE PRIMERA Y N\u00daMERO 1 DEL MUNDO\" \/>\n<meta property=\"og:url\" content=\"https:\/\/teammutantecuador.com\/?product=carnivor-chocolate-8lbs\" \/>\n<meta property=\"og:site_name\" content=\"Team Mutan Ecuador\" \/>\n<meta property=\"article:modified_time\" content=\"2026-01-17T16:03:33+00:00\" \/>\n<meta name=\"twitter:card\" content=\"summary_large_image\" \/>\n<meta name=\"twitter:label1\" content=\"Tiempo de lectura\" \/>\n\t<meta name=\"twitter:data1\" content=\"2 minutos\" \/>\n<script type=\"application\/ld+json\" class=\"yoast-schema-graph\">{\"@context\":\"https:\/\/schema.org\",\"@graph\":[{\"@type\":\"WebPage\",\"@id\":\"https:\/\/teammutantecuador.com\/?product=carnivor-chocolate-8lbs\",\"url\":\"https:\/\/teammutantecuador.com\/?product=carnivor-chocolate-8lbs\",\"name\":\"CARNIVOR CHOCOLATE 8LBS - Team Mutan Ecuador\",\"isPartOf\":{\"@id\":\"https:\/\/teammutantecuador.com\/#website\"},\"datePublished\":\"2026-01-17T16:03:30+00:00\",\"dateModified\":\"2026-01-17T16:03:33+00:00\",\"description\":\"EL PRIMER AISLAMIENTO DE PROTE\u00cdNA DE CARNE PRIMERA Y N\u00daMERO 1 DEL MUNDO\",\"breadcrumb\":{\"@id\":\"https:\/\/teammutantecuador.com\/?product=carnivor-chocolate-8lbs#breadcrumb\"},\"inLanguage\":\"es\",\"potentialAction\":[{\"@type\":\"ReadAction\",\"target\":[\"https:\/\/teammutantecuador.com\/?product=carnivor-chocolate-8lbs\"]}]},{\"@type\":\"BreadcrumbList\",\"@id\":\"https:\/\/teammutantecuador.com\/?product=carnivor-chocolate-8lbs#breadcrumb\",\"itemListElement\":[{\"@type\":\"ListItem\",\"position\":1,\"name\":\"Portada\",\"item\":\"https:\/\/teammutantecuador.com\/\"},{\"@type\":\"ListItem\",\"position\":2,\"name\":\"Shop\",\"item\":\"https:\/\/teammutantecuador.com\/?page_id=6\"},{\"@type\":\"ListItem\",\"position\":3,\"name\":\"CARNIVOR CHOCOLATE 8LBS\"}]},{\"@type\":\"WebSite\",\"@id\":\"https:\/\/teammutantecuador.com\/#website\",\"url\":\"https:\/\/teammutantecuador.com\/\",\"name\":\"Team Mutan Ecuador\",\"description\":\"Just another WordPress site\",\"publisher\":{\"@id\":\"https:\/\/teammutantecuador.com\/#organization\"},\"potentialAction\":[{\"@type\":\"SearchAction\",\"target\":{\"@type\":\"EntryPoint\",\"urlTemplate\":\"https:\/\/teammutantecuador.com\/?s={search_term_string}\"},\"query-input\":{\"@type\":\"PropertyValueSpecification\",\"valueRequired\":true,\"valueName\":\"search_term_string\"}}],\"inLanguage\":\"es\"},{\"@type\":\"Organization\",\"@id\":\"https:\/\/teammutantecuador.com\/#organization\",\"name\":\"Team Mutan Ecuador\",\"url\":\"https:\/\/teammutantecuador.com\/\",\"logo\":{\"@type\":\"ImageObject\",\"inLanguage\":\"es\",\"@id\":\"https:\/\/teammutantecuador.com\/#\/schema\/logo\/image\/\",\"url\":\"https:\/\/teammutantecuador.com\/wp-content\/uploads\/2026\/01\/Diseno-sin-titulo-97.png\",\"contentUrl\":\"https:\/\/teammutantecuador.com\/wp-content\/uploads\/2026\/01\/Diseno-sin-titulo-97.png\",\"width\":500,\"height\":300,\"caption\":\"Team Mutan Ecuador\"},\"image\":{\"@id\":\"https:\/\/teammutantecuador.com\/#\/schema\/logo\/image\/\"}}]}<\/script>\n<!-- \/ Yoast SEO plugin. -->","yoast_head_json":{"title":"CARNIVOR CHOCOLATE 8LBS - Team Mutan Ecuador","description":"EL PRIMER AISLAMIENTO DE PROTE\u00cdNA DE CARNE PRIMERA Y N\u00daMERO 1 DEL MUNDO","robots":{"index":"index","follow":"follow","max-snippet":"max-snippet:-1","max-image-preview":"max-image-preview:large","max-video-preview":"max-video-preview:-1"},"canonical":"https:\/\/teammutantecuador.com\/?product=carnivor-chocolate-8lbs","og_locale":"es_ES","og_type":"article","og_title":"CARNIVOR CHOCOLATE 8LBS - Team Mutan Ecuador","og_description":"EL PRIMER AISLAMIENTO DE PROTE\u00cdNA DE CARNE PRIMERA Y N\u00daMERO 1 DEL MUNDO","og_url":"https:\/\/teammutantecuador.com\/?product=carnivor-chocolate-8lbs","og_site_name":"Team Mutan Ecuador","article_modified_time":"2026-01-17T16:03:33+00:00","twitter_card":"summary_large_image","twitter_misc":{"Tiempo de lectura":"2 minutos"},"schema":{"@context":"https:\/\/schema.org","@graph":[{"@type":"WebPage","@id":"https:\/\/teammutantecuador.com\/?product=carnivor-chocolate-8lbs","url":"https:\/\/teammutantecuador.com\/?product=carnivor-chocolate-8lbs","name":"CARNIVOR CHOCOLATE 8LBS - Team Mutan Ecuador","isPartOf":{"@id":"https:\/\/teammutantecuador.com\/#website"},"datePublished":"2026-01-17T16:03:30+00:00","dateModified":"2026-01-17T16:03:33+00:00","description":"EL PRIMER AISLAMIENTO DE PROTE\u00cdNA DE CARNE PRIMERA Y N\u00daMERO 1 DEL MUNDO","breadcrumb":{"@id":"https:\/\/teammutantecuador.com\/?product=carnivor-chocolate-8lbs#breadcrumb"},"inLanguage":"es","potentialAction":[{"@type":"ReadAction","target":["https:\/\/teammutantecuador.com\/?product=carnivor-chocolate-8lbs"]}]},{"@type":"BreadcrumbList","@id":"https:\/\/teammutantecuador.com\/?product=carnivor-chocolate-8lbs#breadcrumb","itemListElement":[{"@type":"ListItem","position":1,"name":"Portada","item":"https:\/\/teammutantecuador.com\/"},{"@type":"ListItem","position":2,"name":"Shop","item":"https:\/\/teammutantecuador.com\/?page_id=6"},{"@type":"ListItem","position":3,"name":"CARNIVOR CHOCOLATE 8LBS"}]},{"@type":"WebSite","@id":"https:\/\/teammutantecuador.com\/#website","url":"https:\/\/teammutantecuador.com\/","name":"Team Mutan Ecuador","description":"Just another WordPress site","publisher":{"@id":"https:\/\/teammutantecuador.com\/#organization"},"potentialAction":[{"@type":"SearchAction","target":{"@type":"EntryPoint","urlTemplate":"https:\/\/teammutantecuador.com\/?s={search_term_string}"},"query-input":{"@type":"PropertyValueSpecification","valueRequired":true,"valueName":"search_term_string"}}],"inLanguage":"es"},{"@type":"Organization","@id":"https:\/\/teammutantecuador.com\/#organization","name":"Team Mutan Ecuador","url":"https:\/\/teammutantecuador.com\/","logo":{"@type":"ImageObject","inLanguage":"es","@id":"https:\/\/teammutantecuador.com\/#\/schema\/logo\/image\/","url":"https:\/\/teammutantecuador.com\/wp-content\/uploads\/2026\/01\/Diseno-sin-titulo-97.png","contentUrl":"https:\/\/teammutantecuador.com\/wp-content\/uploads\/2026\/01\/Diseno-sin-titulo-97.png","width":500,"height":300,"caption":"Team Mutan Ecuador"},"image":{"@id":"https:\/\/teammutantecuador.com\/#\/schema\/logo\/image\/"}}]}},"_links":{"self":[{"href":"https:\/\/teammutantecuador.com\/index.php?rest_route=\/wp\/v2\/product\/1285","targetHints":{"allow":["GET"]}}],"collection":[{"href":"https:\/\/teammutantecuador.com\/index.php?rest_route=\/wp\/v2\/product"}],"about":[{"href":"https:\/\/teammutantecuador.com\/index.php?rest_route=\/wp\/v2\/types\/product"}],"replies":[{"embeddable":true,"href":"https:\/\/teammutantecuador.com\/index.php?rest_route=%2Fwp%2Fv2%2Fcomments&post=1285"}],"wp:attachment":[{"href":"https:\/\/teammutantecuador.com\/index.php?rest_route=%2Fwp%2Fv2%2Fmedia&parent=1285"}],"wp:term":[{"taxonomy":"product_brand","embeddable":true,"href":"https:\/\/teammutantecuador.com\/index.php?rest_route=%2Fwp%2Fv2%2Fproduct_brand&post=1285"},{"taxonomy":"product_cat","embeddable":true,"href":"https:\/\/teammutantecuador.com\/index.php?rest_route=%2Fwp%2Fv2%2Fproduct_cat&post=1285"},{"taxonomy":"product_tag","embeddable":true,"href":"https:\/\/teammutantecuador.com\/index.php?rest_route=%2Fwp%2Fv2%2Fproduct_tag&post=1285"}],"curies":[{"name":"wp","href":"https:\/\/api.w.org\/{rel}","templated":true}]}}