{"id":1282,"date":"2026-01-17T16:03:30","date_gmt":"2026-01-17T16:03:30","guid":{"rendered":"https:\/\/teammutantecuador.com\/?post_type=product&#038;p=1282"},"modified":"2026-01-17T16:03:32","modified_gmt":"2026-01-17T16:03:32","slug":"best-bcaa-amino-cotton-candy-30-servicios","status":"publish","type":"product","link":"https:\/\/teammutantecuador.com\/?product=best-bcaa-amino-cotton-candy-30-servicios","title":{"rendered":"BEST BCAA AMINO COTTON CANDY 30 SERVICIOS"},"content":{"rendered":"<p>BEST BCAA AMINO COTTON CANDY 30 SERVICIOS<\/p>\n<ul class=\"a-unordered-list a-vertical a-spacing-none collapsedFeatureBullets\">\n<li class=\"showHiddenFeatureBullets\"><span class=\"a-list-item\"><span>EL BCAA \u00daLTIMO: BPI Sports Best BCAA apoya la recuperaci\u00f3n muscular, la reparaci\u00f3n y ayuda a prevenir la degradaci\u00f3n muscular durante los entrenamientos.\u00a0Es un BCAA vers\u00e1til que puede beneficiar a cualquiera, desde el culturista \u00e1vido hasta el atleta cotidiano y entusiasta del fitness. *<\/span><\/span><\/li>\n<li class=\"showHiddenFeatureBullets\"><span class=\"a-list-item\"><span>GRAN SABOR DE CARAMELO DE GRAN CATA: Desarrollamos Best BCAA para mezclar f\u00e1cilmente en agua, pero tambi\u00e9n nos aseguramos de que fuera delicioso.\u00a0Nuestro sabor Sour Candy tiene un gran impacto y al mismo tiempo le da a tu cuerpo una hidrataci\u00f3n adicional. *<\/span><\/span><\/li>\n<li class=\"showHiddenFeatureBullets\"><span class=\"a-list-item\"><span>MEZCLA DE BCAA DE ABSORCI\u00d3N R\u00c1PIDA: nuestra f\u00f3rmula de polvo de BCAA contiene una mezcla de amino\u00e1cidos de cadena ramificada (BCAA) de absorci\u00f3n r\u00e1pida y CLA Matrix que ayuda a apoyar la recuperaci\u00f3n muscular mientras previene la degradaci\u00f3n muscular. *<\/span><\/span><\/li>\n<li class=\"showHiddenFeatureBullets\"><span class=\"a-list-item\"><span>AUMENTA EL RENDIMIENTO Y LA RECUPERACI\u00d3N: Nuestro potente polvo de BCAA aumenta los niveles de resistencia para mejorar el rendimiento deportivo general.\u00a0 Best BCAA tambi\u00e9n ayuda a reparar y reconstruir el m\u00fasculo para ayudar en la recuperaci\u00f3n post-entrenamiento. *<\/span><\/span><span class=\"a-list-item\"><span>GARANT\u00cdA DE DEVOLUCI\u00d3N DEL 100% DEL DINERO: BPI Sports se enorgullece de crear f\u00f3rmulas de entrenamiento superiores que tienen un sabor incre\u00edble.\u00a0Nuestros productos se fabrican en los EE. UU. Y est\u00e1n respaldados con una garant\u00eda de devoluci\u00f3n del 100% del dinero.\u00a0<\/span><\/span><\/li>\n<\/ul>\n","protected":false},"excerpt":{"rendered":"<p><span class=\"a-list-item\">BPI Sports Best BCAA apoya la recuperaci\u00f3n muscular, la reparaci\u00f3n y ayuda a prevenir la degradaci\u00f3n muscular durante los entrenamientos.\u00a0Es un BCAA vers\u00e1til que puede beneficiar a cualquiera, desde el culturista \u00e1vido hasta el atleta cotidiano y entusiasta del fitness.<\/span><\/p>\n","protected":false},"featured_media":0,"comment_status":"open","ping_status":"closed","template":"","meta":[],"product_brand":[],"product_cat":[352],"product_tag":[46,75],"class_list":{"0":"post-1282","1":"product","2":"type-product","3":"status-publish","5":"product_cat-bcaas","6":"product_tag-bcaas","7":"product_tag-bpisport","9":"first","10":"instock","11":"shipping-taxable","12":"purchasable","13":"product-type-simple"},"yoast_head":"<!-- This site is optimized with the Yoast SEO plugin v26.8 - https:\/\/yoast.com\/product\/yoast-seo-wordpress\/ -->\n<title>BEST BCAA AMINO COTTON CANDY 30 SERVICIOS - Team Mutan Ecuador<\/title>\n<meta name=\"description\" content=\"EL BCAA \u00daLTIMO: BPI Sports Best BCAA apoya la recuperaci\u00f3n muscular, la reparaci\u00f3n y ayuda a prevenir la degradaci\u00f3n muscular durante los entrenamientos.\u00a0Es un BCAA vers\u00e1til que puede beneficiar a cualquiera, desde el culturista \u00e1vido hasta el atleta cotidiano y entusiasta del fitness.\" \/>\n<meta name=\"robots\" content=\"index, follow, max-snippet:-1, max-image-preview:large, max-video-preview:-1\" \/>\n<link rel=\"canonical\" href=\"https:\/\/teammutantecuador.com\/?product=best-bcaa-amino-cotton-candy-30-servicios\" \/>\n<meta property=\"og:locale\" content=\"es_ES\" \/>\n<meta property=\"og:type\" content=\"article\" \/>\n<meta property=\"og:title\" content=\"BEST BCAA AMINO COTTON CANDY 30 SERVICIOS - Team Mutan Ecuador\" \/>\n<meta property=\"og:description\" content=\"EL BCAA \u00daLTIMO: BPI Sports Best BCAA apoya la recuperaci\u00f3n muscular, la reparaci\u00f3n y ayuda a prevenir la degradaci\u00f3n muscular durante los entrenamientos.\u00a0Es un BCAA vers\u00e1til que puede beneficiar a cualquiera, desde el culturista \u00e1vido hasta el atleta cotidiano y entusiasta del fitness.\" \/>\n<meta property=\"og:url\" content=\"https:\/\/teammutantecuador.com\/?product=best-bcaa-amino-cotton-candy-30-servicios\" \/>\n<meta property=\"og:site_name\" content=\"Team Mutan Ecuador\" \/>\n<meta property=\"article:modified_time\" content=\"2026-01-17T16:03:32+00:00\" \/>\n<meta name=\"twitter:card\" content=\"summary_large_image\" \/>\n<meta name=\"twitter:label1\" content=\"Tiempo de lectura\" \/>\n\t<meta name=\"twitter:data1\" content=\"1 minuto\" \/>\n<script type=\"application\/ld+json\" class=\"yoast-schema-graph\">{\"@context\":\"https:\/\/schema.org\",\"@graph\":[{\"@type\":\"WebPage\",\"@id\":\"https:\/\/teammutantecuador.com\/?product=best-bcaa-amino-cotton-candy-30-servicios\",\"url\":\"https:\/\/teammutantecuador.com\/?product=best-bcaa-amino-cotton-candy-30-servicios\",\"name\":\"BEST BCAA AMINO COTTON CANDY 30 SERVICIOS - Team Mutan Ecuador\",\"isPartOf\":{\"@id\":\"https:\/\/teammutantecuador.com\/#website\"},\"datePublished\":\"2026-01-17T16:03:30+00:00\",\"dateModified\":\"2026-01-17T16:03:32+00:00\",\"description\":\"EL BCAA \u00daLTIMO: BPI Sports Best BCAA apoya la recuperaci\u00f3n muscular, la reparaci\u00f3n y ayuda a prevenir la degradaci\u00f3n muscular durante los entrenamientos.\u00a0Es un BCAA vers\u00e1til que puede beneficiar a cualquiera, desde el culturista \u00e1vido hasta el atleta cotidiano y entusiasta del fitness.\",\"breadcrumb\":{\"@id\":\"https:\/\/teammutantecuador.com\/?product=best-bcaa-amino-cotton-candy-30-servicios#breadcrumb\"},\"inLanguage\":\"es\",\"potentialAction\":[{\"@type\":\"ReadAction\",\"target\":[\"https:\/\/teammutantecuador.com\/?product=best-bcaa-amino-cotton-candy-30-servicios\"]}]},{\"@type\":\"BreadcrumbList\",\"@id\":\"https:\/\/teammutantecuador.com\/?product=best-bcaa-amino-cotton-candy-30-servicios#breadcrumb\",\"itemListElement\":[{\"@type\":\"ListItem\",\"position\":1,\"name\":\"Portada\",\"item\":\"https:\/\/teammutantecuador.com\/\"},{\"@type\":\"ListItem\",\"position\":2,\"name\":\"Shop\",\"item\":\"https:\/\/teammutantecuador.com\/?page_id=6\"},{\"@type\":\"ListItem\",\"position\":3,\"name\":\"BEST BCAA AMINO COTTON CANDY 30 SERVICIOS\"}]},{\"@type\":\"WebSite\",\"@id\":\"https:\/\/teammutantecuador.com\/#website\",\"url\":\"https:\/\/teammutantecuador.com\/\",\"name\":\"Team Mutan Ecuador\",\"description\":\"Just another WordPress site\",\"publisher\":{\"@id\":\"https:\/\/teammutantecuador.com\/#organization\"},\"potentialAction\":[{\"@type\":\"SearchAction\",\"target\":{\"@type\":\"EntryPoint\",\"urlTemplate\":\"https:\/\/teammutantecuador.com\/?s={search_term_string}\"},\"query-input\":{\"@type\":\"PropertyValueSpecification\",\"valueRequired\":true,\"valueName\":\"search_term_string\"}}],\"inLanguage\":\"es\"},{\"@type\":\"Organization\",\"@id\":\"https:\/\/teammutantecuador.com\/#organization\",\"name\":\"Team Mutan Ecuador\",\"url\":\"https:\/\/teammutantecuador.com\/\",\"logo\":{\"@type\":\"ImageObject\",\"inLanguage\":\"es\",\"@id\":\"https:\/\/teammutantecuador.com\/#\/schema\/logo\/image\/\",\"url\":\"https:\/\/teammutantecuador.com\/wp-content\/uploads\/2026\/01\/Diseno-sin-titulo-97.png\",\"contentUrl\":\"https:\/\/teammutantecuador.com\/wp-content\/uploads\/2026\/01\/Diseno-sin-titulo-97.png\",\"width\":500,\"height\":300,\"caption\":\"Team Mutan Ecuador\"},\"image\":{\"@id\":\"https:\/\/teammutantecuador.com\/#\/schema\/logo\/image\/\"}}]}<\/script>\n<!-- \/ Yoast SEO plugin. -->","yoast_head_json":{"title":"BEST BCAA AMINO COTTON CANDY 30 SERVICIOS - Team Mutan Ecuador","description":"EL BCAA \u00daLTIMO: BPI Sports Best BCAA apoya la recuperaci\u00f3n muscular, la reparaci\u00f3n y ayuda a prevenir la degradaci\u00f3n muscular durante los entrenamientos.\u00a0Es un BCAA vers\u00e1til que puede beneficiar a cualquiera, desde el culturista \u00e1vido hasta el atleta cotidiano y entusiasta del fitness.","robots":{"index":"index","follow":"follow","max-snippet":"max-snippet:-1","max-image-preview":"max-image-preview:large","max-video-preview":"max-video-preview:-1"},"canonical":"https:\/\/teammutantecuador.com\/?product=best-bcaa-amino-cotton-candy-30-servicios","og_locale":"es_ES","og_type":"article","og_title":"BEST BCAA AMINO COTTON CANDY 30 SERVICIOS - Team Mutan Ecuador","og_description":"EL BCAA \u00daLTIMO: BPI Sports Best BCAA apoya la recuperaci\u00f3n muscular, la reparaci\u00f3n y ayuda a prevenir la degradaci\u00f3n muscular durante los entrenamientos.\u00a0Es un BCAA vers\u00e1til que puede beneficiar a cualquiera, desde el culturista \u00e1vido hasta el atleta cotidiano y entusiasta del fitness.","og_url":"https:\/\/teammutantecuador.com\/?product=best-bcaa-amino-cotton-candy-30-servicios","og_site_name":"Team Mutan Ecuador","article_modified_time":"2026-01-17T16:03:32+00:00","twitter_card":"summary_large_image","twitter_misc":{"Tiempo de lectura":"1 minuto"},"schema":{"@context":"https:\/\/schema.org","@graph":[{"@type":"WebPage","@id":"https:\/\/teammutantecuador.com\/?product=best-bcaa-amino-cotton-candy-30-servicios","url":"https:\/\/teammutantecuador.com\/?product=best-bcaa-amino-cotton-candy-30-servicios","name":"BEST BCAA AMINO COTTON CANDY 30 SERVICIOS - Team Mutan Ecuador","isPartOf":{"@id":"https:\/\/teammutantecuador.com\/#website"},"datePublished":"2026-01-17T16:03:30+00:00","dateModified":"2026-01-17T16:03:32+00:00","description":"EL BCAA \u00daLTIMO: BPI Sports Best BCAA apoya la recuperaci\u00f3n muscular, la reparaci\u00f3n y ayuda a prevenir la degradaci\u00f3n muscular durante los entrenamientos.\u00a0Es un BCAA vers\u00e1til que puede beneficiar a cualquiera, desde el culturista \u00e1vido hasta el atleta cotidiano y entusiasta del fitness.","breadcrumb":{"@id":"https:\/\/teammutantecuador.com\/?product=best-bcaa-amino-cotton-candy-30-servicios#breadcrumb"},"inLanguage":"es","potentialAction":[{"@type":"ReadAction","target":["https:\/\/teammutantecuador.com\/?product=best-bcaa-amino-cotton-candy-30-servicios"]}]},{"@type":"BreadcrumbList","@id":"https:\/\/teammutantecuador.com\/?product=best-bcaa-amino-cotton-candy-30-servicios#breadcrumb","itemListElement":[{"@type":"ListItem","position":1,"name":"Portada","item":"https:\/\/teammutantecuador.com\/"},{"@type":"ListItem","position":2,"name":"Shop","item":"https:\/\/teammutantecuador.com\/?page_id=6"},{"@type":"ListItem","position":3,"name":"BEST BCAA AMINO COTTON CANDY 30 SERVICIOS"}]},{"@type":"WebSite","@id":"https:\/\/teammutantecuador.com\/#website","url":"https:\/\/teammutantecuador.com\/","name":"Team Mutan Ecuador","description":"Just another WordPress site","publisher":{"@id":"https:\/\/teammutantecuador.com\/#organization"},"potentialAction":[{"@type":"SearchAction","target":{"@type":"EntryPoint","urlTemplate":"https:\/\/teammutantecuador.com\/?s={search_term_string}"},"query-input":{"@type":"PropertyValueSpecification","valueRequired":true,"valueName":"search_term_string"}}],"inLanguage":"es"},{"@type":"Organization","@id":"https:\/\/teammutantecuador.com\/#organization","name":"Team Mutan Ecuador","url":"https:\/\/teammutantecuador.com\/","logo":{"@type":"ImageObject","inLanguage":"es","@id":"https:\/\/teammutantecuador.com\/#\/schema\/logo\/image\/","url":"https:\/\/teammutantecuador.com\/wp-content\/uploads\/2026\/01\/Diseno-sin-titulo-97.png","contentUrl":"https:\/\/teammutantecuador.com\/wp-content\/uploads\/2026\/01\/Diseno-sin-titulo-97.png","width":500,"height":300,"caption":"Team Mutan Ecuador"},"image":{"@id":"https:\/\/teammutantecuador.com\/#\/schema\/logo\/image\/"}}]}},"_links":{"self":[{"href":"https:\/\/teammutantecuador.com\/index.php?rest_route=\/wp\/v2\/product\/1282","targetHints":{"allow":["GET"]}}],"collection":[{"href":"https:\/\/teammutantecuador.com\/index.php?rest_route=\/wp\/v2\/product"}],"about":[{"href":"https:\/\/teammutantecuador.com\/index.php?rest_route=\/wp\/v2\/types\/product"}],"replies":[{"embeddable":true,"href":"https:\/\/teammutantecuador.com\/index.php?rest_route=%2Fwp%2Fv2%2Fcomments&post=1282"}],"wp:attachment":[{"href":"https:\/\/teammutantecuador.com\/index.php?rest_route=%2Fwp%2Fv2%2Fmedia&parent=1282"}],"wp:term":[{"taxonomy":"product_brand","embeddable":true,"href":"https:\/\/teammutantecuador.com\/index.php?rest_route=%2Fwp%2Fv2%2Fproduct_brand&post=1282"},{"taxonomy":"product_cat","embeddable":true,"href":"https:\/\/teammutantecuador.com\/index.php?rest_route=%2Fwp%2Fv2%2Fproduct_cat&post=1282"},{"taxonomy":"product_tag","embeddable":true,"href":"https:\/\/teammutantecuador.com\/index.php?rest_route=%2Fwp%2Fv2%2Fproduct_tag&post=1282"}],"curies":[{"name":"wp","href":"https:\/\/api.w.org\/{rel}","templated":true}]}}