{"id":1279,"date":"2026-01-17T16:03:30","date_gmt":"2026-01-17T16:03:30","guid":{"rendered":"https:\/\/teammutantecuador.com\/?post_type=product&#038;p=1279"},"modified":"2026-01-17T16:03:32","modified_gmt":"2026-01-17T16:03:32","slug":"best-aminos-orange-hurricane-300gr","status":"publish","type":"product","link":"https:\/\/teammutantecuador.com\/?product=best-aminos-orange-hurricane-300gr","title":{"rendered":"BEST AMINOS- ORANGE HURRICANE 300GR"},"content":{"rendered":"<p>BEST AMINOS- ORANGE HURRICANE 300GR<\/p>\n<p>Best Aminos Energy\u00a0es el nuevo suplemento de amino\u00e1cidos m\u00e1s novedoso para Lean Muscle Building, Recovery y Exercise Performance.\u00a0La f\u00f3rmula comienza tomando prestada la poderosa Tecnolog\u00eda Enzim\u00e1tica Oligop\u00e9ptida de nuestra popular f\u00f3rmula<\/p>\n","protected":false},"excerpt":{"rendered":"<p>Best Aminos Energy\u00a0es el nuevo suplemento de amino\u00e1cidos m\u00e1s novedoso para Lean Muscle Building, Recovery y Exercise Performance.\u00a0La f\u00f3rmula comienza tomando prestada la poderosa Tecnolog\u00eda Enzim\u00e1tica Oligop\u00e9ptida de nuestra popular f\u00f3rmula<\/p>\n","protected":false},"featured_media":0,"comment_status":"open","ping_status":"closed","template":"","meta":[],"product_brand":[],"product_cat":[351,352],"product_tag":[43,46,75],"class_list":{"0":"post-1279","1":"product","2":"type-product","3":"status-publish","5":"product_cat-aminoacidos","6":"product_cat-bcaas","7":"product_tag-aminoacidos","8":"product_tag-bcaas","9":"product_tag-bpisport","11":"first","12":"outofstock","13":"shipping-taxable","14":"purchasable","15":"product-type-simple"},"yoast_head":"<!-- This site is optimized with the Yoast SEO plugin v26.8 - https:\/\/yoast.com\/product\/yoast-seo-wordpress\/ -->\n<title>BEST AMINOS- ORANGE HURRICANE 300GR - Team Mutan Ecuador<\/title>\n<meta name=\"description\" content=\"BEST AMINOS- ORANGE HURRICANE 300GR Best Aminos Energy\u00a0es el nuevo suplemento de amino\u00e1cidos m\u00e1s novedoso para Lean Muscle Building, Recovery y Exercise Performance.\u00a0La f\u00f3rmula comienza tomando prestada la poderosa Tecnolog\u00eda Enzim\u00e1tica Oligop\u00e9ptida de nuestra popular f\u00f3rmula\" \/>\n<meta name=\"robots\" content=\"index, follow, max-snippet:-1, max-image-preview:large, max-video-preview:-1\" \/>\n<link rel=\"canonical\" href=\"https:\/\/teammutantecuador.com\/?product=best-aminos-orange-hurricane-300gr\" \/>\n<meta property=\"og:locale\" content=\"es_ES\" \/>\n<meta property=\"og:type\" content=\"article\" \/>\n<meta property=\"og:title\" content=\"BEST AMINOS- ORANGE HURRICANE 300GR - Team Mutan Ecuador\" \/>\n<meta property=\"og:description\" content=\"BEST AMINOS- ORANGE HURRICANE 300GR Best Aminos Energy\u00a0es el nuevo suplemento de amino\u00e1cidos m\u00e1s novedoso para Lean Muscle Building, Recovery y Exercise Performance.\u00a0La f\u00f3rmula comienza tomando prestada la poderosa Tecnolog\u00eda Enzim\u00e1tica Oligop\u00e9ptida de nuestra popular f\u00f3rmula\" \/>\n<meta property=\"og:url\" content=\"https:\/\/teammutantecuador.com\/?product=best-aminos-orange-hurricane-300gr\" \/>\n<meta property=\"og:site_name\" content=\"Team Mutan Ecuador\" \/>\n<meta property=\"article:modified_time\" content=\"2026-01-17T16:03:32+00:00\" \/>\n<meta name=\"twitter:card\" content=\"summary_large_image\" \/>\n<script type=\"application\/ld+json\" class=\"yoast-schema-graph\">{\"@context\":\"https:\/\/schema.org\",\"@graph\":[{\"@type\":\"WebPage\",\"@id\":\"https:\/\/teammutantecuador.com\/?product=best-aminos-orange-hurricane-300gr\",\"url\":\"https:\/\/teammutantecuador.com\/?product=best-aminos-orange-hurricane-300gr\",\"name\":\"BEST AMINOS- ORANGE HURRICANE 300GR - Team Mutan Ecuador\",\"isPartOf\":{\"@id\":\"https:\/\/teammutantecuador.com\/#website\"},\"datePublished\":\"2026-01-17T16:03:30+00:00\",\"dateModified\":\"2026-01-17T16:03:32+00:00\",\"description\":\"BEST AMINOS- ORANGE HURRICANE 300GR Best Aminos Energy\u00a0es el nuevo suplemento de amino\u00e1cidos m\u00e1s novedoso para Lean Muscle Building, Recovery y Exercise Performance.\u00a0La f\u00f3rmula comienza tomando prestada la poderosa Tecnolog\u00eda Enzim\u00e1tica Oligop\u00e9ptida de nuestra popular f\u00f3rmula\",\"breadcrumb\":{\"@id\":\"https:\/\/teammutantecuador.com\/?product=best-aminos-orange-hurricane-300gr#breadcrumb\"},\"inLanguage\":\"es\",\"potentialAction\":[{\"@type\":\"ReadAction\",\"target\":[\"https:\/\/teammutantecuador.com\/?product=best-aminos-orange-hurricane-300gr\"]}]},{\"@type\":\"BreadcrumbList\",\"@id\":\"https:\/\/teammutantecuador.com\/?product=best-aminos-orange-hurricane-300gr#breadcrumb\",\"itemListElement\":[{\"@type\":\"ListItem\",\"position\":1,\"name\":\"Portada\",\"item\":\"https:\/\/teammutantecuador.com\/\"},{\"@type\":\"ListItem\",\"position\":2,\"name\":\"Shop\",\"item\":\"https:\/\/teammutantecuador.com\/?page_id=6\"},{\"@type\":\"ListItem\",\"position\":3,\"name\":\"BEST AMINOS- ORANGE HURRICANE 300GR\"}]},{\"@type\":\"WebSite\",\"@id\":\"https:\/\/teammutantecuador.com\/#website\",\"url\":\"https:\/\/teammutantecuador.com\/\",\"name\":\"Team Mutan Ecuador\",\"description\":\"Just another WordPress site\",\"publisher\":{\"@id\":\"https:\/\/teammutantecuador.com\/#organization\"},\"potentialAction\":[{\"@type\":\"SearchAction\",\"target\":{\"@type\":\"EntryPoint\",\"urlTemplate\":\"https:\/\/teammutantecuador.com\/?s={search_term_string}\"},\"query-input\":{\"@type\":\"PropertyValueSpecification\",\"valueRequired\":true,\"valueName\":\"search_term_string\"}}],\"inLanguage\":\"es\"},{\"@type\":\"Organization\",\"@id\":\"https:\/\/teammutantecuador.com\/#organization\",\"name\":\"Team Mutan Ecuador\",\"url\":\"https:\/\/teammutantecuador.com\/\",\"logo\":{\"@type\":\"ImageObject\",\"inLanguage\":\"es\",\"@id\":\"https:\/\/teammutantecuador.com\/#\/schema\/logo\/image\/\",\"url\":\"https:\/\/teammutantecuador.com\/wp-content\/uploads\/2026\/01\/Diseno-sin-titulo-97.png\",\"contentUrl\":\"https:\/\/teammutantecuador.com\/wp-content\/uploads\/2026\/01\/Diseno-sin-titulo-97.png\",\"width\":500,\"height\":300,\"caption\":\"Team Mutan Ecuador\"},\"image\":{\"@id\":\"https:\/\/teammutantecuador.com\/#\/schema\/logo\/image\/\"}}]}<\/script>\n<!-- \/ Yoast SEO plugin. -->","yoast_head_json":{"title":"BEST AMINOS- ORANGE HURRICANE 300GR - Team Mutan Ecuador","description":"BEST AMINOS- ORANGE HURRICANE 300GR Best Aminos Energy\u00a0es el nuevo suplemento de amino\u00e1cidos m\u00e1s novedoso para Lean Muscle Building, Recovery y Exercise Performance.\u00a0La f\u00f3rmula comienza tomando prestada la poderosa Tecnolog\u00eda Enzim\u00e1tica Oligop\u00e9ptida de nuestra popular f\u00f3rmula","robots":{"index":"index","follow":"follow","max-snippet":"max-snippet:-1","max-image-preview":"max-image-preview:large","max-video-preview":"max-video-preview:-1"},"canonical":"https:\/\/teammutantecuador.com\/?product=best-aminos-orange-hurricane-300gr","og_locale":"es_ES","og_type":"article","og_title":"BEST AMINOS- ORANGE HURRICANE 300GR - Team Mutan Ecuador","og_description":"BEST AMINOS- ORANGE HURRICANE 300GR Best Aminos Energy\u00a0es el nuevo suplemento de amino\u00e1cidos m\u00e1s novedoso para Lean Muscle Building, Recovery y Exercise Performance.\u00a0La f\u00f3rmula comienza tomando prestada la poderosa Tecnolog\u00eda Enzim\u00e1tica Oligop\u00e9ptida de nuestra popular f\u00f3rmula","og_url":"https:\/\/teammutantecuador.com\/?product=best-aminos-orange-hurricane-300gr","og_site_name":"Team Mutan Ecuador","article_modified_time":"2026-01-17T16:03:32+00:00","twitter_card":"summary_large_image","schema":{"@context":"https:\/\/schema.org","@graph":[{"@type":"WebPage","@id":"https:\/\/teammutantecuador.com\/?product=best-aminos-orange-hurricane-300gr","url":"https:\/\/teammutantecuador.com\/?product=best-aminos-orange-hurricane-300gr","name":"BEST AMINOS- ORANGE HURRICANE 300GR - Team Mutan Ecuador","isPartOf":{"@id":"https:\/\/teammutantecuador.com\/#website"},"datePublished":"2026-01-17T16:03:30+00:00","dateModified":"2026-01-17T16:03:32+00:00","description":"BEST AMINOS- ORANGE HURRICANE 300GR Best Aminos Energy\u00a0es el nuevo suplemento de amino\u00e1cidos m\u00e1s novedoso para Lean Muscle Building, Recovery y Exercise Performance.\u00a0La f\u00f3rmula comienza tomando prestada la poderosa Tecnolog\u00eda Enzim\u00e1tica Oligop\u00e9ptida de nuestra popular f\u00f3rmula","breadcrumb":{"@id":"https:\/\/teammutantecuador.com\/?product=best-aminos-orange-hurricane-300gr#breadcrumb"},"inLanguage":"es","potentialAction":[{"@type":"ReadAction","target":["https:\/\/teammutantecuador.com\/?product=best-aminos-orange-hurricane-300gr"]}]},{"@type":"BreadcrumbList","@id":"https:\/\/teammutantecuador.com\/?product=best-aminos-orange-hurricane-300gr#breadcrumb","itemListElement":[{"@type":"ListItem","position":1,"name":"Portada","item":"https:\/\/teammutantecuador.com\/"},{"@type":"ListItem","position":2,"name":"Shop","item":"https:\/\/teammutantecuador.com\/?page_id=6"},{"@type":"ListItem","position":3,"name":"BEST AMINOS- ORANGE HURRICANE 300GR"}]},{"@type":"WebSite","@id":"https:\/\/teammutantecuador.com\/#website","url":"https:\/\/teammutantecuador.com\/","name":"Team Mutan Ecuador","description":"Just another WordPress site","publisher":{"@id":"https:\/\/teammutantecuador.com\/#organization"},"potentialAction":[{"@type":"SearchAction","target":{"@type":"EntryPoint","urlTemplate":"https:\/\/teammutantecuador.com\/?s={search_term_string}"},"query-input":{"@type":"PropertyValueSpecification","valueRequired":true,"valueName":"search_term_string"}}],"inLanguage":"es"},{"@type":"Organization","@id":"https:\/\/teammutantecuador.com\/#organization","name":"Team Mutan Ecuador","url":"https:\/\/teammutantecuador.com\/","logo":{"@type":"ImageObject","inLanguage":"es","@id":"https:\/\/teammutantecuador.com\/#\/schema\/logo\/image\/","url":"https:\/\/teammutantecuador.com\/wp-content\/uploads\/2026\/01\/Diseno-sin-titulo-97.png","contentUrl":"https:\/\/teammutantecuador.com\/wp-content\/uploads\/2026\/01\/Diseno-sin-titulo-97.png","width":500,"height":300,"caption":"Team Mutan Ecuador"},"image":{"@id":"https:\/\/teammutantecuador.com\/#\/schema\/logo\/image\/"}}]}},"_links":{"self":[{"href":"https:\/\/teammutantecuador.com\/index.php?rest_route=\/wp\/v2\/product\/1279","targetHints":{"allow":["GET"]}}],"collection":[{"href":"https:\/\/teammutantecuador.com\/index.php?rest_route=\/wp\/v2\/product"}],"about":[{"href":"https:\/\/teammutantecuador.com\/index.php?rest_route=\/wp\/v2\/types\/product"}],"replies":[{"embeddable":true,"href":"https:\/\/teammutantecuador.com\/index.php?rest_route=%2Fwp%2Fv2%2Fcomments&post=1279"}],"wp:attachment":[{"href":"https:\/\/teammutantecuador.com\/index.php?rest_route=%2Fwp%2Fv2%2Fmedia&parent=1279"}],"wp:term":[{"taxonomy":"product_brand","embeddable":true,"href":"https:\/\/teammutantecuador.com\/index.php?rest_route=%2Fwp%2Fv2%2Fproduct_brand&post=1279"},{"taxonomy":"product_cat","embeddable":true,"href":"https:\/\/teammutantecuador.com\/index.php?rest_route=%2Fwp%2Fv2%2Fproduct_cat&post=1279"},{"taxonomy":"product_tag","embeddable":true,"href":"https:\/\/teammutantecuador.com\/index.php?rest_route=%2Fwp%2Fv2%2Fproduct_tag&post=1279"}],"curies":[{"name":"wp","href":"https:\/\/api.w.org\/{rel}","templated":true}]}}