{"id":1272,"date":"2026-01-17T16:03:30","date_gmt":"2026-01-17T16:03:30","guid":{"rendered":"https:\/\/teammutantecuador.com\/?post_type=product&#038;p=1272"},"modified":"2026-01-17T16:03:31","modified_gmt":"2026-01-17T16:03:31","slug":"amino-drive-strawberry-30-servicios","status":"publish","type":"product","link":"https:\/\/teammutantecuador.com\/?product=amino-drive-strawberry-30-servicios","title":{"rendered":"AMINO DRIVE STRAWBERRY 30 SERVICIOS"},"content":{"rendered":"<p>AMINO DRIVE STRAWBERRY 30 SERVICIOS<\/p>\n<p>BCAA AMINO DRIVE NUTREX 270 GRAMOS AMINOACIDOS BCAA 30 SCOOPS O 30 MEDIDAS<\/p>\n<p>EN RIOBAMBA 20 USD ENTREGA PERSONAL<br \/>\nENVIO CIUDADES PRINCIPALES 4 USD X TRAMACO EXPRESS O X COOPERATIVA DE TRANSPORTES<br \/>\nENVIO ORIENTE Y CIUDADES SECUNDARIAS O TRAYECTOS ESPECIALES 5 USD X TRAMACO EXPRESS O X COOPERATIVA DE TRANSPORTES<br \/>\nBCAA AMINO DRIVE de Nutrex 20 USD EN RIOBAMBA<\/p>\n<p>Amino\u00e1cido (BCAA) de un sabor incomparable.<\/p>\n<p>Apoya la recuperaci\u00f3n y crecimiento muscular.<br \/>\nProporciona \u00f3ptima relaci\u00f3n 2:1:1 de L-Leucina, L-Isoleucina y L- Valina<br \/>\nSin colorantes artificiales<br \/>\n5g de amino\u00e1cidos ramificados por porci\u00f3n<\/p>\n<p>DESCRIPCION DEL PRODUCTO<\/p>\n<p>BCAA AMINO DRIVE proporciona a los m\u00fasculos amino\u00e1cidos esenciales de cadena ramificada L-Leucina, L-Isoleucina y L-Valina. La relaci\u00f3n de amino\u00e1cidos 2: 1: 1 apoya el crecimiento muscular, la fuerza y la recuperaci\u00f3n. Cuando se toma antes o durante el ejercicio, BCAA AMINO DRIVE ayuda a prevenir la descomposici\u00f3n del tejido muscular magro y promueve un ambiente \u00f3ptimo de recuperaci\u00f3n despu\u00e9s del entrenamiento.<\/p>\n<p>BCAA AMINO DRIVE tambi\u00e9n se puede tomar durante el d\u00eda para prevenir el catabolismo y mejorar la s\u00edntesis de prote\u00ednas. Simplemente mezcla 1 porci\u00f3n en 250-300ml de agua fr\u00eda y consume antes o durante tu entrenamiento. BCAA AMINO DRIVE puede ser consumido m\u00faltiples veces al d\u00eda. Los d\u00edas de entrenamiento ingiere 1 servicio 30 minutos antes o durante el mismo.<\/p>\n","protected":false},"excerpt":{"rendered":"<p>BCAA AMINO DRIVE proporciona a los m\u00fasculos amino\u00e1cidos esenciales de cadena ramificada L-Leucina, L-Isoleucina y L-Valina. La relaci\u00f3n de amino\u00e1cidos 2: 1: 1 apoya el crecimiento muscular, la fuerza y la recuperaci\u00f3n. Cuando se toma antes o durante el ejercicio, BCAA AMINO DRIVE ayuda a prevenir la descomposici\u00f3n del tejido muscular magro y promueve un ambiente \u00f3ptimo de recuperaci\u00f3n despu\u00e9s del entrenamiento.<\/p>\n","protected":false},"featured_media":0,"comment_status":"open","ping_status":"closed","template":"","meta":[],"product_brand":[],"product_cat":[351,352],"product_tag":[43,46,50],"class_list":{"0":"post-1272","1":"product","2":"type-product","3":"status-publish","5":"product_cat-aminoacidos","6":"product_cat-bcaas","7":"product_tag-aminoacidos","8":"product_tag-bcaas","9":"product_tag-nutrex","11":"first","12":"instock","13":"shipping-taxable","14":"purchasable","15":"product-type-simple"},"yoast_head":"<!-- This site is optimized with the Yoast SEO plugin v26.8 - https:\/\/yoast.com\/product\/yoast-seo-wordpress\/ -->\n<title>AMINO DRIVE STRAWBERRY 30 SERVICIOS - Team Mutan Ecuador<\/title>\n<meta name=\"description\" content=\"BCAA AMINO DRIVE proporciona a los m\u00fasculos amino\u00e1cidos esenciales de cadena ramificada L-Leucina, L-Isoleucina y L-Valina. La relaci\u00f3n de amino\u00e1cidos 2: 1: 1 apoya el crecimiento muscular, la fuerza y la recuperaci\u00f3n. Cuando se toma antes o durante el ejercicio, BCAA AMINO DRIVE ayuda a prevenir la descomposici\u00f3n del tejido muscular magro y promueve un ambiente \u00f3ptimo de recuperaci\u00f3n despu\u00e9s del entrenamiento.\" \/>\n<meta name=\"robots\" content=\"index, follow, max-snippet:-1, max-image-preview:large, max-video-preview:-1\" \/>\n<link rel=\"canonical\" href=\"https:\/\/teammutantecuador.com\/?product=amino-drive-strawberry-30-servicios\" \/>\n<meta property=\"og:locale\" content=\"es_ES\" \/>\n<meta property=\"og:type\" content=\"article\" \/>\n<meta property=\"og:title\" content=\"AMINO DRIVE STRAWBERRY 30 SERVICIOS - Team Mutan Ecuador\" \/>\n<meta property=\"og:description\" content=\"BCAA AMINO DRIVE proporciona a los m\u00fasculos amino\u00e1cidos esenciales de cadena ramificada L-Leucina, L-Isoleucina y L-Valina. La relaci\u00f3n de amino\u00e1cidos 2: 1: 1 apoya el crecimiento muscular, la fuerza y la recuperaci\u00f3n. Cuando se toma antes o durante el ejercicio, BCAA AMINO DRIVE ayuda a prevenir la descomposici\u00f3n del tejido muscular magro y promueve un ambiente \u00f3ptimo de recuperaci\u00f3n despu\u00e9s del entrenamiento.\" \/>\n<meta property=\"og:url\" content=\"https:\/\/teammutantecuador.com\/?product=amino-drive-strawberry-30-servicios\" \/>\n<meta property=\"og:site_name\" content=\"Team Mutan Ecuador\" \/>\n<meta property=\"article:modified_time\" content=\"2026-01-17T16:03:31+00:00\" \/>\n<meta name=\"twitter:card\" content=\"summary_large_image\" \/>\n<meta name=\"twitter:label1\" content=\"Tiempo de lectura\" \/>\n\t<meta name=\"twitter:data1\" content=\"1 minuto\" \/>\n<script type=\"application\/ld+json\" class=\"yoast-schema-graph\">{\"@context\":\"https:\/\/schema.org\",\"@graph\":[{\"@type\":\"WebPage\",\"@id\":\"https:\/\/teammutantecuador.com\/?product=amino-drive-strawberry-30-servicios\",\"url\":\"https:\/\/teammutantecuador.com\/?product=amino-drive-strawberry-30-servicios\",\"name\":\"AMINO DRIVE STRAWBERRY 30 SERVICIOS - Team Mutan Ecuador\",\"isPartOf\":{\"@id\":\"https:\/\/teammutantecuador.com\/#website\"},\"datePublished\":\"2026-01-17T16:03:30+00:00\",\"dateModified\":\"2026-01-17T16:03:31+00:00\",\"description\":\"BCAA AMINO DRIVE proporciona a los m\u00fasculos amino\u00e1cidos esenciales de cadena ramificada L-Leucina, L-Isoleucina y L-Valina. La relaci\u00f3n de amino\u00e1cidos 2: 1: 1 apoya el crecimiento muscular, la fuerza y la recuperaci\u00f3n. Cuando se toma antes o durante el ejercicio, BCAA AMINO DRIVE ayuda a prevenir la descomposici\u00f3n del tejido muscular magro y promueve un ambiente \u00f3ptimo de recuperaci\u00f3n despu\u00e9s del entrenamiento.\",\"breadcrumb\":{\"@id\":\"https:\/\/teammutantecuador.com\/?product=amino-drive-strawberry-30-servicios#breadcrumb\"},\"inLanguage\":\"es\",\"potentialAction\":[{\"@type\":\"ReadAction\",\"target\":[\"https:\/\/teammutantecuador.com\/?product=amino-drive-strawberry-30-servicios\"]}]},{\"@type\":\"BreadcrumbList\",\"@id\":\"https:\/\/teammutantecuador.com\/?product=amino-drive-strawberry-30-servicios#breadcrumb\",\"itemListElement\":[{\"@type\":\"ListItem\",\"position\":1,\"name\":\"Portada\",\"item\":\"https:\/\/teammutantecuador.com\/\"},{\"@type\":\"ListItem\",\"position\":2,\"name\":\"Shop\",\"item\":\"https:\/\/teammutantecuador.com\/?page_id=6\"},{\"@type\":\"ListItem\",\"position\":3,\"name\":\"AMINO DRIVE STRAWBERRY 30 SERVICIOS\"}]},{\"@type\":\"WebSite\",\"@id\":\"https:\/\/teammutantecuador.com\/#website\",\"url\":\"https:\/\/teammutantecuador.com\/\",\"name\":\"Team Mutan Ecuador\",\"description\":\"Just another WordPress site\",\"publisher\":{\"@id\":\"https:\/\/teammutantecuador.com\/#organization\"},\"potentialAction\":[{\"@type\":\"SearchAction\",\"target\":{\"@type\":\"EntryPoint\",\"urlTemplate\":\"https:\/\/teammutantecuador.com\/?s={search_term_string}\"},\"query-input\":{\"@type\":\"PropertyValueSpecification\",\"valueRequired\":true,\"valueName\":\"search_term_string\"}}],\"inLanguage\":\"es\"},{\"@type\":\"Organization\",\"@id\":\"https:\/\/teammutantecuador.com\/#organization\",\"name\":\"Team Mutan Ecuador\",\"url\":\"https:\/\/teammutantecuador.com\/\",\"logo\":{\"@type\":\"ImageObject\",\"inLanguage\":\"es\",\"@id\":\"https:\/\/teammutantecuador.com\/#\/schema\/logo\/image\/\",\"url\":\"https:\/\/teammutantecuador.com\/wp-content\/uploads\/2026\/01\/Diseno-sin-titulo-97.png\",\"contentUrl\":\"https:\/\/teammutantecuador.com\/wp-content\/uploads\/2026\/01\/Diseno-sin-titulo-97.png\",\"width\":500,\"height\":300,\"caption\":\"Team Mutan Ecuador\"},\"image\":{\"@id\":\"https:\/\/teammutantecuador.com\/#\/schema\/logo\/image\/\"}}]}<\/script>\n<!-- \/ Yoast SEO plugin. -->","yoast_head_json":{"title":"AMINO DRIVE STRAWBERRY 30 SERVICIOS - Team Mutan Ecuador","description":"BCAA AMINO DRIVE proporciona a los m\u00fasculos amino\u00e1cidos esenciales de cadena ramificada L-Leucina, L-Isoleucina y L-Valina. La relaci\u00f3n de amino\u00e1cidos 2: 1: 1 apoya el crecimiento muscular, la fuerza y la recuperaci\u00f3n. Cuando se toma antes o durante el ejercicio, BCAA AMINO DRIVE ayuda a prevenir la descomposici\u00f3n del tejido muscular magro y promueve un ambiente \u00f3ptimo de recuperaci\u00f3n despu\u00e9s del entrenamiento.","robots":{"index":"index","follow":"follow","max-snippet":"max-snippet:-1","max-image-preview":"max-image-preview:large","max-video-preview":"max-video-preview:-1"},"canonical":"https:\/\/teammutantecuador.com\/?product=amino-drive-strawberry-30-servicios","og_locale":"es_ES","og_type":"article","og_title":"AMINO DRIVE STRAWBERRY 30 SERVICIOS - Team Mutan Ecuador","og_description":"BCAA AMINO DRIVE proporciona a los m\u00fasculos amino\u00e1cidos esenciales de cadena ramificada L-Leucina, L-Isoleucina y L-Valina. La relaci\u00f3n de amino\u00e1cidos 2: 1: 1 apoya el crecimiento muscular, la fuerza y la recuperaci\u00f3n. Cuando se toma antes o durante el ejercicio, BCAA AMINO DRIVE ayuda a prevenir la descomposici\u00f3n del tejido muscular magro y promueve un ambiente \u00f3ptimo de recuperaci\u00f3n despu\u00e9s del entrenamiento.","og_url":"https:\/\/teammutantecuador.com\/?product=amino-drive-strawberry-30-servicios","og_site_name":"Team Mutan Ecuador","article_modified_time":"2026-01-17T16:03:31+00:00","twitter_card":"summary_large_image","twitter_misc":{"Tiempo de lectura":"1 minuto"},"schema":{"@context":"https:\/\/schema.org","@graph":[{"@type":"WebPage","@id":"https:\/\/teammutantecuador.com\/?product=amino-drive-strawberry-30-servicios","url":"https:\/\/teammutantecuador.com\/?product=amino-drive-strawberry-30-servicios","name":"AMINO DRIVE STRAWBERRY 30 SERVICIOS - Team Mutan Ecuador","isPartOf":{"@id":"https:\/\/teammutantecuador.com\/#website"},"datePublished":"2026-01-17T16:03:30+00:00","dateModified":"2026-01-17T16:03:31+00:00","description":"BCAA AMINO DRIVE proporciona a los m\u00fasculos amino\u00e1cidos esenciales de cadena ramificada L-Leucina, L-Isoleucina y L-Valina. La relaci\u00f3n de amino\u00e1cidos 2: 1: 1 apoya el crecimiento muscular, la fuerza y la recuperaci\u00f3n. Cuando se toma antes o durante el ejercicio, BCAA AMINO DRIVE ayuda a prevenir la descomposici\u00f3n del tejido muscular magro y promueve un ambiente \u00f3ptimo de recuperaci\u00f3n despu\u00e9s del entrenamiento.","breadcrumb":{"@id":"https:\/\/teammutantecuador.com\/?product=amino-drive-strawberry-30-servicios#breadcrumb"},"inLanguage":"es","potentialAction":[{"@type":"ReadAction","target":["https:\/\/teammutantecuador.com\/?product=amino-drive-strawberry-30-servicios"]}]},{"@type":"BreadcrumbList","@id":"https:\/\/teammutantecuador.com\/?product=amino-drive-strawberry-30-servicios#breadcrumb","itemListElement":[{"@type":"ListItem","position":1,"name":"Portada","item":"https:\/\/teammutantecuador.com\/"},{"@type":"ListItem","position":2,"name":"Shop","item":"https:\/\/teammutantecuador.com\/?page_id=6"},{"@type":"ListItem","position":3,"name":"AMINO DRIVE STRAWBERRY 30 SERVICIOS"}]},{"@type":"WebSite","@id":"https:\/\/teammutantecuador.com\/#website","url":"https:\/\/teammutantecuador.com\/","name":"Team Mutan Ecuador","description":"Just another WordPress site","publisher":{"@id":"https:\/\/teammutantecuador.com\/#organization"},"potentialAction":[{"@type":"SearchAction","target":{"@type":"EntryPoint","urlTemplate":"https:\/\/teammutantecuador.com\/?s={search_term_string}"},"query-input":{"@type":"PropertyValueSpecification","valueRequired":true,"valueName":"search_term_string"}}],"inLanguage":"es"},{"@type":"Organization","@id":"https:\/\/teammutantecuador.com\/#organization","name":"Team Mutan Ecuador","url":"https:\/\/teammutantecuador.com\/","logo":{"@type":"ImageObject","inLanguage":"es","@id":"https:\/\/teammutantecuador.com\/#\/schema\/logo\/image\/","url":"https:\/\/teammutantecuador.com\/wp-content\/uploads\/2026\/01\/Diseno-sin-titulo-97.png","contentUrl":"https:\/\/teammutantecuador.com\/wp-content\/uploads\/2026\/01\/Diseno-sin-titulo-97.png","width":500,"height":300,"caption":"Team Mutan Ecuador"},"image":{"@id":"https:\/\/teammutantecuador.com\/#\/schema\/logo\/image\/"}}]}},"_links":{"self":[{"href":"https:\/\/teammutantecuador.com\/index.php?rest_route=\/wp\/v2\/product\/1272","targetHints":{"allow":["GET"]}}],"collection":[{"href":"https:\/\/teammutantecuador.com\/index.php?rest_route=\/wp\/v2\/product"}],"about":[{"href":"https:\/\/teammutantecuador.com\/index.php?rest_route=\/wp\/v2\/types\/product"}],"replies":[{"embeddable":true,"href":"https:\/\/teammutantecuador.com\/index.php?rest_route=%2Fwp%2Fv2%2Fcomments&post=1272"}],"wp:attachment":[{"href":"https:\/\/teammutantecuador.com\/index.php?rest_route=%2Fwp%2Fv2%2Fmedia&parent=1272"}],"wp:term":[{"taxonomy":"product_brand","embeddable":true,"href":"https:\/\/teammutantecuador.com\/index.php?rest_route=%2Fwp%2Fv2%2Fproduct_brand&post=1272"},{"taxonomy":"product_cat","embeddable":true,"href":"https:\/\/teammutantecuador.com\/index.php?rest_route=%2Fwp%2Fv2%2Fproduct_cat&post=1272"},{"taxonomy":"product_tag","embeddable":true,"href":"https:\/\/teammutantecuador.com\/index.php?rest_route=%2Fwp%2Fv2%2Fproduct_tag&post=1272"}],"curies":[{"name":"wp","href":"https:\/\/api.w.org\/{rel}","templated":true}]}}