{"id":1271,"date":"2026-01-17T16:03:30","date_gmt":"2026-01-17T16:03:30","guid":{"rendered":"https:\/\/teammutantecuador.com\/?post_type=product&#038;p=1271"},"modified":"2026-01-17T16:03:31","modified_gmt":"2026-01-17T16:03:31","slug":"amino-x-30serv-ponche-frutas","status":"publish","type":"product","link":"https:\/\/teammutantecuador.com\/?product=amino-x-30serv-ponche-frutas","title":{"rendered":"AMINO X 30SERV PONCHE FRUTAS"},"content":{"rendered":"<p>AminoX de BSN 30 servidas<\/p>\n<p>Con los a\u00f1os, BSN ha suministrado al mundo una multitud de productos atractivos e innnovadores para la construccion muscular. Ahora trae al mercado el nuevo suplemento, AminoX, la primera f\u00f3rmula de BCAA efervescente.<\/p>\n<p>AminoX es la primera f\u00f3rmula de BCAA efervescente. Mediante la utilizaci\u00f3n de un sistema de entrega efervescente con amino\u00e1cidos, BCAAs, EAAs, vitamina D y malato de citrulina son absorbidos m\u00e1s r\u00e1pidamente. Adem\u00e1s, la forma efervescente de vitamina D, y el malato de citrulina ayuda a apoyar la producci\u00f3n de \u00f3xido n\u00edtrico.<\/p>\n<p>AminoX est\u00e1 dise\u00f1ado para soportar:<br \/>\nS\u00edntesis de prote\u00ednas<br \/>\nRes\u00edntesis de gluc\u00f3geno.<br \/>\nSensibilidad a la insulina.<br \/>\nAnti\/catabolismo.<br \/>\nRecuperaci\u00f3n de las sesiones de entrenamiento.<br \/>\nconstruccion de masa muscular.<br \/>\nResistencia a la fatiga muscular.<\/p>\n<p>Destacamos de AminoX:<br \/>\nLa primera f\u00f3rmula del mundo de amino\u00e1cidos efervescentes.<br \/>\n10g de amino\u00e1cidos micronizados anti-catab\u00f3licos por servicio.<br \/>\n0g de az\u00facar.<br \/>\nSin cafe\u00edna \u2013 puede usarse en cualquier momento, d\u00eda y noche.<\/p>\n","protected":false},"excerpt":{"rendered":"<p>Con los a\u00f1os, BSN ha suministrado al mundo una multitud de productos atractivos e innnovadores para la construccion muscular. Ahora trae al mercado el nuevo suplemento, AminoX, la primera f\u00f3rmula de BCAA efervescente.<\/p>\n","protected":false},"featured_media":0,"comment_status":"open","ping_status":"closed","template":"","meta":[],"product_brand":[],"product_cat":[351],"product_tag":[43,49],"class_list":{"0":"post-1271","1":"product","2":"type-product","3":"status-publish","5":"product_cat-aminoacidos","6":"product_tag-aminoacidos","7":"product_tag-finish_first","9":"first","10":"instock","11":"shipping-taxable","12":"purchasable","13":"product-type-simple"},"yoast_head":"<!-- This site is optimized with the Yoast SEO plugin v26.8 - https:\/\/yoast.com\/product\/yoast-seo-wordpress\/ -->\n<title>AMINO X 30SERV PONCHE FRUTAS - Team Mutan Ecuador<\/title>\n<meta name=\"description\" content=\"AminoX de BSN 30 servidas Con los a\u00f1os, BSN ha suministrado al mundo una multitud de productos atractivos e innnovadores para la construccion muscular. Ahora trae al mercado el nuevo suplemento, AminoX, la primera f\u00f3rmula de BCAA efervescente.\" \/>\n<meta name=\"robots\" content=\"index, follow, max-snippet:-1, max-image-preview:large, max-video-preview:-1\" \/>\n<link rel=\"canonical\" href=\"https:\/\/teammutantecuador.com\/?product=amino-x-30serv-ponche-frutas\" \/>\n<meta property=\"og:locale\" content=\"es_ES\" \/>\n<meta property=\"og:type\" content=\"article\" \/>\n<meta property=\"og:title\" content=\"AMINO X 30SERV PONCHE FRUTAS - Team Mutan Ecuador\" \/>\n<meta property=\"og:description\" content=\"AminoX de BSN 30 servidas Con los a\u00f1os, BSN ha suministrado al mundo una multitud de productos atractivos e innnovadores para la construccion muscular. Ahora trae al mercado el nuevo suplemento, AminoX, la primera f\u00f3rmula de BCAA efervescente.\" \/>\n<meta property=\"og:url\" content=\"https:\/\/teammutantecuador.com\/?product=amino-x-30serv-ponche-frutas\" \/>\n<meta property=\"og:site_name\" content=\"Team Mutan Ecuador\" \/>\n<meta property=\"article:modified_time\" content=\"2026-01-17T16:03:31+00:00\" \/>\n<meta name=\"twitter:card\" content=\"summary_large_image\" \/>\n<meta name=\"twitter:label1\" content=\"Tiempo de lectura\" \/>\n\t<meta name=\"twitter:data1\" content=\"1 minuto\" \/>\n<script type=\"application\/ld+json\" class=\"yoast-schema-graph\">{\"@context\":\"https:\/\/schema.org\",\"@graph\":[{\"@type\":\"WebPage\",\"@id\":\"https:\/\/teammutantecuador.com\/?product=amino-x-30serv-ponche-frutas\",\"url\":\"https:\/\/teammutantecuador.com\/?product=amino-x-30serv-ponche-frutas\",\"name\":\"AMINO X 30SERV PONCHE FRUTAS - Team Mutan Ecuador\",\"isPartOf\":{\"@id\":\"https:\/\/teammutantecuador.com\/#website\"},\"datePublished\":\"2026-01-17T16:03:30+00:00\",\"dateModified\":\"2026-01-17T16:03:31+00:00\",\"description\":\"AminoX de BSN 30 servidas Con los a\u00f1os, BSN ha suministrado al mundo una multitud de productos atractivos e innnovadores para la construccion muscular. Ahora trae al mercado el nuevo suplemento, AminoX, la primera f\u00f3rmula de BCAA efervescente.\",\"breadcrumb\":{\"@id\":\"https:\/\/teammutantecuador.com\/?product=amino-x-30serv-ponche-frutas#breadcrumb\"},\"inLanguage\":\"es\",\"potentialAction\":[{\"@type\":\"ReadAction\",\"target\":[\"https:\/\/teammutantecuador.com\/?product=amino-x-30serv-ponche-frutas\"]}]},{\"@type\":\"BreadcrumbList\",\"@id\":\"https:\/\/teammutantecuador.com\/?product=amino-x-30serv-ponche-frutas#breadcrumb\",\"itemListElement\":[{\"@type\":\"ListItem\",\"position\":1,\"name\":\"Portada\",\"item\":\"https:\/\/teammutantecuador.com\/\"},{\"@type\":\"ListItem\",\"position\":2,\"name\":\"Shop\",\"item\":\"https:\/\/teammutantecuador.com\/?page_id=6\"},{\"@type\":\"ListItem\",\"position\":3,\"name\":\"AMINO X 30SERV PONCHE FRUTAS\"}]},{\"@type\":\"WebSite\",\"@id\":\"https:\/\/teammutantecuador.com\/#website\",\"url\":\"https:\/\/teammutantecuador.com\/\",\"name\":\"Team Mutan Ecuador\",\"description\":\"Just another WordPress site\",\"publisher\":{\"@id\":\"https:\/\/teammutantecuador.com\/#organization\"},\"potentialAction\":[{\"@type\":\"SearchAction\",\"target\":{\"@type\":\"EntryPoint\",\"urlTemplate\":\"https:\/\/teammutantecuador.com\/?s={search_term_string}\"},\"query-input\":{\"@type\":\"PropertyValueSpecification\",\"valueRequired\":true,\"valueName\":\"search_term_string\"}}],\"inLanguage\":\"es\"},{\"@type\":\"Organization\",\"@id\":\"https:\/\/teammutantecuador.com\/#organization\",\"name\":\"Team Mutan Ecuador\",\"url\":\"https:\/\/teammutantecuador.com\/\",\"logo\":{\"@type\":\"ImageObject\",\"inLanguage\":\"es\",\"@id\":\"https:\/\/teammutantecuador.com\/#\/schema\/logo\/image\/\",\"url\":\"https:\/\/teammutantecuador.com\/wp-content\/uploads\/2026\/01\/Diseno-sin-titulo-97.png\",\"contentUrl\":\"https:\/\/teammutantecuador.com\/wp-content\/uploads\/2026\/01\/Diseno-sin-titulo-97.png\",\"width\":500,\"height\":300,\"caption\":\"Team Mutan Ecuador\"},\"image\":{\"@id\":\"https:\/\/teammutantecuador.com\/#\/schema\/logo\/image\/\"}}]}<\/script>\n<!-- \/ Yoast SEO plugin. -->","yoast_head_json":{"title":"AMINO X 30SERV PONCHE FRUTAS - Team Mutan Ecuador","description":"AminoX de BSN 30 servidas Con los a\u00f1os, BSN ha suministrado al mundo una multitud de productos atractivos e innnovadores para la construccion muscular. Ahora trae al mercado el nuevo suplemento, AminoX, la primera f\u00f3rmula de BCAA efervescente.","robots":{"index":"index","follow":"follow","max-snippet":"max-snippet:-1","max-image-preview":"max-image-preview:large","max-video-preview":"max-video-preview:-1"},"canonical":"https:\/\/teammutantecuador.com\/?product=amino-x-30serv-ponche-frutas","og_locale":"es_ES","og_type":"article","og_title":"AMINO X 30SERV PONCHE FRUTAS - Team Mutan Ecuador","og_description":"AminoX de BSN 30 servidas Con los a\u00f1os, BSN ha suministrado al mundo una multitud de productos atractivos e innnovadores para la construccion muscular. Ahora trae al mercado el nuevo suplemento, AminoX, la primera f\u00f3rmula de BCAA efervescente.","og_url":"https:\/\/teammutantecuador.com\/?product=amino-x-30serv-ponche-frutas","og_site_name":"Team Mutan Ecuador","article_modified_time":"2026-01-17T16:03:31+00:00","twitter_card":"summary_large_image","twitter_misc":{"Tiempo de lectura":"1 minuto"},"schema":{"@context":"https:\/\/schema.org","@graph":[{"@type":"WebPage","@id":"https:\/\/teammutantecuador.com\/?product=amino-x-30serv-ponche-frutas","url":"https:\/\/teammutantecuador.com\/?product=amino-x-30serv-ponche-frutas","name":"AMINO X 30SERV PONCHE FRUTAS - Team Mutan Ecuador","isPartOf":{"@id":"https:\/\/teammutantecuador.com\/#website"},"datePublished":"2026-01-17T16:03:30+00:00","dateModified":"2026-01-17T16:03:31+00:00","description":"AminoX de BSN 30 servidas Con los a\u00f1os, BSN ha suministrado al mundo una multitud de productos atractivos e innnovadores para la construccion muscular. Ahora trae al mercado el nuevo suplemento, AminoX, la primera f\u00f3rmula de BCAA efervescente.","breadcrumb":{"@id":"https:\/\/teammutantecuador.com\/?product=amino-x-30serv-ponche-frutas#breadcrumb"},"inLanguage":"es","potentialAction":[{"@type":"ReadAction","target":["https:\/\/teammutantecuador.com\/?product=amino-x-30serv-ponche-frutas"]}]},{"@type":"BreadcrumbList","@id":"https:\/\/teammutantecuador.com\/?product=amino-x-30serv-ponche-frutas#breadcrumb","itemListElement":[{"@type":"ListItem","position":1,"name":"Portada","item":"https:\/\/teammutantecuador.com\/"},{"@type":"ListItem","position":2,"name":"Shop","item":"https:\/\/teammutantecuador.com\/?page_id=6"},{"@type":"ListItem","position":3,"name":"AMINO X 30SERV PONCHE FRUTAS"}]},{"@type":"WebSite","@id":"https:\/\/teammutantecuador.com\/#website","url":"https:\/\/teammutantecuador.com\/","name":"Team Mutan Ecuador","description":"Just another WordPress site","publisher":{"@id":"https:\/\/teammutantecuador.com\/#organization"},"potentialAction":[{"@type":"SearchAction","target":{"@type":"EntryPoint","urlTemplate":"https:\/\/teammutantecuador.com\/?s={search_term_string}"},"query-input":{"@type":"PropertyValueSpecification","valueRequired":true,"valueName":"search_term_string"}}],"inLanguage":"es"},{"@type":"Organization","@id":"https:\/\/teammutantecuador.com\/#organization","name":"Team Mutan Ecuador","url":"https:\/\/teammutantecuador.com\/","logo":{"@type":"ImageObject","inLanguage":"es","@id":"https:\/\/teammutantecuador.com\/#\/schema\/logo\/image\/","url":"https:\/\/teammutantecuador.com\/wp-content\/uploads\/2026\/01\/Diseno-sin-titulo-97.png","contentUrl":"https:\/\/teammutantecuador.com\/wp-content\/uploads\/2026\/01\/Diseno-sin-titulo-97.png","width":500,"height":300,"caption":"Team Mutan Ecuador"},"image":{"@id":"https:\/\/teammutantecuador.com\/#\/schema\/logo\/image\/"}}]}},"_links":{"self":[{"href":"https:\/\/teammutantecuador.com\/index.php?rest_route=\/wp\/v2\/product\/1271","targetHints":{"allow":["GET"]}}],"collection":[{"href":"https:\/\/teammutantecuador.com\/index.php?rest_route=\/wp\/v2\/product"}],"about":[{"href":"https:\/\/teammutantecuador.com\/index.php?rest_route=\/wp\/v2\/types\/product"}],"replies":[{"embeddable":true,"href":"https:\/\/teammutantecuador.com\/index.php?rest_route=%2Fwp%2Fv2%2Fcomments&post=1271"}],"wp:attachment":[{"href":"https:\/\/teammutantecuador.com\/index.php?rest_route=%2Fwp%2Fv2%2Fmedia&parent=1271"}],"wp:term":[{"taxonomy":"product_brand","embeddable":true,"href":"https:\/\/teammutantecuador.com\/index.php?rest_route=%2Fwp%2Fv2%2Fproduct_brand&post=1271"},{"taxonomy":"product_cat","embeddable":true,"href":"https:\/\/teammutantecuador.com\/index.php?rest_route=%2Fwp%2Fv2%2Fproduct_cat&post=1271"},{"taxonomy":"product_tag","embeddable":true,"href":"https:\/\/teammutantecuador.com\/index.php?rest_route=%2Fwp%2Fv2%2Fproduct_tag&post=1271"}],"curies":[{"name":"wp","href":"https:\/\/api.w.org\/{rel}","templated":true}]}}