{"id":1269,"date":"2026-01-17T16:03:27","date_gmt":"2026-01-17T16:03:27","guid":{"rendered":"https:\/\/teammutantecuador.com\/?post_type=product&#038;p=1269"},"modified":"2026-01-17T16:03:29","modified_gmt":"2026-01-17T16:03:29","slug":"amino-energy-30-serv-ponche-de-frutas","status":"publish","type":"product","link":"https:\/\/teammutantecuador.com\/?product=amino-energy-30-serv-ponche-de-frutas","title":{"rendered":"AMINO ENERGY 30 SERV PONCHE DE FRUTAS"},"content":{"rendered":"<p>AMINO ENERGY 30 SERV PONCHE DE FRUTAS<\/p>\n<p>Aumenta la recuperaci\u00f3n muscular, ofrece mayor tasa de energ\u00eda, mayor foco de atenci\u00f3n, aumenta la cantidad de nitr\u00f3geno muscular, favorece el crecimiento muscular<\/p>\n","protected":false},"excerpt":{"rendered":"<p>AMINO ENERGY 30 SERV PONCHE DE FRUTAS<\/p>\n<p>Aumenta la recuperaci\u00f3n muscular, ofrece mayor tasa de energ\u00eda, mayor foco de atenci\u00f3n, aumenta la cantidad de nitr\u00f3geno muscular, favorece el crecimiento muscular<\/p>\n","protected":false},"featured_media":0,"comment_status":"open","ping_status":"closed","template":"","meta":[],"product_brand":[],"product_cat":[351],"product_tag":[43,46,47],"class_list":{"0":"post-1269","1":"product","2":"type-product","3":"status-publish","5":"product_cat-aminoacidos","6":"product_tag-aminoacidos","7":"product_tag-bcaas","8":"product_tag-optimum-nutrition","10":"first","11":"outofstock","12":"shipping-taxable","13":"purchasable","14":"product-type-simple"},"yoast_head":"<!-- This site is optimized with the Yoast SEO plugin v26.8 - https:\/\/yoast.com\/product\/yoast-seo-wordpress\/ -->\n<title>AMINO ENERGY 30 SERV PONCHE DE FRUTAS - Team Mutan Ecuador<\/title>\n<meta name=\"description\" content=\"AMINO ENERGY 30 SERV PONCHE DE FRUTASAumenta la recuperaci\u00f3n muscular, ofrece mayor tasa de energ\u00eda, mayor foco de atenci\u00f3n, aumenta la cantidad de nitr\u00f3geno muscular, favorece el crecimiento muscular\" \/>\n<meta name=\"robots\" content=\"index, follow, max-snippet:-1, max-image-preview:large, max-video-preview:-1\" \/>\n<link rel=\"canonical\" href=\"https:\/\/teammutantecuador.com\/?product=amino-energy-30-serv-ponche-de-frutas\" \/>\n<meta property=\"og:locale\" content=\"es_ES\" \/>\n<meta property=\"og:type\" content=\"article\" \/>\n<meta property=\"og:title\" content=\"AMINO ENERGY 30 SERV PONCHE DE FRUTAS - Team Mutan Ecuador\" \/>\n<meta property=\"og:description\" content=\"AMINO ENERGY 30 SERV PONCHE DE FRUTASAumenta la recuperaci\u00f3n muscular, ofrece mayor tasa de energ\u00eda, mayor foco de atenci\u00f3n, aumenta la cantidad de nitr\u00f3geno muscular, favorece el crecimiento muscular\" \/>\n<meta property=\"og:url\" content=\"https:\/\/teammutantecuador.com\/?product=amino-energy-30-serv-ponche-de-frutas\" \/>\n<meta property=\"og:site_name\" content=\"Team Mutan Ecuador\" \/>\n<meta property=\"article:modified_time\" content=\"2026-01-17T16:03:29+00:00\" \/>\n<meta name=\"twitter:card\" content=\"summary_large_image\" \/>\n<script type=\"application\/ld+json\" class=\"yoast-schema-graph\">{\"@context\":\"https:\/\/schema.org\",\"@graph\":[{\"@type\":\"WebPage\",\"@id\":\"https:\/\/teammutantecuador.com\/?product=amino-energy-30-serv-ponche-de-frutas\",\"url\":\"https:\/\/teammutantecuador.com\/?product=amino-energy-30-serv-ponche-de-frutas\",\"name\":\"AMINO ENERGY 30 SERV PONCHE DE FRUTAS - Team Mutan Ecuador\",\"isPartOf\":{\"@id\":\"https:\/\/teammutantecuador.com\/#website\"},\"datePublished\":\"2026-01-17T16:03:27+00:00\",\"dateModified\":\"2026-01-17T16:03:29+00:00\",\"description\":\"AMINO ENERGY 30 SERV PONCHE DE FRUTASAumenta la recuperaci\u00f3n muscular, ofrece mayor tasa de energ\u00eda, mayor foco de atenci\u00f3n, aumenta la cantidad de nitr\u00f3geno muscular, favorece el crecimiento muscular\",\"breadcrumb\":{\"@id\":\"https:\/\/teammutantecuador.com\/?product=amino-energy-30-serv-ponche-de-frutas#breadcrumb\"},\"inLanguage\":\"es\",\"potentialAction\":[{\"@type\":\"ReadAction\",\"target\":[\"https:\/\/teammutantecuador.com\/?product=amino-energy-30-serv-ponche-de-frutas\"]}]},{\"@type\":\"BreadcrumbList\",\"@id\":\"https:\/\/teammutantecuador.com\/?product=amino-energy-30-serv-ponche-de-frutas#breadcrumb\",\"itemListElement\":[{\"@type\":\"ListItem\",\"position\":1,\"name\":\"Portada\",\"item\":\"https:\/\/teammutantecuador.com\/\"},{\"@type\":\"ListItem\",\"position\":2,\"name\":\"Shop\",\"item\":\"https:\/\/teammutantecuador.com\/?page_id=6\"},{\"@type\":\"ListItem\",\"position\":3,\"name\":\"AMINO ENERGY 30 SERV PONCHE DE FRUTAS\"}]},{\"@type\":\"WebSite\",\"@id\":\"https:\/\/teammutantecuador.com\/#website\",\"url\":\"https:\/\/teammutantecuador.com\/\",\"name\":\"Team Mutan Ecuador\",\"description\":\"Just another WordPress site\",\"publisher\":{\"@id\":\"https:\/\/teammutantecuador.com\/#organization\"},\"potentialAction\":[{\"@type\":\"SearchAction\",\"target\":{\"@type\":\"EntryPoint\",\"urlTemplate\":\"https:\/\/teammutantecuador.com\/?s={search_term_string}\"},\"query-input\":{\"@type\":\"PropertyValueSpecification\",\"valueRequired\":true,\"valueName\":\"search_term_string\"}}],\"inLanguage\":\"es\"},{\"@type\":\"Organization\",\"@id\":\"https:\/\/teammutantecuador.com\/#organization\",\"name\":\"Team Mutan Ecuador\",\"url\":\"https:\/\/teammutantecuador.com\/\",\"logo\":{\"@type\":\"ImageObject\",\"inLanguage\":\"es\",\"@id\":\"https:\/\/teammutantecuador.com\/#\/schema\/logo\/image\/\",\"url\":\"https:\/\/teammutantecuador.com\/wp-content\/uploads\/2026\/01\/Diseno-sin-titulo-97.png\",\"contentUrl\":\"https:\/\/teammutantecuador.com\/wp-content\/uploads\/2026\/01\/Diseno-sin-titulo-97.png\",\"width\":500,\"height\":300,\"caption\":\"Team Mutan Ecuador\"},\"image\":{\"@id\":\"https:\/\/teammutantecuador.com\/#\/schema\/logo\/image\/\"}}]}<\/script>\n<!-- \/ Yoast SEO plugin. -->","yoast_head_json":{"title":"AMINO ENERGY 30 SERV PONCHE DE FRUTAS - Team Mutan Ecuador","description":"AMINO ENERGY 30 SERV PONCHE DE FRUTASAumenta la recuperaci\u00f3n muscular, ofrece mayor tasa de energ\u00eda, mayor foco de atenci\u00f3n, aumenta la cantidad de nitr\u00f3geno muscular, favorece el crecimiento muscular","robots":{"index":"index","follow":"follow","max-snippet":"max-snippet:-1","max-image-preview":"max-image-preview:large","max-video-preview":"max-video-preview:-1"},"canonical":"https:\/\/teammutantecuador.com\/?product=amino-energy-30-serv-ponche-de-frutas","og_locale":"es_ES","og_type":"article","og_title":"AMINO ENERGY 30 SERV PONCHE DE FRUTAS - Team Mutan Ecuador","og_description":"AMINO ENERGY 30 SERV PONCHE DE FRUTASAumenta la recuperaci\u00f3n muscular, ofrece mayor tasa de energ\u00eda, mayor foco de atenci\u00f3n, aumenta la cantidad de nitr\u00f3geno muscular, favorece el crecimiento muscular","og_url":"https:\/\/teammutantecuador.com\/?product=amino-energy-30-serv-ponche-de-frutas","og_site_name":"Team Mutan Ecuador","article_modified_time":"2026-01-17T16:03:29+00:00","twitter_card":"summary_large_image","schema":{"@context":"https:\/\/schema.org","@graph":[{"@type":"WebPage","@id":"https:\/\/teammutantecuador.com\/?product=amino-energy-30-serv-ponche-de-frutas","url":"https:\/\/teammutantecuador.com\/?product=amino-energy-30-serv-ponche-de-frutas","name":"AMINO ENERGY 30 SERV PONCHE DE FRUTAS - Team Mutan Ecuador","isPartOf":{"@id":"https:\/\/teammutantecuador.com\/#website"},"datePublished":"2026-01-17T16:03:27+00:00","dateModified":"2026-01-17T16:03:29+00:00","description":"AMINO ENERGY 30 SERV PONCHE DE FRUTASAumenta la recuperaci\u00f3n muscular, ofrece mayor tasa de energ\u00eda, mayor foco de atenci\u00f3n, aumenta la cantidad de nitr\u00f3geno muscular, favorece el crecimiento muscular","breadcrumb":{"@id":"https:\/\/teammutantecuador.com\/?product=amino-energy-30-serv-ponche-de-frutas#breadcrumb"},"inLanguage":"es","potentialAction":[{"@type":"ReadAction","target":["https:\/\/teammutantecuador.com\/?product=amino-energy-30-serv-ponche-de-frutas"]}]},{"@type":"BreadcrumbList","@id":"https:\/\/teammutantecuador.com\/?product=amino-energy-30-serv-ponche-de-frutas#breadcrumb","itemListElement":[{"@type":"ListItem","position":1,"name":"Portada","item":"https:\/\/teammutantecuador.com\/"},{"@type":"ListItem","position":2,"name":"Shop","item":"https:\/\/teammutantecuador.com\/?page_id=6"},{"@type":"ListItem","position":3,"name":"AMINO ENERGY 30 SERV PONCHE DE FRUTAS"}]},{"@type":"WebSite","@id":"https:\/\/teammutantecuador.com\/#website","url":"https:\/\/teammutantecuador.com\/","name":"Team Mutan Ecuador","description":"Just another WordPress site","publisher":{"@id":"https:\/\/teammutantecuador.com\/#organization"},"potentialAction":[{"@type":"SearchAction","target":{"@type":"EntryPoint","urlTemplate":"https:\/\/teammutantecuador.com\/?s={search_term_string}"},"query-input":{"@type":"PropertyValueSpecification","valueRequired":true,"valueName":"search_term_string"}}],"inLanguage":"es"},{"@type":"Organization","@id":"https:\/\/teammutantecuador.com\/#organization","name":"Team Mutan Ecuador","url":"https:\/\/teammutantecuador.com\/","logo":{"@type":"ImageObject","inLanguage":"es","@id":"https:\/\/teammutantecuador.com\/#\/schema\/logo\/image\/","url":"https:\/\/teammutantecuador.com\/wp-content\/uploads\/2026\/01\/Diseno-sin-titulo-97.png","contentUrl":"https:\/\/teammutantecuador.com\/wp-content\/uploads\/2026\/01\/Diseno-sin-titulo-97.png","width":500,"height":300,"caption":"Team Mutan Ecuador"},"image":{"@id":"https:\/\/teammutantecuador.com\/#\/schema\/logo\/image\/"}}]}},"_links":{"self":[{"href":"https:\/\/teammutantecuador.com\/index.php?rest_route=\/wp\/v2\/product\/1269","targetHints":{"allow":["GET"]}}],"collection":[{"href":"https:\/\/teammutantecuador.com\/index.php?rest_route=\/wp\/v2\/product"}],"about":[{"href":"https:\/\/teammutantecuador.com\/index.php?rest_route=\/wp\/v2\/types\/product"}],"replies":[{"embeddable":true,"href":"https:\/\/teammutantecuador.com\/index.php?rest_route=%2Fwp%2Fv2%2Fcomments&post=1269"}],"wp:attachment":[{"href":"https:\/\/teammutantecuador.com\/index.php?rest_route=%2Fwp%2Fv2%2Fmedia&parent=1269"}],"wp:term":[{"taxonomy":"product_brand","embeddable":true,"href":"https:\/\/teammutantecuador.com\/index.php?rest_route=%2Fwp%2Fv2%2Fproduct_brand&post=1269"},{"taxonomy":"product_cat","embeddable":true,"href":"https:\/\/teammutantecuador.com\/index.php?rest_route=%2Fwp%2Fv2%2Fproduct_cat&post=1269"},{"taxonomy":"product_tag","embeddable":true,"href":"https:\/\/teammutantecuador.com\/index.php?rest_route=%2Fwp%2Fv2%2Fproduct_tag&post=1269"}],"curies":[{"name":"wp","href":"https:\/\/api.w.org\/{rel}","templated":true}]}}