{"id":1268,"date":"2026-01-17T16:03:27","date_gmt":"2026-01-17T16:03:27","guid":{"rendered":"https:\/\/teammutantecuador.com\/?post_type=product&#038;p=1268"},"modified":"2026-01-17T16:03:29","modified_gmt":"2026-01-17T16:03:29","slug":"amino-charger-30-serv","status":"publish","type":"product","link":"https:\/\/teammutantecuador.com\/?product=amino-charger-30-serv","title":{"rendered":"AMINO CHARGER 30 SERV"},"content":{"rendered":"<p><strong>AMINO CHARGER   ENERGY\u00a0<\/strong>es la opci\u00f3n perfecta para aquellos que buscan un producto amino \/ BCAA de calidad superior, junto con un extra de energ\u00eda limpia. * No s\u00f3lo proporciona a su cuerpo con una dosis cl\u00ednicamente dosificada (plena eficacia) de BCAA, sino tambi\u00e9n energ\u00eda extra para ayudarle a conseguir a trav\u00e9s de su rutina diaria su objetivo. Cada porci\u00f3n aporta 6 g de BCAA junto con el potente combinado de magnesio glicinato glutamina (MGG) para apoyar el desarrollo muscular, la fuerza y \u200b\u200bla recuperaci\u00f3n. * El complejo de energ\u00eda a\u00f1adido es una combinaci\u00f3n cuidadosamente planeada que combina el enfoque limpio de TeaCrine con el buen humor que aporta las propiedades de la N-acetil-L-tirosina junto con la fuente de cafe\u00edna de acci\u00f3n m\u00e1s r\u00e1pida que existe, citrato de cafe\u00edna.<\/p>\n<p><strong>AMINO CHARGER   ENERGY<\/strong>\u00a0es tambi\u00e9n ideal para sesiones de entrenamiento intensas, as\u00ed como est\u00e1 recomendado para el consumo entre comidas para que sus m\u00fasculos se mantengan bien nutridos e hidratados durante todo el d\u00eda.<\/p>\n<p>Con su sorprendente sabor, un cacito de<strong>\u00a0AMINO CHARGER   ENERGY\u00a0<\/strong>har\u00e1 que su deliciosa bebida r\u00e1pidamente alimente sus m\u00fasculos para obtener mejores resultados y m\u00e1s r\u00e1pidos.<\/p>\n<p><strong>Principales propiedades de AMINO CHARGER   ENERGY<\/strong><\/p>\n<ul>\n<li>Aumenta el rendimiento cuando se toma durante el ejercicio (intra-entrenamiento)<\/li>\n<li>Ayuda a proporcionar fuerza explosiva y resistencia<\/li>\n<li>Voluminiza las c\u00e9lulas musculares con a mezcla ideal de nutrientes de construcci\u00f3n muscular<\/li>\n<li>Complejo energ\u00e9tico de rapida absorcion que proporciona teacrine\u00ae y citrato de cafe\u00edna<\/li>\n<\/ul>\n","protected":false},"excerpt":{"rendered":"<p><strong>AMINO CHARGER   ENERGY\u00a0<\/strong>es la opci\u00f3n perfecta para aquellos que buscan un producto amino \/ BCAA de calidad superior, junto con un extra de energ\u00eda limpia. * No s\u00f3lo proporciona a su cuerpo con una dosis cl\u00ednicamente dosificada (plena eficacia) de BCAA, sino tambi\u00e9n energ\u00eda extra para ayudarle a conseguir a trav\u00e9s de su rutina diaria su objetivo. Cada porci\u00f3n aporta 6 g de BCAA junto con el potente combinado de magnesio glicinato glutamina (MGG) para apoyar el desarrollo muscular, la fuerza y \u200b\u200bla recuperaci\u00f3n. * El complejo de energ\u00eda a\u00f1adido es una combinaci\u00f3n cuidadosamente planeada que combina el enfoque limpio de TeaCrine con el buen humor que aporta las propiedades de la N-acetil-L-tirosina junto con la fuente de cafe\u00edna de acci\u00f3n m\u00e1s r\u00e1pida que existe, citrato de cafe\u00edna.<\/p>\n","protected":false},"featured_media":0,"comment_status":"open","ping_status":"closed","template":"","meta":[],"product_brand":[],"product_cat":[351,352],"product_tag":[43,46,50],"class_list":{"0":"post-1268","1":"product","2":"type-product","3":"status-publish","5":"product_cat-aminoacidos","6":"product_cat-bcaas","7":"product_tag-aminoacidos","8":"product_tag-bcaas","9":"product_tag-nutrex","11":"first","12":"outofstock","13":"shipping-taxable","14":"purchasable","15":"product-type-simple"},"yoast_head":"<!-- This site is optimized with the Yoast SEO plugin v26.8 - https:\/\/yoast.com\/product\/yoast-seo-wordpress\/ -->\n<title>AMINO CHARGER 30 SERV - Team Mutan Ecuador<\/title>\n<meta name=\"description\" content=\"AMINO CHARGER ENERGY\u00a0es la opci\u00f3n perfecta para aquellos que buscan un producto amino \/ BCAA de calidad superior, junto con un extra de energ\u00eda limpia. * No s\u00f3lo proporciona a su cuerpo con una dosis cl\u00ednicamente dosificada (plena eficacia) de BCAA, sino tambi\u00e9n energ\u00eda extra para ayudarle a conseguir a trav\u00e9s de su rutina diaria su objetivo. Cada porci\u00f3n aporta 6 g de BCAA junto con el potente combinado de magnesio glicinato glutamina (MGG) para apoyar el desarrollo muscular, la fuerza y \u200b\u200bla recuperaci\u00f3n. * El complejo de energ\u00eda a\u00f1adido es una combinaci\u00f3n cuidadosamente planeada que combina el enfoque limpio de TeaCrine con el buen humor que aporta las propiedades de la N-acetil-L-tirosina junto con la fuente de cafe\u00edna de acci\u00f3n m\u00e1s r\u00e1pida que existe, citrato de cafe\u00edna.\" \/>\n<meta name=\"robots\" content=\"index, follow, max-snippet:-1, max-image-preview:large, max-video-preview:-1\" \/>\n<link rel=\"canonical\" href=\"https:\/\/teammutantecuador.com\/?product=amino-charger-30-serv\" \/>\n<meta property=\"og:locale\" content=\"es_ES\" \/>\n<meta property=\"og:type\" content=\"article\" \/>\n<meta property=\"og:title\" content=\"AMINO CHARGER 30 SERV - Team Mutan Ecuador\" \/>\n<meta property=\"og:description\" content=\"AMINO CHARGER ENERGY\u00a0es la opci\u00f3n perfecta para aquellos que buscan un producto amino \/ BCAA de calidad superior, junto con un extra de energ\u00eda limpia. * No s\u00f3lo proporciona a su cuerpo con una dosis cl\u00ednicamente dosificada (plena eficacia) de BCAA, sino tambi\u00e9n energ\u00eda extra para ayudarle a conseguir a trav\u00e9s de su rutina diaria su objetivo. Cada porci\u00f3n aporta 6 g de BCAA junto con el potente combinado de magnesio glicinato glutamina (MGG) para apoyar el desarrollo muscular, la fuerza y \u200b\u200bla recuperaci\u00f3n. * El complejo de energ\u00eda a\u00f1adido es una combinaci\u00f3n cuidadosamente planeada que combina el enfoque limpio de TeaCrine con el buen humor que aporta las propiedades de la N-acetil-L-tirosina junto con la fuente de cafe\u00edna de acci\u00f3n m\u00e1s r\u00e1pida que existe, citrato de cafe\u00edna.\" \/>\n<meta property=\"og:url\" content=\"https:\/\/teammutantecuador.com\/?product=amino-charger-30-serv\" \/>\n<meta property=\"og:site_name\" content=\"Team Mutan Ecuador\" \/>\n<meta property=\"article:modified_time\" content=\"2026-01-17T16:03:29+00:00\" \/>\n<meta name=\"twitter:card\" content=\"summary_large_image\" \/>\n<meta name=\"twitter:label1\" content=\"Tiempo de lectura\" \/>\n\t<meta name=\"twitter:data1\" content=\"1 minuto\" \/>\n<script type=\"application\/ld+json\" class=\"yoast-schema-graph\">{\"@context\":\"https:\/\/schema.org\",\"@graph\":[{\"@type\":\"WebPage\",\"@id\":\"https:\/\/teammutantecuador.com\/?product=amino-charger-30-serv\",\"url\":\"https:\/\/teammutantecuador.com\/?product=amino-charger-30-serv\",\"name\":\"AMINO CHARGER 30 SERV - Team Mutan Ecuador\",\"isPartOf\":{\"@id\":\"https:\/\/teammutantecuador.com\/#website\"},\"datePublished\":\"2026-01-17T16:03:27+00:00\",\"dateModified\":\"2026-01-17T16:03:29+00:00\",\"description\":\"AMINO CHARGER ENERGY\u00a0es la opci\u00f3n perfecta para aquellos que buscan un producto amino \/ BCAA de calidad superior, junto con un extra de energ\u00eda limpia. * No s\u00f3lo proporciona a su cuerpo con una dosis cl\u00ednicamente dosificada (plena eficacia) de BCAA, sino tambi\u00e9n energ\u00eda extra para ayudarle a conseguir a trav\u00e9s de su rutina diaria su objetivo. Cada porci\u00f3n aporta 6 g de BCAA junto con el potente combinado de magnesio glicinato glutamina (MGG) para apoyar el desarrollo muscular, la fuerza y \u200b\u200bla recuperaci\u00f3n. * El complejo de energ\u00eda a\u00f1adido es una combinaci\u00f3n cuidadosamente planeada que combina el enfoque limpio de TeaCrine con el buen humor que aporta las propiedades de la N-acetil-L-tirosina junto con la fuente de cafe\u00edna de acci\u00f3n m\u00e1s r\u00e1pida que existe, citrato de cafe\u00edna.\",\"breadcrumb\":{\"@id\":\"https:\/\/teammutantecuador.com\/?product=amino-charger-30-serv#breadcrumb\"},\"inLanguage\":\"es\",\"potentialAction\":[{\"@type\":\"ReadAction\",\"target\":[\"https:\/\/teammutantecuador.com\/?product=amino-charger-30-serv\"]}]},{\"@type\":\"BreadcrumbList\",\"@id\":\"https:\/\/teammutantecuador.com\/?product=amino-charger-30-serv#breadcrumb\",\"itemListElement\":[{\"@type\":\"ListItem\",\"position\":1,\"name\":\"Portada\",\"item\":\"https:\/\/teammutantecuador.com\/\"},{\"@type\":\"ListItem\",\"position\":2,\"name\":\"Shop\",\"item\":\"https:\/\/teammutantecuador.com\/?page_id=6\"},{\"@type\":\"ListItem\",\"position\":3,\"name\":\"AMINO CHARGER 30 SERV\"}]},{\"@type\":\"WebSite\",\"@id\":\"https:\/\/teammutantecuador.com\/#website\",\"url\":\"https:\/\/teammutantecuador.com\/\",\"name\":\"Team Mutan Ecuador\",\"description\":\"Just another WordPress site\",\"publisher\":{\"@id\":\"https:\/\/teammutantecuador.com\/#organization\"},\"potentialAction\":[{\"@type\":\"SearchAction\",\"target\":{\"@type\":\"EntryPoint\",\"urlTemplate\":\"https:\/\/teammutantecuador.com\/?s={search_term_string}\"},\"query-input\":{\"@type\":\"PropertyValueSpecification\",\"valueRequired\":true,\"valueName\":\"search_term_string\"}}],\"inLanguage\":\"es\"},{\"@type\":\"Organization\",\"@id\":\"https:\/\/teammutantecuador.com\/#organization\",\"name\":\"Team Mutan Ecuador\",\"url\":\"https:\/\/teammutantecuador.com\/\",\"logo\":{\"@type\":\"ImageObject\",\"inLanguage\":\"es\",\"@id\":\"https:\/\/teammutantecuador.com\/#\/schema\/logo\/image\/\",\"url\":\"https:\/\/teammutantecuador.com\/wp-content\/uploads\/2026\/01\/Diseno-sin-titulo-97.png\",\"contentUrl\":\"https:\/\/teammutantecuador.com\/wp-content\/uploads\/2026\/01\/Diseno-sin-titulo-97.png\",\"width\":500,\"height\":300,\"caption\":\"Team Mutan Ecuador\"},\"image\":{\"@id\":\"https:\/\/teammutantecuador.com\/#\/schema\/logo\/image\/\"}}]}<\/script>\n<!-- \/ Yoast SEO plugin. -->","yoast_head_json":{"title":"AMINO CHARGER 30 SERV - Team Mutan Ecuador","description":"AMINO CHARGER ENERGY\u00a0es la opci\u00f3n perfecta para aquellos que buscan un producto amino \/ BCAA de calidad superior, junto con un extra de energ\u00eda limpia. * No s\u00f3lo proporciona a su cuerpo con una dosis cl\u00ednicamente dosificada (plena eficacia) de BCAA, sino tambi\u00e9n energ\u00eda extra para ayudarle a conseguir a trav\u00e9s de su rutina diaria su objetivo. Cada porci\u00f3n aporta 6 g de BCAA junto con el potente combinado de magnesio glicinato glutamina (MGG) para apoyar el desarrollo muscular, la fuerza y \u200b\u200bla recuperaci\u00f3n. * El complejo de energ\u00eda a\u00f1adido es una combinaci\u00f3n cuidadosamente planeada que combina el enfoque limpio de TeaCrine con el buen humor que aporta las propiedades de la N-acetil-L-tirosina junto con la fuente de cafe\u00edna de acci\u00f3n m\u00e1s r\u00e1pida que existe, citrato de cafe\u00edna.","robots":{"index":"index","follow":"follow","max-snippet":"max-snippet:-1","max-image-preview":"max-image-preview:large","max-video-preview":"max-video-preview:-1"},"canonical":"https:\/\/teammutantecuador.com\/?product=amino-charger-30-serv","og_locale":"es_ES","og_type":"article","og_title":"AMINO CHARGER 30 SERV - Team Mutan Ecuador","og_description":"AMINO CHARGER ENERGY\u00a0es la opci\u00f3n perfecta para aquellos que buscan un producto amino \/ BCAA de calidad superior, junto con un extra de energ\u00eda limpia. * No s\u00f3lo proporciona a su cuerpo con una dosis cl\u00ednicamente dosificada (plena eficacia) de BCAA, sino tambi\u00e9n energ\u00eda extra para ayudarle a conseguir a trav\u00e9s de su rutina diaria su objetivo. Cada porci\u00f3n aporta 6 g de BCAA junto con el potente combinado de magnesio glicinato glutamina (MGG) para apoyar el desarrollo muscular, la fuerza y \u200b\u200bla recuperaci\u00f3n. * El complejo de energ\u00eda a\u00f1adido es una combinaci\u00f3n cuidadosamente planeada que combina el enfoque limpio de TeaCrine con el buen humor que aporta las propiedades de la N-acetil-L-tirosina junto con la fuente de cafe\u00edna de acci\u00f3n m\u00e1s r\u00e1pida que existe, citrato de cafe\u00edna.","og_url":"https:\/\/teammutantecuador.com\/?product=amino-charger-30-serv","og_site_name":"Team Mutan Ecuador","article_modified_time":"2026-01-17T16:03:29+00:00","twitter_card":"summary_large_image","twitter_misc":{"Tiempo de lectura":"1 minuto"},"schema":{"@context":"https:\/\/schema.org","@graph":[{"@type":"WebPage","@id":"https:\/\/teammutantecuador.com\/?product=amino-charger-30-serv","url":"https:\/\/teammutantecuador.com\/?product=amino-charger-30-serv","name":"AMINO CHARGER 30 SERV - Team Mutan Ecuador","isPartOf":{"@id":"https:\/\/teammutantecuador.com\/#website"},"datePublished":"2026-01-17T16:03:27+00:00","dateModified":"2026-01-17T16:03:29+00:00","description":"AMINO CHARGER ENERGY\u00a0es la opci\u00f3n perfecta para aquellos que buscan un producto amino \/ BCAA de calidad superior, junto con un extra de energ\u00eda limpia. * No s\u00f3lo proporciona a su cuerpo con una dosis cl\u00ednicamente dosificada (plena eficacia) de BCAA, sino tambi\u00e9n energ\u00eda extra para ayudarle a conseguir a trav\u00e9s de su rutina diaria su objetivo. Cada porci\u00f3n aporta 6 g de BCAA junto con el potente combinado de magnesio glicinato glutamina (MGG) para apoyar el desarrollo muscular, la fuerza y \u200b\u200bla recuperaci\u00f3n. * El complejo de energ\u00eda a\u00f1adido es una combinaci\u00f3n cuidadosamente planeada que combina el enfoque limpio de TeaCrine con el buen humor que aporta las propiedades de la N-acetil-L-tirosina junto con la fuente de cafe\u00edna de acci\u00f3n m\u00e1s r\u00e1pida que existe, citrato de cafe\u00edna.","breadcrumb":{"@id":"https:\/\/teammutantecuador.com\/?product=amino-charger-30-serv#breadcrumb"},"inLanguage":"es","potentialAction":[{"@type":"ReadAction","target":["https:\/\/teammutantecuador.com\/?product=amino-charger-30-serv"]}]},{"@type":"BreadcrumbList","@id":"https:\/\/teammutantecuador.com\/?product=amino-charger-30-serv#breadcrumb","itemListElement":[{"@type":"ListItem","position":1,"name":"Portada","item":"https:\/\/teammutantecuador.com\/"},{"@type":"ListItem","position":2,"name":"Shop","item":"https:\/\/teammutantecuador.com\/?page_id=6"},{"@type":"ListItem","position":3,"name":"AMINO CHARGER 30 SERV"}]},{"@type":"WebSite","@id":"https:\/\/teammutantecuador.com\/#website","url":"https:\/\/teammutantecuador.com\/","name":"Team Mutan Ecuador","description":"Just another WordPress site","publisher":{"@id":"https:\/\/teammutantecuador.com\/#organization"},"potentialAction":[{"@type":"SearchAction","target":{"@type":"EntryPoint","urlTemplate":"https:\/\/teammutantecuador.com\/?s={search_term_string}"},"query-input":{"@type":"PropertyValueSpecification","valueRequired":true,"valueName":"search_term_string"}}],"inLanguage":"es"},{"@type":"Organization","@id":"https:\/\/teammutantecuador.com\/#organization","name":"Team Mutan Ecuador","url":"https:\/\/teammutantecuador.com\/","logo":{"@type":"ImageObject","inLanguage":"es","@id":"https:\/\/teammutantecuador.com\/#\/schema\/logo\/image\/","url":"https:\/\/teammutantecuador.com\/wp-content\/uploads\/2026\/01\/Diseno-sin-titulo-97.png","contentUrl":"https:\/\/teammutantecuador.com\/wp-content\/uploads\/2026\/01\/Diseno-sin-titulo-97.png","width":500,"height":300,"caption":"Team Mutan Ecuador"},"image":{"@id":"https:\/\/teammutantecuador.com\/#\/schema\/logo\/image\/"}}]}},"_links":{"self":[{"href":"https:\/\/teammutantecuador.com\/index.php?rest_route=\/wp\/v2\/product\/1268","targetHints":{"allow":["GET"]}}],"collection":[{"href":"https:\/\/teammutantecuador.com\/index.php?rest_route=\/wp\/v2\/product"}],"about":[{"href":"https:\/\/teammutantecuador.com\/index.php?rest_route=\/wp\/v2\/types\/product"}],"replies":[{"embeddable":true,"href":"https:\/\/teammutantecuador.com\/index.php?rest_route=%2Fwp%2Fv2%2Fcomments&post=1268"}],"wp:attachment":[{"href":"https:\/\/teammutantecuador.com\/index.php?rest_route=%2Fwp%2Fv2%2Fmedia&parent=1268"}],"wp:term":[{"taxonomy":"product_brand","embeddable":true,"href":"https:\/\/teammutantecuador.com\/index.php?rest_route=%2Fwp%2Fv2%2Fproduct_brand&post=1268"},{"taxonomy":"product_cat","embeddable":true,"href":"https:\/\/teammutantecuador.com\/index.php?rest_route=%2Fwp%2Fv2%2Fproduct_cat&post=1268"},{"taxonomy":"product_tag","embeddable":true,"href":"https:\/\/teammutantecuador.com\/index.php?rest_route=%2Fwp%2Fv2%2Fproduct_tag&post=1268"}],"curies":[{"name":"wp","href":"https:\/\/api.w.org\/{rel}","templated":true}]}}